{"id":1230,"date":"2024-01-23T16:09:19","date_gmt":"2024-01-23T20:09:19","guid":{"rendered":"https:\/\/site.ac-martinique.fr\/acm972\/?page_id=1230"},"modified":"2025-12-04T18:15:13","modified_gmt":"2025-12-04T22:15:13","slug":"contacts","status":"publish","type":"page","link":"https:\/\/site.ac-martinique.fr\/acm972\/contacts\/","title":{"rendered":"Contacts"},"content":{"rendered":"<ul>\n<li><strong>Tous les services de la DRAJES Martinique<\/strong><\/li>\n<\/ul>\n<p>ZAC de l&#8217;Etang Z&#8217;ABRICOTS Agora 2 &#8211; Rond point du calendrier Lagunaire &#8211; BP669 &#8211; 97264 &#8211; FORT-de-FRANCE CEDEX<\/p>\n<p>T\u00e9l: 0596 52 25 00<\/p>\n<p><a href=\"mailto:drajes-acm@ac-martinique.fr\">drajes-acm@ac-martinique.fr<\/a><\/p>\n<p>&nbsp;<\/p>\n<ul>\n<li><strong>Chef du service de la protection des mineurs<\/strong><\/li>\n<\/ul>\n<p>Pour toute urgence, contacter Mr Micka\u00ebl BOUCHER au 06 96 55 22 81<\/p>\n<ul>\n<li><strong>Bureau des accueils collectifs de mineurs<\/strong><\/li>\n<\/ul>\n<p><strong>DUCLOS R\u00e9mi<\/strong> \u2013 r\u00e9f\u00e9rent ACM et Continuit\u00e9 \u00e9ducative \u00a0\u00a0 \u00a0\u00a0 \u00a0\u00a0 \u00a0\u00a0 \u00a0\u00a0 \u00a0\u00a0 \u00a0\u00a0 \u00a0\u00a0 \u00a0\u00a0 \u00a0\u00a0 \u00a0\u00a0 \u00a0<a href=\"mailto:remi.duclos@ac-martinique.fr\">remi.duclos@ac-martinique.fr<\/a> \u2013 t\u00e9l. 0596 52 29 46<\/p>\n<p><strong>RENE Priscilla<\/strong> \u2013 gestionnaire ACM et t\u00e9l\u00e9d\u00e9claration\u00a0 pour les communes suivantes : Ajoupa-Bouillon , Anse d&#8217;Arlets, Bellefontaine, Carbet, Case-Pilote, Diamant, Ducos, Fonds Saint-Denis, Fran\u00e7ois, Lamentin, Lorrain, Macouba, Schoelcher, Trinit\u00e9, Trois-\u00celets, Vauclin \u00a0\u00a0 \u00a0\u00a0 \u00a0\u00a0 \u00a0\u00a0 \u00a0\u00a0 \u00a0\u00a0 \u00a0\u00a0 \u00a0\u00a0 \u00a0\u00a0 \u00a0\u00a0 \u00a0\u00a0 \u00a0\u00a0 \u00a0\u00a0 \u00a0\u00a0 \u00a0\u00a0 \u00a0\u00a0 \u00a0\u00a0 \u00a0\u00a0 \u00a0\u00a0 \u00a0\u00a0 \u00a0\u00a0 \u00a0\u00a0 \u00a0\u00a0 \u00a0\u00a0 \u00a0\u00a0 \u00a0\u00a0 \u00a0\u00a0 \u00a0\u00a0 \u00a0\u00a0 \u00a0\u00a0 \u00a0\u00a0 \u00a0\u00a0 \u00a0\u00a0 \u00a0\u00a0 \u00a0\u00a0 \u00a0\u00a0 \u00a0\u00a0 <a href=\"mailto:priscilla.rene@ac-martinique.fr\">priscilla.rene@ac-martinique.fr<\/a> \u2013 t\u00e9l. 0596 52 28 54<\/p>\n<p><strong>GOUACIDE Nicole<\/strong> \u2013 gestionnaire ACM et t\u00e9l\u00e9d\u00e9claration pour les communes suivantes: Fort-de-France, Grand-Rivi\u00e8re, Gros Morne, Marigot, Marin, Morne-Rouge, Morne Vert, Pr\u00eacheur, Rivi\u00e8re Pilote, Robert, Saint-Esprit, Saint-Joseph, Saint-Pierre, Sainte-Anne, Sainte-Luce, Sainte-Marie \u00a0\u00a0 \u00a0\u00a0 \u00a0\u00a0 \u00a0\u00a0 \u00a0\u00a0 \u00a0\u00a0 \u00a0\u00a0 \u00a0\u00a0 \u00a0\u00a0 \u00a0\u00a0 \u00a0\u00a0 \u00a0\u00a0 \u00a0\u00a0 \u00a0\u00a0 \u00a0\u00a0 \u00a0\u00a0 \u00a0\u00a0 \u00a0\u00a0 \u00a0\u00a0 \u00a0\u00a0 \u00a0 <a href=\"mailto:nicole.gouacide@ac-martinique.fr\">nicole.gouacide@ac-martinique.fr<\/a> \u2013 t\u00e9l. 0596 52 29 43<\/p>\n<ul>\n<li><strong>Bureau du BAFA et du BAFD<\/strong><\/li>\n<\/ul>\n<p><strong>BYLON Sylvia<\/strong> \u2013 gestionnaire BAFA et BAFD \u00a0\u00a0 \u00a0\u00a0 \u00a0\u00a0 \u00a0\u00a0 \u00a0\u00a0 \u00a0\u00a0 \u00a0\u00a0 \u00a0\u00a0 \u00a0\u00a0 \u00a0\u00a0 \u00a0\u00a0 \u00a0\u00a0 \u00a0\u00a0 \u00a0\u00a0 \u00a0\u00a0 \u00a0\u00a0 \u00a0\u00a0 \u00a0\u00a0 \u00a0\u00a0 \u00a0\u00a0 \u00a0 \u00a0 \u00a0 \u00a0 \u00a0 \u00a0 \u00a0 \u00a0 \u00a0 \u00a0 t\u00e9l. 0596 52 29 57\u00a0 ( les lundi, mardi et jeudi de 8h00 \u00e0 10h00)\u00a0\u00a0\u00a0\u00a0\u00a0\u00a0\u00a0\u00a0\u00a0\u00a0\u00a0\u00a0\u00a0\u00a0\u00a0\u00a0\u00a0\u00a0\u00a0\u00a0\u00a0\u00a0\u00a0\u00a0\u00a0\u00a0\u00a0\u00a0\u00a0\u00a0\u00a0\u00a0\u00a0\u00a0\u00a0\u00a0\u00a0\u00a0\u00a0\u00a0\u00a0\u00a0\u00a0\u00a0\u00a0\u00a0\u00a0\u00a0 Pour les demandes de rendez-vous :\u00a0 <a href=\"mailto:sylvia.bylon1@ac-martinique.fr\">drajes-acm@ac-martinique.fr<\/a><\/p>\n<p>Le bureau est ouvert :<\/p>\n<table style=\"border-collapse: collapse; width: 74.5947%;\">\n<tbody>\n<tr>\n<td style=\"width: 33.3333%;\">Lundi<\/td>\n<td style=\"width: 33.3333%;\">7h30 \u00e0 12h30<\/td>\n<td style=\"width: 146.02%;\">14h15 \u00e0 15h30<\/td>\n<\/tr>\n<tr>\n<td style=\"width: 33.3333%;\">Mardi<\/td>\n<td style=\"width: 33.3333%;\">7h30 \u00e0 12h00<\/td>\n<td style=\"width: 146.02%; text-align: center;\">&#8211;<\/td>\n<\/tr>\n<tr>\n<td style=\"width: 33.3333%;\">Jeudi<\/td>\n<td style=\"width: 33.3333%;\">7h30 \u00e0 11h30<\/td>\n<td style=\"width: 146.02%;\">14h15 \u00e0 15h30<\/td>\n<\/tr>\n<\/tbody>\n<\/table>\n<p><strong>Exceptionnellement, l&#8217;accueil physique du bureau du BAFA et du BAFD ne sera pas assur\u00e9 jusqu&#8217;au 31\/12\/2025<\/strong><\/p>\n<p>&nbsp;<\/p>\n<p><strong>Liste et contacts des organisateurs d\u00e9clar\u00e9s en Martinique &#8211; ann\u00e9e 2025-2026<\/strong><\/p>\n<iframe src=\"\/\/docs.google.com\/viewer?url=https%3A%2F%2Fsite.ac-martinique.fr%2Facm972%2Fwp-content%2Fuploads%2Fsites%2F113%2F2025%2F08%2Forganisateurs-2025.pdf&hl=fr&embedded=true\" class=\"gde-frame\" style=\"width:100%; height:200px; border: none;\" scrolling=\"no\"><\/iframe>\n<p class=\"gde-text\"><a href=\"https:\/\/site.ac-martinique.fr\/acm972\/wp-content\/uploads\/sites\/113\/2025\/08\/organisateurs-2025.pdf\" class=\"gde-link\" onClick=\"_gaq.push(['_trackEvent', 'Google Doc Embedder', 'T\u00e9l\u00e9charger', this.href]);\">T\u00e9l\u00e9charger (PDF, Inconnu)<\/a><\/p>\n","protected":false},"excerpt":{"rendered":"<p>Tous les services de la DRAJES Martinique ZAC de l&#8217;Etang Z&#8217;ABRICOTS Agora 2 &#8211; Rond point du calendrier Lagunaire &#8211; BP669 &#8211; 97264 &#8211; FORT-de-FRANCE CEDEX T\u00e9l: 0596 52 25 00 drajes-acm@ac-martinique.fr &nbsp; Chef du service de la protection des &hellip; <a href=\"https:\/\/site.ac-martinique.fr\/acm972\/contacts\/\">Continuer la lecture <span class=\"meta-nav\">&rarr;<\/span><\/a><\/p>\n","protected":false},"author":328,"featured_media":0,"parent":0,"menu_order":0,"comment_status":"closed","ping_status":"closed","template":"","meta":{"footnotes":"","_links_to":"","_links_to_target":""},"class_list":["post-1230","page","type-page","status-publish","hentry"],"_links":{"self":[{"href":"https:\/\/site.ac-martinique.fr\/acm972\/wp-json\/wp\/v2\/pages\/1230","targetHints":{"allow":["GET"]}}],"collection":[{"href":"https:\/\/site.ac-martinique.fr\/acm972\/wp-json\/wp\/v2\/pages"}],"about":[{"href":"https:\/\/site.ac-martinique.fr\/acm972\/wp-json\/wp\/v2\/types\/page"}],"author":[{"embeddable":true,"href":"https:\/\/site.ac-martinique.fr\/acm972\/wp-json\/wp\/v2\/users\/328"}],"replies":[{"embeddable":true,"href":"https:\/\/site.ac-martinique.fr\/acm972\/wp-json\/wp\/v2\/comments?post=1230"}],"version-history":[{"count":8,"href":"https:\/\/site.ac-martinique.fr\/acm972\/wp-json\/wp\/v2\/pages\/1230\/revisions"}],"predecessor-version":[{"id":1682,"href":"https:\/\/site.ac-martinique.fr\/acm972\/wp-json\/wp\/v2\/pages\/1230\/revisions\/1682"}],"wp:attachment":[{"href":"https:\/\/site.ac-martinique.fr\/acm972\/wp-json\/wp\/v2\/media?parent=1230"}],"curies":[{"name":"wp","href":"https:\/\/api.w.org\/{rel}","templated":true}]}}