{"id":157,"date":"2022-01-18T20:30:19","date_gmt":"2022-01-19T00:30:19","guid":{"rendered":"https:\/\/site.ac-martinique.fr\/acm972\/?page_id=157"},"modified":"2025-12-15T14:34:05","modified_gmt":"2025-12-15T18:34:05","slug":"actus_culture","status":"publish","type":"page","link":"https:\/\/site.ac-martinique.fr\/acm972\/actus_culture\/","title":{"rendered":"les actus culture"},"content":{"rendered":"<p data-start=\"289\" data-end=\"502\">Cette page est un espace d\u00e9di\u00e9 \u00e0 la d\u00e9couverte et au partage des initiatives culturelles en Martinique, mobilisables dans le cadre de projets culturels en ACM.<\/p>\n<p data-start=\"289\" data-end=\"502\">Elle a pour ambition de renforcer le lien entre les <strong data-start=\"1167\" data-end=\"1188\">ACM de Martinique<\/strong> et la <strong data-start=\"1195\" data-end=\"1232\">richesse culturelle du territoire<\/strong>, tout en inspirant de nouvelles pratiques pour offrir aux enfants des exp\u00e9riences vari\u00e9es, ouvertes au monde et ancr\u00e9es dans leur environnement.<\/p>\n<p style=\"text-align: center;\" data-start=\"524\" data-end=\"667\">*****<\/p>\n<p data-start=\"524\" data-end=\"667\"><span style=\"font-size: 18pt;\"><strong data-start=\"524\" data-end=\"562\">Les \u00e9v\u00e9nements culturels du moment<\/strong><\/span> : expositions, spectacles, festivals et rendez-vous artistiques accessibles aux enfants et aux jeunes.<\/p>\n<p>Focus sur le <strong>th\u00e8me de l&#8217;esclavage<\/strong>, \u00e0 l&#8217;occasion de <em>La Journ\u00e9e internationale pour l&#8217;abolition de l&#8217;esclavage\u00a0 &#8211; le 2 d\u00e9cembre 2025:\u00a0 \u00a0<\/em><a href=\"https:\/\/histoiredesarts.culture.gouv.fr\/Toutes-les-ressources\/Institut-national-de-recherches-archeologiques-preventives-Inrap\/Archeologie-de-l-esclavage-colonial\">https:\/\/histoiredesarts.culture.gouv.fr<\/a><\/p>\n<p><strong>Le jardin de la sant\u00e9&#8230; et des merveilles :\u00a0<\/strong>La <strong>compagnie OPIPIRI<\/strong> propose aux ACM des ateliers musicaux et sensoriels dans un jardin magique nich\u00e9 au coeur de Sainte-Anne :<\/p>\n<p><strong><img loading=\"lazy\" decoding=\"async\" class=\"alignleft size-large wp-image-1640\" src=\"https:\/\/site.ac-martinique.fr\/acm972\/wp-content\/uploads\/sites\/113\/2025\/11\/PHOTO-2025-11-18-13-48-28-1024x724.jpg\" alt=\"\" width=\"640\" height=\"453\" srcset=\"https:\/\/site.ac-martinique.fr\/acm972\/wp-content\/uploads\/sites\/113\/2025\/11\/PHOTO-2025-11-18-13-48-28-1024x724.jpg 1024w, https:\/\/site.ac-martinique.fr\/acm972\/wp-content\/uploads\/sites\/113\/2025\/11\/PHOTO-2025-11-18-13-48-28-300x212.jpg 300w, https:\/\/site.ac-martinique.fr\/acm972\/wp-content\/uploads\/sites\/113\/2025\/11\/PHOTO-2025-11-18-13-48-28-768x543.jpg 768w, https:\/\/site.ac-martinique.fr\/acm972\/wp-content\/uploads\/sites\/113\/2025\/11\/PHOTO-2025-11-18-13-48-28-1536x1086.jpg 1536w, https:\/\/site.ac-martinique.fr\/acm972\/wp-content\/uploads\/sites\/113\/2025\/11\/PHOTO-2025-11-18-13-48-28-1320x933.jpg 1320w, https:\/\/site.ac-martinique.fr\/acm972\/wp-content\/uploads\/sites\/113\/2025\/11\/PHOTO-2025-11-18-13-48-28.jpg 1600w\" sizes=\"auto, (max-width: 640px) 100vw, 640px\" \/><\/strong><\/p>\n<p>&nbsp;<\/p>\n<p style=\"text-align: center;\" data-start=\"670\" data-end=\"809\"><img loading=\"lazy\" decoding=\"async\" class=\"alignleft size-large wp-image-1641\" src=\"https:\/\/site.ac-martinique.fr\/acm972\/wp-content\/uploads\/sites\/113\/2025\/11\/PHOTO-2025-11-18-13-48-29-1024x724.jpg\" alt=\"\" width=\"640\" height=\"453\" srcset=\"https:\/\/site.ac-martinique.fr\/acm972\/wp-content\/uploads\/sites\/113\/2025\/11\/PHOTO-2025-11-18-13-48-29-1024x724.jpg 1024w, https:\/\/site.ac-martinique.fr\/acm972\/wp-content\/uploads\/sites\/113\/2025\/11\/PHOTO-2025-11-18-13-48-29-300x212.jpg 300w, https:\/\/site.ac-martinique.fr\/acm972\/wp-content\/uploads\/sites\/113\/2025\/11\/PHOTO-2025-11-18-13-48-29-768x543.jpg 768w, https:\/\/site.ac-martinique.fr\/acm972\/wp-content\/uploads\/sites\/113\/2025\/11\/PHOTO-2025-11-18-13-48-29-1536x1086.jpg 1536w, https:\/\/site.ac-martinique.fr\/acm972\/wp-content\/uploads\/sites\/113\/2025\/11\/PHOTO-2025-11-18-13-48-29-1320x933.jpg 1320w, https:\/\/site.ac-martinique.fr\/acm972\/wp-content\/uploads\/sites\/113\/2025\/11\/PHOTO-2025-11-18-13-48-29.jpg 1600w\" sizes=\"auto, (max-width: 640px) 100vw, 640px\" \/><\/p>\n<p style=\"text-align: center;\" data-start=\"670\" data-end=\"809\"><strong data-start=\"670\" data-end=\"705\"><img loading=\"lazy\" decoding=\"async\" class=\"size-large wp-image-1642 alignnone\" src=\"https:\/\/site.ac-martinique.fr\/acm972\/wp-content\/uploads\/sites\/113\/2025\/11\/PHOTO-2025-11-18-13-48-30-1024x724.jpg\" alt=\"\" width=\"640\" height=\"453\" srcset=\"https:\/\/site.ac-martinique.fr\/acm972\/wp-content\/uploads\/sites\/113\/2025\/11\/PHOTO-2025-11-18-13-48-30-1024x724.jpg 1024w, https:\/\/site.ac-martinique.fr\/acm972\/wp-content\/uploads\/sites\/113\/2025\/11\/PHOTO-2025-11-18-13-48-30-300x212.jpg 300w, https:\/\/site.ac-martinique.fr\/acm972\/wp-content\/uploads\/sites\/113\/2025\/11\/PHOTO-2025-11-18-13-48-30-768x543.jpg 768w, https:\/\/site.ac-martinique.fr\/acm972\/wp-content\/uploads\/sites\/113\/2025\/11\/PHOTO-2025-11-18-13-48-30-1536x1086.jpg 1536w, https:\/\/site.ac-martinique.fr\/acm972\/wp-content\/uploads\/sites\/113\/2025\/11\/PHOTO-2025-11-18-13-48-30-1320x933.jpg 1320w, https:\/\/site.ac-martinique.fr\/acm972\/wp-content\/uploads\/sites\/113\/2025\/11\/PHOTO-2025-11-18-13-48-30.jpg 1600w\" sizes=\"auto, (max-width: 640px) 100vw, 640px\" \/><\/strong><\/p>\n<p style=\"text-align: center;\" data-start=\"670\" data-end=\"809\">*****<\/p>\n<p data-start=\"670\" data-end=\"809\"><span style=\"font-size: 18pt;\"><strong data-start=\"670\" data-end=\"705\">Des ressources pour l\u2019animation<\/strong><\/span> : id\u00e9es d\u2019activit\u00e9s, pistes p\u00e9dagogiques, outils pour int\u00e9grer la culture dans les projets \u00e9ducatifs.<\/p>\n<ul>\n<li>CINEMA : les fiches p\u00e9dagogiques du Centre national du cin\u00e9ma (par le minist\u00e8re de la Culture ) :<\/li>\n<\/ul>\n<p><a href=\"http:\/\/planmercredi.education.gouv.fr\/ressources-ministere-de-la-culture\"><img loading=\"lazy\" decoding=\"async\" class=\"wp-image-218 aligncenter\" src=\"https:\/\/site.ac-martinique.fr\/acm972\/wp-content\/uploads\/sites\/113\/2022\/01\/minculture.jpg\" alt=\"\" width=\"94\" height=\"121\" \/><\/a><\/p>\n<ul>\n<li><strong>Un puzzle 100% local<\/strong>, id\u00e9al pour apprendre la g\u00e9ographie de l&#8217;\u00eele en s&#8217;amusant :<\/li>\n<\/ul>\n<h1><a href=\"https:\/\/drive.google.com\/file\/d\/1wquIgls-6_EHn64nOUdjGKXhwq179h-t\/edit\"><img loading=\"lazy\" decoding=\"async\" class=\"wp-image-1118 aligncenter\" src=\"https:\/\/site.ac-martinique.fr\/acm972\/wp-content\/uploads\/sites\/113\/2023\/12\/Sans-titre-281x300.png\" alt=\"\" width=\"159\" height=\"170\" srcset=\"https:\/\/site.ac-martinique.fr\/acm972\/wp-content\/uploads\/sites\/113\/2023\/12\/Sans-titre-281x300.png 281w, https:\/\/site.ac-martinique.fr\/acm972\/wp-content\/uploads\/sites\/113\/2023\/12\/Sans-titre.png 420w\" sizes=\"auto, (max-width: 159px) 100vw, 159px\" \/> <\/a><\/h1>\n<p>Vous pouvez passer commande via le site internet de l&#8217;entreprise <a class=\"moz-txt-link-freetext\" href=\"https:\/\/www.yoheltoys.fr\">https:\/\/www.yoheltoys.fr<\/a><\/p>\n<p>Compte instagram : @yohel.kids\u00a0 \u00a0 &#8211;\u00a0 \u00a0 Coordonn\u00e9es t\u00e9l\u00e9phoniques de YOHEL KIDS : 0696 06 52<\/p>\n<ul>\n<li><strong>Les petites ateliers\u00a0 \u00a0: <\/strong><span class=\"txt_big\">La plateforme \u00ab Petits ateliers \u00bb constitue une offre in\u00e9dite pour animer des ateliers ludiques et \u00e9ducatifs pour les enfants de 3 \u00e0 11 ans:<\/span><\/li>\n<\/ul>\n<p><a href=\"https:\/\/www.petitsateliers.fr\/\"><img loading=\"lazy\" decoding=\"async\" class=\"wp-image-820 aligncenter\" src=\"https:\/\/site.ac-martinique.fr\/acm972\/wp-content\/uploads\/sites\/113\/2022\/12\/N-9387-13893_visuel-274x300.jpg\" alt=\"\" width=\"126\" height=\"138\" srcset=\"https:\/\/site.ac-martinique.fr\/acm972\/wp-content\/uploads\/sites\/113\/2022\/12\/N-9387-13893_visuel-274x300.jpg 274w, https:\/\/site.ac-martinique.fr\/acm972\/wp-content\/uploads\/sites\/113\/2022\/12\/N-9387-13893_visuel.jpg 290w\" sizes=\"auto, (max-width: 126px) 100vw, 126px\" \/><\/a><\/p>\n<ul>\n<li><strong>Un jeu gratuit pour encourager l&#8217;empathie<\/strong> des enfants et apprendre \u00e0 mieux se conna\u00eetre: \u00a0<span style=\"font-size: 12pt;\"><a href=\"https:\/\/www.labophilo.fr\/2022\/05\/17\/un-jeu-gratuit-pour-encourager-l-empathie-des-enfants-et-apprendre-%C3%A0-mieux-se-conna%C3%AEtre-le-jeu-des-30-besoins\/\"><strong>&#8220;Le jeu des 30 besoins&#8221;<\/strong><\/a><\/span><\/li>\n<\/ul>\n<p>&nbsp;<\/p>\n<ul>\n<li><strong>Aim\u00e9 C\u00e9saire, po\u00e8te de la n\u00e9gritude &#8211;\u00a0 <\/strong>des ressources p\u00e9dagogiques pour faire vivre la po\u00e9sie en ACM : <a href=\"https:\/\/histoiredesarts.culture.gouv.fr\/Toutes-les-ressources\/Institut-national-de-l-audiovisuel-INA\/Aime-Cesaire-poete-de-la-negritude\">https:\/\/histoiredesarts.culture.gouv.fr\/<\/a><\/li>\n<\/ul>\n<p style=\"text-align: center;\" data-start=\"812\" data-end=\"959\">*****<\/p>\n<p data-start=\"812\" data-end=\"959\"><span style=\"font-size: 18pt;\"><strong data-start=\"812\" data-end=\"848\">Focus sur les acteurs locaux<\/strong> <\/span>: artistes, associations, structures culturelles qui enrichissent le territoire et collaborent avec les ACM.<\/p>\n<p data-start=\"812\" data-end=\"959\"><strong>Cr\u00e9er un documentaire<\/strong> ou un reportage avec des enfants et des adolescents avec l&#8217;association Boum Kaliko :<a href=\"https:\/\/www.boumkaliko.fr\/\"><img loading=\"lazy\" decoding=\"async\" class=\"wp-image-201 aligncenter\" src=\"https:\/\/site.ac-martinique.fr\/acm972\/wp-content\/uploads\/sites\/113\/2022\/01\/cropped-logo-BMK-pour-site-300x252.png\" alt=\"\" width=\"162\" height=\"137\" srcset=\"https:\/\/site.ac-martinique.fr\/acm972\/wp-content\/uploads\/sites\/113\/2022\/01\/cropped-logo-BMK-pour-site-300x252.png 300w, https:\/\/site.ac-martinique.fr\/acm972\/wp-content\/uploads\/sites\/113\/2022\/01\/cropped-logo-BMK-pour-site-1024x861.png 1024w, https:\/\/site.ac-martinique.fr\/acm972\/wp-content\/uploads\/sites\/113\/2022\/01\/cropped-logo-BMK-pour-site-768x645.png 768w, https:\/\/site.ac-martinique.fr\/acm972\/wp-content\/uploads\/sites\/113\/2022\/01\/cropped-logo-BMK-pour-site-1536x1291.png 1536w, https:\/\/site.ac-martinique.fr\/acm972\/wp-content\/uploads\/sites\/113\/2022\/01\/cropped-logo-BMK-pour-site-2048x1721.png 2048w, https:\/\/site.ac-martinique.fr\/acm972\/wp-content\/uploads\/sites\/113\/2022\/01\/cropped-logo-BMK-pour-site-750x630.png 750w, https:\/\/site.ac-martinique.fr\/acm972\/wp-content\/uploads\/sites\/113\/2022\/01\/cropped-logo-BMK-pour-site-1320x1109.png 1320w\" sizes=\"auto, (max-width: 162px) 100vw, 162px\" \/><\/a><\/p>\n<p><strong>la compagnie AU <\/strong><strong>PIPIRI fait entrer la culture dans les ACM !<\/strong><img loading=\"lazy\" decoding=\"async\" class=\"wp-image-1576 aligncenter\" src=\"https:\/\/site.ac-martinique.fr\/acm972\/wp-content\/uploads\/sites\/113\/2025\/06\/030952eb-ce8c-4213-b3b0-96de3493cd85.png\" alt=\"\" width=\"131\" height=\"145\" \/><\/p>\n<p>En partenariat avec la DAC, la DRAJES soutient des actions culturelles en direction des ACMpendant les grandes vacances. Parmi celles-ci, la compagnie AU PIPIRI propose aux enfants inscrits en ACM de vivre des exp\u00e9riences sensibles autour de la musique, du corps et du patrimoine carib\u00e9en.<\/p>\n<p>Pour en savoir plus, consultez la pr\u00e9sentation ci dessous, regardez la vid\u00e9o, et contactez directement\u00a0\u00a0Christel Symphor au <a id=\"OWA321af5ae-5c04-7311-cd49-a508d5c542a3\" class=\"OWAAutoLink\" href=\"tel:0696 08 72 13\">0696 08 72 13\u00a0 \/ <\/a>Facebook: opipiri \/ Instagram: opipiri \/ mail :<a id=\"OWA67e56ad5-2c33-fdc1-3888-2b7db520afae\" class=\"OWAAutoLink\" href=\"mailto:opipiri@outlook.fr\" target=\"_blank\" rel=\"noopener noreferrer\" data-ogsc=\"\" data-linkindex=\"0\" data-auth=\"NotApplicable\">opipiri@outlook.<\/a><a id=\"OWAf54dbbbf-9ea7-e4e2-0077-6cccd1eb7947\" class=\"OWAAutoLink\" href=\"mailto:opipiri@outlook.fr\" target=\"_blank\" rel=\"noopener noreferrer\" data-ogsc=\"\" data-linkindex=\"0\" data-auth=\"NotApplicable\">fr<\/a><\/p>\n<div dir=\"auto\"><a href=\"ttps:\/\/drive.google.com\/file\/d\/1-mqJwW72hLECdFknBNvFfMdjxOrRPxTH\/view?usp=drivesdk.\">VIDEO\u00a0<\/a><\/div>\n<div dir=\"auto\"><\/div>\n<div dir=\"auto\"><iframe src=\"\/\/docs.google.com\/viewer?url=https%3A%2F%2Fsite.ac-martinique.fr%2Facm972%2Fwp-content%2Fuploads%2Fsites%2F113%2F2025%2F06%2FLEVE-NOTE-D-INTENTION-25.pdf&hl=fr&embedded=true\" class=\"gde-frame\" style=\"width:100%; height:200px; border: none;\" scrolling=\"no\"><\/iframe>\n<p class=\"gde-text\"><a href=\"https:\/\/site.ac-martinique.fr\/acm972\/wp-content\/uploads\/sites\/113\/2025\/06\/LEVE-NOTE-D-INTENTION-25.pdf\" class=\"gde-link\" onClick=\"_gaq.push(['_trackEvent', 'Google Doc Embedder', 'T\u00e9l\u00e9charger', this.href]);\">T\u00e9l\u00e9charger (PDF, Inconnu)<\/a><\/p><\/div>\n<p>&nbsp;<\/p>\n<p style=\"text-align: center;\">*****<\/p>\n<p data-start=\"962\" data-end=\"1107\"><span style=\"font-size: 18pt;\"><strong data-start=\"962\" data-end=\"991\">Des retours d\u2019exp\u00e9riences<\/strong> :<\/span> projets men\u00e9s dans les centres, sorties culturelles, ateliers cr\u00e9atifs ou patrimoniaux r\u00e9alis\u00e9s avec les enfants.<\/p>\n<div class=\"bloc-title\">\n<div class=\"crayon article-descriptif-9877 \">\n<div><\/div>\n<\/div>\n<\/div>\n<p>&nbsp;<\/p>\n<p><img loading=\"lazy\" decoding=\"async\" class=\"size-medium wp-image-1080 aligncenter\" src=\"https:\/\/site.ac-martinique.fr\/acm972\/wp-content\/uploads\/sites\/113\/2023\/08\/IMG_3857-300x246.jpg\" alt=\"\" width=\"300\" height=\"246\" srcset=\"https:\/\/site.ac-martinique.fr\/acm972\/wp-content\/uploads\/sites\/113\/2023\/08\/IMG_3857-300x246.jpg 300w, https:\/\/site.ac-martinique.fr\/acm972\/wp-content\/uploads\/sites\/113\/2023\/08\/IMG_3857-1024x840.jpg 1024w, https:\/\/site.ac-martinique.fr\/acm972\/wp-content\/uploads\/sites\/113\/2023\/08\/IMG_3857-768x630.jpg 768w, https:\/\/site.ac-martinique.fr\/acm972\/wp-content\/uploads\/sites\/113\/2023\/08\/IMG_3857-1536x1261.jpg 1536w, https:\/\/site.ac-martinique.fr\/acm972\/wp-content\/uploads\/sites\/113\/2023\/08\/IMG_3857-1320x1083.jpg 1320w, https:\/\/site.ac-martinique.fr\/acm972\/wp-content\/uploads\/sites\/113\/2023\/08\/IMG_3857.jpg 1640w\" sizes=\"auto, (max-width: 300px) 100vw, 300px\" \/><\/p>\n<ul>\n<li><strong>Une colo \u00e0 Lyon, pas comme les autres\u00a0<\/strong><\/li>\n<\/ul>\n<p>Voici le bilan d&#8217;un voyage dans une ville charg\u00e9e d&#8217;histoire, men\u00e9e par l&#8217;association Plaisir d&#8217;enfant, en partenariat avec la DRAJES. Ce projet exp\u00e9rimental est de nature \u00e0 en inspirer d&#8217;autres !<\/p>\n<iframe src=\"\/\/docs.google.com\/viewer?url=https%3A%2F%2Fsite.ac-martinique.fr%2Facm972%2Fwp-content%2Fuploads%2Fsites%2F113%2F2025%2F03%2Fbilan-colo-Lyon.pdf&hl=fr&embedded=true\" class=\"gde-frame\" style=\"width:100%; height:200px; border: none;\" scrolling=\"no\"><\/iframe>\n<p class=\"gde-text\"><a href=\"https:\/\/site.ac-martinique.fr\/acm972\/wp-content\/uploads\/sites\/113\/2025\/03\/bilan-colo-Lyon.pdf\" class=\"gde-link\" onClick=\"_gaq.push(['_trackEvent', 'Google Doc Embedder', 'T\u00e9l\u00e9charger', this.href]);\">T\u00e9l\u00e9charger (PDF, Inconnu)<\/a><\/p>\n<ul>\n<li><strong>Les colos Chaillot<\/strong> :\u00a0\u00a0 <a href=\"https:\/\/vimeo.com\/780695295\">En vid\u00e9o ici<\/a><\/li>\n<\/ul>\n<iframe src=\"\/\/docs.google.com\/viewer?url=https%3A%2F%2Fsite.ac-martinique.fr%2Facm972%2Fwp-content%2Fuploads%2Fsites%2F113%2F2024%2F04%2F2023-07-28-www.francetvinfo.fr-28-juillet-2023-Chaillot-colo.pdf&hl=fr&embedded=true\" class=\"gde-frame\" style=\"width:100%; height:200px; border: none;\" scrolling=\"no\"><\/iframe>\n<p class=\"gde-text\"><a href=\"https:\/\/site.ac-martinique.fr\/acm972\/wp-content\/uploads\/sites\/113\/2024\/04\/2023-07-28-www.francetvinfo.fr-28-juillet-2023-Chaillot-colo.pdf\" class=\"gde-link\" onClick=\"_gaq.push(['_trackEvent', 'Google Doc Embedder', 'T\u00e9l\u00e9charger', this.href]);\">T\u00e9l\u00e9charger (PDF, Inconnu)<\/a><\/p>\n<iframe src=\"\/\/docs.google.com\/viewer?url=https%3A%2F%2Fsite.ac-martinique.fr%2Facm972%2Fwp-content%2Fuploads%2Fsites%2F113%2F2024%2F04%2F2023-08-12-www.lefigaro.fr-12-aout-2023-Chaillot-colo.pdf&hl=fr&embedded=true\" class=\"gde-frame\" style=\"width:100%; height:200px; border: none;\" scrolling=\"no\"><\/iframe>\n<p class=\"gde-text\"><a href=\"https:\/\/site.ac-martinique.fr\/acm972\/wp-content\/uploads\/sites\/113\/2024\/04\/2023-08-12-www.lefigaro.fr-12-aout-2023-Chaillot-colo.pdf\" class=\"gde-link\" onClick=\"_gaq.push(['_trackEvent', 'Google Doc Embedder', 'T\u00e9l\u00e9charger', this.href]);\">T\u00e9l\u00e9charger (PDF, Inconnu)<\/a><\/p>\n<ul>\n<li><strong>&#8220;Sur les traces d&#8217;Aim\u00e9 C\u00e9saire&#8221;<\/strong>, la colo apprenante engag\u00e9e de Plaisir d&#8217;enfant, \u00e0 revivre en textes et en images :<\/li>\n<\/ul>\n<p><a href=\"https:\/\/online.fliphtml5.com\/oijce\/gtgr\/#p=1\"><img loading=\"lazy\" decoding=\"async\" class=\"alignnone size-medium wp-image-1115\" src=\"https:\/\/site.ac-martinique.fr\/acm972\/wp-content\/uploads\/sites\/113\/2023\/12\/colo-cesaire-300x231.png\" alt=\"\" width=\"300\" height=\"231\" srcset=\"https:\/\/site.ac-martinique.fr\/acm972\/wp-content\/uploads\/sites\/113\/2023\/12\/colo-cesaire-300x231.png 300w, https:\/\/site.ac-martinique.fr\/acm972\/wp-content\/uploads\/sites\/113\/2023\/12\/colo-cesaire-768x592.png 768w, https:\/\/site.ac-martinique.fr\/acm972\/wp-content\/uploads\/sites\/113\/2023\/12\/colo-cesaire.png 836w\" sizes=\"auto, (max-width: 300px) 100vw, 300px\" \/><\/a><\/p>\n<p>&nbsp;<\/p>\n<p style=\"text-align: center;\" data-start=\"962\" data-end=\"1107\">*****<\/p>\n<p data-start=\"962\" data-end=\"1107\"><span style=\"font-size: 18pt;\"><strong>Des formations :\u00a0<\/strong><\/span><\/p>\n<p data-start=\"962\" data-end=\"1107\">Les formations organis\u00e9es par le PREAC Martinique sont accessibles sur le site :<\/p>\n<blockquote class=\"wp-embedded-content\" data-secret=\"w7LVDFODTG\"><p><a href=\"https:\/\/site.ac-martinique.fr\/eac\/dispositifs-culture\/\">Formations EAC<\/a><\/p><\/blockquote>\n<p><iframe loading=\"lazy\" class=\"wp-embedded-content\" sandbox=\"allow-scripts\" security=\"restricted\" style=\"position: absolute; visibility: hidden;\" title=\"\u00ab\u00a0Formations EAC\u00a0\u00bb &#8212; \u00c9ducation Artistique et Action Culturelle\" src=\"https:\/\/site.ac-martinique.fr\/eac\/dispositifs-culture\/?embed=true#?secret=54bxq3ZkwW#?secret=w7LVDFODTG\" data-secret=\"w7LVDFODTG\" width=\"600\" height=\"338\" frameborder=\"0\" marginwidth=\"0\" marginheight=\"0\" scrolling=\"no\"><\/iframe><\/p>\n<p style=\"text-align: center;\" data-start=\"962\" data-end=\"1107\">*****<\/p>\n<p data-start=\"962\" data-end=\"1107\">\n<p data-start=\"962\" data-end=\"1107\"><span style=\"font-size: 18pt;\"><strong>Des conf\u00e9rences et de la documentation :<\/strong><\/span><\/p>\n<ul>\n<li><strong>Conf\u00e9rences de l&#8217;INJEP<\/strong><\/li>\n<\/ul>\n<p><a href=\"https:\/\/www.youtube.com\/watch?v=G05NNY3w0iQ\">Les jeunesses d&#8217;Outre-mer<\/a><\/p>\n<p><a href=\"https:\/\/www.youtube.com\/watch?v=x25KPT_hXiQ\">Web conf\u00e9rence : Ados et colonies de vacances <\/a><\/p>\n<p>&nbsp;<\/p>\n<h1 class=\"j-blog-header j-blog-headline j-blog-post--headline\" style=\"text-align: center;\"><\/h1>\n<p>&nbsp;<\/p>\n<p>&nbsp;<\/p>\n<p>&nbsp;<\/p>\n<p>&nbsp;<\/p>\n<p>&nbsp;<\/p>\n<p>&nbsp;<\/p>\n<p>&nbsp;<\/p>\n<p>&nbsp;<\/p>\n<p>&nbsp;<\/p>\n<p>&nbsp;<\/p>\n<p>&nbsp;<\/p>\n","protected":false},"excerpt":{"rendered":"<p>Cette page est un espace d\u00e9di\u00e9 \u00e0 la d\u00e9couverte et au partage des initiatives culturelles en Martinique, mobilisables dans le cadre de projets culturels en ACM. Elle a pour ambition de renforcer le lien entre les ACM de Martinique et &hellip; <a href=\"https:\/\/site.ac-martinique.fr\/acm972\/actus_culture\/\">Continuer la lecture <span class=\"meta-nav\">&rarr;<\/span><\/a><\/p>\n","protected":false},"author":328,"featured_media":0,"parent":0,"menu_order":0,"comment_status":"closed","ping_status":"closed","template":"","meta":{"footnotes":"","_links_to":"","_links_to_target":""},"class_list":["post-157","page","type-page","status-publish","hentry"],"_links":{"self":[{"href":"https:\/\/site.ac-martinique.fr\/acm972\/wp-json\/wp\/v2\/pages\/157","targetHints":{"allow":["GET"]}}],"collection":[{"href":"https:\/\/site.ac-martinique.fr\/acm972\/wp-json\/wp\/v2\/pages"}],"about":[{"href":"https:\/\/site.ac-martinique.fr\/acm972\/wp-json\/wp\/v2\/types\/page"}],"author":[{"embeddable":true,"href":"https:\/\/site.ac-martinique.fr\/acm972\/wp-json\/wp\/v2\/users\/328"}],"replies":[{"embeddable":true,"href":"https:\/\/site.ac-martinique.fr\/acm972\/wp-json\/wp\/v2\/comments?post=157"}],"version-history":[{"count":34,"href":"https:\/\/site.ac-martinique.fr\/acm972\/wp-json\/wp\/v2\/pages\/157\/revisions"}],"predecessor-version":[{"id":1693,"href":"https:\/\/site.ac-martinique.fr\/acm972\/wp-json\/wp\/v2\/pages\/157\/revisions\/1693"}],"wp:attachment":[{"href":"https:\/\/site.ac-martinique.fr\/acm972\/wp-json\/wp\/v2\/media?parent=157"}],"curies":[{"name":"wp","href":"https:\/\/api.w.org\/{rel}","templated":true}]}}