{"id":1632,"date":"2025-11-18T15:19:01","date_gmt":"2025-11-18T19:19:01","guid":{"rendered":"https:\/\/site.ac-martinique.fr\/acm972\/?page_id=1632"},"modified":"2026-03-27T11:40:32","modified_gmt":"2026-03-27T15:40:32","slug":"bafd","status":"publish","type":"page","link":"https:\/\/site.ac-martinique.fr\/acm972\/bafd\/","title":{"rendered":"BAFD"},"content":{"rendered":"<h1><strong>Toute l\u2019information nationale sur le BAFD ici: <\/strong><a href=\"https:\/\/www.jeunes.gouv.fr\/bafa-bafd\"><img loading=\"lazy\" decoding=\"async\" class=\"wp-image-84 aligncenter\" src=\"https:\/\/site.ac-martinique.fr\/acm972\/wp-content\/uploads\/sites\/113\/2022\/01\/rubon1143-135c4.png\" alt=\"\" width=\"144\" height=\"122\" \/><\/a><\/h1>\n<p style=\"text-align: center;\">*****<\/p>\n<p>https:\/\/www.youtube.com\/watch?v=sTo_reIXdZo&#038;list=PLFvbNi1CjQdlq6W5pg9RZ_gOB6znG2Y1Q<\/p>\n<p style=\"text-align: center;\">*****<\/p>\n<h1><strong>R\u00e9sultats du jury BAFD<br \/>\n<\/strong><\/h1>\n<p>Le jury du BAFA se r\u00e9unit en juin et en d\u00e9cembre de chaque ann\u00e9e. Les dates sont g\u00e9n\u00e9ralement communiqu\u00e9es en page d&#8217;accueil de ce site.<\/p>\n<p><span style=\"color: #ff0000;\">Le retrait des dipl\u00f4mes se fait \u00e0 l&#8217;accueil de la DRAJES, sur pr\u00e9sentation d&#8217;une pi\u00e8ce d&#8217;identit\u00e9 du lundi au vendredi, de 8h00 \u00e0 12h00.<\/span><\/p>\n<ul>\n<li><strong>R\u00e9sultats de la session du 10 d\u00e9cembre 2025\u00a0<\/strong><\/li>\n<\/ul>\n<iframe src=\"\/\/docs.google.com\/viewer?url=https%3A%2F%2Fsite.ac-martinique.fr%2Facm972%2Fwp-content%2Fuploads%2Fsites%2F113%2F2025%2F12%2Fliste-recus-BAFD-10-12-2025.docx&hl=fr&embedded=true\" class=\"gde-frame\" style=\"width:100%; height:200px; border: none;\" scrolling=\"no\"><\/iframe>\n<p class=\"gde-text\"><a href=\"https:\/\/site.ac-martinique.fr\/acm972\/wp-content\/uploads\/sites\/113\/2025\/12\/liste-recus-BAFD-10-12-2025.docx\" class=\"gde-link\" onClick=\"_gaq.push(['_trackEvent', 'Google Doc Embedder', 'T\u00e9l\u00e9charger', this.href]);\">T\u00e9l\u00e9charger (DOCX, 11KB)<\/a><\/p>\n<ul>\n<li><strong>R\u00e9sultats de la session du 25\u00a0 juin 2025<\/strong><\/li>\n<\/ul>\n<p>&nbsp;<\/p>\n<p class=\"gde-text\"><a class=\"gde-link\" href=\"https:\/\/site.ac-martinique.fr\/acm972\/wp-content\/uploads\/sites\/113\/2025\/08\/jury-BAFA-22-juillet-2025.pdf\">T\u00e9l\u00e9charger (PDF, Inconnu)<\/a><\/p>\n<p><iframe class=\"gde-frame\" src=\"https:\/\/docs.google.com\/viewer?url=https%3A%2F%2Fsite.ac-martinique.fr%2Facm972%2Fwp-content%2Fuploads%2Fsites%2F113%2F2025%2F06%2FPV-jury-BAFD-250625.pdf&amp;hl=fr&amp;embedded=true\" scrolling=\"no\" data-mce-fragment=\"1\"><\/iframe><\/p>\n<p class=\"gde-text\"><a class=\"gde-link\" href=\"https:\/\/site.ac-martinique.fr\/acm972\/wp-content\/uploads\/sites\/113\/2025\/06\/PV-jury-BAFD-250625.pdf\">T\u00e9l\u00e9charger (PDF, Inconnu)<\/a><\/p>\n<p><span id=\"ctl00_ctl00_mainContent_mainContent_WucFlashInfoAdminRegional1_ZedFlashInfo_GridView1_ctl07_ZoneEditableContenu1_lblTexte\">Tous les candidats au BAFD qui souhaitent d\u00e9poser leur bilan \u00e0 l\u2019issue des 4 \u00e9tapes de leur cursus de formation doivent le faire imp\u00e9rativement <strong>3 semaines avant la date du jury,<\/strong> d\u00e9lai de rigueur.<br \/>\n<\/span><\/p>\n<p>Rappel : Les candidats doivent d\u00e9poser imp\u00e9rativement leur bilan de formation dans un d\u00e9lai maximum de 1 an \u00e0 compter du dernier jour du second stage pratique.<\/p>\n<p>Les candidats ajourn\u00e9s au BAFD , b\u00e9n\u00e9ficient d\u2019un d\u00e9lai d\u2019un an suppl\u00e9mentaire pour compl\u00e9ter leur cursus et leur bilan de formation, \u00e0 compter de la date du jury.<\/p>\n<p><span id=\"ctl00_ctl00_mainContent_mainContent_WucFlashInfoAdminRegional1_ZedFlashInfo_GridView1_ctl07_ZoneEditableContenu1_lblTexte\">Les documents sont \u00e0 retourner \u00e0 :\u00a0<\/span><\/p>\n<p><span id=\"ctl00_ctl00_mainContent_mainContent_WucFlashInfoAdminRegional1_ZedFlashInfo_GridView1_ctl07_ZoneEditableContenu1_lblTexte\">D\u00e9l\u00e9gation R\u00e9gionale Acad\u00e9mique \u00e0 la Jeunesse, \u00e0 l\u2019Engagement et au Sport (DRAJES)<br \/>\nservice BAFA\/BAFD<br \/>\n3\u00e8me \u00e9tage -Zac de L\u2019Etang Z\u2019Abricot AGORA 2<br \/>\nRond Point Calendrier LAGUNAIRE -97200 FORT DE FRANCE.<\/span><\/p>\n<p>ou par courrier \u00e9lectronique \u00e0 : <span id=\"ctl00_ctl00_mainContent_mainContent_WucFlashInfoAdminRegional1_ZedFlashInfo_GridView1_ctl07_ZoneEditableContenu1_lblTexte\">Sylvia BYLON : <a href=\"mailto:sylvia.bylon1@ac-martinique.fr\">sylvia.bylon1@ac-martinique.fr<\/a><\/span><\/p>\n<p>&nbsp;<\/p>\n<p>*****<\/p>\n<h1><strong>L\u2019offre de formations BAFD<br \/>\n<\/strong><\/h1>\n<p>Pour obtenir des informations sur les formations en\u00a0 cours, il convient de contacter directement les organismes habilit\u00e9s :<\/p>\n<p><a href=\"https:\/\/cemea-formation.com\">CEMEA Martinique<\/a><\/p>\n<p><a href=\"https:\/\/www.facebook.com\/Fol972\/\">F\u00e9d\u00e9ration des Oeuvres La\u00efques (FOL)<\/a><\/p>\n<p><a href=\"https:\/\/francas-martinique.wixsite.com\/asso\">Les FRANCAS Martinique<\/a><\/p>\n<p><a href=\"https:\/\/www.facebook.com\/people\/Scouts-et-Guides-de-Martinique\/100064396400958\/\">Scouts et Guides de Martinique<\/a><\/p>\n<p><a href=\"https:\/\/bafa.ufcv.fr\/Infos-pratiques\/Aides-financi%C3%A8res\/Martinique\">UFCV <\/a><\/p>\n<p><a href=\"https:\/\/site.ac-martinique.fr\/acm972\/wp-content\/uploads\/sites\/113\/2025\/03\/Depliant-formations-2025.pdf\">UCPA<\/a><\/p>\n<p>*****<\/p>\n<h1><span style=\"font-family: Calibri;\"><u><strong><span style=\"font-family: georgia, palatino, serif;\">Obtenir un RAE\u00a0 : &#8220;Renouvellement de l&#8217;autorisation d&#8217;exercer&#8221;<\/span><\/strong><\/u><\/span><\/h1>\n<div class=\"flex min-w-0 flex-1 flex-col\">\n<div class=\"flex w-full flex-col gap-2 break-words\" dir=\"auto\">\n<div>\n<p class=\"mb-1 transition-all -ms-10 mt-0\">Pour renouveler votre autorisation d\u2019exercer les fonctions de directeur BAFD en ACM, vous devez remplir l\u2019une des deux conditions suivantes sur les cinq ann\u00e9es de validit\u00e9 de votre brevet :<\/p>\n<\/div>\n<div>\n<div class=\"select-none\">\n<div class=\"markdown-container-style max-w-none gap-1 overflow-x-visible py-0.5 pb-4 font-normal text-wrap break-words select-text\" dir=\"auto\" data-message-part-type=\"answer\" data-testid=\"text-message-part\">\n<ul>\n<li>Avoir exerc\u00e9 les fonctions de directeur ou d\u2019adjoint de direction pendant une dur\u00e9e minimale de 28 jours.<\/li>\n<li>Avoir exerc\u00e9 les fonctions de formateur pendant une dur\u00e9e de six jours minimum dans une session de formation g\u00e9n\u00e9rale, de qualification ou de perfectionnement BAFA ou BAFD.<\/li>\n<\/ul>\n<p><span style=\"font-family: georgia, palatino, serif;\">Si vous ne remplissez aucune de ces deux conditions, vous devrez participer \u00e0 une nouvelle session de perfectionnement BAFD et obtenir un avis favorable de l\u2019organisme de formation pour obtenir le renouvellement de votre autorisation d\u2019exercer.La demande de renouvellement doit \u00eatre effectu\u00e9e avant la fin de validit\u00e9 de votre brevet, via le site <a href=\"https:\/\/www.jeunes.gouv.fr\/bafa-bafd\" target=\"_blank\" rel=\"nofollow noopener noreferrer external\">jeunes.gouv.fr\/bafa-bafd<\/a>, sous l\u2019onglet \u00ab Renouvellement R.A.E \u00bb<\/span><\/p>\n<\/div>\n<div dir=\"auto\" data-message-part-type=\"answer\" data-testid=\"text-message-part\"><\/div>\n<div class=\"markdown-container-style max-w-none gap-1 overflow-x-visible py-0.5 pb-4 font-normal text-wrap break-words select-text\" dir=\"auto\" data-message-part-type=\"answer\" data-testid=\"text-message-part\">\n<p><span style=\"font-family: georgia, palatino, serif;\"><b>En r\u00e9sum\u00e9, pour renouveler votre autorisation BAFD, il faut :<\/b><\/span><\/p>\n<ol data-start=\"1849\" data-end=\"2050\">\n<li data-section-id=\"iiotor\" data-start=\"1849\" data-end=\"1889\"><span style=\"font-family: georgia, palatino, serif;\">Faire la demande <strong data-start=\"1869\" data-end=\"1889\">avant expiration<\/strong><\/span><\/li>\n<li data-section-id=\"18k4pkq\" data-start=\"1890\" data-end=\"1994\"><span style=\"font-family: georgia, palatino, serif;\">Justifier <strong data-start=\"1903\" data-end=\"1933\">soit 28 jours de direction<\/strong>, <strong data-start=\"1935\" data-end=\"1964\">soit 6 jours de formation<\/strong>, <strong data-start=\"1966\" data-end=\"1994\">soit un perfectionnement<\/strong><\/span><\/li>\n<li data-section-id=\"rsp31q\" data-start=\"1995\" data-end=\"2050\"><span style=\"font-family: georgia, palatino, serif;\">Sinon \u2192 repasser par une session de perfectionnement<\/span><\/li>\n<\/ol>\n<p><span style=\"font-family: georgia, palatino, serif;\">Une <strong data-start=\"1562\" data-end=\"1600\">prorogation exceptionnelle d\u2019un an<\/strong> peut parfois \u00eatre accord\u00e9e dans certains cas particuliers.<\/span><\/p>\n<\/div>\n<\/div>\n<\/div>\n<\/div>\n<\/div>\n<p>&nbsp;<\/p>\n<h1><strong>Avant de s\u2019inscrire \u00e0 une formation g\u00e9n\u00e9rale\u2026 n\u2019oubliez pas de cr\u00e9er votre compte sur le site BAFA-BAFD<br \/>\n<\/strong><\/h1>\n<p><a href=\"https:\/\/bafa-bafd.jeunes.gouv.fr\/baf-candidat\/app\/accueil\"><img loading=\"lazy\" decoding=\"async\" class=\"wp-image-1530 aligncenter\" src=\"https:\/\/site.ac-martinique.fr\/acm972\/wp-content\/uploads\/sites\/113\/2025\/03\/inscriptionbafa.jpg\" sizes=\"auto, (max-width: 299px) 100vw, 299px\" srcset=\"https:\/\/site.ac-martinique.fr\/acm972\/wp-content\/uploads\/sites\/113\/2025\/03\/inscriptionbafa.jpg 682w, https:\/\/site.ac-martinique.fr\/acm972\/wp-content\/uploads\/sites\/113\/2025\/03\/inscriptionbafa-300x198.jpg 300w\" alt=\"\" width=\"299\" height=\"197\" \/><\/a><\/p>\n<p style=\"text-align: center;\">*****<\/p>\n<p><strong>R\u00e9ussir son bilan de formation BAFD<\/strong><\/p>\n<p>La DRAJES Martinique et les 6 organismes de formation se sont associ\u00e9s\u00a0 pour \u00e9laborer un guide pratique \u00e0 l\u2019attention des candidats au BAFD.<\/p>\n<p><iframe class=\"gde-frame\" src=\"https:\/\/docs.google.com\/viewer?url=https%3A%2F%2Fsite.ac-martinique.fr%2Facm972%2Fwp-content%2Fuploads%2Fsites%2F113%2F2025%2F04%2Fguide-pratique-BAFD.pdf&amp;hl=fr&amp;embedded=true\" scrolling=\"no\" data-mce-fragment=\"1\"><\/iframe><\/p>\n<p class=\"gde-text\"><a class=\"gde-link\" href=\"https:\/\/site.ac-martinique.fr\/acm972\/wp-content\/uploads\/sites\/113\/2025\/04\/guide-pratique-BAFD.pdf\">T\u00e9l\u00e9charger (PDF, Inconnu)<\/a><\/p>\n<p>*****<\/p>\n<p><strong>Le Bilan de formation BAFD<\/strong><\/p>\n<p>Ce document constitue la trame du bilan de formation \u00e0 utiliser pour l\u2019utime \u00e9tape de la formation, en vue du passage en jury BAFD :<\/p>\n<p><iframe class=\"gde-frame\" src=\"https:\/\/docs.google.com\/viewer?url=https%3A%2F%2Fsite.ac-martinique.fr%2Facm972%2Fwp-content%2Fuploads%2Fsites%2F113%2F2025%2F04%2Fdossier-type-bilan-BAFD.docx&amp;hl=fr&amp;embedded=true\" scrolling=\"no\" data-mce-fragment=\"1\"><\/iframe><\/p>\n<p class=\"gde-text\"><a class=\"gde-link\" href=\"https:\/\/site.ac-martinique.fr\/acm972\/wp-content\/uploads\/sites\/113\/2025\/04\/dossier-type-bilan-BAFD.docx\">T\u00e9l\u00e9charger (DOCX, Inconnu)<\/a><\/p>\n<p>&nbsp;<\/p>\n<p>&nbsp;<\/p>\n<p>*****<\/p>\n<p><strong>Certificats de stages pratiques \u00e0 t\u00e9l\u00e9charger<\/strong><\/p>\n<p>La validation du stage pratique BAFD est effectu\u00e9e par\u00a0 l\u2019organisateur via l\u2019application TAM. La copie du formulaire doit \u00eatre d\u00e9livr\u00e9e au stagiaire.<\/p>\n<p>&nbsp;<\/p>\n<p class=\"gde-text\"><a class=\"gde-link\" href=\"https:\/\/site.ac-martinique.fr\/acm972\/wp-content\/uploads\/sites\/113\/2023\/08\/BAFA-pratique.pdf\">T\u00e9l\u00e9charger (PDF, 39KB)<\/a><\/p>\n<p><iframe class=\"gde-frame\" src=\"https:\/\/docs.google.com\/viewer?url=https%3A%2F%2Fsite.ac-martinique.fr%2Facm972%2Fwp-content%2Fuploads%2Fsites%2F113%2F2025%2F06%2Fpv-jury-bafd.pdf&amp;hl=fr&amp;embedded=true\" scrolling=\"no\" data-mce-fragment=\"1\"><\/iframe><\/p>\n<p class=\"gde-text\"><a class=\"gde-link\" href=\"https:\/\/site.ac-martinique.fr\/acm972\/wp-content\/uploads\/sites\/113\/2025\/06\/pv-jury-bafd.pdf\">T\u00e9l\u00e9charger (PDF, Inconnu)<\/a><\/p>\n<p><span id=\"more-2\"><\/span>*****<\/p>\n<h1>\u00a0<strong>Contacter le service\u00a0 BAFD de la DRAJES<\/strong><\/h1>\n<p><strong>\u00a0Sylvia BYLON<\/strong> \u2013 gestionnaire BAFA et BAFD \u00a0\u00a0 \u00a0\u00a0 \u00a0\u00a0 \u00a0\u00a0 \u00a0\u00a0 \u00a0\u00a0 \u00a0\u00a0 \u00a0\u00a0 \u00a0\u00a0 \u00a0\u00a0 \u00a0\u00a0 \u00a0\u00a0 \u00a0\u00a0 \u00a0\u00a0 \u00a0\u00a0 \u00a0\u00a0 \u00a0\u00a0 \u00a0\u00a0 \u00a0\u00a0 \u00a0\u00a0 \u00a0 \u00a0 \u00a0 \u00a0 \u00a0 \u00a0 \u00a0 \u00a0 \u00a0 \u00a0 t\u00e9l. 0596 52 29 57\u00a0 ( les lundi, mardi et jeudi de 8h00 \u00e0 10h00)\u00a0\u00a0\u00a0\u00a0\u00a0\u00a0\u00a0\u00a0\u00a0\u00a0\u00a0\u00a0\u00a0\u00a0\u00a0\u00a0\u00a0\u00a0\u00a0\u00a0\u00a0\u00a0\u00a0\u00a0\u00a0\u00a0\u00a0\u00a0\u00a0\u00a0\u00a0\u00a0\u00a0\u00a0\u00a0\u00a0\u00a0\u00a0\u00a0\u00a0\u00a0\u00a0\u00a0\u00a0\u00a0\u00a0\u00a0\u00a0 Pour les demandes de rendez-vous :\u00a0 <a href=\"mailto:sylvia.bylon1@ac-martinique.fr\">sylvia.bylon1@ac-martinique.fr<\/a><\/p>\n<p>Le bureau est ouvert :<\/p>\n<table>\n<tbody>\n<tr>\n<td>Lundi<\/td>\n<td>7h30 \u00e0 12h30<\/td>\n<td>14h15 \u00e0 15h30<\/td>\n<\/tr>\n<tr>\n<td>Mardi<\/td>\n<td>7h30 \u00e0 12h00<\/td>\n<td>\u2013<\/td>\n<\/tr>\n<tr>\n<td>Jeudi<\/td>\n<td>7h30 \u00e0 11h30<\/td>\n<td>14h15 \u00e0 15h30<\/td>\n<\/tr>\n<\/tbody>\n<\/table>\n<p>En cas d\u2019absence, \u00e9crire \u00e0 : drajes-acm@ac-martinique.fr<\/p>\n<p>T\u00e9l. : 0596 52 28 62<\/p>\n<p style=\"text-align: center;\">*****<\/p>\n<p>&nbsp;<\/p>\n<p>&nbsp;<\/p>\n","protected":false},"excerpt":{"rendered":"<p>Toute l\u2019information nationale sur le BAFD ici: ***** https:\/\/www.youtube.com\/watch?v=sTo_reIXdZo&#038;list=PLFvbNi1CjQdlq6W5pg9RZ_gOB6znG2Y1Q ***** R\u00e9sultats du jury BAFD Le jury du BAFA se r\u00e9unit en juin et en d\u00e9cembre de chaque ann\u00e9e. Les dates sont g\u00e9n\u00e9ralement communiqu\u00e9es en page d&#8217;accueil de ce site. Le &hellip; <a href=\"https:\/\/site.ac-martinique.fr\/acm972\/bafd\/\">Continuer la lecture <span class=\"meta-nav\">&rarr;<\/span><\/a><\/p>\n","protected":false},"author":328,"featured_media":0,"parent":0,"menu_order":3,"comment_status":"closed","ping_status":"closed","template":"","meta":{"footnotes":"","_links_to":"","_links_to_target":""},"class_list":["post-1632","page","type-page","status-publish","hentry"],"_links":{"self":[{"href":"https:\/\/site.ac-martinique.fr\/acm972\/wp-json\/wp\/v2\/pages\/1632","targetHints":{"allow":["GET"]}}],"collection":[{"href":"https:\/\/site.ac-martinique.fr\/acm972\/wp-json\/wp\/v2\/pages"}],"about":[{"href":"https:\/\/site.ac-martinique.fr\/acm972\/wp-json\/wp\/v2\/types\/page"}],"author":[{"embeddable":true,"href":"https:\/\/site.ac-martinique.fr\/acm972\/wp-json\/wp\/v2\/users\/328"}],"replies":[{"embeddable":true,"href":"https:\/\/site.ac-martinique.fr\/acm972\/wp-json\/wp\/v2\/comments?post=1632"}],"version-history":[{"count":10,"href":"https:\/\/site.ac-martinique.fr\/acm972\/wp-json\/wp\/v2\/pages\/1632\/revisions"}],"predecessor-version":[{"id":1723,"href":"https:\/\/site.ac-martinique.fr\/acm972\/wp-json\/wp\/v2\/pages\/1632\/revisions\/1723"}],"wp:attachment":[{"href":"https:\/\/site.ac-martinique.fr\/acm972\/wp-json\/wp\/v2\/media?parent=1632"}],"curies":[{"name":"wp","href":"https:\/\/api.w.org\/{rel}","templated":true}]}}