{"id":1661,"date":"2025-12-04T17:55:39","date_gmt":"2025-12-04T21:55:39","guid":{"rendered":"https:\/\/site.ac-martinique.fr\/acm972\/?page_id=1661"},"modified":"2026-03-10T15:51:19","modified_gmt":"2026-03-10T19:51:19","slug":"pop-livre","status":"publish","type":"page","link":"https:\/\/site.ac-martinique.fr\/acm972\/pop-livre\/","title":{"rendered":"POP LIVRE"},"content":{"rendered":"<div class=\"w-full mb-[4px] mt-0\">\n<h1><span style=\"font-size: 24pt; font-family: georgia, palatino, serif;\"><strong><span class=\"\" data-slate-leaf=\"true\">Le plaisir de lire en ACM !<\/span><\/strong><\/span><\/h1>\n<\/div>\n<div class=\"w-full mt-[1.4em] mb-[1px]\">\n<div class=\"w-full mb-[4px] mt-0\">\n<p><span style=\"font-family: georgia, palatino, serif;\"><b>POP LIVRE : une politique globale d\u2019incitation \u00e0 la lecture et l\u2019\u00e9criture sur les temps de loisirs en Martinique<\/b><\/span><\/p>\n<p><span style=\"font-family: georgia, palatino, serif;\"><em><span class=\"font-[600]\" data-slate-leaf=\"true\">L&#8217;aventure de la lecture commence ici !<\/span>\u00a0\u00a0<\/em><\/span><\/p>\n<\/div>\n<h2 data-slate-node=\"element\" data-anchor=\"unpartenariatfortpourlajeunesse\" data-slug=\"unpartenariatfortpourlajeunesse1\"><span style=\"font-family: georgia, palatino, serif;\"><img loading=\"lazy\" decoding=\"async\" class=\"wp-image-1662 aligncenter\" src=\"https:\/\/site.ac-martinique.fr\/acm972\/wp-content\/uploads\/sites\/113\/2025\/12\/IMG_0894.jpg\" alt=\"\" width=\"291\" height=\"233\" srcset=\"https:\/\/site.ac-martinique.fr\/acm972\/wp-content\/uploads\/sites\/113\/2025\/12\/IMG_0894.jpg 640w, https:\/\/site.ac-martinique.fr\/acm972\/wp-content\/uploads\/sites\/113\/2025\/12\/IMG_0894-300x240.jpg 300w\" sizes=\"auto, (max-width: 291px) 100vw, 291px\" \/><\/span><\/h2>\n<\/div>\n<p>&nbsp;<\/p>\n<p style=\"text-align: center;\"><span style=\"font-family: georgia, palatino, serif;\">*****<\/span><\/p>\n<div class=\"w-full mt-[1.4em] mb-[1px]\">\n<h2 class=\"font-[600] py-[3px] text-[1.5em]\" data-slate-node=\"element\" data-anchor=\"unpartenariatfortpourlajeunesse\" data-slug=\"unpartenariatfortpourlajeunesse1\"><span style=\"font-family: georgia, palatino, serif;\"><strong><span style=\"font-size: 18pt;\" data-slate-node=\"text\"><span class=\"\" data-slate-leaf=\"true\">Un partenariat fort pour la jeunesse pour un <\/span><\/span><\/strong><strong><span class=\"\" data-slate-leaf=\"true\">objectif: La Lecture Plaisir<\/span><\/strong><\/span><\/h2>\n<\/div>\n<div class=\"w-full my-[1px]\">\n<p class=\"py-[3px]\" data-slate-node=\"element\"><span style=\"font-family: georgia, palatino, serif;\"><span style=\"font-size: 12pt;\"><span class=\"font-[600]\" data-slate-leaf=\"true\">La DAC et la<\/span> <span class=\"font-[600]\" data-slate-leaf=\"true\">DRAJES Martinique<\/span><span class=\"\" data-slate-leaf=\"true\"> s&#8217;unissent pour faire du livre et de la lecture un levier d&#8217;\u00e9panouissement et de r\u00e9ussite pour les infants, et f<\/span><\/span><span style=\"font-size: 12pt;\" data-slate-node=\"text\"><span class=\"\" data-slate-leaf=\"true\">aire du temps de loisir (p\u00e9riscolaire et extrascolaire) un moment privil\u00e9gi\u00e9 pour :<\/span><\/span><\/span><\/p>\n<\/div>\n<div class=\"w-full my-[1px]\">\n<div class=\"flex flex-row ps-[2px]\" data-slate-node=\"element\"><span class=\"select-none flex flex-row justify-center items-center h-[30px] w-[24px] me-[2px] whitespace-nowrap flex-shrink-0 li-decorator\" contenteditable=\"false\"><span class=\"font-sans font-normal text-[24px]\">\u2022<\/span><\/span><span class=\"flex-1 py-[3px] font-normal text-[16px] text-[var(--text-primary)]\" style=\"font-family: georgia, palatino, serif; font-size: 12pt;\"> <span class=\"font-[600]\" data-slate-leaf=\"true\">D\u00e9velopper<\/span><span class=\"\" data-slate-leaf=\"true\"> le go\u00fbt de lire chez les enfants d\u00e8s 3 ans.<\/span><\/span><\/div>\n<\/div>\n<div class=\"w-full my-[1px]\">\n<div class=\"flex flex-row ps-[2px]\" data-slate-node=\"element\"><span class=\"select-none flex flex-row justify-center items-center h-[30px] w-[24px] me-[2px] whitespace-nowrap flex-shrink-0 li-decorator\" contenteditable=\"false\"><span class=\"font-sans font-normal text-[24px]\">\u2022<\/span><\/span><span class=\"flex-1 py-[3px] font-normal text-[16px] text-[var(--text-primary)]\" style=\"font-family: georgia, palatino, serif; font-size: 12pt;\"> <span class=\"font-[600]\" data-slate-leaf=\"true\">Lutter<\/span><span class=\"\" data-slate-leaf=\"true\"> contre la s\u00e9duction des \u00e9crans\u00a0<\/span><\/span><\/div>\n<\/div>\n<div class=\"w-full my-[1px]\">\n<div class=\"flex flex-row ps-[2px]\" data-slate-node=\"element\"><span class=\"select-none flex flex-row justify-center items-center h-[30px] w-[24px] me-[2px] whitespace-nowrap flex-shrink-0 li-decorator\" contenteditable=\"false\"><span class=\"font-sans font-normal text-[24px]\">\u2022<\/span><\/span><span class=\"flex-1 py-[3px] font-normal text-[16px] text-[var(--text-primary)]\" style=\"font-family: georgia, palatino, serif; font-size: 12pt;\"> <span class=\"font-[600]\" data-slate-leaf=\"true\">Valoriser<\/span><span class=\"\" data-slate-leaf=\"true\"> le patrimoine litt\u00e9raire local et carib\u00e9en, y compris le cr\u00e9ole.<\/span><\/span><\/div>\n<\/div>\n<div class=\"w-full my-[1px]\">\n<div class=\"flex flex-row ps-[2px]\" data-slate-node=\"element\"><span class=\"select-none flex flex-row justify-center items-center h-[30px] w-[24px] me-[2px] whitespace-nowrap flex-shrink-0 li-decorator\" contenteditable=\"false\"><span class=\"font-sans font-normal text-[24px]\">\u2022<\/span><\/span><span class=\"flex-1 py-[3px] font-normal text-[16px] text-[var(--text-primary)]\" style=\"font-family: georgia, palatino, serif; font-size: 12pt;\"> <span class=\"font-[600]\" data-slate-leaf=\"true\">Renforcer<\/span><span class=\"\" data-slate-leaf=\"true\"> la continuit\u00e9 \u00e9ducative entre l&#8217;\u00e9cole et les temps de loisirs.<\/span><\/span><\/div>\n<div data-slate-node=\"element\"><\/div>\n<\/div>\n<div class=\"w-full mt-[1.4em] mb-[1px]\">\n<h2 class=\"font-[600] py-[3px] text-[1.5em]\" data-slate-node=\"element\" data-anchor=\"nosactionscl%C3%A9s\" data-slug=\"nosactionscl%C3%A9s9\"><span style=\"font-family: georgia, palatino, serif;\"><strong><span style=\"font-size: 18pt;\" data-slate-node=\"text\"><span class=\"\" data-slate-leaf=\"true\">Les actions cl\u00e9s<\/span><\/span><\/strong><\/span><\/h2>\n<\/div>\n<div class=\"w-full my-[1px]\">\n<div class=\"py-[3px]\" data-slate-node=\"element\"><span style=\"font-family: georgia, palatino, serif; font-size: 12pt;\" data-slate-node=\"text\"><span class=\"\" data-slate-leaf=\"true\">Le dispositif &#8220;POP LIVRE&#8221; se concr\u00e9tise par :<\/span><\/span><\/div>\n<\/div>\n<div class=\"w-full my-[1px]\">\n<div data-slate-node=\"element\"><\/div>\n<div class=\"flex flex-row ps-[2px]\" data-slate-node=\"element\"><span class=\"flex-1 py-[3px] font-normal text-[16px] text-[var(--text-primary)]\" style=\"font-family: georgia, palatino, serif; font-size: 12pt;\"><span class=\"font-[600]\" data-slate-leaf=\"true\">1- La<strong> cr\u00e9ation de malles p\u00e9dagogiques &#8220;POP LIVRE&#8221;<\/strong> :<\/span><span class=\"\" data-slate-leaf=\"true\"> Cr\u00e9ation et diffusion de malles th\u00e9matiques remplies d&#8217;ouvrages, de jeux et d&#8217;outils de m\u00e9diation dans les Accueils Collectifs de Mineurs (ACM).\u00a0 \u00a0 \u00a0 \u00a0<em>en cours d&#8217;\u00e9laboration\u00a0<\/em><\/span><\/span><\/div>\n<div data-slate-node=\"element\"><\/div>\n<\/div>\n<div class=\"w-full my-[1px]\">\n<div class=\"flex flex-row ps-[2px]\" data-slate-node=\"element\"><span class=\"flex-1 py-[3px] font-normal text-[16px] text-[var(--text-primary)]\" style=\"font-family: georgia, palatino, serif; font-size: 12pt;\"><span class=\"font-[600]\" data-slate-leaf=\"true\">2- <strong>La formation des animateurs<\/strong> :<\/span><span class=\"\" data-slate-leaf=\"true\"> Mise en place d&#8217;un <\/span><span class=\"font-[600]\" data-slate-leaf=\"true\">BAFA Livre et Lecture Martinique<\/span><span class=\"\" data-slate-leaf=\"true\"> et de formations continues pour les animateurs et directeurs d&#8217;ACM.\u00a0 \u00a0\u00a0<\/span><\/span><\/div>\n<div data-slate-node=\"element\"><\/div>\n<div data-slate-node=\"element\"><span class=\"flex-1 py-[3px] font-normal text-[16px] text-[var(--text-primary)]\" style=\"font-family: georgia, palatino, serif; font-size: 12pt;\"><span class=\"font-[600]\" data-slate-leaf=\"true\">3- <strong>Des Rencontres Inspirantes<\/strong> :<\/span><span class=\"\" data-slate-leaf=\"true\"> Organisation de r\u00e9sidences d&#8217;auteurs jeunesse en ACM pour favoriser l&#8217;\u00e9change et la cr\u00e9ation.<\/span><\/span><\/div>\n<\/div>\n<div class=\"w-full my-[1px]\">\n<div data-slate-node=\"element\"><\/div>\n<div class=\"flex flex-row ps-[2px]\" data-slate-node=\"element\"><span class=\"flex-1 py-[3px] font-normal text-[16px] text-[var(--text-primary)]\" style=\"font-family: georgia, palatino, serif; font-size: 12pt;\"><span class=\"font-[600]\" data-slate-leaf=\"true\">4- <strong>L&#8217;exp\u00e9rimentation terrain<\/strong> :<\/span><span class=\"\" data-slate-leaf=\"true\"> Soutien \u00e0 des actions concr\u00e8tes comme les &#8220;Colos Apprenantes Livre et Lecture&#8221;.<\/span><\/span><\/div>\n<\/div>\n<div class=\"w-full mt-[1.4em] mb-[1px]\">\n<h2 data-slate-node=\"element\" data-anchor=\"l'impactattendu\" data-slug=\"l'impactattendu15\"><\/h2>\n<h2 class=\"font-[600] py-[3px] text-[1.5em]\" data-slate-node=\"element\" data-anchor=\"l'impactattendu\" data-slug=\"l'impactattendu15\"><span style=\"font-size: 18pt; font-family: georgia, palatino, serif;\"><strong><span class=\"\" data-slate-leaf=\"true\">L&#8217;impact attendu<\/span><\/strong><\/span><\/h2>\n<\/div>\n<div class=\"w-full my-[1px]\">\n<div class=\"flex flex-row ps-[2px]\" data-slate-node=\"element\"><span class=\"select-none flex flex-row justify-center items-center h-[30px] w-[24px] me-[2px] whitespace-nowrap flex-shrink-0 li-decorator\" contenteditable=\"false\"><span class=\"font-sans font-normal text-[24px]\">\u2022<\/span><\/span><span class=\"flex-1 py-[3px] font-normal text-[16px] text-[var(--text-primary)]\" style=\"font-family: georgia, palatino, serif; font-size: 12pt;\"> <span class=\"font-[600]\" data-slate-leaf=\"true\">Pour les enfants :<\/span><span class=\"\" data-slate-leaf=\"true\"> Un acc\u00e8s facilit\u00e9 \u00e0 la lecture, une meilleure r\u00e9ussite scolaire et un \u00e9veil \u00e0 la culture.<\/span><\/span><\/div>\n<\/div>\n<div class=\"w-full my-[1px]\">\n<div class=\"flex flex-row ps-[2px]\" data-slate-node=\"element\"><span class=\"select-none flex flex-row justify-center items-center h-[30px] w-[24px] me-[2px] whitespace-nowrap flex-shrink-0 li-decorator\" contenteditable=\"false\"><span class=\"font-sans font-normal text-[24px]\">\u2022<\/span><\/span><span class=\"flex-1 py-[3px] font-normal text-[16px] text-[var(--text-primary)]\" style=\"font-family: georgia, palatino, serif; font-size: 12pt;\"> <span class=\"font-[600]\" data-slate-leaf=\"true\">Pour les ACM :<\/span><span class=\"\" data-slate-leaf=\"true\"> Des outils et des comp\u00e9tences renforc\u00e9es pour proposer des activit\u00e9s culturelles de qualit\u00e9.<\/span><\/span><\/div>\n<\/div>\n<div class=\"w-full my-[1px]\">\n<div class=\"flex flex-row ps-[2px]\" data-slate-node=\"element\"><span class=\"select-none flex flex-row justify-center items-center h-[30px] w-[24px] me-[2px] whitespace-nowrap flex-shrink-0 li-decorator\" contenteditable=\"false\"><span class=\"font-sans font-normal text-[24px]\">\u2022<\/span><\/span><span class=\"flex-1 py-[3px] font-normal text-[16px] text-[var(--text-primary)]\" style=\"font-family: georgia, palatino, serif; font-size: 12pt;\"> <span class=\"font-[600]\" data-slate-leaf=\"true\">Pour la Martinique :<\/span><span class=\"\" data-slate-leaf=\"true\"> Un engagement fort de l&#8217;\u00c9tat pour l&#8217;\u00e9quit\u00e9 territoriale et la valorisation de l&#8217;identit\u00e9 culturelle.<\/span><\/span><\/div>\n<\/div>\n<div class=\"w-full mt-[1.4em] mb-[1px]\">\n<h2 data-slate-node=\"element\" data-anchor=\"partenairesengag%C3%A9s\" data-slug=\"partenairesengag%C3%A9s19\"><\/h2>\n<h2 class=\"font-[600] py-[3px] text-[1.5em]\" data-slate-node=\"element\" data-anchor=\"partenairesengag%C3%A9s\" data-slug=\"partenairesengag%C3%A9s19\"><span style=\"font-family: georgia, palatino, serif;\"><strong><span style=\"font-size: 18pt;\" data-slate-node=\"text\"><span class=\"\" data-slate-leaf=\"true\">Partenaires engag\u00e9s<\/span><\/span><\/strong><\/span><\/h2>\n<\/div>\n<div class=\"w-full my-[1px]\">\n<div class=\"py-[3px]\" data-slate-node=\"element\"><span style=\"font-family: georgia, palatino, serif; font-size: 12pt;\" data-slate-node=\"text\"><span class=\"\" data-slate-leaf=\"true\">DAC Martinique &#8211; DRAJES Martinique &#8211; R\u00e9zo FILIBO &#8211;\u00a0 Labo des histoires &#8211; A.D des FRANCAS de Martiniques &#8211;\u00a0 des acteurs de la cha\u00eene du livre.<\/span><\/span><\/div>\n<\/div>\n<div class=\"w-full my-[1px]\" data-slate-fragment=\"JTVCJTdCJTIydHlwZSUyMiUzQSUyMmhlYWRpbmclMjIlMkMlMjJsZXZlbCUyMiUzQTElMkMlMjJjaGlsZHJlbiUyMiUzQSU1QiU3QiUyMnRleHQlMjIlM0ElMjJQT1AlMjBMSVZSRSUyMCUzQSUyMExlJTIwcGxhaXNpciUyMGRlJTIwbGlyZSUyMGVuJTIwTWFydGluaXF1ZSUyMCElMjIlN0QlNUQlN0QlMkMlN0IlMjJ0eXBlJTIyJTNBJTIyaGVhZGluZyUyMiUyQyUyMmxldmVsJTIyJTNBMiUyQyUyMmNoaWxkcmVuJTIyJTNBJTVCJTdCJTIydGV4dCUyMiUzQSUyMlVuJTIwcGFydGVuYXJpYXQlMjBmb3J0JTIwcG91ciUyMGxhJTIwamV1bmVzc2UlMjIlN0QlNUQlN0QlMkMlN0IlMjJ0eXBlJTIyJTNBJTIycCUyMiUyQyUyMmNoaWxkcmVuJTIyJTNBJTVCJTdCJTIydGV4dCUyMiUzQSUyMkRBQyUyME1hcnRpbmlxdWUlMjIlMkMlMjJib2xkJTIyJTNBdHJ1ZSU3RCUyQyU3QiUyMnRleHQlMjIlM0ElMjIlMjAoRGlyZWN0aW9uJTIwZGVzJTIwQWZmYWlyZXMlMjBDdWx0dXJlbGxlcyklMjAlMjYlMjAlMjIlN0QlMkMlN0IlMjJ0ZXh0JTIyJTNBJTIyRFJBSkVTJTIwTWFydGluaXF1ZSUyMiUyQyUyMmJvbGQlMjIlM0F0cnVlJTdEJTJDJTdCJTIydGV4dCUyMiUzQSUyMiUyMChEJUMzJUE5bCVDMyVBOWdhdGlvbiUyMFIlQzMlQTlnaW9uYWxlJTIwQWNhZCVDMyVBOW1pcXVlJTIwJUMzJUEwJTIwbGElMjBKZXVuZXNzZSUyQyUyMCVDMyVBMCUyMGwlRTIlODAlOTlFbmdhZ2VtZW50JTIwZXQlMjBhdXglMjBTcG9ydHMpJTIwcyd1bmlzc2VudCUyMHBvdXIlMjBmYWlyZSUyMGR1JTIwbGl2cmUlMjBldCUyMGRlJTIwbGElMjBsZWN0dXJlJTIwdW4lMjBsZXZpZXIlMjBkJyVDMyVBOXBhbm91aXNzZW1lbnQlMjBldCUyMGRlJTIwciVDMyVBOXVzc2l0ZSUyMHBvdXIlMjBsZXMlMjBlbmZhbnRzLiUyMiU3RCU1RCU3RCUyQyU3QiUyMnR5cGUlMjIlM0ElMjJoZWFkaW5nJTIyJTJDJTIybGV2ZWwlMjIlM0EyJTJDJTIyY2hpbGRyZW4lMjIlM0ElNUIlN0IlMjJ0ZXh0JTIyJTNBJTIyTm90cmUlMjBPYmplY3RpZiUyMCUzQSUyMExhJTIwTGVjdHVyZSUyMFBsYWlzaXIlMjIlN0QlNUQlN0QlMkMlN0IlMjJ0eXBlJTIyJTNBJTIycCUyMiUyQyUyMmNoaWxkcmVuJTIyJTNBJTVCJTdCJTIydGV4dCUyMiUzQSUyMkZhaXJlJTIwZHUlMjB0ZW1wcyUyMGRlJTIwbG9pc2lyJTIwKHAlQzMlQTlyaXNjb2xhaXJlJTIwZXQlMjBleHRyYXNjb2xhaXJlKSUyMHVuJTIwbW9tZW50JTIwcHJpdmlsJUMzJUE5Z2klQzMlQTklMjBwb3VyJTIwJTNBJTIyJTdEJTVEJTdEJTJDJTdCJTIydHlwZSUyMiUzQSUyMmxpc3RJdGVtJTIyJTJDJTIyb3JkZXJlZCUyMiUzQWZhbHNlJTJDJTIyY2hpbGRyZW4lMjIlM0ElNUIlN0IlMjJ0ZXh0JTIyJTNBJTIyRCVDMyVBOXZlbG9wcGVyJTIyJTJDJTIyYm9sZCUyMiUzQXRydWUlN0QlMkMlN0IlMjJ0ZXh0JTIyJTNBJTIyJTIwbGUlMjBnbyVDMyVCQnQlMjBkZSUyMGxpcmUlMjBjaGV6JTIwbGVzJTIwZW5mYW50cyUyMGQlQzMlQThzJTIwMyUyMGFucy4lMjIlN0QlNUQlN0QlMkMlN0IlMjJ0eXBlJTIyJTNBJTIybGlzdEl0ZW0lMjIlMkMlMjJvcmRlcmVkJTIyJTNBZmFsc2UlMkMlMjJjaGlsZHJlbiUyMiUzQSU1QiU3QiUyMnRleHQlMjIlM0ElMjJMdXR0ZXIlMjIlMkMlMjJib2xkJTIyJTNBdHJ1ZSU3RCUyQyU3QiUyMnRleHQlMjIlM0ElMjIlMjBjb250cmUlMjBsJ2lsbGV0dHJpc21lJTIwZXQlMjBsJ2lsbGVjdHJvbmlzbWUuJTIyJTdEJTVEJTdEJTJDJTdCJTIydHlwZSUyMiUzQSUyMmxpc3RJdGVtJTIyJTJDJTIyb3JkZXJlZCUyMiUzQWZhbHNlJTJDJTIyY2hpbGRyZW4lMjIlM0ElNUIlN0IlMjJ0ZXh0JTIyJTNBJTIyVmFsb3Jpc2VyJTIyJTJDJTIyYm9sZCUyMiUzQXRydWUlN0QlMkMlN0IlMjJ0ZXh0JTIyJTNBJTIyJTIwbGUlMjBwYXRyaW1vaW5lJTIwbGl0dCVDMyVBOXJhaXJlJTIwbG9jYWwlMjBldCUyMGNhcmliJUMzJUE5ZW4lMkMlMjB5JTIwY29tcHJpcyUyMGxlJTIwY3IlQzMlQTlvbGUuJTIyJTdEJTVEJTdEJTJDJTdCJTIydHlwZSUyMiUzQSUyMmxpc3RJdGVtJTIyJTJDJTIyb3JkZXJlZCUyMiUzQWZhbHNlJTJDJTIyY2hpbGRyZW4lMjIlM0ElNUIlN0IlMjJ0ZXh0JTIyJTNBJTIyUmVuZm9yY2VyJTIyJTJDJTIyYm9sZCUyMiUzQXRydWUlN0QlMkMlN0IlMjJ0ZXh0JTIyJTNBJTIyJTIwbGElMjBjb250aW51aXQlQzMlQTklMjAlQzMlQTlkdWNhdGl2ZSUyMGVudHJlJTIwbCclQzMlQTljb2xlJTIwZXQlMjBsZXMlMjBsb2lzaXJzLiUyMiU3RCU1RCU3RCUyQyU3QiUyMnR5cGUlMjIlM0ElMjJoZWFkaW5nJTIyJTJDJTIybGV2ZWwlMjIlM0EyJTJDJTIyY2hpbGRyZW4lMjIlM0ElNUIlN0IlMjJ0ZXh0JTIyJTNBJTIyTm9zJTIwQWN0aW9ucyUyMENsJUMzJUE5cyUyMiU3RCU1RCU3RCUyQyU3QiUyMnR5cGUlMjIlM0ElMjJwJTIyJTJDJTIyY2hpbGRyZW4lMjIlM0ElNUIlN0IlMjJ0ZXh0JTIyJTNBJTIyTGUlMjBkaXNwb3NpdGlmJTIwJTVDJTIyUE9QJTIwTElWUkUlNUMlMjIlMjBzZSUyMGNvbmNyJUMzJUE5dGlzZSUyMHBhciUyMCUzQSUyMiU3RCU1RCU3RCUyQyU3QiUyMnR5cGUlMjIlM0ElMjJsaXN0SXRlbSUyMiUyQyUyMm9yZGVyZWQlMjIlM0F0cnVlJTJDJTIyY2hpbGRyZW4lMjIlM0ElNUIlN0IlMjJ0ZXh0JTIyJTNBJTIyRGVzJTIwTWFsbGUlMjBQJUMzJUE5ZGFnb2dpcXVlcyUyMCU1QyUyMlBPUCUyMExJVlJFJTVDJTIyJTIwJTNBJTIyJTJDJTIyYm9sZCUyMiUzQXRydWUlN0QlMkMlN0IlMjJ0ZXh0JTIyJTNBJTIyJTIwQ3IlQzMlQTlhdGlvbiUyMGV0JTIwZGlmZnVzaW9uJTIwZGUlMjBtYWxsZXMlMjB0aCVDMyVBOW1hdGlxdWVzJTIwKDElMjBlbmZhbnQlMkMlMjAxJTIwYWRvKSUyMHJlbXBsaWVzJTIwZCdvdXZyYWdlcyUyQyUyMGRlJTIwamV1eCUyMGV0JTIwZCdvdXRpbHMlMjBkZSUyMG0lQzMlQTlkaWF0aW9uJTIwZGFucyUyMGxlcyUyMEFjY3VlaWxzJTIwQ29sbGVjdGlmcyUyMGRlJTIwTWluZXVycyUyMChBQ00pLiUyMiU3RCU1RCU3RCUyQyU3QiUyMnR5cGUlMjIlM0ElMjJsaXN0SXRlbSUyMiUyQyUyMm9yZGVyZWQlMjIlM0F0cnVlJTJDJTIyY2hpbGRyZW4lMjIlM0ElNUIlN0IlMjJ0ZXh0JTIyJTNBJTIyTGElMjBGb3JtYXRpb24lMjBkZXMlMjBQcm9mZXNzaW9ubmVscyUyMCUzQSUyMiUyQyUyMmJvbGQlMjIlM0F0cnVlJTdEJTJDJTdCJTIydGV4dCUyMiUzQSUyMiUyME1pc2UlMjBlbiUyMHBsYWNlJTIwZCd1biUyMCUyMiU3RCUyQyU3QiUyMnRleHQlMjIlM0ElMjJCQUZBJTIwTGl2cmUlMjBldCUyMExlY3R1cmUlMjBNYXJ0aW5pcXVlJTIyJTJDJTIyYm9sZCUyMiUzQXRydWUlN0QlMkMlN0IlMjJ0ZXh0JTIyJTNBJTIyJTIwZXQlMjBkZSUyMGZvcm1hdGlvbnMlMjBjb250aW51ZXMlMjBwb3VyJTIwbGVzJTIwYW5pbWF0ZXVycyUyMGV0JTIwZGlyZWN0ZXVycyUyMGQnQUNNLiUyMiU3RCU1RCU3RCUyQyU3QiUyMnR5cGUlMjIlM0ElMjJsaXN0SXRlbSUyMiUyQyUyMm9yZGVyZWQlMjIlM0F0cnVlJTJDJTIyY2hpbGRyZW4lMjIlM0ElNUIlN0IlMjJ0ZXh0JTIyJTNBJTIyRGVzJTIwUmVuY29udHJlcyUyMEluc3BpcmFudGVzJTIwJTNBJTIyJTJDJTIyYm9sZCUyMiUzQXRydWUlN0QlMkMlN0IlMjJ0ZXh0JTIyJTNBJTIyJTIwT3JnYW5pc2F0aW9uJTIwZGUlMjByJUMzJUE5c2lkZW5jZXMlMjBkJ2F1dGV1cnMlMjBqZXVuZXNzZSUyMGVuJTIwQUNNJTIwcG91ciUyMGZhdm9yaXNlciUyMGwnJUMzJUE5Y2hhbmdlJTIwZXQlMjBsYSUyMGNyJUMzJUE5YXRpb24uJTIyJTdEJTVEJTdEJTJDJTdCJTIydHlwZSUyMiUzQSUyMmxpc3RJdGVtJTIyJTJDJTIyb3JkZXJlZCUyMiUzQXRydWUlMkMlMjJjaGlsZHJlbiUyMiUzQSU1QiU3QiUyMnRleHQlMjIlM0ElMjJMJ0V4cCVDMyVBOXJpbWVudGF0aW9uJTIwVGVycmFpbiUyMCUzQSUyMiUyQyUyMmJvbGQlMjIlM0F0cnVlJTdEJTJDJTdCJTIydGV4dCUyMiUzQSUyMiUyMFNvdXRpZW4lMjAlQzMlQTAlMjBkZXMlMjBhY3Rpb25zJTIwY29uY3IlQzMlQTh0ZXMlMjBjb21tZSUyMGxlcyUyMCU1QyUyMkNvbG9zJTIwQXBwcmVuYW50ZXMlMjBMaXZyZSUyMGV0JTIwTGVjdHVyZSU1QyUyMi4lMjIlN0QlNUQlN0QlMkMlN0IlMjJ0eXBlJTIyJTNBJTIyaGVhZGluZyUyMiUyQyUyMmxldmVsJTIyJTNBMiUyQyUyMmNoaWxkcmVuJTIyJTNBJTVCJTdCJTIydGV4dCUyMiUzQSUyMkwnSW1wYWN0JTIwQXR0ZW5kdSUyMiU3RCU1RCU3RCUyQyU3QiUyMnR5cGUlMjIlM0ElMjJsaXN0SXRlbSUyMiUyQyUyMm9yZGVyZWQlMjIlM0FmYWxzZSUyQyUyMmNoaWxkcmVuJTIyJTNBJTVCJTdCJTIydGV4dCUyMiUzQSUyMlBvdXIlMjBsZXMlMjBlbmZhbnRzJTIwJTNBJTIyJTJDJTIyYm9sZCUyMiUzQXRydWUlN0QlMkMlN0IlMjJ0ZXh0JTIyJTNBJTIyJTIwVW4lMjBhY2MlQzMlQThzJTIwZmFjaWxpdCVDMyVBOSUyMCVDMyVBMCUyMGxhJTIwbGVjdHVyZSUyQyUyMHVuZSUyMG1laWxsZXVyZSUyMHIlQzMlQTl1c3NpdGUlMjBzY29sYWlyZSUyMGV0JTIwdW4lMjAlQzMlQTl2ZWlsJTIwJUMzJUEwJTIwbGElMjBjdWx0dXJlLiUyMiU3RCU1RCU3RCUyQyU3QiUyMnR5cGUlMjIlM0ElMjJsaXN0SXRlbSUyMiUyQyUyMm9yZGVyZWQlMjIlM0FmYWxzZSUyQyUyMmNoaWxkcmVuJTIyJTNBJTVCJTdCJTIydGV4dCUyMiUzQSUyMlBvdXIlMjBsZXMlMjBBQ00lMjAlM0ElMjIlMkMlMjJib2xkJTIyJTNBdHJ1ZSU3RCUyQyU3QiUyMnRleHQlMjIlM0ElMjIlMjBEZXMlMjBvdXRpbHMlMjBldCUyMGRlcyUyMGNvbXAlQzMlQTl0ZW5jZXMlMjByZW5mb3JjJUMzJUE5ZXMlMjBwb3VyJTIwcHJvcG9zZXIlMjBkZXMlMjBhY3Rpdml0JUMzJUE5cyUyMGN1bHR1cmVsbGVzJTIwZGUlMjBxdWFsaXQlQzMlQTkuJTIyJTdEJTVEJTdEJTJDJTdCJTIydHlwZSUyMiUzQSUyMmxpc3RJdGVtJTIyJTJDJTIyb3JkZXJlZCUyMiUzQWZhbHNlJTJDJTIyY2hpbGRyZW4lMjIlM0ElNUIlN0IlMjJ0ZXh0JTIyJTNBJTIyUG91ciUyMGxhJTIwTWFydGluaXF1ZSUyMCUzQSUyMiUyQyUyMmJvbGQlMjIlM0F0cnVlJTdEJTJDJTdCJTIydGV4dCUyMiUzQSUyMiUyMFVuJTIwZW5nYWdlbWVudCUyMGZvcnQlMjBkZSUyMGwnJUMzJTg5dGF0JTIwcG91ciUyMGwnJUMzJUE5cXVpdCVDMyVBOSUyMHRlcnJpdG9yaWFsZSUyMGV0JTIwbGElMjB2YWxvcmlzYXRpb24lMjBkZSUyMGwnaWRlbnRpdCVDMyVBOSUyMGN1bHR1cmVsbGUuJTIyJTdEJTVEJTdEJTJDJTdCJTIydHlwZSUyMiUzQSUyMmhlYWRpbmclMjIlMkMlMjJsZXZlbCUyMiUzQTIlMkMlMjJjaGlsZHJlbiUyMiUzQSU1QiU3QiUyMnRleHQlMjIlM0ElMjJQYXJ0ZW5haXJlcyUyMEVuZ2FnJUMzJUE5cyUyMiU3RCU1RCU3RCUyQyU3QiUyMnR5cGUlMjIlM0ElMjJwJTIyJTJDJTIyY2hpbGRyZW4lMjIlM0ElNUIlN0IlMjJ0ZXh0JTIyJTNBJTIyREFDJTIwTWFydGluaXF1ZSUyMC0lMjBEUkFKRVMlMjBNYXJ0aW5pcXVlJTIwLSUyMENBRiUyMC0lMjBDb2xsZWN0aXZpdCVDMyVBOXMlMjBUZXJyaXRvcmlhbGVzJTIwLSUyMEFjdGV1cnMlMjBkZSUyMGxhJTIwY2hhJUMzJUFFbmUlMjBkdSUyMGxpdnJlLiUyMiU3RCU1RCU3RCUyQyU3QiUyMnR5cGUlMjIlM0ElMjJwJTIyJTJDJTIyY2hpbGRyZW4lMjIlM0ElNUIlN0IlMjJ0ZXh0JTIyJTNBJTIyUE9QJTIwTElWUkUlMjAlM0ElMjBMJ2F2ZW50dXJlJTIwZGUlMjBsYSUyMGxlY3R1cmUlMjBjb21tZW5jZSUyMGljaSUyMCElMjIlMkMlMjJib2xkJTIyJTNBdHJ1ZSU3RCUyQyU3QiUyMnRleHQlMjIlM0ElMjIlMjAlMjIlN0QlMkMlN0IlMjJ0ZXh0JTIyJTNBJTIyVW4lMjBkaXNwb3NpdGlmJTIwc291dGVudSUyMHBhciUyMGwnJUMzJTg5dGF0JTIwZW4lMjBNYXJ0aW5pcXVlLiUyMiUyQyUyMml0YWxpYyUyMiUzQXRydWUlN0QlMkMlN0IlMjJ0ZXh0JTIyJTNBJTIyJTIwJTIyJTdEJTJDJTdCJTIydGV4dCUyMiUzQSUyMlBsdXMlMjBkJ2luZm9ybWF0aW9ucyUyMGF1cHIlQzMlQThzJTIwZGUlMjBsYSUyMERBQyUyMGV0JTIwZGUlMjBsYSUyMERSQUpFUyUyME1hcnRpbmlxdWUuJTIyJTJDJTIyaXRhbGljJTIyJTNBdHJ1ZSU3RCU1RCU3RCU1RA==\">\n<div class=\"py-[3px]\" data-slate-node=\"element\"><\/div>\n<div data-slate-node=\"element\"><\/div>\n<div class=\"py-[3px]\" data-slate-node=\"element\"><span style=\"font-family: georgia, palatino, serif; font-size: 12pt;\"><span class=\"italic\" data-slate-leaf=\"true\">Plus d&#8217;informations aupr\u00e8s de la DAC et de la DRAJES Martinique.<\/span><\/span><\/div>\n<div data-slate-node=\"element\"><span style=\"font-size: 12pt; font-family: georgia, palatino, serif;\">remi.duclos@ac-martinique.fr<\/span><\/div>\n<div data-slate-node=\"element\"><span style=\"font-size: 12pt; font-family: georgia, palatino, serif;\">yolande-salome.toumson@culture.gouv.fr<\/span><\/div>\n<\/div>\n<div data-slate-node=\"element\"><\/div>\n<div data-slate-node=\"element\"><span style=\"font-size: 14pt; color: #ffffff;\">&#8211;<\/span><\/div>\n<div data-slate-node=\"element\">\n<h2 class=\"font-[600] py-[3px] text-[1.5em]\" data-slate-node=\"element\" data-anchor=\"partenairesengag%C3%A9s\" data-slug=\"partenairesengag%C3%A9s19\"><span style=\"font-size: 18pt;\"><strong><span class=\"\" data-slate-leaf=\"true\">Actualit\u00e9s et programme <\/span><\/strong><\/span><\/h2>\n<ul>\n<li><span class=\"italic\" data-slate-leaf=\"true\">Les Ateliers &#8220;lecture plaisir&#8221;\u00a0 pour les accueils de loisirs\u00a0 propos\u00e9s par R\u00e9zo Filibo et port\u00e9s par des com\u00e9diens professionnels martiniquais sont accessibles sur les temps extrascolaires. Lire la suite dans le document :\u00a0<\/span><\/li>\n<\/ul>\n<iframe src=\"\/\/docs.google.com\/viewer?url=https%3A%2F%2Fsite.ac-martinique.fr%2Facm972%2Fwp-content%2Fuploads%2Fsites%2F113%2F2026%2F03%2FPropositions-ateliers-theatre-Rezo-Filibo-CLSH.pdf&hl=fr&embedded=true\" class=\"gde-frame\" style=\"width:100%; height:200px; border: none;\" scrolling=\"no\"><\/iframe>\n<p class=\"gde-text\"><a href=\"https:\/\/site.ac-martinique.fr\/acm972\/wp-content\/uploads\/sites\/113\/2026\/03\/Propositions-ateliers-theatre-Rezo-Filibo-CLSH.pdf\" class=\"gde-link\" onClick=\"_gaq.push(['_trackEvent', 'Google Doc Embedder', 'T\u00e9l\u00e9charger', this.href]);\">T\u00e9l\u00e9charger (PDF, Inconnu)<\/a><\/p>\n<\/div>\n","protected":false},"excerpt":{"rendered":"<p>Le plaisir de lire en ACM ! POP LIVRE : une politique globale d\u2019incitation \u00e0 la lecture et l\u2019\u00e9criture sur les temps de loisirs en Martinique L&#8217;aventure de la lecture commence ici !\u00a0\u00a0 &nbsp; ***** Un partenariat fort pour la &hellip; <a href=\"https:\/\/site.ac-martinique.fr\/acm972\/pop-livre\/\">Continuer la lecture <span class=\"meta-nav\">&rarr;<\/span><\/a><\/p>\n","protected":false},"author":328,"featured_media":0,"parent":0,"menu_order":0,"comment_status":"closed","ping_status":"closed","template":"","meta":{"footnotes":"","_links_to":"","_links_to_target":""},"class_list":["post-1661","page","type-page","status-publish","hentry"],"_links":{"self":[{"href":"https:\/\/site.ac-martinique.fr\/acm972\/wp-json\/wp\/v2\/pages\/1661","targetHints":{"allow":["GET"]}}],"collection":[{"href":"https:\/\/site.ac-martinique.fr\/acm972\/wp-json\/wp\/v2\/pages"}],"about":[{"href":"https:\/\/site.ac-martinique.fr\/acm972\/wp-json\/wp\/v2\/types\/page"}],"author":[{"embeddable":true,"href":"https:\/\/site.ac-martinique.fr\/acm972\/wp-json\/wp\/v2\/users\/328"}],"replies":[{"embeddable":true,"href":"https:\/\/site.ac-martinique.fr\/acm972\/wp-json\/wp\/v2\/comments?post=1661"}],"version-history":[{"count":10,"href":"https:\/\/site.ac-martinique.fr\/acm972\/wp-json\/wp\/v2\/pages\/1661\/revisions"}],"predecessor-version":[{"id":1713,"href":"https:\/\/site.ac-martinique.fr\/acm972\/wp-json\/wp\/v2\/pages\/1661\/revisions\/1713"}],"wp:attachment":[{"href":"https:\/\/site.ac-martinique.fr\/acm972\/wp-json\/wp\/v2\/media?parent=1661"}],"curies":[{"name":"wp","href":"https:\/\/api.w.org\/{rel}","templated":true}]}}