{"id":190,"date":"2022-01-20T09:14:37","date_gmt":"2022-01-20T13:14:37","guid":{"rendered":"https:\/\/site.ac-martinique.fr\/acm972\/?page_id=190"},"modified":"2025-12-15T14:38:00","modified_gmt":"2025-12-15T18:38:00","slug":"les-formations","status":"publish","type":"page","link":"https:\/\/site.ac-martinique.fr\/acm972\/les-formations\/","title":{"rendered":"Les formations"},"content":{"rendered":"<p>La DRAJES Martinique a le plaisir de vous pr\u00e9senter les prochaines actions de formations continues, propos\u00e9es \u00e0 tous les acteurs \u00e9ducatifs intervenant dans les Accueils Collectifs de Mineurs : acteurs professionnels, salari\u00e9s ou b\u00e9n\u00e9voles de l\u2019animation.<\/p>\n<p>Les diff\u00e9rentes actions pr\u00e9sent\u00e9es (formations non qualifiantes, rencontres, r\u00e9unions d\u2019information, dispositifs d\u2019accompagnement) ont vocation \u00e0 encourager la qualit\u00e9 des activit\u00e9s propos\u00e9es aux enfants et aux jeunes, et \u00e0 mieux s\u00e9curiser les pratiques. <strong>La plupart sont gratuites mais engagent les participants \u00e0 suivre en int\u00e9gralit\u00e9 la formation choisie.<\/strong><\/p>\n<p>Nous vous invitons \u00e0 vous saisir de ces diff\u00e9rentes propositions !<\/p>\n<p><img loading=\"lazy\" decoding=\"async\" class=\" wp-image-1511 aligncenter\" src=\"https:\/\/site.ac-martinique.fr\/acm972\/wp-content\/uploads\/sites\/113\/2025\/02\/image3.jpeg\" alt=\"\" width=\"328\" height=\"246\" srcset=\"https:\/\/site.ac-martinique.fr\/acm972\/wp-content\/uploads\/sites\/113\/2025\/02\/image3.jpeg 640w, https:\/\/site.ac-martinique.fr\/acm972\/wp-content\/uploads\/sites\/113\/2025\/02\/image3-300x225.jpeg 300w\" sizes=\"auto, (max-width: 328px) 100vw, 328px\" \/><\/p>\n<p>&nbsp;<\/p>\n<p style=\"text-align: center;\"><strong>Pour bien commencer l&#8217;ann\u00e9e 2026 :\u00a0<\/strong><\/p>\n<p>Le<strong> P\u00f4le Ressource pour l&#8217;Eucation Artistique et Culturelle (PREAC)<\/strong> du rectorat propose deux formations de formateurs debut 2026 :<\/p>\n<ol>\n<li><span class=\"a_GcMg font-feature-liga-off font-feature-clig-off font-feature-calt-off text-decoration-none text-strikethrough-none\">Adapter la visite de l\u2019exposition de la Maison du B\u00e8l\u00e8 aux enfants et aux adolescents (20 personnes maximum) &#8211; 15 et 16 janvier 2026<\/span><\/li>\n<li><span class=\"a_GcMg font-feature-liga-off font-feature-clig-off font-feature-calt-off text-decoration-none text-strikethrough-none\">Comment monter un projet en \u00e9ducation artistique et culturelle? (30 personnes maximum) &#8211; 25 f\u00e9vrier 2026<\/span><\/li>\n<\/ol>\n<p>Le PREAC de Martinique s&#8217;intitule &#8220;Patrimoine et Cr\u00e9ation contemporaine&#8221;.\u00a0 Il s&#8217;est fix\u00e9 comme cible principale les personnes en charge de dossiers enfance et jeunesse qui ont besoin de se former \u00e0 l&#8217;art et \u00e0 la culture, tels qu&#8217;ils se pratiquent dans la Cara\u00efbe. Nos formations ont vocation \u00e0 permettre de cr\u00e9er de nouveaux temps de formation ou de nouveaux projets. Elles mettent \u00e9galement en contact un r\u00e9seau d&#8217;acteurs dont la collaboration est essentielle pour l&#8217;accomplissement sur le territoire de la politique prioritaire du gouvernement : <span style=\"font-family: arial,sans-serif;\">Offrir une \u00e9ducation artistique et culturelle \u00e0 chaque \u00e9l\u00e8ve,\u00a0\u00ab\u00a0<i>Faciliter pour chaque jeune l\u2019acc\u00e8s la culture, au patrimoine et \u00e0 la cr\u00e9ation\u00a0<\/i>\u00bb.<\/span><\/p>\n<p>Ces formations s&#8217;adressent \u00e9galement aux acteurs des champs p\u00e9riet extrascolaires dams une logique de continuity \u00e9ducative ave le temps scolaire.<\/p>\n<p>Les inscriptions se font en ligne via le lien suivant : <a class=\"moz-txt-link-freetext\" href=\"https:\/\/framaforms.org\/preac-martinique-inscriptions-aux-formations-locales-2026-1764010981\">https:\/\/framaforms.org\/preac-martinique-inscriptions-aux-formations-locales-2026-1764010981<\/a><\/p>\n<p style=\"text-align: center;\"><strong><iframe src=\"\/\/docs.google.com\/viewer?url=https%3A%2F%2Fsite.ac-martinique.fr%2Facm972%2Fwp-content%2Fuploads%2Fsites%2F113%2F2025%2F12%2FBROCHURE-PREAC-formations-locales-2026.pdf&hl=fr&embedded=true\" class=\"gde-frame\" style=\"width:100%; height:200px; border: none;\" scrolling=\"no\"><\/iframe>\n<p class=\"gde-text\"><a href=\"https:\/\/site.ac-martinique.fr\/acm972\/wp-content\/uploads\/sites\/113\/2025\/12\/BROCHURE-PREAC-formations-locales-2026.pdf\" class=\"gde-link\" onClick=\"_gaq.push(['_trackEvent', 'Google Doc Embedder', 'T\u00e9l\u00e9charger', this.href]);\">T\u00e9l\u00e9charger (PDF, Inconnu)<\/a><\/p><\/strong><\/p>\n<p>&nbsp;<\/p>\n<p style=\"text-align: center;\"><strong>Au p<\/strong><strong>rogramme de cette ann\u00e9e 2025:<br \/>\n<\/strong><\/p>\n<table style=\"border-collapse: collapse; width: 94.9998%; height: 417px;\">\n<tbody>\n<tr>\n<td style=\"width: 100%; background-color: #d2eff7;\">\n<p style=\"text-align: center;\"><strong>\u00a0&#8220;Colos Apprenantes&#8221; : Faites de vos s\u00e9jours une exp\u00e9rience \u00e9ducative enrichissante !<\/strong><\/p>\n<p style=\"text-align: center;\"><span style=\"text-decoration: underline;\">2 jours de formations + une journ\u00e9e facultative<\/span><\/p>\n<p style=\"text-align: center;\">Ne manquez pas cette opportunit\u00e9 de transformer vos colos en v\u00e9ritable lieux d&#8217;apprentissage et de plaisir !<\/p>\n<p style=\"text-align: justify;\">Vous \u00eates directeur ou responsable d\u2019un Accueil Collectif de Mineurs (ACM) ? Vous souhaitez proposer des s\u00e9jours qui allient loisirs, d\u00e9couvertes et apprentissages pour accompagner les jeunes dans leur r\u00e9ussite \u00e9ducative ? Cette formation est faite pour vous !<\/p>\n<p style=\"text-align: justify;\">Les &#8220;Colos Apprenantes&#8221; sont bien plus que des s\u00e9jours de vacances : elles offrent aux jeunes l\u2019opportunit\u00e9 d\u2019apprendre autrement, en d\u00e9veloppant leurs connaissances, leur curiosit\u00e9 et leur confiance en eux \u00e0 travers des activit\u00e9s ludiques et \u00e9ducatives.<\/p>\n<p><strong>Au programme de ces trois jours de formation :<\/strong><\/p>\n<ul>\n<li><strong>Jour 1<\/strong> : Introduction au cadre r\u00e9glementaire, partenariats, financements, et \u00e9laboration de projets \u00e9ducatifs innovants.<\/li>\n<li><strong>Jour 2<\/strong> : Organisation logistique, techniques d&#8217;animation, \u00e9valuation et suivi des s\u00e9jours.<\/li>\n<li><strong>Jour 3<\/strong> (facultatif) : compl\u00e9ments et \u00e9changes autour des projets des participants<\/li>\n<\/ul>\n<p><span style=\"text-decoration: underline;\">Dans le d\u00e9tail<\/span> :<br \/>\n\u2714 Comprendre les objectifs et les enjeux des &#8220;Colos Apprenantes&#8221;. \u00a0 \u00a0 \u00a0 \u00a0 \u00a0 \u00a0 \u00a0 \u00a0 \u00a0 \u2714 Concevoir un projet p\u00e9dagogique structurant et motivant pour les jeunes.<br \/>\n\u2714 D\u00e9couvrir des m\u00e9thodes innovantes pour favoriser les apprentissages en ACM.\u2714 Utiliser les Comp\u00e9tences Psycho-Sociales en ACM\u00a0 \u2714 Apprendre \u00e0 mobiliser des partenaires \u00e9ducatifs, culturels et sportifs en Martinique. \u2714 Ma\u00eetriser les aspects r\u00e9glementaires sp\u00e9cifiques aux &#8220;colos apprenantes&#8221;. \u00a0 \u2714 Identifier et mobiliser les partenaires et financements disponibles.\u00a0 \u2714 Acqu\u00e9rir des outils concrets pour organiser, animer et \u00e9valuer un s\u00e9jour apprenant.\u00a0 \u2714 Partagez vos exp\u00e9riences et b\u00e9n\u00e9ficiez des retours d&#8217;autres professionnels du secteur.<\/p>\n<p>Alternant apports th\u00e9oriques, \u00e9tudes de cas, ateliers pratiques et \u00e9changes d\u2019exp\u00e9riences, cette formation vous donnera toutes les cl\u00e9s pour structurer vos s\u00e9jours et r\u00e9pondre aux attentes du dispositif &#8220;Colos Apprenantes&#8221;.<\/p>\n<p><strong>Public<\/strong> : Organisateurs, coordonateurs et directeurs en accueils collectifs de mineurs. <span style=\"text-decoration: underline;\">En priorit\u00e9 les porteurs de projets de &#8220;Colos apprenantes<\/span>&#8221;<\/p>\n<p><strong>Op\u00e9rateur<\/strong> : DRAJES &#8211; Bureau des accueils collectifs de mineurs<\/p>\n<p><strong>Date limite d&#8217;inscription<\/strong> : 10 mars 2025<\/p>\n<p><strong>Lieu<\/strong> :\u00a0 pr\u00e9sentiel \u00e0 la DRAJES ( ZAC Etang&#8217;Z&#8217;abricot)<\/p>\n<p><strong>Dates :<\/strong><\/p>\n<p>\u2705 Groupe 1 (12 places) :<\/p>\n<p>vendredi 14 mars\u00a0 (obligatoire)\u00a0 +\u00a0 vendedi 21 mars\u00a0 (obligatoire) +\u00a0 vendredi 11 avril (facultatif)<\/p>\n<p>\u2705 Groupe 2 (12 places) :<\/p>\n<p>vendredi 18 mars (obligatoire)\u00a0 +\u00a0 vendedi 25 mars (obligatoire)\u00a0 +\u00a0 vendredi 11 avril (facultatif)<\/p>\n<p><strong>Horaires :<\/strong> 9h00 &#8211; 16h00<\/p>\n<p><strong>Modalit\u00e9s d&#8217;inscription<\/strong> : par <a href=\"https:\/\/forms.gle\/kPs78icM5uLRQc3D8\">ce formulaire en ligne<\/a> \/\u00a0 Gratuit<\/td>\n<\/tr>\n<\/tbody>\n<\/table>\n<p>&nbsp;<\/p>\n<table style=\"width: 94.375%; height: 496px;\">\n<tbody>\n<tr>\n<td style=\"background-color: #a4ede6;\"><strong>Th\u00e8me : \u00ab\u00a0D\u00e9clarer un accueil et d\u00e9buter avec la t\u00e9l\u00e9proc\u00e9dure TAM\u00a0\u00bb<\/strong><\/p>\n<p>Connaitre les obligations r\u00e9glementaires des ACM en mati\u00e8re de d\u00e9claration et mieux appr\u00e9hender la proc\u00e9dure de d\u00e9claration. Comprendre les diff\u00e9rentes \u00e9tapes de la d\u00e9claration et la r\u00e9glementation des accueils collectifs de mineurs. Anticiper un contr\u00f4le des services de l\u2019Etat<\/p>\n<p><strong>Dates, <\/strong>au choix\u00a0 :<\/p>\n<div>\u00a0\u00a0\u00a0 \u2705 Groupe 1 : mardi 18 mars de 14h00 \u00e0 16h00<\/div>\n<div><\/div>\n<div>\u00a0\u00a0\u00a0 \u2705Groupe 2 : mardi 25 mars de 14h00 \u00e0 16h00<\/div>\n<div><\/div>\n<div>Nombre de places : 12 par session<\/div>\n<div><\/div>\n<div><strong>Lieu<\/strong>: DRAJES, Etang Z&#8217;abricot, 3\u00e8me \u00e9tage, salle 346<\/div>\n<p><strong>Public<\/strong> : Organisateurs, directeurs et coordinateurs en accueils collectifs de mineurs, personnels charg\u00e9s des d\u00e9clarations accueils collectifs de miners, qui d\u00e9butent avec l&#8217;outil.<\/p>\n<p><strong>Op\u00e9rateur<\/strong> : DRAJES &#8211; Bureau des accueils collectifs de mineurs<\/p>\n<p><strong>Date limite d&#8217;inscription<\/strong> : Les inscriptions peuvent \u00eatre r\u00e9alis\u00e9es jusqu&#8217;\u00e0 24h avant la session, dans la limte des places disponibles.<\/p>\n<p><strong>Modalit\u00e9s d&#8217;inscription<\/strong> : <a href=\"https:\/\/forms.gle\/fK4f2LhKvu3PdHES7\">en ligne via ce formulaire<\/a><\/td>\n<\/tr>\n<\/tbody>\n<\/table>\n<p>&nbsp;<\/p>\n<p>&nbsp;<\/p>\n<p style=\"text-align: center;\"><strong>Les formations pass\u00e9es<\/strong><\/p>\n<p>&nbsp;<\/p>\n<table style=\"background-color: #c1e6d4; width: 94.5312%; height: 391px;\">\n<tbody>\n<tr>\n<td><strong>Th\u00e8me : \u00ab Elaborer et \u00e9valuer\u00a0 un projet p\u00e9dagogique\u00bb<\/strong><\/p>\n<p><strong>Dates &#8211; Lieu<\/strong> : webinaire \/ pr\u00e9sentiel \u00e0 la DRAJES<\/p>\n<p><strong>Public<\/strong> : Organisateurs, directeurs et coordinateurs en accueils collectifs de mineurs, personnels charg\u00e9s des d\u00e9clarations accueils collectifs de mineurs<\/p>\n<p><strong>Op\u00e9rateur<\/strong> : DRAJES &#8211; Bureau des accueils collectifs de mineurs<\/p>\n<p><strong>Date limite d&#8217;inscription<\/strong> : Les inscriptions aux webinaires peuvent \u00eatre r\u00e9alis\u00e9es jusqu&#8217;\u00e0 24h avant la session,\u00a0 Un lien de connexion vous sera envoy\u00e9 quelques jours avant.<\/p>\n<p><strong>Modalit\u00e9s d&#8217;inscription<\/strong> : <del>par ce formulaire en ligne<\/del> \/\u00a0 Gratuit<\/td>\n<\/tr>\n<\/tbody>\n<\/table>\n<p>&nbsp;<\/p>\n<table style=\"width: 94.5313%; height: 486px;\">\n<tbody>\n<tr>\n<td style=\"border-color: #000000; background-color: #e8e1e1;\"><strong>Th\u00e8me : \u00ab\u00a0Accompagner les stagiaires BAFA\u00a0\u00bb<\/strong><\/p>\n<p>Comprendre le cadre r\u00e9glementaire sur la formation BAFA, les proc\u00e9dures de validation d\u2019un stage pratique &#8211; Savoir rep\u00e9rer les comp\u00e9tences \u00e0 partir du r\u00e9f\u00e9rentiel &#8211; Savoir \u00e9valuer<\/p>\n<p><strong>Dates &#8211; Lieu<\/strong> : webinaire \/ pr\u00e9sentiel \u00e0 la DRAJES<\/p>\n<p><strong>Public<\/strong> : Organisateurs, directeurs et coordinateurs en accueils collectifs de mineurs, personnels charg\u00e9s des d\u00e9clarations accueils collectifs de mineurs<\/p>\n<p><strong>Op\u00e9rateur<\/strong> : DRAJES &#8211; Bureau des accueils collectifs de mineurs<\/p>\n<p><strong>Date limite d&#8217;inscription<\/strong> : Les inscriptions aux webinaires peuvent \u00eatre r\u00e9alis\u00e9es jusqu&#8217;\u00e0 24h avant la session,\u00a0 Un lien de connexion vous sera envoy\u00e9 quelques jours avant.<\/p>\n<p><strong>Modalit\u00e9s d&#8217;inscription<\/strong> : <del>par ce formulaire en ligne<\/del> \/\u00a0 Gratuit<\/td>\n<\/tr>\n<\/tbody>\n<\/table>\n<p>&nbsp;<\/p>\n<table style=\"width: 93.906%; border-color: #000000; background-color: #0af7a4; height: 443px;\">\n<tbody>\n<tr>\n<td style=\"width: 100%;\"><strong>Th\u00e8me : Les responsabilit\u00e9s en ACM<\/strong><\/p>\n<p>Conna\u00eetre les diff\u00e9rentes responsabilit\u00e9s qui incombent aux directeurs et aux animateurs des accueils collectifs de mineurs.<\/p>\n<p><strong>Dates &#8211; Lieu<\/strong> : webinaire \/ pr\u00e9sentiel \u00e0 la DRAJES<\/p>\n<p><strong>Public<\/strong> : Organisateurs, directeurs et coordinateurs en accueils collectifs de mineurs, personnels charg\u00e9s des d\u00e9clarations accueils collectifs de mineurs<\/p>\n<p><strong>Op\u00e9rateur<\/strong> : DRAJES &#8211; Bureau des accueils collectifs de mineurs<\/p>\n<p><strong>Date limite d&#8217;inscription<\/strong> : Les inscriptions aux webinaires peuvent \u00eatre r\u00e9alis\u00e9es jusqu&#8217;\u00e0 24h avant la session,\u00a0 Un lien de connexion vous sera envoy\u00e9 quelques jours avant.<\/p>\n<p><strong>Modalit\u00e9s d&#8217;inscription<\/strong> : <del>par ce formulaire en ligne<\/del> \/\u00a0 Gratuit<\/td>\n<\/tr>\n<\/tbody>\n<\/table>\n<p>&nbsp;<\/p>\n<table style=\"width: 93.1252%; background-color: #bceef7; height: 345px;\">\n<tbody>\n<tr>\n<td style=\"width: 100%;\"><strong>Th\u00e8me : R\u00e9glementation des activit\u00e9s physiques et sportives<br \/>\n<\/strong><strong>Dates &#8211; Lieu<\/strong> : webinaire \/ pr\u00e9sentiel \u00e0 la DRAJES<strong>Public<\/strong> : Organisateurs, directeurs et coordinateurs en accueils collectifs de mineurs, personnels charg\u00e9s des d\u00e9clarations accueils collectifs de mineurs<strong>Op\u00e9rateur<\/strong> : DRAJES &#8211; Bureau des accueils collectifs de mineurs<strong>Date limite d&#8217;inscription<\/strong> : Les inscriptions aux webinaires peuvent \u00eatre r\u00e9alis\u00e9es jusqu&#8217;\u00e0 24h avant la session,\u00a0 Un lien de connexion vous sera envoy\u00e9 quelques jours avant.<strong>Modalit\u00e9s d&#8217;inscription<\/strong> : <del>par ce formulaire en ligne<\/del> \/\u00a0 Gratuit<\/td>\n<\/tr>\n<\/tbody>\n<\/table>\n<p>&nbsp;<\/p>\n<table>\n<tbody>\n<tr>\n<td style=\"background-color: #80e3f2;\"><strong>Th\u00e8me : \u00ab Pr\u00e9venir les violences sexuelles \u00bb : Conna\u00eetre les infractions, les pr\u00e9venir et savoir agir &#8211;<br \/>\n<\/strong><span id=\"page571R_mcid8\" class=\"markedContent\"><span dir=\"ltr\" role=\"presentation\">\u00catre capable de diff\u00e9rencier les diff\u00e9rentes <\/span><\/span><span id=\"page571R_mcid9\" class=\"markedContent\"><span dir=\"ltr\" role=\"presentation\">infractions sexuelles<\/span><\/span>, a<span id=\"page571R_mcid11\" class=\"markedContent\"><span dir=\"ltr\" role=\"presentation\">pprendre \u00e0 se pr\u00e9munir de situations \u00e0 risques<\/span><\/span>, c<span id=\"page571R_mcid13\" class=\"markedContent\"><span dir=\"ltr\" role=\"presentation\">omprendre ce qu\u2019est un agresseur et comment <\/span><\/span><span id=\"page571R_mcid14\" class=\"markedContent\"><span dir=\"ltr\" role=\"presentation\">il agit<\/span><\/span>, \u00ea<span id=\"page571R_mcid16\" class=\"markedContent\"><span dir=\"ltr\" role=\"presentation\">tre capable d\u2019identifier une victime, recevoir sa <\/span><\/span><span id=\"page571R_mcid17\" class=\"markedContent\"><span dir=\"ltr\" role=\"presentation\">parole et l\u2019orienter<\/span><\/span>, p<span id=\"page571R_mcid19\" class=\"markedContent\"><span dir=\"ltr\" role=\"presentation\">rendre connaissance des obligations l\u00e9gales, s<\/span><\/span><span id=\"page571R_mcid20\" class=\"markedContent\"><\/span><span id=\"page571R_mcid21\" class=\"markedContent\"><span dir=\"ltr\" role=\"presentation\">avoir agir en cas de faits ou de doutes<\/span><\/span><strong>Dates &#8211; Lieu<\/strong> :<strong>Public<\/strong> :personnels d&#8217;encadrement des ACM, organisateurs, coordonnateurs PEDT, formateurs BAFA et BAFD<strong>Op\u00e9rateur<\/strong> : Association <em>Colosse aux pieds d&#8217;argile<\/em> &#8211; <a href=\"https:\/\/colosse.fr\/\">www.colosse.fr<\/a><strong>Date limite d&#8217;inscription<\/strong> :<strong>Modalit\u00e9s d&#8217;inscription<\/strong> : formation gratuite, limit\u00e9e \u00e0 20 participants (2 par structure max.)<strong><a href=\"https:\/\/docs.google.com\/forms\/d\/e\/1FAIpQLSftulOp3gKQczo7zpJITur-UV37q9YHQWieume8dskAzDKPvA\/viewform?usp=sf_link\"><del>formulaire d&#8217;inscription en ligne<\/del><\/a> <\/strong><\/td>\n<\/tr>\n<\/tbody>\n<\/table>\n<p>&nbsp;<\/p>\n<table>\n<tbody>\n<tr>\n<td><strong>Th\u00e8me<\/strong> : <strong>&#8220;Si c&#8217;\u00e9tait un TSA ?&#8221; : Accueillir un enfant atypique en ACM<\/strong> &#8211;<br \/>\nSavoir rep\u00e9rer un Trouble du Spectre de l\u2019Autisme dans le cadre de l\u2019accompagnement d\u2019enfants et adolescents avec troubles du comportement. (module de sensibilisation, une journ\u00e9e)Dates &#8211; Lieu : 8 novembre 2022 \u00e0 Fort-de-France (module 1 de sensibilisation ) \/ du 9 novembre 2022 au 10 novembre 2022 (module 2 de perfectionnement)<br \/>\n<strong>Public<\/strong> : Professionnels de l\u2019accompagnement de la petite enfance et de la jeunesse; animateurs et directeurs d&#8217;ACM, formateurs.<strong>Op\u00e9rateur :<\/strong> Option Sant\u00e9 (Le lamentin) : <a href=\"https:\/\/www.opsante.com\/\">https:\/\/www.opsante.com\/<\/a><strong>Date limite d&#8217;inscription<\/strong> :Modalit\u00e9s d&#8217;inscription : <a href=\"https:\/\/www.opsante.com\/autisme_enfants_adolescents\/\">https:\/\/www.opsante.com\/autisme_enfants_adolescents\/<\/a>Formation non prise en charge de la DRAJES &#8211; financement possible dans le cadre de la Formation professionnelle continue via des op\u00e9rateurs de comp\u00e9tences.<\/td>\n<\/tr>\n<\/tbody>\n<\/table>\n<p>&nbsp;<\/p>\n<p>&nbsp;<\/p>\n<p>&nbsp;<\/p>\n<p>&nbsp;<\/p>\n<p>&nbsp;<\/p>\n<p>&nbsp;<\/p>\n<p><strong>\u00a0<\/strong><\/p>\n<p>&nbsp;<\/p>\n<p>&nbsp;<\/p>\n<p>&nbsp;<\/p>\n","protected":false},"excerpt":{"rendered":"<p>La DRAJES Martinique a le plaisir de vous pr\u00e9senter les prochaines actions de formations continues, propos\u00e9es \u00e0 tous les acteurs \u00e9ducatifs intervenant dans les Accueils Collectifs de Mineurs : acteurs professionnels, salari\u00e9s ou b\u00e9n\u00e9voles de l\u2019animation. Les diff\u00e9rentes actions pr\u00e9sent\u00e9es &hellip; <a href=\"https:\/\/site.ac-martinique.fr\/acm972\/les-formations\/\">Continuer la lecture <span class=\"meta-nav\">&rarr;<\/span><\/a><\/p>\n","protected":false},"author":328,"featured_media":0,"parent":0,"menu_order":0,"comment_status":"closed","ping_status":"closed","template":"","meta":{"footnotes":"","_links_to":"","_links_to_target":""},"class_list":["post-190","page","type-page","status-publish","hentry"],"_links":{"self":[{"href":"https:\/\/site.ac-martinique.fr\/acm972\/wp-json\/wp\/v2\/pages\/190","targetHints":{"allow":["GET"]}}],"collection":[{"href":"https:\/\/site.ac-martinique.fr\/acm972\/wp-json\/wp\/v2\/pages"}],"about":[{"href":"https:\/\/site.ac-martinique.fr\/acm972\/wp-json\/wp\/v2\/types\/page"}],"author":[{"embeddable":true,"href":"https:\/\/site.ac-martinique.fr\/acm972\/wp-json\/wp\/v2\/users\/328"}],"replies":[{"embeddable":true,"href":"https:\/\/site.ac-martinique.fr\/acm972\/wp-json\/wp\/v2\/comments?post=190"}],"version-history":[{"count":48,"href":"https:\/\/site.ac-martinique.fr\/acm972\/wp-json\/wp\/v2\/pages\/190\/revisions"}],"predecessor-version":[{"id":1695,"href":"https:\/\/site.ac-martinique.fr\/acm972\/wp-json\/wp\/v2\/pages\/190\/revisions\/1695"}],"wp:attachment":[{"href":"https:\/\/site.ac-martinique.fr\/acm972\/wp-json\/wp\/v2\/media?parent=190"}],"curies":[{"name":"wp","href":"https:\/\/api.w.org\/{rel}","templated":true}]}}