{"id":2,"date":"2022-01-17T19:33:01","date_gmt":"2022-01-17T18:33:01","guid":{"rendered":"https:\/\/site.ac-martinique.fr\/acm972\/?page_id=2"},"modified":"2025-12-18T12:06:06","modified_gmt":"2025-12-18T16:06:06","slug":"bafa","status":"publish","type":"page","link":"https:\/\/site.ac-martinique.fr\/acm972\/bafa\/","title":{"rendered":"BAFA"},"content":{"rendered":"<p><\/p>\r\n<p><br \/>\u00a0 \u00a0 \u00a0 \u00a0 <img loading=\"lazy\" decoding=\"async\" class=\" wp-image-1333 aligncenter\" src=\"https:\/\/site.ac-martinique.fr\/acm972\/wp-content\/uploads\/sites\/113\/2024\/04\/BAFA_RS_1080x1080_1-Copie-300x300.png\" alt=\"\" width=\"364\" height=\"364\" srcset=\"https:\/\/site.ac-martinique.fr\/acm972\/wp-content\/uploads\/sites\/113\/2024\/04\/BAFA_RS_1080x1080_1-Copie-300x300.png 300w, https:\/\/site.ac-martinique.fr\/acm972\/wp-content\/uploads\/sites\/113\/2024\/04\/BAFA_RS_1080x1080_1-Copie-1024x1024.png 1024w, https:\/\/site.ac-martinique.fr\/acm972\/wp-content\/uploads\/sites\/113\/2024\/04\/BAFA_RS_1080x1080_1-Copie-150x150.png 150w, https:\/\/site.ac-martinique.fr\/acm972\/wp-content\/uploads\/sites\/113\/2024\/04\/BAFA_RS_1080x1080_1-Copie-768x768.png 768w, https:\/\/site.ac-martinique.fr\/acm972\/wp-content\/uploads\/sites\/113\/2024\/04\/BAFA_RS_1080x1080_1-Copie.png 1080w\" sizes=\"auto, (max-width: 364px) 100vw, 364px\" \/><\/p>\r\n<h1 style=\"text-align: center;\"><span style=\"font-size: 14pt;\"><strong>Toute l&#8217;information nationale sur le BAFA\u00a0 ici: <\/strong><\/span><a href=\"https:\/\/www.jeunes.gouv.fr\/bafa-bafd\"><img loading=\"lazy\" decoding=\"async\" class=\"wp-image-84 aligncenter\" src=\"https:\/\/site.ac-martinique.fr\/acm972\/wp-content\/uploads\/sites\/113\/2022\/01\/rubon1143-135c4.png\" alt=\"\" width=\"144\" height=\"122\" \/><\/a><\/h1>\r\n<p style=\"text-align: center;\"><span style=\"font-size: 14pt;\">*****<\/span><\/p>\r\n<h1 style=\"text-align: center;\"><strong><span style=\"font-size: 14pt;\">R\u00e9sultats du jury BAFA<\/span><\/strong><\/h1>\r\n<p>Le jury du BAFA se r\u00e9unit en juin et en d\u00e9cembre de chaque ann\u00e9e. Les dates sont g\u00e9n\u00e9ralement communiqu\u00e9es en page d&#8217;accueil de ce site.<\/p>\r\n<p><span style=\"color: #ff0000;\">Le retrait des dipl\u00f4mes se fait \u00e0 l&#8217;accueil de la DRAJES, sur pr\u00e9sentation d&#8217;une pi\u00e8ce d&#8217;identit\u00e9 du lundi au vendredi, de 8h00 \u00e0 12h00.<\/span><\/p>\r\n<ul style=\"list-style-type: circle;\">\r\n<li><strong>R\u00e9sultats de la session du 10 d\u00e9cembre 2025<\/strong><\/li>\r\n<\/ul>\r\n<iframe src=\"\/\/docs.google.com\/viewer?url=https%3A%2F%2Fsite.ac-martinique.fr%2Facm972%2Fwp-content%2Fuploads%2Fsites%2F113%2F2025%2F12%2Fliste-recus-BAFA-10-12-2025.docx&hl=fr&embedded=true\" class=\"gde-frame\" style=\"width:100%; height:200px; border: none;\" scrolling=\"no\"><\/iframe>\n<p class=\"gde-text\"><a href=\"https:\/\/site.ac-martinique.fr\/acm972\/wp-content\/uploads\/sites\/113\/2025\/12\/liste-recus-BAFA-10-12-2025.docx\" class=\"gde-link\" onClick=\"_gaq.push(['_trackEvent', 'Google Doc Embedder', 'T\u00e9l\u00e9charger', this.href]);\">T\u00e9l\u00e9charger (DOCX, 14KB)<\/a><\/p>\r\n<ul style=\"list-style-type: circle;\">\r\n<li><strong>R\u00e9sultats de la session du 25\u00a0 juin 2025<\/strong><\/li>\r\n<\/ul>\r\n<p>Si\u00a0 votre nom ne figure pas dans la liste, pas de panique. Vous avez peut-\u00eatre oubli\u00e9 de transmettre votre piece d&#8217;identit\u00e9 sur votre compte BAFA.\u00a0\u00a0<\/p>\r\n<iframe src=\"\/\/docs.google.com\/viewer?url=https%3A%2F%2Fsite.ac-martinique.fr%2Facm972%2Fwp-content%2Fuploads%2Fsites%2F113%2F2025%2F06%2FPV-jury-BAFA250625.pdf&hl=fr&embedded=true\" class=\"gde-frame\" style=\"width:100%; height:200px; border: none;\" scrolling=\"no\"><\/iframe>\n<p class=\"gde-text\"><a href=\"https:\/\/site.ac-martinique.fr\/acm972\/wp-content\/uploads\/sites\/113\/2025\/06\/PV-jury-BAFA250625.pdf\" class=\"gde-link\" onClick=\"_gaq.push(['_trackEvent', 'Google Doc Embedder', 'T\u00e9l\u00e9charger', this.href]);\">T\u00e9l\u00e9charger (PDF, Inconnu)<\/a><\/p>\r\n<p><strong>Additif suite au jury exceptionnel du BAFA, du 22 juillet 2025 :\u00a0<\/strong><\/p>\r\n<iframe src=\"\/\/docs.google.com\/viewer?url=https%3A%2F%2Fsite.ac-martinique.fr%2Facm972%2Fwp-content%2Fuploads%2Fsites%2F113%2F2025%2F08%2Fjury-BAFA-22-juillet-2025.pdf&hl=fr&embedded=true\" class=\"gde-frame\" style=\"width:100%; height:200px; border: none;\" scrolling=\"no\"><\/iframe>\n<p class=\"gde-text\"><a href=\"https:\/\/site.ac-martinique.fr\/acm972\/wp-content\/uploads\/sites\/113\/2025\/08\/jury-BAFA-22-juillet-2025.pdf\" class=\"gde-link\" onClick=\"_gaq.push(['_trackEvent', 'Google Doc Embedder', 'T\u00e9l\u00e9charger', this.href]);\">T\u00e9l\u00e9charger (PDF, Inconnu)<\/a><\/p>\r\n<p>&nbsp;<\/p>\r\n<p style=\"text-align: center;\">*****<\/p>\r\n<h1 style=\"text-align: center;\"><span style=\"font-size: 14pt;\"><strong>L&#8217;offre de formations BAFA en Martinique<\/strong><\/span><\/h1>\r\n<p>\u00a0Pour obtenir des informations sur les formations en\u00a0 cours, il convient de contacter directement les organismes habilit\u00e9s :<\/p>\r\n<p><a href=\"https:\/\/cemea-formation.com\">CEMEA Martinique<\/a><\/p>\r\n<p><a href=\"https:\/\/www.facebook.com\/Fol972\/\">F\u00e9d\u00e9ration des Oeuvres La\u00efques (FOL)<\/a><\/p>\r\n<p><a href=\"https:\/\/francas-martinique.wixsite.com\/asso\">Les FRANCAS Martinique<\/a><\/p>\r\n<p><a href=\"https:\/\/www.facebook.com\/people\/Scouts-et-Guides-de-Martinique\/100064396400958\/\">Scouts et Guides de Martinique<\/a><\/p>\r\n<p><a href=\"https:\/\/bafa.ufcv.fr\/Infos-pratiques\/Aides-financi%C3%A8res\/Martinique\">UFCV <\/a><\/p>\r\n<p><a href=\"https:\/\/site.ac-martinique.fr\/acm972\/wp-content\/uploads\/sites\/113\/2025\/03\/Depliant-formations-2025.pdf\">UCPA<\/a><\/p>\r\n<p style=\"text-align: center;\">*****<\/p>\r\n<h1 style=\"text-align: center;\"><span style=\"font-size: 14pt;\"><strong>Avant de s&#8217;inscrire \u00e0 une formation g\u00e9n\u00e9rale&#8230; n&#8217;oubliez pas de cr\u00e9er votre compte sur le site BAFA-BAFD <br \/><\/strong><\/span><\/h1>\r\n<p><a href=\"https:\/\/bafa-bafd.jeunes.gouv.fr\/baf-candidat\/app\/accueil\"><img loading=\"lazy\" decoding=\"async\" class=\"wp-image-1530 aligncenter\" src=\"https:\/\/site.ac-martinique.fr\/acm972\/wp-content\/uploads\/sites\/113\/2025\/03\/inscriptionbafa.jpg\" alt=\"\" width=\"299\" height=\"197\" srcset=\"https:\/\/site.ac-martinique.fr\/acm972\/wp-content\/uploads\/sites\/113\/2025\/03\/inscriptionbafa.jpg 682w, https:\/\/site.ac-martinique.fr\/acm972\/wp-content\/uploads\/sites\/113\/2025\/03\/inscriptionbafa-300x198.jpg 300w\" sizes=\"auto, (max-width: 299px) 100vw, 299px\" \/><\/a><\/p>\r\n<p style=\"text-align: center;\">*****<\/p>\r\n<hr \/>\r\n<h1 style=\"text-align: center;\"><span style=\"font-size: 14pt;\"><strong>Comment obtenir une aide financi\u00e8re ? <br \/><\/strong><\/span><\/h1>\r\n<p>Il existe plusieurs solutions pour obtenir une aide financi\u00e8re, en voici quelques unes pour commencer :<\/p>\r\n<p>&#8211; Votre employeur peut vous aider \u00e0 financer une partie du co\u00fbt d&#8217;une session de formation th\u00e9orique, en particulier s&#8217;il s&#8217;agit d&#8217;une collectivit\u00e9 locale, le plus souvent la mairie. Renseignez-vous aupr\u00e8s du service jeunesse de votre commune pour savoir si celle-ci apporte un soutien financier et dans quelles conditions.<\/p>\r\n<p>&#8211; La Caisse d&#8217;Allocation Familiale de la Martinique, apporte un soutien financier de 91,47 euros pour toute inscription en session d&#8217;approfondissement BAFA, sans condition de ressource. Elle peut apporter, selon les cas d&#8217;autres financements pour les sessions g\u00e9n\u00e9rales. Prenez contact avec la CAF de Martinique pour conna\u00eetre ces aides.<\/p>\r\n<p><img loading=\"lazy\" decoding=\"async\" class=\"wp-image-1509 aligncenter\" src=\"https:\/\/site.ac-martinique.fr\/acm972\/wp-content\/uploads\/sites\/113\/2025\/02\/Sans-titre.png\" alt=\"\" width=\"480\" height=\"308\" srcset=\"https:\/\/site.ac-martinique.fr\/acm972\/wp-content\/uploads\/sites\/113\/2025\/02\/Sans-titre.png 870w, https:\/\/site.ac-martinique.fr\/acm972\/wp-content\/uploads\/sites\/113\/2025\/02\/Sans-titre-300x193.png 300w, https:\/\/site.ac-martinique.fr\/acm972\/wp-content\/uploads\/sites\/113\/2025\/02\/Sans-titre-768x493.png 768w\" sizes=\"auto, (max-width: 480px) 100vw, 480px\" \/><\/p>\r\n<p style=\"text-align: center;\">*****<\/p>\r\n<h1 style=\"text-align: center;\"><span style=\"font-size: 14pt;\"><strong>Pr\u00e9parer et r\u00e9ussir son stage pratique BAFA <br \/><\/strong><\/span><\/h1>\r\n<p><strong>Le stage pratique se d\u00e9roule obligatoirement dans un accueil de mineurs d\u00e9clar\u00e9 aupr\u00e8s des services Jeunesse et sports. La liste des organisateurs de la Martinique est consultable sur la page <a href=\"https:\/\/site.ac-martinique.fr\/acm972\/contacts\/\">contacts<\/a><\/strong><\/p>\r\n<p>Un collectif de partenaires \u00e9ducatifs de la r\u00e9gion Centre Val de Loire\u00a0 (Services jeunesse et sports, organismes de formation, organisateurs ACM)* a \u00e9labor\u00e9 un guide complet sur l\u2019accompagnement des stagiaires BAFA. Ce guide, que vous pouvez consulter ou t\u00e9l\u00e9charger ci-dessous, comprend plusieurs volets :<\/p>\r\n<p>Un <strong>volet destin\u00e9 aux stagiaires<\/strong> en cours de formation BAFA, d\u00e9clinant, par fonction et aptitude, <strong>ce qui est attendu d\u2019eux pour chaque \u00e9tape de leur parcours<\/strong>. Les OF et organisateurs ACM pourront \u00e9galement se r\u00e9f\u00e9rer \u00e0 ce document pour retrouver ce que chaque acteur de la formation est susceptible de travailler avec le stagiaire.<\/p>\r\n<p>Un <strong>volet destin\u00e9 aux organismes de formation et aux organisateurs ACM<\/strong> qui accueillent les stagiaires, d\u00e9clinant, en miroir de ce qui est attendu du stagiaire (volet pr\u00e9c\u00e9dent), les <strong>conditions \u00e0 r\u00e9unir<\/strong> c\u00f4t\u00e9 organismes de formation et organisateurs ACM pour que le stagiaire puisse atteindre les objectifs fix\u00e9s, et ce, pour chaque \u00e9tape de la formation.<\/p>\r\n<p>Un volet regroupant des <strong>conseils et recommandations <\/strong>sur la r\u00e9daction des appr\u00e9ciations, mais aussi l\u2019accompagnement et l\u2019\u00e9valuation du stagiaire.<\/p>\r\n<iframe src=\"\/\/docs.google.com\/viewer?url=https%3A%2F%2Fsite.ac-martinique.fr%2Facm972%2Fwp-content%2Fuploads%2Fsites%2F113%2F2022%2F03%2Fguide-accompagnement-stagiaires-bafa_mars2022.pdf&hl=fr&embedded=true\" class=\"gde-frame\" style=\"width:100%; height:200px; border: none;\" scrolling=\"no\"><\/iframe>\n<p class=\"gde-text\"><a href=\"https:\/\/site.ac-martinique.fr\/acm972\/wp-content\/uploads\/sites\/113\/2022\/03\/guide-accompagnement-stagiaires-bafa_mars2022.pdf\" class=\"gde-link\" onClick=\"_gaq.push(['_trackEvent', 'Google Doc Embedder', 'T\u00e9l\u00e9charger', this.href]);\">T\u00e9l\u00e9charger (PDF, Inconnu)<\/a><\/p>\r\n<p style=\"text-align: center;\">*****<\/p>\r\n<p><strong>Certificats de stages pratiques \u00e0 t\u00e9l\u00e9charger<\/strong>\u00a0<\/p>\r\n<p>La validation du stage pratique BAFA est effectu\u00e9e par le directeur.trice de l&#8217;accueil (ou l&#8217;organisateur pour le BAFD) via l&#8217;application TAM. La copie du formulaire doit \u00eatre d\u00e9livr\u00e9e au stagiaire.<\/p>\r\n<iframe src=\"\/\/docs.google.com\/viewer?url=https%3A%2F%2Fsite.ac-martinique.fr%2Facm972%2Fwp-content%2Fuploads%2Fsites%2F113%2F2023%2F08%2FBAFA-pratique.pdf&hl=fr&embedded=true\" class=\"gde-frame\" style=\"width:100%; height:200px; border: none;\" scrolling=\"no\"><\/iframe>\n<p class=\"gde-text\"><a href=\"https:\/\/site.ac-martinique.fr\/acm972\/wp-content\/uploads\/sites\/113\/2023\/08\/BAFA-pratique.pdf\" class=\"gde-link\" onClick=\"_gaq.push(['_trackEvent', 'Google Doc Embedder', 'T\u00e9l\u00e9charger', this.href]);\">T\u00e9l\u00e9charger (PDF, 39KB)<\/a><\/p>\r\n<p style=\"text-align: center;\">*****<!--more--><\/p>\r\n<h1 style=\"text-align: center;\">\u00a0<span style=\"font-size: 14pt;\"><strong>Contacter le service BAFA de la DRAJES<\/strong><\/span><\/h1>\r\n<p><strong>\u00a0Sylvia BYLON<\/strong> \u2013 gestionnaire BAFA et BAFD \u00a0\u00a0 \u00a0\u00a0 \u00a0\u00a0 \u00a0\u00a0 \u00a0\u00a0 \u00a0\u00a0 \u00a0\u00a0 \u00a0\u00a0 \u00a0\u00a0 \u00a0\u00a0 \u00a0\u00a0 \u00a0\u00a0 \u00a0\u00a0 \u00a0\u00a0 \u00a0\u00a0 \u00a0\u00a0 \u00a0\u00a0 \u00a0\u00a0 \u00a0\u00a0 \u00a0\u00a0 \u00a0 \u00a0 \u00a0 \u00a0 \u00a0 \u00a0 \u00a0 \u00a0 \u00a0 \u00a0 t\u00e9l. 0596 52 29 57\u00a0 ( les lundi, mardi et jeudi de 8h00 \u00e0 10h00)\u00a0\u00a0\u00a0\u00a0\u00a0\u00a0\u00a0\u00a0\u00a0\u00a0\u00a0\u00a0\u00a0\u00a0\u00a0\u00a0\u00a0\u00a0\u00a0\u00a0\u00a0\u00a0\u00a0\u00a0\u00a0\u00a0\u00a0\u00a0\u00a0\u00a0\u00a0\u00a0\u00a0\u00a0\u00a0\u00a0\u00a0\u00a0\u00a0\u00a0\u00a0\u00a0\u00a0\u00a0\u00a0\u00a0\u00a0\u00a0 Pour les demandes de rendez-vous :\u00a0 <a href=\"mailto:sylvia.bylon1@ac-martinique.fr\">sylvia.bylon1@ac-martinique.fr<\/a><\/p>\r\n<p>Le bureau est ouvert :<\/p>\r\n<table>\r\n<tbody>\r\n<tr>\r\n<td>Lundi<\/td>\r\n<td>7h30 \u00e0 12h30<\/td>\r\n<td>14h15 \u00e0 15h30<\/td>\r\n<\/tr>\r\n<tr>\r\n<td>Mardi<\/td>\r\n<td>7h30 \u00e0 12h00<\/td>\r\n<td>\u2013<\/td>\r\n<\/tr>\r\n<tr>\r\n<td>Jeudi<\/td>\r\n<td>7h30 \u00e0 11h30<\/td>\r\n<td>14h15 \u00e0 15h30<\/td>\r\n<\/tr>\r\n<\/tbody>\r\n<\/table>\r\n<p>En cas d&#8217;absence, \u00e9crire \u00e0 : drajes-acm@ac-martinique.fr<\/p>\r\n<p>T\u00e9l. : 0596 52 28 62<\/p>\r\n<p><strong><span style=\"color: #ff0000;\">Exceptionnellement, le bureau du BAFA sera exceptionnellement ferm\u00e9 au public jusqu&#8217;au 31\/12\/2025<\/span><\/strong><\/p>\r\n<p style=\"text-align: center;\">*****<\/p>\r\n<p style=\"text-align: center;\"><strong>24 heures dams la peau\u00a0 d&#8217;un animateur de colo :\u00a0<\/strong><\/p>\r\n<div style=\"position: relative; padding-bottom: 56.25%; height: 0; overflow: hidden;\"><iframe style=\"width: 100%; height: 100%; position: absolute; left: 0px; top: 0px; overflow: hidden; border: none;\" title=\"Dailymotion Video Player\" src=\"https:\/\/geo.dailymotion.com\/player.html?video=x9oejem\" allowfullscreen=\"allowfullscreen\" data-mce-fragment=\"1\">\r\n  <\/iframe><\/div>\r\n<p>&nbsp;<\/p>\r\n<p style=\"text-align: center;\">*****<!--more--><\/p>\r\n<h1 style=\"text-align: center;\"><span style=\"font-size: 14pt;\">Informations pratiques<\/span><\/h1>\r\n<p>L&#8217;observatoire des vacances et des loisirs publie une \u00e9tude sur l&#8217;\u00e9volution du BAFA et du BAFD, \u00e0 lire ici :<\/p>\r\n<p><a href=\"http:\/\/www.ovlej.fr\/bulletin-66\/\"><img loading=\"lazy\" decoding=\"async\" class=\"alignnone  wp-image-1093\" src=\"https:\/\/site.ac-martinique.fr\/acm972\/wp-content\/uploads\/sites\/113\/2023\/10\/Sans-titre-300x167.png\" alt=\"\" width=\"483\" height=\"269\" srcset=\"https:\/\/site.ac-martinique.fr\/acm972\/wp-content\/uploads\/sites\/113\/2023\/10\/Sans-titre-300x167.png 300w, https:\/\/site.ac-martinique.fr\/acm972\/wp-content\/uploads\/sites\/113\/2023\/10\/Sans-titre-1024x570.png 1024w, https:\/\/site.ac-martinique.fr\/acm972\/wp-content\/uploads\/sites\/113\/2023\/10\/Sans-titre-768x427.png 768w, https:\/\/site.ac-martinique.fr\/acm972\/wp-content\/uploads\/sites\/113\/2023\/10\/Sans-titre.png 1246w\" sizes=\"auto, (max-width: 483px) 100vw, 483px\" \/><\/a><\/p>\r\n<p style=\"text-align: center;\">\u00a0<\/p>\r\n\r\n\r\n\r\n<blockquote class=\"wp-block-quote is-layout-flow wp-block-quote-is-layout-flow\">\r\n<p style=\"text-align: center;\">\u00a0<\/p>\r\n<\/blockquote>\r\n","protected":false},"excerpt":{"rendered":"<p>\u00a0 \u00a0 \u00a0 \u00a0 Toute l&#8217;information nationale sur le BAFA\u00a0 ici: ***** R\u00e9sultats du jury BAFA Le jury du BAFA se r\u00e9unit en juin et en d\u00e9cembre de chaque ann\u00e9e. Les dates sont g\u00e9n\u00e9ralement communiqu\u00e9es en page d&#8217;accueil de ce &hellip; <a href=\"https:\/\/site.ac-martinique.fr\/acm972\/bafa\/\">Continuer la lecture <span class=\"meta-nav\">&rarr;<\/span><\/a><\/p>\n","protected":false},"author":328,"featured_media":0,"parent":0,"menu_order":0,"comment_status":"closed","ping_status":"closed","template":"","meta":{"footnotes":"","_links_to":"","_links_to_target":""},"class_list":["post-2","page","type-page","status-publish","hentry"],"_links":{"self":[{"href":"https:\/\/site.ac-martinique.fr\/acm972\/wp-json\/wp\/v2\/pages\/2","targetHints":{"allow":["GET"]}}],"collection":[{"href":"https:\/\/site.ac-martinique.fr\/acm972\/wp-json\/wp\/v2\/pages"}],"about":[{"href":"https:\/\/site.ac-martinique.fr\/acm972\/wp-json\/wp\/v2\/types\/page"}],"author":[{"embeddable":true,"href":"https:\/\/site.ac-martinique.fr\/acm972\/wp-json\/wp\/v2\/users\/328"}],"replies":[{"embeddable":true,"href":"https:\/\/site.ac-martinique.fr\/acm972\/wp-json\/wp\/v2\/comments?post=2"}],"version-history":[{"count":105,"href":"https:\/\/site.ac-martinique.fr\/acm972\/wp-json\/wp\/v2\/pages\/2\/revisions"}],"predecessor-version":[{"id":1699,"href":"https:\/\/site.ac-martinique.fr\/acm972\/wp-json\/wp\/v2\/pages\/2\/revisions\/1699"}],"wp:attachment":[{"href":"https:\/\/site.ac-martinique.fr\/acm972\/wp-json\/wp\/v2\/media?parent=2"}],"curies":[{"name":"wp","href":"https:\/\/api.w.org\/{rel}","templated":true}]}}