{"id":339,"date":"2022-04-04T11:37:48","date_gmt":"2022-04-04T15:37:48","guid":{"rendered":"https:\/\/site.ac-martinique.fr\/acm972\/?page_id=339"},"modified":"2026-03-10T11:43:57","modified_gmt":"2026-03-10T15:43:57","slug":"reglementation","status":"publish","type":"page","link":"https:\/\/site.ac-martinique.fr\/acm972\/reglementation\/","title":{"rendered":"R\u00e9glementation"},"content":{"rendered":"<p>&nbsp;<\/p>\n<p>Les accueils collectifs de mineurs sont r\u00e9gis par des textes r\u00e9glementaires tels que : le code de l\u2019action sociale et des familles, le code de la sant\u00e9 publique, des d\u00e9crets, des arr\u00eat\u00e9s, des instructions et des circulaires.<\/p>\n<p><a href=\"https:\/\/www.jeunes.gouv.fr\/Legislation-et-reglementation-des\">Consulter les textes sur le site jeunes.gouv.fr<\/a><\/p>\n<p>Vous trouverez \u00e9galement sur cette page des fiches th\u00e9matiques actualis\u00e9es et sp\u00e9cifiques au contexte de la Martinique.<\/p>\n<p>&nbsp;<\/p>\n<div class=\"vp-page-details\">\n<h1 class=\"vp-page-date vp-page-details-item\"><span style=\"font-family: arial black, sans-serif;\">L&#8217;encadrement<\/span><\/h1>\n<ul>\n<li><strong>rappel des taux d&#8217;encadrement<\/strong><\/li>\n<\/ul>\n<p>&nbsp;<\/p>\n<p><a href=\"https:\/\/www.jesuisanimateur.fr\/reglementation-acm\/encadrement-qualifications\/taux-encadrement-acm\"><img loading=\"lazy\" decoding=\"async\" class=\"size-medium wp-image-349 aligncenter\" src=\"https:\/\/site.ac-martinique.fr\/acm972\/wp-content\/uploads\/sites\/113\/2022\/04\/taux-encadrement-acm-1-animateur-pour-14-enfants-300x120.png\" alt=\"\" width=\"300\" height=\"120\" srcset=\"https:\/\/site.ac-martinique.fr\/acm972\/wp-content\/uploads\/sites\/113\/2022\/04\/taux-encadrement-acm-1-animateur-pour-14-enfants-300x120.png 300w, https:\/\/site.ac-martinique.fr\/acm972\/wp-content\/uploads\/sites\/113\/2022\/04\/taux-encadrement-acm-1-animateur-pour-14-enfants-768x307.png 768w, https:\/\/site.ac-martinique.fr\/acm972\/wp-content\/uploads\/sites\/113\/2022\/04\/taux-encadrement-acm-1-animateur-pour-14-enfants-750x300.png 750w, https:\/\/site.ac-martinique.fr\/acm972\/wp-content\/uploads\/sites\/113\/2022\/04\/taux-encadrement-acm-1-animateur-pour-14-enfants.png 800w\" sizes=\"auto, (max-width: 300px) 100vw, 300px\" \/><\/a><\/p>\n<\/div>\n<ul>\n<li><strong>Qualifications pour diriger : \u00a0\u00a0<\/strong><a href=\"https:\/\/www.legifrance.gouv.fr\/loda\/id\/LEGIARTI000042687869\/2021-01-01\/\">https:\/\/www.legifrance.gouv.fr\/<\/a><\/li>\n<\/ul>\n<ul>\n<li><strong>Qualifications pour animer :\u00a0 \u00a0<\/strong><a href=\"https:\/\/www.legifrance.gouv.fr\/loda\/id\/LEGIARTI000042687869\/2021-01-01\/\">https:\/\/www.legifrance.gouv.fr\/<\/a><\/li>\n<\/ul>\n<ul>\n<li><strong>Le contr\u00f4le d&#8217;honorabilit\u00e9\u00a0 : <\/strong>La loi n\u00b0 2022-140 du 7 f\u00e9vrier 2022 relative \u00e0 la protection des enfants renforce le contr\u00f4le des ant\u00e9c\u00e9dents judiciaires de tous les professionnels et b\u00e9n\u00e9voles intervenant aupr\u00e8s des jeunes notamment dans les accueils collectifs de mineurs (ACM). Elle modifie notamment l\u2019article L133-6 du code de l\u2019action sociale et des familles (CASF) dont les dispositions fondent le r\u00e9gime d\u2019incapacit\u00e9 d\u2019exercice applicable \u00e0 ces structures.<\/li>\n<\/ul>\n<iframe src=\"\/\/docs.google.com\/viewer?url=https%3A%2F%2Fsite.ac-martinique.fr%2Facm972%2Fwp-content%2Fuploads%2Fsites%2F113%2F2022%2F10%2FFiche-relative-a-la-modification-de-larticle-L133-6-du-CASF-du-1er-novembre-2022_12102022-1.pdf&hl=fr&embedded=true\" class=\"gde-frame\" style=\"width:100%; height:200px; border: none;\" scrolling=\"no\"><\/iframe>\n<p class=\"gde-text\"><a href=\"https:\/\/site.ac-martinique.fr\/acm972\/wp-content\/uploads\/sites\/113\/2022\/10\/Fiche-relative-a-la-modification-de-larticle-L133-6-du-CASF-du-1er-novembre-2022_12102022-1.pdf\" class=\"gde-link\" onClick=\"_gaq.push(['_trackEvent', 'Google Doc Embedder', 'T\u00e9l\u00e9charger', this.href]);\">T\u00e9l\u00e9charger (PDF, Inconnu)<\/a><\/p>\n<iframe src=\"\/\/docs.google.com\/viewer?url=https%3A%2F%2Fsite.ac-martinique.fr%2Facm972%2Fwp-content%2Fuploads%2Fsites%2F113%2F2022%2F10%2FAnnexe-fiche-technique_12102022.pdf&hl=fr&embedded=true\" class=\"gde-frame\" style=\"width:100%; height:200px; border: none;\" scrolling=\"no\"><\/iframe>\n<p class=\"gde-text\"><a href=\"https:\/\/site.ac-martinique.fr\/acm972\/wp-content\/uploads\/sites\/113\/2022\/10\/Annexe-fiche-technique_12102022.pdf\" class=\"gde-link\" onClick=\"_gaq.push(['_trackEvent', 'Google Doc Embedder', 'T\u00e9l\u00e9charger', this.href]);\">T\u00e9l\u00e9charger (PDF, Inconnu)<\/a><\/p>\n<p>&nbsp;<\/p>\n<h1><span style=\"font-family: arial black, sans-serif;\">Vie priv\u00e9e et droit \u00e0 l&#8217;image<\/span><\/h1>\n<ul>\n<li class=\"fr-h1\"><strong><span style=\"font-size: 12pt;\">Loi du 19 f\u00e9vrier 2024 visant \u00e0 garantir le respect du droit \u00e0 l&#8217;image des enfants<\/span><\/strong><\/li>\n<\/ul>\n<p><span class=\"field field--name-field-chapo field--type-string-long field--label-hidden field__item\">La loi entend mieux faire respecter le droit \u00e0 l&#8217;image des enfants par leurs parents sur les r\u00e9seaux sociaux. Diffuser des photos et des vid\u00e9os de ses enfants sur Internet est devenue pour certains parents une pratique banale mais qui n&#8217;est pas sans risques.<\/span><\/p>\n<p><a class=\"fr-tag fr-tag--green-emeraude\" href=\"https:\/\/www.vie-publique.fr\/societe\" target=\"_self\" rel=\"noopener\" data-fr-js-tag-actionee=\"true\">Lire la suite\u00a0<\/a><\/p>\n<div class=\"vp-page-thematic\"><img loading=\"lazy\" decoding=\"async\" class=\"wp-image-1275 aligncenter\" src=\"https:\/\/site.ac-martinique.fr\/acm972\/wp-content\/uploads\/sites\/113\/2024\/02\/pexels-gists-and-thrills-studios-4252245-200x300.jpg\" alt=\"\" width=\"162\" height=\"243\" srcset=\"https:\/\/site.ac-martinique.fr\/acm972\/wp-content\/uploads\/sites\/113\/2024\/02\/pexels-gists-and-thrills-studios-4252245-200x300.jpg 200w, https:\/\/site.ac-martinique.fr\/acm972\/wp-content\/uploads\/sites\/113\/2024\/02\/pexels-gists-and-thrills-studios-4252245-683x1024.jpg 683w, https:\/\/site.ac-martinique.fr\/acm972\/wp-content\/uploads\/sites\/113\/2024\/02\/pexels-gists-and-thrills-studios-4252245-768x1152.jpg 768w, https:\/\/site.ac-martinique.fr\/acm972\/wp-content\/uploads\/sites\/113\/2024\/02\/pexels-gists-and-thrills-studios-4252245-1024x1536.jpg 1024w, https:\/\/site.ac-martinique.fr\/acm972\/wp-content\/uploads\/sites\/113\/2024\/02\/pexels-gists-and-thrills-studios-4252245-1365x2048.jpg 1365w, https:\/\/site.ac-martinique.fr\/acm972\/wp-content\/uploads\/sites\/113\/2024\/02\/pexels-gists-and-thrills-studios-4252245-1320x1980.jpg 1320w, https:\/\/site.ac-martinique.fr\/acm972\/wp-content\/uploads\/sites\/113\/2024\/02\/pexels-gists-and-thrills-studios-4252245-scaled.jpg 1707w\" sizes=\"auto, (max-width: 162px) 100vw, 162px\" \/><\/div>\n<div class=\"vp-page-details\"><\/div>\n<p>&nbsp;<\/p>\n<ul>\n<li><strong>la vie priv\u00e9e et le droit \u00e0 l&#8217;image<\/strong><\/li>\n<\/ul>\n<iframe src=\"\/\/docs.google.com\/viewer?url=https%3A%2F%2Fsite.ac-martinique.fr%2Facm972%2Fwp-content%2Fuploads%2Fsites%2F113%2F2022%2F11%2Fdroit_des_enfants_intimite.pdf&hl=fr&embedded=true\" class=\"gde-frame\" style=\"width:100%; height:200px; border: none;\" scrolling=\"no\"><\/iframe>\n<p class=\"gde-text\"><a href=\"https:\/\/site.ac-martinique.fr\/acm972\/wp-content\/uploads\/sites\/113\/2022\/11\/droit_des_enfants_intimite.pdf\" class=\"gde-link\" onClick=\"_gaq.push(['_trackEvent', 'Google Doc Embedder', 'T\u00e9l\u00e9charger', this.href]);\">T\u00e9l\u00e9charger (PDF, Inconnu)<\/a><\/p>\n<p>&nbsp;<\/p>\n<h1><span style=\"font-family: arial black, sans-serif;\">Les s\u00e9jours \u00e0 l&#8217;\u00e9tranger <\/span><\/h1>\n<ul>\n<li style=\"text-align: center;\"><strong><span style=\"font-size: 14pt;\">La r\u00e9glementation en mati\u00e8re de s\u00e9jours \u00e0 l&#8217;\u00e9tranger<\/span><\/strong><\/li>\n<\/ul>\n<p style=\"text-align: center;\"><a href=\"https:\/\/www.pleiade.education.fr\/metiers\/politiques_jeunesse_engagement\/000004\/000000\/documents\/fiches%20th%C3%A9matiques-faq%20-eg-mod%C3%A8les%20arr%C3%AAt%C3%A9s\/2011-05%20fiche-02%20s%C3%A9jours%20%C3%A0%20l%27%C3%A9tranger2.pdf\"><img loading=\"lazy\" decoding=\"async\" class=\"size-medium wp-image-347 aligncenter\" src=\"https:\/\/site.ac-martinique.fr\/acm972\/wp-content\/uploads\/sites\/113\/2022\/04\/choisir-son-sejour-a-letranger-300x200.jpg\" alt=\"\" width=\"300\" height=\"200\" srcset=\"https:\/\/site.ac-martinique.fr\/acm972\/wp-content\/uploads\/sites\/113\/2022\/04\/choisir-son-sejour-a-letranger-300x200.jpg 300w, https:\/\/site.ac-martinique.fr\/acm972\/wp-content\/uploads\/sites\/113\/2022\/04\/choisir-son-sejour-a-letranger-768x512.jpg 768w, https:\/\/site.ac-martinique.fr\/acm972\/wp-content\/uploads\/sites\/113\/2022\/04\/choisir-son-sejour-a-letranger-750x500.jpg 750w, https:\/\/site.ac-martinique.fr\/acm972\/wp-content\/uploads\/sites\/113\/2022\/04\/choisir-son-sejour-a-letranger.jpg 800w\" sizes=\"auto, (max-width: 300px) 100vw, 300px\" \/><\/a>d\u00e9clarer son d\u00e9placement aupr\u00e8s des autorit\u00e9s consulaires sur ARIANE :<\/p>\n<p style=\"text-align: center;\"><a href=\"https:\/\/pastel.diplomatie.gouv.fr\/fildariane\/dyn\/public\/login.html\">https:\/\/pastel.diplomatie.gouv.fr\/fildariane\/dyn\/public\/login.html<\/a><\/p>\n<p style=\"text-align: center;\">\u00a0<b>Autorisation de sortie du territoire<\/b><\/p>\n<div class=\"\">\n<div class=\"fr-download\">\n<p><a class=\"fr-download__link\" href=\"https:\/\/www.ain.gouv.fr\/contenu\/telechargement\/19904\/141421\/file\/arrete_du_13_decembre_2016-2.pdf\" target=\"_blank\" rel=\"noopener\" data-xiti-site=\"999999\" data-xiti-name=\"lien_telechargement::La_reglementation_generale_des_Accueils_Collectifs_de_Mineurs__ACM_::::arrete_du_13_decembre_2016-2.pdf\" data-xiti-type=\"download\" data-xiti-niv2=\"\" data-fr-js-download-actionee=\"true\"> T\u00e9l\u00e9charger Arr\u00eat\u00e9 du 13 decembre 2016 <span class=\"fr-download__detail\">PDF &#8211; 0,11 Mb &#8211; 16\/03\/2023<\/span> <\/a><\/p>\n<\/div>\n<\/div>\n<p>(format pdf &#8211; 109.1 ko &#8211; 26\/01\/2017)<\/p>\n<div class=\"\">\n<div class=\"fr-download\">\n<p><a class=\"fr-download__link\" href=\"https:\/\/www.ain.gouv.fr\/contenu\/telechargement\/19905\/141426\/file\/decret_no2016-1483_du_2_novembre_2016_version_initiale-2.pdf\" target=\"_blank\" rel=\"noopener\" data-xiti-site=\"999999\" data-xiti-name=\"lien_telechargement::La_reglementation_generale_des_Accueils_Collectifs_de_Mineurs__ACM_::::decret_no2016-1483_du_2_novembre_2016_version_initiale-2.pdf\" data-xiti-type=\"download\" data-xiti-niv2=\"\" data-fr-js-download-actionee=\"true\"> T\u00e9l\u00e9charger D\u00e9cret du 2 novembre 2016 <span class=\"fr-download__detail\">PDF &#8211; 0,04 Mb &#8211; 16\/03\/2023<\/span> <\/a><\/p>\n<\/div>\n<\/div>\n<p>(format pdf &#8211; 36.5 ko &#8211; 26\/01\/2017)<br \/>\nLe formulaire est disponible en ligne sur le site internet <a class=\"fr-link\" title=\"Visiter le site https:\/\/www.service-public.fr\/particuliers\/vosdroits\/R46121 - nouvelle fen\u00eatre\" href=\"https:\/\/www.service-public.fr\/particuliers\/vosdroits\/R46121\" target=\"_blank\" rel=\"noopener\" data-xiti-site=\"999999\" data-xiti-name=\"lien_externe::La_reglementation_generale_des_Accueils_Collectifs_de_Mineurs__ACM_::::https_\/\/www.service-public.fr\/particuliers\/vosdroits\/R46121\" data-xiti-type=\"exit\" data-xiti-niv2=\"\" data-fr-js-link-actionee=\"true\">https:\/\/www.service-public.fr\/particuliers\/vosdroits\/R46121<\/a><\/p>\n<div><strong><span style=\"font-size: 12pt;\">Pour les s\u00e9jours se d\u00e9roulant sur le territoire du Royaume-Uni : Passeport obligatoire !<\/span><\/strong><\/div>\n<div><span style=\"font-size: 12pt;\">\u00c0 partir du 2 avril 2025, \u00e0 d\u00e9faut d\u2019\u00eatre titulaire d\u2019un visa ou de b\u00e9n\u00e9ficier du statut de r\u00e9sident permanent (settled status) ou temporaire (pre-settled status), les citoyens fran\u00e7ais devront obtenir une Autorisation \u00e9lectronique de voyage (ETA) pour se rendre au Royaume-Uni.<\/span><\/div>\n<div><\/div>\n<div><span style=\"font-size: 12pt;\"><a href=\"https:\/\/www.diplomatie.gouv.fr\/fr\/conseils-aux-voyageurs\/conseils-par-pays-destination\/royaume-uni\/#entree\">https:\/\/www.diplomatie.gouv.fr\/fr\/conseils-aux-voyageurs\/conseils-par-pays-destination\/royaume-uni\/#entree<\/a><\/span><\/div>\n<div><\/div>\n<div><\/div>\n<div><\/div>\n<div><\/div>\n<div><\/div>\n<h1><span style=\"font-family: arial black, sans-serif;\">Les types d&#8217;h\u00e9bergement<\/span><\/h1>\n<ul>\n<li><strong><span style=\"font-size: 14pt;\">L&#8217;h\u00e9bergement en camping<\/span><\/strong><\/li>\n<\/ul>\n<p style=\"text-align: center;\"><iframe src=\"\/\/docs.google.com\/viewer?url=https%3A%2F%2Fsite.ac-martinique.fr%2Facm972%2Fwp-content%2Fuploads%2Fsites%2F113%2F2024%2F06%2Fcamping-et-hebergement-hors-local.pdf&hl=fr&embedded=true\" class=\"gde-frame\" style=\"width:100%; height:200px; border: none;\" scrolling=\"no\"><\/iframe>\n<p class=\"gde-text\"><a href=\"https:\/\/site.ac-martinique.fr\/acm972\/wp-content\/uploads\/sites\/113\/2024\/06\/camping-et-hebergement-hors-local.pdf\" class=\"gde-link\" onClick=\"_gaq.push(['_trackEvent', 'Google Doc Embedder', 'T\u00e9l\u00e9charger', this.href]);\">T\u00e9l\u00e9charger (PDF, 8KB)<\/a><\/p>\n<p>&nbsp;<\/p>\n<p>&nbsp;<\/p>\n<h1><span style=\"font-family: arial black, sans-serif;\">Sant\u00e9 et hygi\u00e8ne <\/span><\/h1>\n<ul>\n<li><strong style=\"font-size: 14pt;\">Les obligations vaccinales en ACM<\/strong><\/li>\n<\/ul>\n<iframe src=\"\/\/docs.google.com\/viewer?url=https%3A%2F%2Fsite.ac-martinique.fr%2Facm972%2Fwp-content%2Fuploads%2Fsites%2F113%2F2023%2F08%2Ffiche_vaccinations_obligatoires_whv_CMS149.pdf&hl=fr&embedded=true\" class=\"gde-frame\" style=\"width:100%; height:200px; border: none;\" scrolling=\"no\"><\/iframe>\n<p class=\"gde-text\"><a href=\"https:\/\/site.ac-martinique.fr\/acm972\/wp-content\/uploads\/sites\/113\/2023\/08\/fiche_vaccinations_obligatoires_whv_CMS149.pdf\" class=\"gde-link\" onClick=\"_gaq.push(['_trackEvent', 'Google Doc Embedder', 'T\u00e9l\u00e9charger', this.href]);\">T\u00e9l\u00e9charger (PDF, Inconnu)<\/a><\/p>\n<ul>\n<li><span style=\"font-size: 14pt;\"><strong>La pharmacie<br \/>\n<\/strong><\/span><\/li>\n<\/ul>\n<iframe src=\"\/\/docs.google.com\/viewer?url=https%3A%2F%2Fsite.ac-martinique.fr%2Facm972%2Fwp-content%2Fuploads%2Fsites%2F113%2F2025%2F04%2Fsostrousse.pdf&hl=fr&embedded=true\" class=\"gde-frame\" style=\"width:100%; height:200px; border: none;\" scrolling=\"no\"><\/iframe>\n<p class=\"gde-text\"><a href=\"https:\/\/site.ac-martinique.fr\/acm972\/wp-content\/uploads\/sites\/113\/2025\/04\/sostrousse.pdf\" class=\"gde-link\" onClick=\"_gaq.push(['_trackEvent', 'Google Doc Embedder', 'T\u00e9l\u00e9charger', this.href]);\">T\u00e9l\u00e9charger (PDF, Inconnu)<\/a><\/p>\n<p>&nbsp;<\/p>\n<ul>\n<li><span style=\"font-size: 14pt;\"><strong>La restauration collective de plein air<br \/>\n<\/strong><\/span><a href=\"https:\/\/acm-cvl.fr\/wp-content\/uploads\/2019\/01\/guide-restauration-collective-plein-air.pdf\">guide pratique \u00e0 consulter ici<\/a><\/li>\n<\/ul>\n<p>&nbsp;<\/p>\n<h1><strong><span style=\"font-size: 18pt; font-family: arial, helvetica, sans-serif;\"><span style=\"font-size: 24pt;\">Transports<\/span>\u00a0<\/span><\/strong><\/h1>\n<p><strong>Consignes sur l&#8217;utilisation des minibus<\/strong> pour transporter des mineurs dans le cadre d\u2019un accueil collectif \u00e0 l\u2019occasion des vacances scolaires, des cong\u00e9s professionnels et des loisirs.<br \/>\nElles consignes visent \u00e0 pr\u00e9venir de futurs accidents impliquant des minibus, suites \u00e0 des \u00e9v\u00e9nements graves survenus ces derni\u00e8res ann\u00e9es.<br \/>\nIl convient de les partager avec l&#8217;ensemble des encadrants de vos accueils.<br \/>\n<a class=\"moz-txt-link-freetext\" href=\"https:\/\/www.education.gouv.fr\/bo\/2024\/Hebdo27\/MENV2415662J\">https:\/\/www.education.gouv.fr\/bo\/2024\/Hebdo27\/MENV2415662J<\/a><\/p>\n","protected":false},"excerpt":{"rendered":"<p>&nbsp; Les accueils collectifs de mineurs sont r\u00e9gis par des textes r\u00e9glementaires tels que : le code de l\u2019action sociale et des familles, le code de la sant\u00e9 publique, des d\u00e9crets, des arr\u00eat\u00e9s, des instructions et des circulaires. Consulter les &hellip; <a href=\"https:\/\/site.ac-martinique.fr\/acm972\/reglementation\/\">Continuer la lecture <span class=\"meta-nav\">&rarr;<\/span><\/a><\/p>\n","protected":false},"author":328,"featured_media":0,"parent":0,"menu_order":0,"comment_status":"closed","ping_status":"closed","template":"","meta":{"footnotes":"","_links_to":"","_links_to_target":""},"class_list":["post-339","page","type-page","status-publish","hentry"],"_links":{"self":[{"href":"https:\/\/site.ac-martinique.fr\/acm972\/wp-json\/wp\/v2\/pages\/339","targetHints":{"allow":["GET"]}}],"collection":[{"href":"https:\/\/site.ac-martinique.fr\/acm972\/wp-json\/wp\/v2\/pages"}],"about":[{"href":"https:\/\/site.ac-martinique.fr\/acm972\/wp-json\/wp\/v2\/types\/page"}],"author":[{"embeddable":true,"href":"https:\/\/site.ac-martinique.fr\/acm972\/wp-json\/wp\/v2\/users\/328"}],"replies":[{"embeddable":true,"href":"https:\/\/site.ac-martinique.fr\/acm972\/wp-json\/wp\/v2\/comments?post=339"}],"version-history":[{"count":41,"href":"https:\/\/site.ac-martinique.fr\/acm972\/wp-json\/wp\/v2\/pages\/339\/revisions"}],"predecessor-version":[{"id":1701,"href":"https:\/\/site.ac-martinique.fr\/acm972\/wp-json\/wp\/v2\/pages\/339\/revisions\/1701"}],"wp:attachment":[{"href":"https:\/\/site.ac-martinique.fr\/acm972\/wp-json\/wp\/v2\/media?parent=339"}],"curies":[{"name":"wp","href":"https:\/\/api.w.org\/{rel}","templated":true}]}}