{"id":54,"date":"2022-01-17T22:19:53","date_gmt":"2022-01-18T02:19:53","guid":{"rendered":"https:\/\/site.ac-martinique.fr\/acm972\/?page_id=54"},"modified":"2026-03-20T14:00:53","modified_gmt":"2026-03-20T18:00:53","slug":"pedtplanmercredi","status":"publish","type":"page","link":"https:\/\/site.ac-martinique.fr\/acm972\/pedtplanmercredi\/","title":{"rendered":"Politiques \u00e9ducatives locales"},"content":{"rendered":"\r\n<p><img loading=\"lazy\" decoding=\"async\" class=\"alignnone  wp-image-842\" src=\"https:\/\/site.ac-martinique.fr\/acm972\/wp-content\/uploads\/sites\/113\/2022\/12\/th-1-300x289.jpg\" alt=\"\" width=\"99\" height=\"95\" srcset=\"https:\/\/site.ac-martinique.fr\/acm972\/wp-content\/uploads\/sites\/113\/2022\/12\/th-1-300x289.jpg 300w, https:\/\/site.ac-martinique.fr\/acm972\/wp-content\/uploads\/sites\/113\/2022\/12\/th-1.jpg 474w\" sizes=\"auto, (max-width: 99px) 100vw, 99px\" \/><\/p>\r\n<p style=\"text-align: center;\"><strong>Actualit\u00e9 de la rentr\u00e9e 2025-2026 :<\/strong><\/p>\r\n<p style=\"text-align: center;\"><strong>R\u00e9union d\u2019information &#8220;P\u00e9riscolaire &amp; Continuit\u00e9 \u00e9ducative&#8221;, le 17 octobre 2025 au lyc\u00e9e Schoelcher. <\/strong><\/p>\r\n<p style=\"text-align: center;\">T\u00e9l\u00e9chargez le support visuel de la r\u00e9union :<\/p>\r\n<iframe src=\"\/\/docs.google.com\/viewer?url=https%3A%2F%2Fsite.ac-martinique.fr%2Facm972%2Fwp-content%2Fuploads%2Fsites%2F113%2F2025%2F10%2FREUNION-DRAJES-PLAN-MERCREDI-17-Oct-2025.pptx&hl=fr&embedded=true\" class=\"gde-frame\" style=\"width:100%; height:200px; border: none;\" scrolling=\"no\"><\/iframe>\n<p class=\"gde-text\"><a href=\"https:\/\/site.ac-martinique.fr\/acm972\/wp-content\/uploads\/sites\/113\/2025\/10\/REUNION-DRAJES-PLAN-MERCREDI-17-Oct-2025.pptx\" class=\"gde-link\" onClick=\"_gaq.push(['_trackEvent', 'Google Doc Embedder', 'T\u00e9l\u00e9charger', this.href]);\">T\u00e9l\u00e9charger (PPTX, Inconnu)<\/a><\/p>\r\n<p>&nbsp;<\/p>\r\n<p style=\"text-align: center;\">**********<\/p>\r\n<p style=\"text-align: center;\"><span style=\"font-size: 14pt;\"><strong>Rencontres des acteurs des PEDT : 7 d\u00e9cembre 2023<br \/><\/strong><\/span><\/p>\r\n<p style=\"text-align: center;\">\u00a0\u00a0 <img loading=\"lazy\" decoding=\"async\" class=\"size-medium wp-image-1096 aligncenter\" src=\"https:\/\/site.ac-martinique.fr\/acm972\/wp-content\/uploads\/sites\/113\/2023\/11\/save-the-date-300x170.jpg\" alt=\"\" width=\"300\" height=\"170\" srcset=\"https:\/\/site.ac-martinique.fr\/acm972\/wp-content\/uploads\/sites\/113\/2023\/11\/save-the-date-300x170.jpg 300w, https:\/\/site.ac-martinique.fr\/acm972\/wp-content\/uploads\/sites\/113\/2023\/11\/save-the-date-1024x580.jpg 1024w, https:\/\/site.ac-martinique.fr\/acm972\/wp-content\/uploads\/sites\/113\/2023\/11\/save-the-date-768x435.jpg 768w, https:\/\/site.ac-martinique.fr\/acm972\/wp-content\/uploads\/sites\/113\/2023\/11\/save-the-date.jpg 1280w\" sizes=\"auto, (max-width: 300px) 100vw, 300px\" \/> \u00a0\u00a0\u00a0\u00a0\u00a0\u00a0\u00a0\u00a0\u00a0\u00a0\u00a0\u00a0\u00a0\u00a0\u00a0<\/p>\r\n<p style=\"text-align: center;\">PROGRAMME:\u00a0<\/p>\r\n<p style=\"text-align: center;\"><iframe src=\"\/\/docs.google.com\/viewer?url=https%3A%2F%2Fsite.ac-martinique.fr%2Facm972%2Fwp-content%2Fuploads%2Fsites%2F113%2F2023%2F12%2Fprogramme-pdf.pdf&hl=fr&embedded=true\" class=\"gde-frame\" style=\"width:100%; height:200px; border: none;\" scrolling=\"no\"><\/iframe>\n<p class=\"gde-text\"><a href=\"https:\/\/site.ac-martinique.fr\/acm972\/wp-content\/uploads\/sites\/113\/2023\/12\/programme-pdf.pdf\" class=\"gde-link\" onClick=\"_gaq.push(['_trackEvent', 'Google Doc Embedder', 'T\u00e9l\u00e9charger', this.href]);\">T\u00e9l\u00e9charger (PDF, Inconnu)<\/a><\/p> \u00a0\u00a0\u00a0\u00a0\u00a0\u00a0\u00a0\u00a0\u00a0\u00a0\u00a0\u00a0\u00a0\u00a0\u00a0\u00a0\u00a0\u00a0\u00a0<\/p>\r\n<p>&nbsp;<\/p>\r\n<p><span style=\"font-size: 14pt;\"><strong>Les r\u00e9sultats complets de l&#8217;enqu\u00eate\u00a0 :<\/strong><\/span><\/p>\r\n<iframe src=\"\/\/docs.google.com\/viewer?url=https%3A%2F%2Fsite.ac-martinique.fr%2Facm972%2Fwp-content%2Fuploads%2Fsites%2F113%2F2025%2F09%2Frapport-continuite-educative.pdf&hl=fr&embedded=true\" class=\"gde-frame\" style=\"width:100%; height:200px; border: none;\" scrolling=\"no\"><\/iframe>\n<p class=\"gde-text\"><a href=\"https:\/\/site.ac-martinique.fr\/acm972\/wp-content\/uploads\/sites\/113\/2025\/09\/rapport-continuite-educative.pdf\" class=\"gde-link\" onClick=\"_gaq.push(['_trackEvent', 'Google Doc Embedder', 'T\u00e9l\u00e9charger', this.href]);\">T\u00e9l\u00e9charger (PDF, Inconnu)<\/a><\/p>\r\n<p><strong>T\u00e9l\u00e9chargez la synht\u00e8se de l&#8217;\u00e9tude :\u00a0<\/strong><\/p>\r\n<iframe src=\"\/\/docs.google.com\/viewer?url=https%3A%2F%2Fsite.ac-martinique.fr%2Facm972%2Fwp-content%2Fuploads%2Fsites%2F113%2F2025%2F10%2FFiche-synthese-etude.docx&hl=fr&embedded=true\" class=\"gde-frame\" style=\"width:100%; height:200px; border: none;\" scrolling=\"no\"><\/iframe>\n<p class=\"gde-text\"><a href=\"https:\/\/site.ac-martinique.fr\/acm972\/wp-content\/uploads\/sites\/113\/2025\/10\/Fiche-synthese-etude.docx\" class=\"gde-link\" onClick=\"_gaq.push(['_trackEvent', 'Google Doc Embedder', 'T\u00e9l\u00e9charger', this.href]);\">T\u00e9l\u00e9charger (DOCX, 33KB)<\/a><\/p>\r\n<p>&nbsp;<\/p>\r\n<hr \/>\r\n<p><span style=\"font-size: 14pt;\"><strong>Le projet \u00e9ducatif de territoire (PEDT)<\/strong><\/span><\/p>\r\n<p>La relance des PEDT au niveau national aujourd&#8217;hui, vise \u00e0 inscrire l&#8217;ensemble des acteurs \u00e9ducatifs et diff\u00e9rents partenaires d&#8217;une collectivit\u00e9 dans une d\u00e9marche collaborative ayant pour but de r\u00e9pondre aux d\u00e9fis \u00e9ducatifs du territoire, avec un projet global coh\u00e9rent et de qualit\u00e9, comportant des actions innovantes et prenant en compte l&#8217;ensemble des temps de l&#8217;enfant et du jeune.<\/p>\r\n<p>Le projet \u00e9ducatif de territoire vise notamment \u00e0 favoriser, pendant le temps libre des \u00e9l\u00e8ves, leur \u00e9gal acc\u00e8s aux pratiques et activit\u00e9s culturelles et sportives et aux nouvelles technologies de l&#8217;information et de la communication. Les \u00e9tablissements scolaires et les communes veillent, dans l&#8217;organisation des activit\u00e9s p\u00e9riscolaires \u00e0 caract\u00e8re facultatif, \u00e0 ce que les ressources des familles ne constituent pas un facteur discriminant entre les enfants.<\/p>\r\n<p>L&#8217;\u00e9laboration et la mise en application de ce projet sont suivies par un comit\u00e9 de pilotage local.<\/p>\r\n<p id=\"LEGIARTI000027682987-1\" class=\"name-article\" data-anchor=\"LEGIARTI000027682987\">Le PEDT est organis\u00e9 en application du Code de l&#8217;Education : \u00a0 <a id=\"linkLEGIARTI000027682987-1\" href=\"https:\/\/www.legifrance.gouv.fr\/codes\/article_lc\/LEGIARTI000027682987\">Article L551-1 \u00a0<\/a>et\u00a0 <a href=\"https:\/\/www.legifrance.gouv.fr\/affichCodeArticle.do?cidTexte=LEGITEXT000031366350&amp;idArticle=LEGIARTI000031370107&amp;dateTexte=29990101&amp;categorieLien=cid\">Article R*133-2\u00a0<\/a><\/p>\r\n<p>les orientations \u00e9ducatives les plus souvent cit\u00e9es \u00a0 :<\/p>\r\n<ul>\r\n<li>La compl\u00e9mentarit\u00e9 et la coh\u00e9rence \u00e9ducative des diff\u00e9rents temps de l&#8217;enfant<\/li>\r\n<\/ul>\r\n<ul>\r\n<li>L&#8217;accueil de tous les publics<\/li>\r\n<\/ul>\r\n<ul>\r\n<li>La mise en valeur de la richesse territoriale<\/li>\r\n<\/ul>\r\n<ul>\r\n<li>Le d\u00e9veloppement d&#8217;activit\u00e9s \u00e9ducatives de qualit\u00e9<\/li>\r\n<\/ul>\r\n<p><strong>T\u00e9l\u00e9chargez la fiche synht\u00e8se<\/strong> :\u00a0<\/p>\r\n<iframe src=\"\/\/docs.google.com\/viewer?url=https%3A%2F%2Fsite.ac-martinique.fr%2Facm972%2Fwp-content%2Fuploads%2Fsites%2F113%2F2025%2F10%2FFiche-synthese-PEDT.docx&hl=fr&embedded=true\" class=\"gde-frame\" style=\"width:100%; height:200px; border: none;\" scrolling=\"no\"><\/iframe>\n<p class=\"gde-text\"><a href=\"https:\/\/site.ac-martinique.fr\/acm972\/wp-content\/uploads\/sites\/113\/2025\/10\/Fiche-synthese-PEDT.docx\" class=\"gde-link\" onClick=\"_gaq.push(['_trackEvent', 'Google Doc Embedder', 'T\u00e9l\u00e9charger', this.href]);\">T\u00e9l\u00e9charger (DOCX, 31KB)<\/a><\/p>\r\n<p>&nbsp;<\/p>\r\n<p><span style=\"font-size: 14pt;\"><strong>Comment construire un Projet \u00e9ducatif de Territoire ?<\/strong> <\/span><\/p>\r\n<iframe src=\"\/\/docs.google.com\/viewer?url=https%3A%2F%2Fsite.ac-martinique.fr%2Facm972%2Fwp-content%2Fuploads%2Fsites%2F113%2F2022%2F12%2Fetapes-elaboration-pedt.pdf&hl=fr&embedded=true\" class=\"gde-frame\" style=\"width:100%; height:200px; border: none;\" scrolling=\"no\"><\/iframe>\n<p class=\"gde-text\"><a href=\"https:\/\/site.ac-martinique.fr\/acm972\/wp-content\/uploads\/sites\/113\/2022\/12\/etapes-elaboration-pedt.pdf\" class=\"gde-link\" onClick=\"_gaq.push(['_trackEvent', 'Google Doc Embedder', 'T\u00e9l\u00e9charger', this.href]);\">T\u00e9l\u00e9charger (PDF, Inconnu)<\/a><\/p>\r\n<p>&nbsp;<\/p>\r\n<p><strong>Des outils pour \u00e9valuer son Projet \u00e9ducatif de territoire<\/strong><\/p>\r\n<iframe src=\"\/\/docs.google.com\/viewer?url=https%3A%2F%2Fsite.ac-martinique.fr%2Facm972%2Fwp-content%2Fuploads%2Fsites%2F113%2F2023%2F11%2Fevaluation-PEDT.pdf&hl=fr&embedded=true\" class=\"gde-frame\" style=\"width:100%; height:200px; border: none;\" scrolling=\"no\"><\/iframe>\n<p class=\"gde-text\"><a href=\"https:\/\/site.ac-martinique.fr\/acm972\/wp-content\/uploads\/sites\/113\/2023\/11\/evaluation-PEDT.pdf\" class=\"gde-link\" onClick=\"_gaq.push(['_trackEvent', 'Google Doc Embedder', 'T\u00e9l\u00e9charger', this.href]);\">T\u00e9l\u00e9charger (PDF, Inconnu)<\/a><\/p>\r\n<iframe src=\"\/\/docs.google.com\/viewer?url=https%3A%2F%2Fsite.ac-martinique.fr%2Facm972%2Fwp-content%2Fuploads%2Fsites%2F113%2F2025%2F10%2Foutil-devaluation-PEDT.docx&hl=fr&embedded=true\" class=\"gde-frame\" style=\"width:100%; height:200px; border: none;\" scrolling=\"no\"><\/iframe>\n<p class=\"gde-text\"><a href=\"https:\/\/site.ac-martinique.fr\/acm972\/wp-content\/uploads\/sites\/113\/2025\/10\/outil-devaluation-PEDT.docx\" class=\"gde-link\" onClick=\"_gaq.push(['_trackEvent', 'Google Doc Embedder', 'T\u00e9l\u00e9charger', this.href]);\">T\u00e9l\u00e9charger (DOCX, 29KB)<\/a><\/p>\r\n<p>&nbsp;<\/p>\r\n<p><a href=\"https:\/\/www.jeunes.gouv.fr\/plan-mercredi\"><img loading=\"lazy\" decoding=\"async\" class=\"size-full wp-image-163 aligncenter\" src=\"https:\/\/site.ac-martinique.fr\/acm972\/wp-content\/uploads\/sites\/113\/2022\/01\/logo-planmercredis_1.png\" alt=\"\" width=\"160\" height=\"41\" \/><\/a><\/p>\r\n<p>Le plan mercredi propose des solutions et des financements pour faciliter l\u2019organisation des accueils de loisirs de qualit\u00e9 respectant les principes de la charte qualit\u00e9 \u00ab plan mercredi \u00bb, dans le cadre des Projets \u00e9ducatifs de territoire.<\/p>\r\n<p><span dir=\"ltr\" role=\"presentation\">Il d\u00e9finit un cadre de confiance pour les communes et les parents afin <\/span><span dir=\"ltr\" role=\"presentation\">d\u2019offrir au plus grand nombre d\u2019enfants un accueil de loisirs \u00e9ducatifs de qualit\u00e9 le mercredi. <\/span><\/p>\r\n<p><span dir=\"ltr\" role=\"presentation\">L\u2019\u00c9tat, en <\/span><span dir=\"ltr\" role=\"presentation\">partenariat avec les Caf, accompagne les collectivit\u00e9s pour b\u00e2tir des projets \u00e9ducatifs de territoire<\/span><br role=\"presentation\" \/><span dir=\"ltr\" role=\"presentation\">ambitieux et pour faire du mercredi un temps de r\u00e9ussite et d\u2019\u00e9panouissement pour l\u2019enfant en <\/span><span dir=\"ltr\" role=\"presentation\">coh\u00e9rence avec les enseignements scolaires.<\/span><\/p>\r\n<p><a href=\"https:\/\/www.jeunes.gouv.fr\/plan-mercredi\">En savoir plus <\/a><\/p>\r\n<p><a href=\"http:\/\/planmercredi.education.gouv.fr\/le-plan-de-relance-exemples\"><img loading=\"lazy\" decoding=\"async\" class=\"size-medium wp-image-247 aligncenter\" src=\"https:\/\/site.ac-martinique.fr\/acm972\/wp-content\/uploads\/sites\/113\/2022\/01\/cequichangev2_1-300x247.jpg\" alt=\"\" width=\"300\" height=\"247\" srcset=\"https:\/\/site.ac-martinique.fr\/acm972\/wp-content\/uploads\/sites\/113\/2022\/01\/cequichangev2_1-300x247.jpg 300w, https:\/\/site.ac-martinique.fr\/acm972\/wp-content\/uploads\/sites\/113\/2022\/01\/cequichangev2_1.jpg 350w\" sizes=\"auto, (max-width: 300px) 100vw, 300px\" \/><\/a><\/p>\r\n\r\n\r\n\r\n\r\n\r\n<p><span dir=\"ltr\" role=\"presentation\">Votre collectivit\u00e9 souhaite <\/span><span dir=\"ltr\" role=\"presentation\">solliciter le label \u00ab Plan Mercredi \u00bb ?\u00a0 <\/span><br role=\"presentation\" \/><span dir=\"ltr\" role=\"presentation\">Trois conditions cumulatives<\/span> <span dir=\"ltr\" role=\"presentation\">doivent \u00eatre respect\u00e9es :<\/span><br role=\"presentation\" \/><span dir=\"ltr\" role=\"presentation\">1.<\/span> <span dir=\"ltr\" role=\"presentation\">Organiser un accueil p\u00e9riscolaire d\u00e9clar\u00e9 aupr\u00e8s de la DRAJES,<\/span><br role=\"presentation\" \/><span dir=\"ltr\" role=\"presentation\">2.<\/span> <span dir=\"ltr\" role=\"presentation\">Conclure ou avoir conclu un projet \u00e9ducatif de territoire,<\/span><br role=\"presentation\" \/><span dir=\"ltr\" role=\"presentation\">3.<\/span> <span dir=\"ltr\" role=\"presentation\">S\u2019engager \u00e0 respecter la charte qualit\u00e9 par la signature d&#8217;une convention Plan mercredi. <br \/><\/span><\/p>\r\n<p><strong>T\u00e9l\u00e9chargez la fiche synth\u00e8se &#8220;Plan mercredi&#8221; :<\/strong><\/p>\r\n<iframe src=\"\/\/docs.google.com\/viewer?url=https%3A%2F%2Fsite.ac-martinique.fr%2Facm972%2Fwp-content%2Fuploads%2Fsites%2F113%2F2025%2F10%2FFiche-synthese-Plan-mercredi.docx&hl=fr&embedded=true\" class=\"gde-frame\" style=\"width:100%; height:200px; border: none;\" scrolling=\"no\"><\/iframe>\n<p class=\"gde-text\"><a href=\"https:\/\/site.ac-martinique.fr\/acm972\/wp-content\/uploads\/sites\/113\/2025\/10\/Fiche-synthese-Plan-mercredi.docx\" class=\"gde-link\" onClick=\"_gaq.push(['_trackEvent', 'Google Doc Embedder', 'T\u00e9l\u00e9charger', this.href]);\">T\u00e9l\u00e9charger (DOCX, 44KB)<\/a><\/p>\r\n<p><a href=\"https:\/\/www.jeunes.gouv.fr\/la-charte-qualite-plan-mercredi-1561\">T\u00e9l\u00e9chargez la charte du plan mercredi <\/a><\/p>\r\n<p>&nbsp;<\/p>\r\n<p>Le bureau des PEDT de la DRAJES se tient \u00e0 votre disposition pour toute information compl\u00e9mentaire :<\/p>\r\n<p>\u00a0<a class=\"moz-txt-link-rfc2396E\" href=\"mailto:pedtplanmercredi972@ac-martinique.fr\">drajes-acm@ac-martinique.fr<\/a><\/p>\r\n","protected":false},"excerpt":{"rendered":"<p>Actualit\u00e9 de la rentr\u00e9e 2025-2026 : R\u00e9union d\u2019information &#8220;P\u00e9riscolaire &amp; Continuit\u00e9 \u00e9ducative&#8221;, le 17 octobre 2025 au lyc\u00e9e Schoelcher. T\u00e9l\u00e9chargez le support visuel de la r\u00e9union : &nbsp; ********** Rencontres des acteurs des PEDT : 7 d\u00e9cembre 2023 \u00a0\u00a0 \u00a0\u00a0\u00a0\u00a0\u00a0\u00a0\u00a0\u00a0\u00a0\u00a0\u00a0\u00a0\u00a0\u00a0\u00a0 &hellip; <a href=\"https:\/\/site.ac-martinique.fr\/acm972\/pedtplanmercredi\/\">Continuer la lecture <span class=\"meta-nav\">&rarr;<\/span><\/a><\/p>\n","protected":false},"author":328,"featured_media":0,"parent":0,"menu_order":0,"comment_status":"closed","ping_status":"closed","template":"","meta":{"footnotes":"","_links_to":"","_links_to_target":""},"class_list":["post-54","page","type-page","status-publish","hentry"],"_links":{"self":[{"href":"https:\/\/site.ac-martinique.fr\/acm972\/wp-json\/wp\/v2\/pages\/54","targetHints":{"allow":["GET"]}}],"collection":[{"href":"https:\/\/site.ac-martinique.fr\/acm972\/wp-json\/wp\/v2\/pages"}],"about":[{"href":"https:\/\/site.ac-martinique.fr\/acm972\/wp-json\/wp\/v2\/types\/page"}],"author":[{"embeddable":true,"href":"https:\/\/site.ac-martinique.fr\/acm972\/wp-json\/wp\/v2\/users\/328"}],"replies":[{"embeddable":true,"href":"https:\/\/site.ac-martinique.fr\/acm972\/wp-json\/wp\/v2\/comments?post=54"}],"version-history":[{"count":46,"href":"https:\/\/site.ac-martinique.fr\/acm972\/wp-json\/wp\/v2\/pages\/54\/revisions"}],"predecessor-version":[{"id":1720,"href":"https:\/\/site.ac-martinique.fr\/acm972\/wp-json\/wp\/v2\/pages\/54\/revisions\/1720"}],"wp:attachment":[{"href":"https:\/\/site.ac-martinique.fr\/acm972\/wp-json\/wp\/v2\/media?parent=54"}],"curies":[{"name":"wp","href":"https:\/\/api.w.org\/{rel}","templated":true}]}}