{"id":677,"date":"2022-07-04T17:16:30","date_gmt":"2022-07-04T21:16:30","guid":{"rendered":"https:\/\/site.ac-martinique.fr\/acm972\/?page_id=677"},"modified":"2025-02-05T12:01:22","modified_gmt":"2025-02-05T16:01:22","slug":"coin-des-directeurs","status":"publish","type":"page","link":"https:\/\/site.ac-martinique.fr\/acm972\/coin-des-directeurs\/","title":{"rendered":"Le coin des directeurs"},"content":{"rendered":"<p><strong>La liste des documents \u00e0 pr\u00e9senter lors d&#8217;une visite de contr\u00f4le et d&#8217;\u00e9valuation :<\/strong><\/p>\n<iframe src=\"\/\/docs.google.com\/viewer?url=https%3A%2F%2Fsite.ac-martinique.fr%2Facm972%2Fwp-content%2Fuploads%2Fsites%2F113%2F2023%2F08%2FCheck-list-de-controle.docx&hl=fr&embedded=true\" class=\"gde-frame\" style=\"width:100%; height:200px; border: none;\" scrolling=\"no\"><\/iframe>\n<p class=\"gde-text\"><a href=\"https:\/\/site.ac-martinique.fr\/acm972\/wp-content\/uploads\/sites\/113\/2023\/08\/Check-list-de-controle.docx\" class=\"gde-link\" onClick=\"_gaq.push(['_trackEvent', 'Google Doc Embedder', 'T\u00e9l\u00e9charger', this.href]);\">T\u00e9l\u00e9charger (DOCX, 38KB)<\/a><\/p>\n<p>&nbsp;<\/p>\n<p><span style=\"font-size: 14pt;\"><strong>Documents \u00e0 t\u00e9l\u00e9charger<\/strong> <\/span><\/p>\n<ul>\n<li><strong>Num\u00e9ros d&#8217;urgence \u00e0 afficher<\/strong><\/li>\n<\/ul>\n<iframe src=\"\/\/docs.google.com\/viewer?url=https%3A%2F%2Fsite.ac-martinique.fr%2Facm972%2Fwp-content%2Fuploads%2Fsites%2F113%2F2024%2F07%2Fnumeros-urgences-1.pdf&hl=fr&embedded=true\" class=\"gde-frame\" style=\"width:100%; height:200px; border: none;\" scrolling=\"no\"><\/iframe>\n<p class=\"gde-text\"><a href=\"https:\/\/site.ac-martinique.fr\/acm972\/wp-content\/uploads\/sites\/113\/2024\/07\/numeros-urgences-1.pdf\" class=\"gde-link\" onClick=\"_gaq.push(['_trackEvent', 'Google Doc Embedder', 'T\u00e9l\u00e9charger', this.href]);\">T\u00e9l\u00e9charger (PDF, Inconnu)<\/a><\/p>\n<ul>\n<li><strong>Plan Vigipirate<\/strong><\/li>\n<\/ul>\n<p>Guide vigilance attentats les bons r\u00e9flexes : \u00ab accueil collectifs de mineurs \u00bb :<\/p>\n<iframe src=\"\/\/docs.google.com\/viewer?url=https%3A%2F%2Fsite.ac-martinique.fr%2Facm972%2Fwp-content%2Fuploads%2Fsites%2F113%2F2025%2F02%2FGuide_vigilance_attentat_2024.pdf&hl=fr&embedded=true\" class=\"gde-frame\" style=\"width:100%; height:200px; border: none;\" scrolling=\"no\"><\/iframe>\n<p class=\"gde-text\"><a href=\"https:\/\/site.ac-martinique.fr\/acm972\/wp-content\/uploads\/sites\/113\/2025\/02\/Guide_vigilance_attentat_2024.pdf\" class=\"gde-link\" onClick=\"_gaq.push(['_trackEvent', 'Google Doc Embedder', 'T\u00e9l\u00e9charger', this.href]);\">T\u00e9l\u00e9charger (PDF, Inconnu)<\/a><\/p>\n<p><strong>\u00a0&#8211; les mesures g\u00e9n\u00e9rales de vigilance, de pr\u00e9vention et de protection : <\/strong><\/p>\n<p><a href=\"https:\/\/www.sgdsn.gouv.fr\/vigipirate\/le-plan-vigipirate-faire-face-ensemble\">https:\/\/www.sgdsn.gouv.fr\/vigipirate\/le-plan-vigipirate-faire-face-ensemble<\/a><\/p>\n<p><u>logo \u00ab s\u00e9curit\u00e9 renforc\u00e9e-risque attentat \u00bb\u00a0 doit \u00eatre affich\u00e9 \u00e0 l\u2019entr\u00e9e des sites accueillant du public<\/u><\/p>\n<p>&nbsp;<\/p>\n<ul>\n<li><strong>Convention internationale des droits de l&#8217;enfant<\/strong><\/li>\n<\/ul>\n<div id=\"bloc-version-text-\" class=\"collapse show\" aria-hidden=\"false\" aria-labelledby=\"bloc-version-text-aria-\" data-toggle-scope-versiontxt=\"versiontxt\">\n<div class=\"vp-transcription-content\">\n<div class=\"field field--name-field-transcription field--type-text-long field--label-hidden field__item\">\n<p>La convention internationale des droits de l&#8217;enfant (CIDE) est un trait\u00e9 international adopt\u00e9 \u00e0 l\u2019unanimit\u00e9 par l\u2019assembl\u00e9e g\u00e9n\u00e9rale de l\u2019ONU le 20 novembre 1989 et ratifi\u00e9 aujourd&#8217;hui par 196 pays (les \u00c9tats-Unis ont sign\u00e9 la convention mais ne l\u2019ont pas ratifi\u00e9e) qui\u00a0\u00e9nonce les droits fondamentaux de l\u2019enfant :<\/p>\n<ul>\n<li>le droit \u00e0 l\u2019identit\u00e9 (d\u00e9claration \u00e0 la naissance, droit \u00e0 une nationalit\u00e9, \u00e0 conna\u00eetre ses parents, etc.)<\/li>\n<li>le droit \u00e0 la sant\u00e9<\/li>\n<li>le droit \u00e0 l\u2019\u00e9ducation<\/li>\n<li>le droit \u00e0 la protection (programmes sociaux dans diff\u00e9rents domaines : travail, exploitation sexuelle, drogues, etc.)<\/li>\n<li>le droit \u00e0 la participation (libert\u00e9 d\u2019expression, droit d\u2019\u00eatre entendu dans les proc\u00e9dures judiciaires, etc.)<\/li>\n<\/ul>\n<\/div>\n<\/div>\n<\/div>\n<iframe src=\"\/\/docs.google.com\/viewer?url=https%3A%2F%2Fsite.ac-martinique.fr%2Facm972%2Fwp-content%2Fuploads%2Fsites%2F113%2F2023%2F08%2Fconvention-des-droits-de-lenfant.pdf&hl=fr&embedded=true\" class=\"gde-frame\" style=\"width:100%; height:200px; border: none;\" scrolling=\"no\"><\/iframe>\n<p class=\"gde-text\"><a href=\"https:\/\/site.ac-martinique.fr\/acm972\/wp-content\/uploads\/sites\/113\/2023\/08\/convention-des-droits-de-lenfant.pdf\" class=\"gde-link\" onClick=\"_gaq.push(['_trackEvent', 'Google Doc Embedder', 'T\u00e9l\u00e9charger', this.href]);\">T\u00e9l\u00e9charger (PDF, Inconnu)<\/a><\/p>\n<p style=\"text-align: center;\">Panneau \u00e0 afficher :<\/p>\n<p><a href=\"http:\/\/3.bp.blogspot.com\/-MQy63E3fdOA\/VG4OWHMOF2I\/AAAAAAAABHM\/g8EewS-jZPc\/s1600\/Panneau_pedagogique%2Bconvention.jpg\"><img loading=\"lazy\" decoding=\"async\" class=\"size-medium wp-image-1059 aligncenter\" src=\"https:\/\/site.ac-martinique.fr\/acm972\/wp-content\/uploads\/sites\/113\/2023\/08\/Panneau_pedagogique-convention-214x300.jpg\" alt=\"\" width=\"214\" height=\"300\" srcset=\"https:\/\/site.ac-martinique.fr\/acm972\/wp-content\/uploads\/sites\/113\/2023\/08\/Panneau_pedagogique-convention-214x300.jpg 214w, https:\/\/site.ac-martinique.fr\/acm972\/wp-content\/uploads\/sites\/113\/2023\/08\/Panneau_pedagogique-convention-732x1024.jpg 732w, https:\/\/site.ac-martinique.fr\/acm972\/wp-content\/uploads\/sites\/113\/2023\/08\/Panneau_pedagogique-convention-768x1075.jpg 768w, https:\/\/site.ac-martinique.fr\/acm972\/wp-content\/uploads\/sites\/113\/2023\/08\/Panneau_pedagogique-convention-1097x1536.jpg 1097w, https:\/\/site.ac-martinique.fr\/acm972\/wp-content\/uploads\/sites\/113\/2023\/08\/Panneau_pedagogique-convention.jpg 1143w\" sizes=\"auto, (max-width: 214px) 100vw, 214px\" \/><\/a><\/p>\n<ul>\n<li><strong>Recommandations d\u00e9partementales sp\u00e9cifiques aux ACM de la Martinique<\/strong><\/li>\n<\/ul>\n<iframe src=\"\/\/docs.google.com\/viewer?url=https%3A%2F%2Fsite.ac-martinique.fr%2Facm972%2Fwp-content%2Fuploads%2Fsites%2F113%2F2022%2F07%2Finstructions-ACM-Martinique-2022.pdf&hl=fr&embedded=true\" class=\"gde-frame\" style=\"width:100%; height:200px; border: none;\" scrolling=\"no\"><\/iframe>\n<p class=\"gde-text\"><a href=\"https:\/\/site.ac-martinique.fr\/acm972\/wp-content\/uploads\/sites\/113\/2022\/07\/instructions-ACM-Martinique-2022.pdf\" class=\"gde-link\" onClick=\"_gaq.push(['_trackEvent', 'Google Doc Embedder', 'T\u00e9l\u00e9charger', this.href]);\">T\u00e9l\u00e9charger (PDF, Inconnu)<\/a><\/p>\n<ul>\n<li><strong>Formulaire d&#8217;\u00e9v\u00e9nement grave<\/strong><\/li>\n<\/ul>\n<p>Information et proc\u00e9dures de signalement :<\/p>\n<iframe src=\"\/\/docs.google.com\/viewer?url=https%3A%2F%2Fsite.ac-martinique.fr%2Facm972%2Fwp-content%2Fuploads%2Fsites%2F113%2F2025%2F02%2F2024_EG-jeunesse-et-sports.pdf&hl=fr&embedded=true\" class=\"gde-frame\" style=\"width:100%; height:200px; border: none;\" scrolling=\"no\"><\/iframe>\n<p class=\"gde-text\"><a href=\"https:\/\/site.ac-martinique.fr\/acm972\/wp-content\/uploads\/sites\/113\/2025\/02\/2024_EG-jeunesse-et-sports.pdf\" class=\"gde-link\" onClick=\"_gaq.push(['_trackEvent', 'Google Doc Embedder', 'T\u00e9l\u00e9charger', this.href]);\">T\u00e9l\u00e9charger (PDF, Inconnu)<\/a><\/p>\n<p>Tout \u00e9v\u00e9nement grave doit \u00eatre port\u00e9 \u00e0 la connaissance de la DRAJES avec ce formulaire:<\/p>\n<p><a href=\"https:\/\/site.ac-martinique.fr\/acm972\/gerer-son-acm\/annexe-2-fiche-declaration-evenement-grave-2\/\" rel=\"attachment wp-att-736\"><iframe src=\"\/\/docs.google.com\/viewer?url=https%3A%2F%2Fsite.ac-martinique.fr%2Facm972%2Fwp-content%2Fuploads%2Fsites%2F113%2F2022%2F07%2FAnnexe-2-Fiche-declaration-evenement-grave-1.docx&hl=fr&embedded=true\" class=\"gde-frame\" style=\"width:100%; height:200px; border: none;\" scrolling=\"no\"><\/iframe>\n<p class=\"gde-text\"><a href=\"https:\/\/site.ac-martinique.fr\/acm972\/wp-content\/uploads\/sites\/113\/2022\/07\/Annexe-2-Fiche-declaration-evenement-grave-1.docx\" class=\"gde-link\" onClick=\"_gaq.push(['_trackEvent', 'Google Doc Embedder', 'T\u00e9l\u00e9charger', this.href]);\">T\u00e9l\u00e9charger (DOCX, 39KB)<\/a><\/p><\/a><\/p>\n<ul>\n<li><strong>Mod\u00e8le de fiche sanitaire de liaison<\/strong><\/li>\n<\/ul>\n<p>Attention : il appartient \u00e0 l\u2019organisateur de rassembler les informations sanitaires obligatoires , sous un format qu\u2019il d\u00e9termine, en s\u2019assurant du respect de la confidentialit\u00e9 de ces informations<\/p>\n<p align=\"JUSTIFY\">Les information obligatoires :<\/p>\n<ul>\n<li>\u00a0<a href=\"https:\/\/www.service-public.fr\/particuliers\/vosdroits\/F704\" target=\"_blank\" rel=\"noopener\">vaccinations obligatoires<\/a> ou contre-indications (photocopie de la page vaccination du carnet de sant\u00e9 avec indication du nom de l\u2019enfant). Consulter le <a href=\"https:\/\/www.service-public.fr\/particuliers\/vosdroits\/F724\" target=\"_blank\" rel=\"noopener\">calendrier vaccinal<\/a>. Lorsqu\u2019une ou plusieurs des vaccinations obligatoires font d\u00e9faut, le mineur est provisoirement admis (<a href=\"https:\/\/www.legifrance.gouv.fr\/codes\/article_lc\/LEGIARTI000038190049\" target=\"_blank\" rel=\"noopener\">article R3111-8 du code de la sant\u00e9 publique<\/a>). Le maintien du mineur dans la collectivit\u00e9 d\u2019enfants est subordonn\u00e9 \u00e0 la r\u00e9alisation des vaccinations faisant d\u00e9faut qui peuvent \u00eatre effectu\u00e9es dans les trois mois de l\u2019admission provisoire conform\u00e9ment au calendrier pr\u00e9vu \u00e0 l\u2019article <a href=\"https:\/\/www.legifrance.gouv.fr\/affichCodeArticle.do?cidTexte=LEGITEXT000006072665&amp;idArticle=LEGIARTI000006687777&amp;dateTexte=&amp;categorieLien=cid\" target=\"_blank\" rel=\"noopener\">L. 3111\u20101<\/a><\/li>\n<li>ant\u00e9c\u00e9dents m\u00e9dicaux ou chirurgicaux ou \u00e0 tout autre \u00e9l\u00e9ment d\u2019ordre m\u00e9dical consid\u00e9r\u00e9 par le responsable l\u00e9gal comme susceptible d\u2019avoir des r\u00e9percussions sur le d\u00e9roulement du s\u00e9jour.<\/li>\n<li>pathologies chroniques ou aigu\u00ebs en cours.<\/li>\n<li>autorisation des parents pour les interventions m\u00e9dicales et chirurgicales,<\/li>\n<li>b\u00e9n\u00e9fice \u00e9ventuel de l\u2019assistance m\u00e9dicale gratuite (AMG).<\/li>\n<\/ul>\n<p><u>Si un traitement est \u00e0 prendre durant tout ou partie du s\u00e9jour, les conditions et les modalit\u00e9s d\u2019utilisation des produits devront \u00eatre d\u00e9crites<\/u>. L\u2019ordonnance du m\u00e9decin devra \u00eatre jointe. Les m\u00e9dicaments seront remis au responsable de l\u2019accueil dans leur emballage d\u2019origine avec la notice d\u2019utilisation. Les nom et pr\u00e9nom du mineur devront \u00eatre inscrits sur l\u2019emballage.<\/p>\n<p align=\"JUSTIFY\">L\u2019organisateur et le directeur doivent s\u2019assurer de la confidentialit\u00e9 des informations m\u00e9dicales. En fin de s\u00e9jour, les documents \u00e9ventuellement annot\u00e9s d\u2019informations compl\u00e9mentaires seront obligatoirement restitu\u00e9s \u00e0 la famille.<\/p>\n<iframe src=\"\/\/docs.google.com\/viewer?url=https%3A%2F%2Fsite.ac-martinique.fr%2Facm972%2Fwp-content%2Fuploads%2Fsites%2F113%2F2023%2F08%2Fmodele-fiche-sanitaire-de-liaison.pdf&hl=fr&embedded=true\" class=\"gde-frame\" style=\"width:100%; height:200px; border: none;\" scrolling=\"no\"><\/iframe>\n<p class=\"gde-text\"><a href=\"https:\/\/site.ac-martinique.fr\/acm972\/wp-content\/uploads\/sites\/113\/2023\/08\/modele-fiche-sanitaire-de-liaison.pdf\" class=\"gde-link\" onClick=\"_gaq.push(['_trackEvent', 'Google Doc Embedder', 'T\u00e9l\u00e9charger', this.href]);\">T\u00e9l\u00e9charger (PDF, Inconnu)<\/a><\/p>\n<iframe src=\"\/\/docs.google.com\/viewer?url=https%3A%2F%2Fsite.ac-martinique.fr%2Facm972%2Fwp-content%2Fuploads%2Fsites%2F113%2F2024%2F01%2Ffiche_vaccinations_obligatoires_whv_CMS149.pdf&hl=fr&embedded=true\" class=\"gde-frame\" style=\"width:100%; height:200px; border: none;\" scrolling=\"no\"><\/iframe>\n<p class=\"gde-text\"><a href=\"https:\/\/site.ac-martinique.fr\/acm972\/wp-content\/uploads\/sites\/113\/2024\/01\/fiche_vaccinations_obligatoires_whv_CMS149.pdf\" class=\"gde-link\" onClick=\"_gaq.push(['_trackEvent', 'Google Doc Embedder', 'T\u00e9l\u00e9charger', this.href]);\">T\u00e9l\u00e9charger (PDF, Inconnu)<\/a><\/p>\n<ul>\n<li><strong>Formulaire de demande de d\u00e9rogation pour diriger un ACM de plus de 80 jours et 80 enfants<\/strong><\/li>\n<\/ul>\n<p><a href=\"https:\/\/site.ac-martinique.fr\/acm972\/gerer-son-acm\/imprime-derogation-dir-alps-80jours\/\" rel=\"attachment wp-att-734\"><iframe src=\"\/\/docs.google.com\/viewer?url=https%3A%2F%2Fsite.ac-martinique.fr%2Facm972%2Fwp-content%2Fuploads%2Fsites%2F113%2F2022%2F07%2FIMPRIME-DEROGATION-DIR-ALPS-80jours.doc&hl=fr&embedded=true\" class=\"gde-frame\" style=\"width:100%; height:200px; border: none;\" scrolling=\"no\"><\/iframe>\n<p class=\"gde-text\"><a href=\"https:\/\/site.ac-martinique.fr\/acm972\/wp-content\/uploads\/sites\/113\/2022\/07\/IMPRIME-DEROGATION-DIR-ALPS-80jours.doc\" class=\"gde-link\" onClick=\"_gaq.push(['_trackEvent', 'Google Doc Embedder', 'T\u00e9l\u00e9charger', this.href]);\">T\u00e9l\u00e9charger (DOC, 32KB)<\/a><\/p><\/a><\/p>\n<ul>\n<li><strong>Formulaire de d\u00e9claration d&#8217;un nouveau local <\/strong><\/li>\n<\/ul>\n<p><a href=\"http:\/\/\n&lt;div class=&quot;gde-error&quot;&gt;GDE Erreur: L&#039;URL requise n&#039;est pas valide&lt;\/div&gt;\n\"><iframe src=\"\/\/docs.google.com\/viewer?url=https%3A%2F%2Fsite.ac-martinique.fr%2Facm972%2Fwp-content%2Fuploads%2Fsites%2F113%2F2022%2F10%2Fdeclaration-nouveau-local.docx&hl=fr&embedded=true\" class=\"gde-frame\" style=\"width:100%; height:200px; border: none;\" scrolling=\"no\"><\/iframe>\n<p class=\"gde-text\"><a href=\"https:\/\/site.ac-martinique.fr\/acm972\/wp-content\/uploads\/sites\/113\/2022\/10\/declaration-nouveau-local.docx\" class=\"gde-link\" onClick=\"_gaq.push(['_trackEvent', 'Google Doc Embedder', 'T\u00e9l\u00e9charger', this.href]);\">T\u00e9l\u00e9charger (DOCX, 30KB)<\/a><\/p><\/a><\/p>\n<ul>\n<li><strong>Attestation de &#8220;pass-nautique&#8221;<\/strong><\/li>\n<\/ul>\n<iframe src=\"\/\/docs.google.com\/viewer?url=https%3A%2F%2Fsite.ac-martinique.fr%2Facm972%2Fwp-content%2Fuploads%2Fsites%2F113%2F2022%2F12%2Fmodele-attestation-test-nautique.doc&hl=fr&embedded=true\" class=\"gde-frame\" style=\"width:100%; height:200px; border: none;\" scrolling=\"no\"><\/iframe>\n<p class=\"gde-text\"><a href=\"https:\/\/site.ac-martinique.fr\/acm972\/wp-content\/uploads\/sites\/113\/2022\/12\/modele-attestation-test-nautique.doc\" class=\"gde-link\" onClick=\"_gaq.push(['_trackEvent', 'Google Doc Embedder', 'T\u00e9l\u00e9charger', this.href]);\">T\u00e9l\u00e9charger (DOC, 11KB)<\/a><\/p>\n<ul>\n<li><strong>Liste des \u00e9quivalences<br \/>\n<\/strong><iframe src=\"\/\/docs.google.com\/viewer?url=https%3A%2F%2Fsite.ac-martinique.fr%2Facm972%2Fwp-content%2Fuploads%2Fsites%2F113%2F2023%2F05%2FListe-diplomes.pdf&hl=fr&embedded=true\" class=\"gde-frame\" style=\"width:100%; height:200px; border: none;\" scrolling=\"no\"><\/iframe>\n<p class=\"gde-text\"><a href=\"https:\/\/site.ac-martinique.fr\/acm972\/wp-content\/uploads\/sites\/113\/2023\/05\/Liste-diplomes.pdf\" class=\"gde-link\" onClick=\"_gaq.push(['_trackEvent', 'Google Doc Embedder', 'T\u00e9l\u00e9charger', this.href]);\">T\u00e9l\u00e9charger (PDF, Inconnu)<\/a><\/p><\/li>\n<\/ul>\n<p>&nbsp;<\/p>\n<ul>\n<li><strong>Liste des h\u00e9bergements agr\u00e9es pour l&#8217;h\u00e9bergement de mineurs en ACM<\/strong><\/li>\n<\/ul>\n<iframe src=\"\/\/docs.google.com\/viewer?url=https%3A%2F%2Fsite.ac-martinique.fr%2Facm972%2Fwp-content%2Fuploads%2Fsites%2F113%2F2023%2F06%2FLocaux-avec-hebergement-130623.xls&hl=fr&embedded=true\" class=\"gde-frame\" style=\"width:100%; height:200px; border: none;\" scrolling=\"no\"><\/iframe>\n<p class=\"gde-text\"><a href=\"https:\/\/site.ac-martinique.fr\/acm972\/wp-content\/uploads\/sites\/113\/2023\/06\/Locaux-avec-hebergement-130623.xls\" class=\"gde-link\" onClick=\"_gaq.push(['_trackEvent', 'Google Doc Embedder', 'T\u00e9l\u00e9charger', this.href]);\">T\u00e9l\u00e9charger (XLS, 10KB)<\/a><\/p>\n","protected":false},"excerpt":{"rendered":"<p>La liste des documents \u00e0 pr\u00e9senter lors d&#8217;une visite de contr\u00f4le et d&#8217;\u00e9valuation : &nbsp; Documents \u00e0 t\u00e9l\u00e9charger Num\u00e9ros d&#8217;urgence \u00e0 afficher Plan Vigipirate Guide vigilance attentats les bons r\u00e9flexes : \u00ab accueil collectifs de mineurs \u00bb : \u00a0&#8211; les &hellip; <a href=\"https:\/\/site.ac-martinique.fr\/acm972\/coin-des-directeurs\/\">Continuer la lecture <span class=\"meta-nav\">&rarr;<\/span><\/a><\/p>\n","protected":false},"author":328,"featured_media":0,"parent":0,"menu_order":0,"comment_status":"closed","ping_status":"closed","template":"","meta":{"footnotes":"","_links_to":"","_links_to_target":""},"class_list":["post-677","page","type-page","status-publish","hentry"],"_links":{"self":[{"href":"https:\/\/site.ac-martinique.fr\/acm972\/wp-json\/wp\/v2\/pages\/677","targetHints":{"allow":["GET"]}}],"collection":[{"href":"https:\/\/site.ac-martinique.fr\/acm972\/wp-json\/wp\/v2\/pages"}],"about":[{"href":"https:\/\/site.ac-martinique.fr\/acm972\/wp-json\/wp\/v2\/types\/page"}],"author":[{"embeddable":true,"href":"https:\/\/site.ac-martinique.fr\/acm972\/wp-json\/wp\/v2\/users\/328"}],"replies":[{"embeddable":true,"href":"https:\/\/site.ac-martinique.fr\/acm972\/wp-json\/wp\/v2\/comments?post=677"}],"version-history":[{"count":34,"href":"https:\/\/site.ac-martinique.fr\/acm972\/wp-json\/wp\/v2\/pages\/677\/revisions"}],"predecessor-version":[{"id":1482,"href":"https:\/\/site.ac-martinique.fr\/acm972\/wp-json\/wp\/v2\/pages\/677\/revisions\/1482"}],"wp:attachment":[{"href":"https:\/\/site.ac-martinique.fr\/acm972\/wp-json\/wp\/v2\/media?parent=677"}],"curies":[{"name":"wp","href":"https:\/\/api.w.org\/{rel}","templated":true}]}}