{"id":826,"date":"2022-12-09T09:03:40","date_gmt":"2022-12-09T13:03:40","guid":{"rendered":"https:\/\/site.ac-martinique.fr\/acm972\/?page_id=826"},"modified":"2025-06-12T09:58:43","modified_gmt":"2025-06-12T13:58:43","slug":"le-coin-des-petits","status":"publish","type":"page","link":"https:\/\/site.ac-martinique.fr\/acm972\/le-coin-des-petits\/","title":{"rendered":"Le coin des petits"},"content":{"rendered":"<p>Cette rubrique fait le point sur le cadre r\u00e9glementaire applicable \u00e0 l&#8217;accueil des enfants de moins de 6 ans, et propose des articles et des informations pratiques pour mieux appr\u00e9hender ce public.<\/p>\n<p style=\"text-align: center;\">***********<\/p>\n<p><img loading=\"lazy\" decoding=\"async\" class=\"size-medium wp-image-1260 aligncenter\" src=\"https:\/\/site.ac-martinique.fr\/acm972\/wp-content\/uploads\/sites\/113\/2024\/02\/pexels-kasuma-106258-300x200.jpg\" alt=\"\" width=\"300\" height=\"200\" srcset=\"https:\/\/site.ac-martinique.fr\/acm972\/wp-content\/uploads\/sites\/113\/2024\/02\/pexels-kasuma-106258-300x200.jpg 300w, https:\/\/site.ac-martinique.fr\/acm972\/wp-content\/uploads\/sites\/113\/2024\/02\/pexels-kasuma-106258-1024x683.jpg 1024w, https:\/\/site.ac-martinique.fr\/acm972\/wp-content\/uploads\/sites\/113\/2024\/02\/pexels-kasuma-106258-768x512.jpg 768w, https:\/\/site.ac-martinique.fr\/acm972\/wp-content\/uploads\/sites\/113\/2024\/02\/pexels-kasuma-106258-1536x1024.jpg 1536w, https:\/\/site.ac-martinique.fr\/acm972\/wp-content\/uploads\/sites\/113\/2024\/02\/pexels-kasuma-106258-2048x1365.jpg 2048w, https:\/\/site.ac-martinique.fr\/acm972\/wp-content\/uploads\/sites\/113\/2024\/02\/pexels-kasuma-106258-1320x880.jpg 1320w\" sizes=\"auto, (max-width: 300px) 100vw, 300px\" \/><\/p>\n<p style=\"text-align: justify;\">La ligue de Natation de Martinique organise r\u00e9guli\u00e8rement des\u00a0 <em><strong>Stages Bleu<\/strong><\/em> a l&#8217;intention des enfants (\u00e2g\u00e9s de 4 \u00e0 6 ans) des associations, de centres de loisirs, de vacances .<\/p>\n<p style=\"text-align: justify;\">L\u2019Aisance Aquatique est une approche r\u00e9nov\u00e9e du milieu aquatique et avance des solutions concr\u00e8tes pour faciliter la familiarisation avec l\u2019eau d\u00e8s le plus jeune \u00e2ge, favoriser l\u2019apprentissage de la natation et, ainsi, mieux pr\u00e9venir les risques de noyade.<\/p>\n<p style=\"text-align: justify;\">L\u2019Aisance Aquatique est \u00e0 distinguer de l\u2019apprentissage de la natation et des nages codifi\u00e9es. Cette d\u00e9marche est \u00e0 destination des 4-6 ans en temps scolaire, p\u00e9riscolaire ou extrascolaire.<\/p>\n<p style=\"text-align: justify;\">Des \u00ab classes bleues \u00bb sont ainsi organis\u00e9es en milieu scolaire pour les enfants de 4 \u00e0 6 ans et des \u00ab Stages Bleus \u00bb en extrascolaire \u00ab sous forme de stage \u00bb avec 8 s\u00e9ances dans l\u2019eau, r\u00e9parties sur 1 ou 2 semaines selon les cas. Il s\u2019agit d\u2019une pratique intensive, qui vise \u00e0 densifier les s\u00e9ances en augmentant le temps effectif dans l\u2019eau, sans mat\u00e9riel d\u2019aide \u00e0 la flottaison, en grande profondeur, gr\u00e2ce \u00e0 une p\u00e9dagogie active adapt\u00e9e.<\/p>\n<p>L&#8217;Aisance Aquatique est un dispositif du minist\u00e8re qui rentre dans le plan de lutte contre les noyades.<\/p>\n<p>p\u00e9riode :<span style=\"font-size: 12pt; font-family: georgia, palatino, serif;\"> \u00a0du mardi 15 au vendredi 18 juillet et du lundi 21 au vendredi 25 juillet 2025.<\/span><\/p>\n<p>contact :<\/p>\n<div><span style=\"font-size: 12pt;\"><span lang=\"FR\"> la Ligue de Natation de Martinique<br \/>\n<\/span><\/span><\/div>\n<div><span style=\"font-size: 12pt;\"><span lang=\"FR\">Ga\u00ebl PINCEAU<\/span><\/span><\/div>\n<div><span style=\"font-size: 12pt;\"><span lang=\"FR\">0696 202 201<\/span><\/span><\/div>\n<div><a class=\"moz-txt-link-rfc2396E\" href=\"mailto:lnm972developpement@gmail.com\"><span style=\"font-size: 12pt;\">lnm972developpement@gmail.com<\/span><\/a><\/div>\n<p style=\"text-align: center;\">\n<h1 style=\"text-align: center;\"><span style=\"font-size: 12pt;\">***********<\/span><\/h1>\n<h1 class=\"western\" style=\"text-align: center;\"><span style=\"font-size: 18pt;\"><strong>R\u00e9glementation des accueils de mineurs de moins de 6 ans<\/strong><\/span><\/h1>\n<p>L\u2019accueil collectif d\u2019enfants de moins de 6 ans est soumis \u00e0 autorisation pr\u00e9alable du pr\u00e9fet (via la DRAJES) qui saisit le pr\u00e9sident de la CTM en vue de la consultation du m\u00e9decin responsable du service de PMI (protection maternelle infantile).<\/p>\n<p><i>Les mineurs de moins de 6 ans rel\u00e8vent des dispositions des articles <a href=\"https:\/\/www.legifrance.gouv.fr\/affichCodeArticle.do?cidTexte=LEGITEXT000006072665&amp;idArticle=LEGIARTI000006687615\" target=\"_blank\" rel=\"noopener\">L.2324-1<\/a>, <a href=\"https:\/\/www.legifrance.gouv.fr\/affichCodeArticle.do?cidTexte=LEGITEXT000006072665&amp;idArticle=LEGIARTI000006911602&amp;dateTexte=&amp;categorieLien=cid\" target=\"_blank\" rel=\"noopener\">R2324-10<\/a>, <a href=\"https:\/\/www.legifrance.gouv.fr\/affichCodeArticle.do;jsessionid=4599A1C5FE19411459ACCE49BF817ABE.tplgfr35s_3?idArticle=LEGIARTI000028250894&amp;cidTexte=LEGITEXT000006072665&amp;dateTexte=20190119&amp;categorieLien=id&amp;oldAction=&amp;nbResultRech=\" target=\"_blank\" rel=\"noopener\">R2324-11<\/a>, <a href=\"https:\/\/www.legifrance.gouv.fr\/affichCodeArticle.do;jsessionid=4599A1C5FE19411459ACCE49BF817ABE.tplgfr35s_3?idArticle=LEGIARTI000020739889&amp;cidTexte=LEGITEXT000006072665&amp;dateTexte=20190119&amp;categorieLien=id&amp;oldAction=&amp;nbResultRech=\" target=\"_blank\" rel=\"noopener\">R2324-12<\/a>, <a href=\"https:\/\/www.legifrance.gouv.fr\/affichCodeArticle.do;jsessionid=4599A1C5FE19411459ACCE49BF817ABE.tplgfr35s_3?idArticle=LEGIARTI000028250891&amp;cidTexte=LEGITEXT000006072665&amp;dateTexte=20190119&amp;categorieLien=id&amp;oldAction=&amp;nbResultRech=\" target=\"_blank\" rel=\"noopener\">R2324-13<\/a> du code de la sant\u00e9 publique, ainsi que celles des articles <\/i><i><a href=\"https:\/\/www.legifrance.gouv.fr\/affichCodeArticle.do?cidTexte=LEGITEXT000006074069&amp;idArticle=LEGIARTI000006796917&amp;dateTexte=&amp;categorieLien=cid\" target=\"_blank\" rel=\"noopener\">L.227-4<\/a> \u00e0 L227-12 et R227-1 \u00e0 30 du code de l\u2019action sociale et des familles et des arr\u00eat\u00e9s pris pour leur application.<\/i><\/p>\n<p>L\u2019avis du m\u00e9decin PMI porte sur les conditions d\u2019accueil des enfants de moins de 6 ans\u00a0: l\u2019adaptation aux besoins et aux rythmes de vie des enfants, des locaux, des modalit\u00e9s d\u2019organisation et de fonctionnement de l\u2019accueil.<\/p>\n<p class=\"western\" align=\"justify\">Un formulaire technique sp\u00e9cifique \u00e0 l\u2019accueil des moins de 6 ans, dit <strong>&#8220;dossier promoteur&#8221;<\/strong>\u00a0 doit \u00eatre renseign\u00e9 par l\u2019organisateur et transmis au bureau des ACM de la DRAJES, qui le communique au service de la PMI.<\/p>\n<p style=\"text-align: center;\" align=\"justify\"><strong>Le dossier promoteur est \u00e0 retirer aupr\u00e8s du bureau des ACM, \u00e0 l&#8217;adresse :<br \/>\n<\/strong><\/p>\n<p style=\"text-align: center;\" align=\"justify\"><strong>drajes-acm@ac-martinique.fr<\/strong><\/p>\n<p class=\"western\" align=\"justify\">Une visite sur site permet de v\u00e9rifier que les locaux et le projet sont adapt\u00e9s \u00e0 l\u2019accueil des maternels. Un avis d\u00e9finissant une capacit\u00e9 maximale d\u2019accueil assorti de pr\u00e9conisations accompagne l\u2019autorisation d\u2019accueil de la DRAJES qui est transmis \u00e0 l\u2019organisateur.<\/p>\n<p align=\"justify\"><strong>N.B : l&#8217;autorisation d&#8217;ouverture prononc\u00e9e par la DRAJES est d\u00e9livr\u00e9e sur un avis favorable du m\u00e9decin de la PMI, au plus tard 3 mois avant l&#8217;ouverture de l&#8217;accueil. Les visites de la PMI son r\u00e9alis\u00e9es uniquement dans une p\u00e9riode comprise entre le 1er septembre et le 31 d\u00e9cembre.<\/strong><\/p>\n<p><em><strong>Les moins de 6 ans<\/strong><\/em><\/p>\n<p class=\"western\" align=\"justify\">Une attention et une \u00e9coute particuli\u00e8res doivent \u00eatre accord\u00e9es aux parents des plus petits et \u00e0 leurs attentes concernant l\u2019accueil de leurs enfants. Il importe de recueillir un maximum d\u2019informations sur le rythme de l\u2019enfant et ses habitudes. Au sein du groupe d\u2019enfants, il est n\u00e9cessaire de porter attention \u00e0 chacun. Les projets \u00e9ducatif et p\u00e9dagogique doivent prendre en compte de mani\u00e8re sp\u00e9cifique les besoins des enfants de moins de six ans, et d\u00e9finir de mani\u00e8re explicite les apprentissages pr\u00e9vus pendant la p\u00e9riode d&#8217;accueil.<\/p>\n<p align=\"justify\"><em><strong>Encadrement<\/strong><\/em><\/p>\n<ul>\n<li class=\"western\">la norme minimale d\u2019encadrement est d\u2019un animateur pour huit enfants. En aucun cas, et quel que soit le nombre d\u2019enfants, cette personne ne doit pas rester seule : il faudra toujours pr\u00e9voir deux personnes minimum pour encadrer les plus jeunes,<\/li>\n<li class=\"western\">le taux d\u2019encadrement doit \u00eatre renforc\u00e9 pour les sorties et certaines activit\u00e9s (ex : piscine), en faisant appel aux parents, \u00e0 des b\u00e9n\u00e9voles.<\/li>\n<\/ul>\n<p class=\"western\" align=\"justify\"><em>Il est souhaitable que les animateurs soient exp\u00e9riment\u00e9s et, si possible, qu\u2019ils aient une formation ou une exp\u00e9rience petite enfance.<\/em><\/p>\n<p align=\"justify\"><em><strong>Locaux<\/strong><\/em><\/p>\n<ul>\n<li class=\"western\">Identifier des locaux sp\u00e9cifiques pour les petits, ou am\u00e9nager l\u2019espace de telle fa\u00e7on qu\u2019un endroit sp\u00e9cifique soit r\u00e9serv\u00e9 aux plus jeunes,<\/li>\n<li class=\"western\">les locaux des petits doivent \u00eatre accessibles (\u00e9viter les \u00e9tages) et faciles \u00e0 rep\u00e9rer pour les plus jeunes,<\/li>\n<li class=\"western\">am\u00e9nager ces locaux avec du mobilier et des \u00e9quipements adapt\u00e9s,<br \/>\net les s\u00e9curiser.<\/li>\n<\/ul>\n<p class=\"western\">Exemple : dispositifs anti-pince doigts, prises de courant de s\u00e9curit\u00e9, hauteur des WC et lavabos adapt\u00e9s aux enfants, tables et chaises adapt\u00e9es en hauteur, point d\u2019eau \u00e0 proximit\u00e9 des diff\u00e9rents lieux occup\u00e9s par les enfants, douche ou douchette,\u2026<\/p>\n<ul>\n<li class=\"western\">disposer d\u2019une salle de repos ou dortoir est indispensable,<\/li>\n<li class=\"western\">r\u00e9server un espace ext\u00e9rieur aux plus jeunes et l\u2019am\u00e9nager en fonction de leurs activit\u00e9s propres. Les jeux doivent r\u00e9pondre aux normes fix\u00e9es par le constructeur (contacter le service consommation et r\u00e9pression des fraudes).<\/li>\n<\/ul>\n<p style=\"text-align: center;\">***********<\/p>\n<h1 class=\"nova-legacy-e-text nova-legacy-e-text--size-xl nova-legacy-e-text--family-display nova-legacy-e-text--spacing-none nova-legacy-e-text--color-grey-900 research-detail-header-section__title\" style=\"text-align: center;\"><strong><span style=\"font-size: 14pt;\">Les jeunes enfants et les \u00e9crans<\/span><\/strong><\/h1>\n<p style=\"text-align: justify;\">Cet article fait le point sur les connaissances \u00e9tablies sur les effets des \u00e9crans sur le d\u00e9veloppement des jeunes enfants (0-3 ans). L&#8217;utilisation des \u00e9crans passifs pendant la petite enfance est associ\u00e9e a un impact n\u00e9gatif sur le d\u00e9veloppement des enfants dans le domaine physique, socio-\u00e9motionnel ou cognitif. Quelques \u00e9l\u00e9ments positifs sont not\u00e9s dans des cadres d&#8217;utilisation tr\u00e8s sp\u00e9cifiques. Les effets sont donc majoritairement n\u00e9gatifs. La recherche sur les \u00e9crans interactifs en est encore \u00e0 ses d\u00e9but. On note que ces \u00e9crans sont donn\u00e9s aux enfants les plus difficiles pour les calmer ou les occuper. L&#8217;impact sur le d\u00e9veloppement est encore largement inconnu. Les m\u00e9canismes d&#8217;actions des \u00e9crans sur le d\u00e9veloppement des enfants sont d\u00e9crits. Enfin, \u00e0 partir de ces connaissances, quelques recommandations sont faites aux parents.<\/p>\n<iframe src=\"\/\/docs.google.com\/viewer?url=https%3A%2F%2Fsite.ac-martinique.fr%2Facm972%2Fwp-content%2Fuploads%2Fsites%2F113%2F2024%2F01%2FYann-Leroux-Lesjeunesenfantsetlescrans.pdf&hl=fr&embedded=true\" class=\"gde-frame\" style=\"width:100%; height:200px; border: none;\" scrolling=\"no\"><\/iframe>\n<p class=\"gde-text\"><a href=\"https:\/\/site.ac-martinique.fr\/acm972\/wp-content\/uploads\/sites\/113\/2024\/01\/Yann-Leroux-Lesjeunesenfantsetlescrans.pdf\" class=\"gde-link\" onClick=\"_gaq.push(['_trackEvent', 'Google Doc Embedder', 'T\u00e9l\u00e9charger', this.href]);\">T\u00e9l\u00e9charger (PDF, Inconnu)<\/a><\/p>\n","protected":false},"excerpt":{"rendered":"<p>Cette rubrique fait le point sur le cadre r\u00e9glementaire applicable \u00e0 l&#8217;accueil des enfants de moins de 6 ans, et propose des articles et des informations pratiques pour mieux appr\u00e9hender ce public. *********** La ligue de Natation de Martinique organise &hellip; <a href=\"https:\/\/site.ac-martinique.fr\/acm972\/le-coin-des-petits\/\">Continuer la lecture <span class=\"meta-nav\">&rarr;<\/span><\/a><\/p>\n","protected":false},"author":328,"featured_media":0,"parent":0,"menu_order":0,"comment_status":"closed","ping_status":"closed","template":"","meta":{"footnotes":"","_links_to":"","_links_to_target":""},"class_list":["post-826","page","type-page","status-publish","hentry"],"_links":{"self":[{"href":"https:\/\/site.ac-martinique.fr\/acm972\/wp-json\/wp\/v2\/pages\/826","targetHints":{"allow":["GET"]}}],"collection":[{"href":"https:\/\/site.ac-martinique.fr\/acm972\/wp-json\/wp\/v2\/pages"}],"about":[{"href":"https:\/\/site.ac-martinique.fr\/acm972\/wp-json\/wp\/v2\/types\/page"}],"author":[{"embeddable":true,"href":"https:\/\/site.ac-martinique.fr\/acm972\/wp-json\/wp\/v2\/users\/328"}],"replies":[{"embeddable":true,"href":"https:\/\/site.ac-martinique.fr\/acm972\/wp-json\/wp\/v2\/comments?post=826"}],"version-history":[{"count":16,"href":"https:\/\/site.ac-martinique.fr\/acm972\/wp-json\/wp\/v2\/pages\/826\/revisions"}],"predecessor-version":[{"id":1559,"href":"https:\/\/site.ac-martinique.fr\/acm972\/wp-json\/wp\/v2\/pages\/826\/revisions\/1559"}],"wp:attachment":[{"href":"https:\/\/site.ac-martinique.fr\/acm972\/wp-json\/wp\/v2\/media?parent=826"}],"curies":[{"name":"wp","href":"https:\/\/api.w.org\/{rel}","templated":true}]}}