{"id":1124,"date":"2021-06-15T07:32:25","date_gmt":"2021-06-15T12:32:25","guid":{"rendered":"https:\/\/site.ac-martinique.fr\/anglais\/?page_id=1124"},"modified":"2022-03-22T13:39:57","modified_gmt":"2022-03-22T18:39:57","slug":"concours-denseignants","status":"publish","type":"page","link":"https:\/\/site.ac-martinique.fr\/anglais\/?page_id=1124","title":{"rendered":"Concours d&rsquo;enseignants"},"content":{"rendered":"\n<p><\/p>\n\n\n<div class=\"su-service\"><div class=\"su-service-title\" style=\"padding-left:36px;min-height:22px;line-height:22px\"><i class=\"sui sui-star\" style=\"font-size:22px;color:#333\"><\/i> CAPES<\/div><div class=\"su-service-content su-u-clearfix su-u-trim\" style=\"padding-left:36px\"><\/div><\/div>\n\n\n\n<p>Pr\u00e9sentation du concours du CAPES (externe \/ interne \/ 3\u00e8me): d\u00e9roulement des \u00e9preuves, calendrier, programmes et rapports de jury<\/p>\n\n\n\n<p> <a rel=\"noreferrer noopener\" href=\"https:\/\/www.devenirenseignant.gouv.fr\/pid33985\/enseigner-college-lycee-general-capes.html\" target=\"_blank\">https:\/\/www.devenirenseignant.gouv.fr\/pid33985\/enseigner-college-lycee-general-capes.html<\/a><\/p>\n\n\n\n<p><\/p>\n\n\n<div class=\"su-service\"><div class=\"su-service-title\" style=\"padding-left:36px;min-height:22px;line-height:22px\"><i class=\"sui sui-star\" style=\"font-size:22px;color:#333\"><\/i> AGR\u00c9GATION<\/div><div class=\"su-service-content su-u-clearfix su-u-trim\" style=\"padding-left:36px\"><\/div><\/div>\n\n\n\n<p>Pr\u00e9sentation du concours de l&rsquo;agr\u00e9gation: d\u00e9roulement des \u00e9preuves, calendrier, programmes et rapports de jury <\/p>\n\n\n\n<p><a href=\"https:\/\/www.devenirenseignant.gouv.fr\/pid33987\/enseigner-dans-les-classes-preparatoires-agregation.html\" target=\"_blank\" rel=\"noreferrer noopener\">https:\/\/www.devenirenseignant.gouv.fr\/pid33987\/enseigner-dans-les-classes-preparatoires-agregation.html<\/a><\/p>\n\n\n\n<p><\/p>\n\n\n\n<p><\/p>\n","protected":false},"excerpt":{"rendered":"<p>Pr\u00e9sentation du concours du CAPES (externe \/ interne \/ 3\u00e8me): d\u00e9roulement des \u00e9preuves, calendrier, programmes et rapports de jury https:\/\/www.devenirenseignant.gouv.fr\/pid33985\/enseigner-college-lycee-general-capes.html Pr\u00e9sentation du concours de l&rsquo;agr\u00e9gation: d\u00e9roulement des \u00e9preuves, calendrier, programmes et rapports de jury https:\/\/www.devenirenseignant.gouv.fr\/pid33987\/enseigner-dans-les-classes-preparatoires-agregation.html<\/p>\n","protected":false},"author":237,"featured_media":0,"parent":801,"menu_order":0,"comment_status":"closed","ping_status":"closed","template":"","meta":{"footnotes":""},"class_list":["post-1124","page","type-page","status-publish","hentry"],"_links":{"self":[{"href":"https:\/\/site.ac-martinique.fr\/anglais\/index.php?rest_route=\/wp\/v2\/pages\/1124","targetHints":{"allow":["GET"]}}],"collection":[{"href":"https:\/\/site.ac-martinique.fr\/anglais\/index.php?rest_route=\/wp\/v2\/pages"}],"about":[{"href":"https:\/\/site.ac-martinique.fr\/anglais\/index.php?rest_route=\/wp\/v2\/types\/page"}],"author":[{"embeddable":true,"href":"https:\/\/site.ac-martinique.fr\/anglais\/index.php?rest_route=\/wp\/v2\/users\/237"}],"replies":[{"embeddable":true,"href":"https:\/\/site.ac-martinique.fr\/anglais\/index.php?rest_route=%2Fwp%2Fv2%2Fcomments&post=1124"}],"version-history":[{"count":2,"href":"https:\/\/site.ac-martinique.fr\/anglais\/index.php?rest_route=\/wp\/v2\/pages\/1124\/revisions"}],"predecessor-version":[{"id":1128,"href":"https:\/\/site.ac-martinique.fr\/anglais\/index.php?rest_route=\/wp\/v2\/pages\/1124\/revisions\/1128"}],"up":[{"embeddable":true,"href":"https:\/\/site.ac-martinique.fr\/anglais\/index.php?rest_route=\/wp\/v2\/pages\/801"}],"wp:attachment":[{"href":"https:\/\/site.ac-martinique.fr\/anglais\/index.php?rest_route=%2Fwp%2Fv2%2Fmedia&parent=1124"}],"curies":[{"name":"wp","href":"https:\/\/api.w.org\/{rel}","templated":true}]}}