{"id":1188,"date":"2021-06-15T17:09:00","date_gmt":"2021-06-15T22:09:00","guid":{"rendered":"https:\/\/site.ac-martinique.fr\/anglais\/?page_id=1188"},"modified":"2023-08-26T10:41:50","modified_gmt":"2023-08-26T15:41:50","slug":"certications","status":"publish","type":"page","link":"https:\/\/site.ac-martinique.fr\/anglais\/?page_id=1188","title":{"rendered":"Certifications"},"content":{"rendered":"<ul class=\"wp-block-latest-posts__list tw-heading-size-medium is-style-tw-posts-border tw-stretched-link tw-hide-more-link wp-block-latest-posts\"><li><div class=\"wp-block-latest-posts__featured-image alignleft\"><img loading=\"lazy\" decoding=\"async\" width=\"300\" height=\"125\" src=\"https:\/\/site.ac-martinique.fr\/anglais\/wp-content\/uploads\/sites\/92\/2023\/11\/Capture-decran-2023-11-03-162431-300x125.png\" class=\"attachment-medium size-medium wp-post-image\" alt=\"\" style=\"max-width:150px;max-height:150px;\" srcset=\"https:\/\/site.ac-martinique.fr\/anglais\/wp-content\/uploads\/sites\/92\/2023\/11\/Capture-decran-2023-11-03-162431-300x125.png 300w, https:\/\/site.ac-martinique.fr\/anglais\/wp-content\/uploads\/sites\/92\/2023\/11\/Capture-decran-2023-11-03-162431.png 545w\" sizes=\"auto, (max-width: 300px) 100vw, 300px\" \/><\/div><a class=\"wp-block-latest-posts__post-title\" href=\"https:\/\/site.ac-martinique.fr\/anglais\/?p=2897\">Pix+Edu: testez votre culture et vos comp\u00e9tences num\u00e9riques<\/a><div class=\"wp-block-latest-posts__post-excerpt\">Le 10 octobre 2023, les enseignants et les personnels d&rsquo;\u00e9ducation ont re\u00e7u sur leur messagerie acad\u00e9mique un message du minist\u00e8re\u2026 <a class=\"wp-block-latest-posts__read-more\" href=\"https:\/\/site.ac-martinique.fr\/anglais\/?p=2897\" rel=\"noopener noreferrer\">Lire la suite<span class=\"screen-reader-text\">\u00a0: Pix+Edu: testez votre culture et vos comp\u00e9tences num\u00e9riques<\/span><\/a><\/div><\/li>\n<li><div class=\"wp-block-latest-posts__featured-image alignleft\"><img loading=\"lazy\" decoding=\"async\" width=\"240\" height=\"198\" src=\"https:\/\/site.ac-martinique.fr\/anglais\/wp-content\/uploads\/sites\/92\/2021\/05\/pix.png\" class=\"attachment-medium size-medium wp-post-image\" alt=\"\" style=\"max-width:150px;max-height:150px;\" \/><\/div><a class=\"wp-block-latest-posts__post-title\" href=\"https:\/\/site.ac-martinique.fr\/anglais\/?p=1020\">PIX<\/a><div class=\"wp-block-latest-posts__post-excerpt\">Afin de prendre en compte le contexte sanitaire, l\u2019obligation de la certification P\u00cfX des comp\u00e9tences num\u00e9riques\u00a0 au cycle terminal est\u2026 <a class=\"wp-block-latest-posts__read-more\" href=\"https:\/\/site.ac-martinique.fr\/anglais\/?p=1020\" rel=\"noopener noreferrer\">Lire la suite<span class=\"screen-reader-text\">\u00a0: PIX<\/span><\/a><\/div><\/li>\n<\/ul>\n\n<ul class=\"wp-block-latest-posts__list tw-heading-size-medium is-style-tw-posts-border tw-stretched-link tw-hide-more-link wp-block-latest-posts\"><li><div class=\"wp-block-latest-posts__featured-image alignleft\"><img loading=\"lazy\" decoding=\"async\" width=\"212\" height=\"219\" src=\"https:\/\/site.ac-martinique.fr\/anglais\/wp-content\/uploads\/sites\/92\/2021\/11\/cec-1.jpg\" class=\"attachment-medium size-medium wp-post-image\" alt=\"\" style=\"max-width:150px;max-height:150px;\" \/><\/div><a class=\"wp-block-latest-posts__post-title\" href=\"https:\/\/site.ac-martinique.fr\/anglais\/?p=1480\">Cambridge English Certificate<\/a><div class=\"wp-block-latest-posts__post-excerpt\">Qu&rsquo;est-ce que le CEC (Cambridge English Certificate) Depuis la rentr\u00e9e 2018, le Cambridge English Certificate (CEC) est un examen d&rsquo;anglais\u2026 <a class=\"wp-block-latest-posts__read-more\" href=\"https:\/\/site.ac-martinique.fr\/anglais\/?p=1480\" rel=\"noopener noreferrer\">Lire la suite<span class=\"screen-reader-text\">\u00a0: Cambridge English Certificate<\/span><\/a><\/div><\/li>\n<li><div class=\"wp-block-latest-posts__featured-image alignleft\"><img loading=\"lazy\" decoding=\"async\" width=\"98\" height=\"96\" src=\"https:\/\/site.ac-martinique.fr\/anglais\/wp-content\/uploads\/sites\/92\/2021\/04\/bo.png\" class=\"attachment-medium size-medium wp-post-image\" alt=\"\" style=\"max-width:150px;max-height:150px;\" \/><\/div><a class=\"wp-block-latest-posts__post-title\" href=\"https:\/\/site.ac-martinique.fr\/anglais\/?p=2816\">Certifications en langues : calendrier de la session 2025<\/a><div class=\"wp-block-latest-posts__post-excerpt\">Le BO n\u00b0 32 du 29 ao\u00fbt 2024 publie le calendrier des certification en langues session 2025 Pour les certifications\u2026 <a class=\"wp-block-latest-posts__read-more\" href=\"https:\/\/site.ac-martinique.fr\/anglais\/?p=2816\" rel=\"noopener noreferrer\">Lire la suite<span class=\"screen-reader-text\">\u00a0: Certifications en langues : calendrier de la session 2025<\/span><\/a><\/div><\/li>\n<\/ul>\n\n<ul class=\"wp-block-latest-posts__list tw-heading-size-medium is-style-tw-posts-border tw-stretched-link tw-hide-more-link wp-block-latest-posts\"><li><div class=\"wp-block-latest-posts__featured-image alignleft\"><img loading=\"lazy\" decoding=\"async\" width=\"98\" height=\"96\" src=\"https:\/\/site.ac-martinique.fr\/anglais\/wp-content\/uploads\/sites\/92\/2021\/04\/bo.png\" class=\"attachment-medium size-medium wp-post-image\" alt=\"\" style=\"max-width:150px;max-height:150px;\" \/><\/div><a class=\"wp-block-latest-posts__post-title\" href=\"https:\/\/site.ac-martinique.fr\/anglais\/?p=3670\">Dipl\u00f4me de comp\u00e9tence en langue : calendrier des sessions 2024 et 2025<\/a><div class=\"wp-block-latest-posts__post-excerpt\">Le BO n\u00b0 42 du 7 novembre 2024 publie le calendrier des sessions 2024 et 2025 du dipl\u00f4me de comp\u00e9tence\u2026 <a class=\"wp-block-latest-posts__read-more\" href=\"https:\/\/site.ac-martinique.fr\/anglais\/?p=3670\" rel=\"noopener noreferrer\">Lire la suite<span class=\"screen-reader-text\">\u00a0: Dipl\u00f4me de comp\u00e9tence en langue : calendrier des sessions 2024 et 2025<\/span><\/a><\/div><\/li>\n<li><div class=\"wp-block-latest-posts__featured-image alignleft\"><img loading=\"lazy\" decoding=\"async\" width=\"98\" height=\"96\" src=\"https:\/\/site.ac-martinique.fr\/anglais\/wp-content\/uploads\/sites\/92\/2021\/04\/bo.png\" class=\"attachment-medium size-medium wp-post-image\" alt=\"\" style=\"max-width:150px;max-height:150px;\" \/><\/div><a class=\"wp-block-latest-posts__post-title\" href=\"https:\/\/site.ac-martinique.fr\/anglais\/?p=3036\">Dipl\u00f4me de comp\u00e9tence en langue: calendrier des sessions 2023 (modifi\u00e9) et 2024<\/a><div class=\"wp-block-latest-posts__post-excerpt\">Le BO n\u00b0 48 du 21-12-2023 publie le calendrier des sessions du second semestre 2023 modifi\u00e9 et de 2024 du\u2026 <a class=\"wp-block-latest-posts__read-more\" href=\"https:\/\/site.ac-martinique.fr\/anglais\/?p=3036\" rel=\"noopener noreferrer\">Lire la suite<span class=\"screen-reader-text\">\u00a0: Dipl\u00f4me de comp\u00e9tence en langue: calendrier des sessions 2023 (modifi\u00e9) et 2024<\/span><\/a><\/div><\/li>\n<li><div class=\"wp-block-latest-posts__featured-image alignleft\"><img loading=\"lazy\" decoding=\"async\" width=\"233\" height=\"121\" src=\"https:\/\/site.ac-martinique.fr\/anglais\/wp-content\/uploads\/sites\/92\/2021\/05\/dcl.png\" class=\"attachment-medium size-medium wp-post-image\" alt=\"\" style=\"max-width:150px;max-height:150px;\" \/><\/div><a class=\"wp-block-latest-posts__post-title\" href=\"https:\/\/site.ac-martinique.fr\/anglais\/?p=544\">Dipl\u00f4me de comp\u00e9tence en langue<\/a><div class=\"wp-block-latest-posts__post-excerpt\">Le DCL est un dipl\u00f4me de l&rsquo;Education Nationalequi atteste les comp\u00e9tences en langue de communication usuelle et professionnelle communes \u00e0 l&rsquo;ensemble des secteurs d&rsquo;activit\u00e9 \u00e9conomique.<\/div><\/li>\n<\/ul>","protected":false},"excerpt":{"rendered":"","protected":false},"author":237,"featured_media":0,"parent":353,"menu_order":0,"comment_status":"closed","ping_status":"closed","template":"","meta":{"footnotes":""},"class_list":["post-1188","page","type-page","status-publish","hentry"],"_links":{"self":[{"href":"https:\/\/site.ac-martinique.fr\/anglais\/index.php?rest_route=\/wp\/v2\/pages\/1188","targetHints":{"allow":["GET"]}}],"collection":[{"href":"https:\/\/site.ac-martinique.fr\/anglais\/index.php?rest_route=\/wp\/v2\/pages"}],"about":[{"href":"https:\/\/site.ac-martinique.fr\/anglais\/index.php?rest_route=\/wp\/v2\/types\/page"}],"author":[{"embeddable":true,"href":"https:\/\/site.ac-martinique.fr\/anglais\/index.php?rest_route=\/wp\/v2\/users\/237"}],"replies":[{"embeddable":true,"href":"https:\/\/site.ac-martinique.fr\/anglais\/index.php?rest_route=%2Fwp%2Fv2%2Fcomments&post=1188"}],"version-history":[{"count":6,"href":"https:\/\/site.ac-martinique.fr\/anglais\/index.php?rest_route=\/wp\/v2\/pages\/1188\/revisions"}],"predecessor-version":[{"id":2788,"href":"https:\/\/site.ac-martinique.fr\/anglais\/index.php?rest_route=\/wp\/v2\/pages\/1188\/revisions\/2788"}],"up":[{"embeddable":true,"href":"https:\/\/site.ac-martinique.fr\/anglais\/index.php?rest_route=\/wp\/v2\/pages\/353"}],"wp:attachment":[{"href":"https:\/\/site.ac-martinique.fr\/anglais\/index.php?rest_route=%2Fwp%2Fv2%2Fmedia&parent=1188"}],"curies":[{"name":"wp","href":"https:\/\/api.w.org\/{rel}","templated":true}]}}