{"id":1416,"date":"2021-09-17T17:59:48","date_gmt":"2021-09-17T22:59:48","guid":{"rendered":"https:\/\/site.ac-martinique.fr\/anglais\/?page_id=1416"},"modified":"2021-09-17T18:07:31","modified_gmt":"2021-09-17T23:07:31","slug":"plan-academique-de-formation-paf","status":"publish","type":"page","link":"https:\/\/site.ac-martinique.fr\/anglais\/?page_id=1416","title":{"rendered":"Plan acad\u00e9mique de formation (PAF)"},"content":{"rendered":"\n\n<ul class=\"wp-block-latest-posts__list tw-heading-size-medium is-style-tw-posts-border tw-stretched-link tw-hide-more-link wp-block-latest-posts\"><li><div class=\"wp-block-latest-posts__featured-image alignleft\"><a href=\"https:\/\/site.ac-martinique.fr\/anglais\/?p=3971\" aria-label=\"PAF 2025-2026: campagne d&rsquo;inscription aux formations \u00e0 candidature individuelle\"><img loading=\"lazy\" decoding=\"async\" width=\"300\" height=\"215\" src=\"https:\/\/site.ac-martinique.fr\/anglais\/wp-content\/uploads\/sites\/92\/2021\/06\/paflogo-300x215.jpg\" class=\"attachment-medium size-medium wp-post-image\" alt=\"\" style=\"max-width:150px;max-height:150px;\" srcset=\"https:\/\/site.ac-martinique.fr\/anglais\/wp-content\/uploads\/sites\/92\/2021\/06\/paflogo-300x215.jpg 300w, https:\/\/site.ac-martinique.fr\/anglais\/wp-content\/uploads\/sites\/92\/2021\/06\/paflogo.jpg 304w\" sizes=\"auto, (max-width: 300px) 100vw, 300px\" \/><\/a><\/div><a class=\"wp-block-latest-posts__post-title\" href=\"https:\/\/site.ac-martinique.fr\/anglais\/?p=3971\">PAF 2025-2026: campagne d&rsquo;inscription aux formations \u00e0 candidature individuelle<\/a><div class=\"wp-block-latest-posts__post-excerpt\">La campagne d&rsquo;inscription individuelle aux formations inscrites au plan acad\u00e9mique de formation (PAF) 2025-2026 est ouverte. Pour s&rsquo;inscrire : A\u2026 <a class=\"wp-block-latest-posts__read-more\" href=\"https:\/\/site.ac-martinique.fr\/anglais\/?p=3971\" rel=\"noopener noreferrer\">Lire la suite<span class=\"screen-reader-text\">\u00a0: PAF 2025-2026: campagne d&rsquo;inscription aux formations \u00e0 candidature individuelle<\/span><\/a><\/div><\/li>\n<li><div class=\"wp-block-latest-posts__featured-image alignleft\"><a href=\"https:\/\/site.ac-martinique.fr\/anglais\/?p=3590\" aria-label=\"Programme du s\u00e9minaire AROMEPHE 2024\"><img loading=\"lazy\" decoding=\"async\" width=\"300\" height=\"225\" src=\"https:\/\/site.ac-martinique.fr\/anglais\/wp-content\/uploads\/sites\/92\/2024\/09\/Affiche-seminaire-aromephe_small-2-300x225.jpg\" class=\"attachment-medium size-medium wp-post-image\" alt=\"\" style=\"max-width:150px;max-height:150px;\" srcset=\"https:\/\/site.ac-martinique.fr\/anglais\/wp-content\/uploads\/sites\/92\/2024\/09\/Affiche-seminaire-aromephe_small-2-300x225.jpg 300w, https:\/\/site.ac-martinique.fr\/anglais\/wp-content\/uploads\/sites\/92\/2024\/09\/Affiche-seminaire-aromephe_small-2.jpg 320w\" sizes=\"auto, (max-width: 300px) 100vw, 300px\" \/><\/a><\/div><a class=\"wp-block-latest-posts__post-title\" href=\"https:\/\/site.ac-martinique.fr\/anglais\/?p=3590\">Programme du s\u00e9minaire AROMEPHE 2024<\/a><div class=\"wp-block-latest-posts__post-excerpt\">La 2\u00e8me \u00e9dition du s\u00e9minaire AROMEPHE sur l\u2019&nbsp;Enseignement de la phonologie anglaises se tiendra le jeudi 14 novembre 2024, de\u2026 <a class=\"wp-block-latest-posts__read-more\" href=\"https:\/\/site.ac-martinique.fr\/anglais\/?p=3590\" rel=\"noopener noreferrer\">Lire la suite<span class=\"screen-reader-text\">\u00a0: Programme du s\u00e9minaire AROMEPHE 2024<\/span><\/a><\/div><\/li>\n<li><div class=\"wp-block-latest-posts__featured-image alignleft\"><a href=\"https:\/\/site.ac-martinique.fr\/anglais\/?p=3568\" aria-label=\"Phonologie: S\u00e9minaire AROMEPHE 2024; Inscriptions jusqu&rsquo;au 27-09-2024\"><img loading=\"lazy\" decoding=\"async\" width=\"287\" height=\"300\" src=\"https:\/\/site.ac-martinique.fr\/anglais\/wp-content\/uploads\/sites\/92\/2022\/10\/AROMEPHE-LOGO-V10-287x300.jpg\" class=\"attachment-medium size-medium wp-post-image\" alt=\"\" style=\"max-width:150px;max-height:150px;\" srcset=\"https:\/\/site.ac-martinique.fr\/anglais\/wp-content\/uploads\/sites\/92\/2022\/10\/AROMEPHE-LOGO-V10-287x300.jpg 287w, https:\/\/site.ac-martinique.fr\/anglais\/wp-content\/uploads\/sites\/92\/2022\/10\/AROMEPHE-LOGO-V10-979x1024.jpg 979w, https:\/\/site.ac-martinique.fr\/anglais\/wp-content\/uploads\/sites\/92\/2022\/10\/AROMEPHE-LOGO-V10-768x803.jpg 768w, https:\/\/site.ac-martinique.fr\/anglais\/wp-content\/uploads\/sites\/92\/2022\/10\/AROMEPHE-LOGO-V10-600x628.jpg 600w, https:\/\/site.ac-martinique.fr\/anglais\/wp-content\/uploads\/sites\/92\/2022\/10\/AROMEPHE-LOGO-V10.jpg 999w\" sizes=\"auto, (max-width: 287px) 100vw, 287px\" \/><\/a><\/div><a class=\"wp-block-latest-posts__post-title\" href=\"https:\/\/site.ac-martinique.fr\/anglais\/?p=3568\">Phonologie: S\u00e9minaire AROMEPHE 2024; Inscriptions jusqu&rsquo;au 27-09-2024<\/a><div class=\"wp-block-latest-posts__post-excerpt\">La 2\u00e8me \u00e9dition du s\u00e9minaire AROMEPHE se tiendra le jeudi 14 novembre 2024, de 8h \u00e0 17h, avec une matin\u00e9e\u2026 <a class=\"wp-block-latest-posts__read-more\" href=\"https:\/\/site.ac-martinique.fr\/anglais\/?p=3568\" rel=\"noopener noreferrer\">Lire la suite<span class=\"screen-reader-text\">\u00a0: Phonologie: S\u00e9minaire AROMEPHE 2024; Inscriptions jusqu&rsquo;au 27-09-2024<\/span><\/a><\/div><\/li>\n<li><div class=\"wp-block-latest-posts__featured-image alignleft\"><a href=\"https:\/\/site.ac-martinique.fr\/anglais\/?p=3501\" aria-label=\"Dispositifs de formation au PAF Anglais 2024-2025\"><img loading=\"lazy\" decoding=\"async\" width=\"300\" height=\"215\" src=\"https:\/\/site.ac-martinique.fr\/anglais\/wp-content\/uploads\/sites\/92\/2021\/06\/paflogo-300x215.jpg\" class=\"attachment-medium size-medium wp-post-image\" alt=\"\" style=\"max-width:150px;max-height:150px;\" srcset=\"https:\/\/site.ac-martinique.fr\/anglais\/wp-content\/uploads\/sites\/92\/2021\/06\/paflogo-300x215.jpg 300w, https:\/\/site.ac-martinique.fr\/anglais\/wp-content\/uploads\/sites\/92\/2021\/06\/paflogo.jpg 304w\" sizes=\"auto, (max-width: 300px) 100vw, 300px\" \/><\/a><\/div><a class=\"wp-block-latest-posts__post-title\" href=\"https:\/\/site.ac-martinique.fr\/anglais\/?p=3501\">Dispositifs de formation au PAF Anglais 2024-2025<\/a><div class=\"wp-block-latest-posts__post-excerpt\">La campagne d&rsquo;inscription au plan acad\u00e9mique de formation 2024-2025 est ouverte du 24 juin au 27 septembre 2024. Le(s) PAF\u2026 <a class=\"wp-block-latest-posts__read-more\" href=\"https:\/\/site.ac-martinique.fr\/anglais\/?p=3501\" rel=\"noopener noreferrer\">Lire la suite<span class=\"screen-reader-text\">\u00a0: Dispositifs de formation au PAF Anglais 2024-2025<\/span><\/a><\/div><\/li>\n<li><div class=\"wp-block-latest-posts__featured-image alignleft\"><a href=\"https:\/\/site.ac-martinique.fr\/anglais\/?p=3498\" aria-label=\"Inscriptions au PAF 2024-2025\"><img loading=\"lazy\" decoding=\"async\" width=\"300\" height=\"215\" src=\"https:\/\/site.ac-martinique.fr\/anglais\/wp-content\/uploads\/sites\/92\/2021\/06\/paflogo-300x215.jpg\" class=\"attachment-medium size-medium wp-post-image\" alt=\"\" style=\"max-width:150px;max-height:150px;\" srcset=\"https:\/\/site.ac-martinique.fr\/anglais\/wp-content\/uploads\/sites\/92\/2021\/06\/paflogo-300x215.jpg 300w, https:\/\/site.ac-martinique.fr\/anglais\/wp-content\/uploads\/sites\/92\/2021\/06\/paflogo.jpg 304w\" sizes=\"auto, (max-width: 300px) 100vw, 300px\" \/><\/a><\/div><a class=\"wp-block-latest-posts__post-title\" href=\"https:\/\/site.ac-martinique.fr\/anglais\/?p=3498\">Inscriptions au PAF 2024-2025<\/a><div class=\"wp-block-latest-posts__post-excerpt\">Monsieur le DRAFPEN informe la communaut\u00e9 \u00e9ducative de l&rsquo;acad\u00e9mie de Martinique que la p\u00e9riode d&rsquo;inscription au PAF (plan acad\u00e9mique de\u2026 <a class=\"wp-block-latest-posts__read-more\" href=\"https:\/\/site.ac-martinique.fr\/anglais\/?p=3498\" rel=\"noopener noreferrer\">Lire la suite<span class=\"screen-reader-text\">\u00a0: Inscriptions au PAF 2024-2025<\/span><\/a><\/div><\/li>\n<li><div class=\"wp-block-latest-posts__featured-image alignleft\"><a href=\"https:\/\/site.ac-martinique.fr\/anglais\/?p=2912\" aria-label=\"Enseignement de la phonologie et prononciation anglaises: Retour sur les conf\u00e9rences et ateliers du s\u00e9minaire Aromephe 2023\"><img loading=\"lazy\" decoding=\"async\" width=\"212\" height=\"300\" src=\"https:\/\/site.ac-martinique.fr\/anglais\/wp-content\/uploads\/sites\/92\/2023\/11\/Seminaire-du-14-11-2023-Bardol-212x300.jpg\" class=\"attachment-medium size-medium wp-post-image\" alt=\"\" style=\"max-width:150px;max-height:150px;\" srcset=\"https:\/\/site.ac-martinique.fr\/anglais\/wp-content\/uploads\/sites\/92\/2023\/11\/Seminaire-du-14-11-2023-Bardol-212x300.jpg 212w, https:\/\/site.ac-martinique.fr\/anglais\/wp-content\/uploads\/sites\/92\/2023\/11\/Seminaire-du-14-11-2023-Bardol-724x1024.jpg 724w, https:\/\/site.ac-martinique.fr\/anglais\/wp-content\/uploads\/sites\/92\/2023\/11\/Seminaire-du-14-11-2023-Bardol-768x1086.jpg 768w, https:\/\/site.ac-martinique.fr\/anglais\/wp-content\/uploads\/sites\/92\/2023\/11\/Seminaire-du-14-11-2023-Bardol-1086x1536.jpg 1086w, https:\/\/site.ac-martinique.fr\/anglais\/wp-content\/uploads\/sites\/92\/2023\/11\/Seminaire-du-14-11-2023-Bardol-1448x2048.jpg 1448w, https:\/\/site.ac-martinique.fr\/anglais\/wp-content\/uploads\/sites\/92\/2023\/11\/Seminaire-du-14-11-2023-Bardol-1320x1867.jpg 1320w, https:\/\/site.ac-martinique.fr\/anglais\/wp-content\/uploads\/sites\/92\/2023\/11\/Seminaire-du-14-11-2023-Bardol.jpg 1754w\" sizes=\"auto, (max-width: 212px) 100vw, 212px\" \/><\/a><\/div><a class=\"wp-block-latest-posts__post-title\" href=\"https:\/\/site.ac-martinique.fr\/anglais\/?p=2912\">Enseignement de la phonologie et prononciation anglaises: Retour sur les conf\u00e9rences et ateliers du s\u00e9minaire Aromephe 2023<\/a><div class=\"wp-block-latest-posts__post-excerpt\">Le s\u00e9minaire AROMEPHE s&rsquo;est tenu le 14 novembre 2023 de 9h \u00e0 18h \u00e0 l&rsquo;INSPE de Fort-de-France, acad\u00e9mie de Martinique.\u2026 <a class=\"wp-block-latest-posts__read-more\" href=\"https:\/\/site.ac-martinique.fr\/anglais\/?p=2912\" rel=\"noopener noreferrer\">Lire la suite<span class=\"screen-reader-text\">\u00a0: Enseignement de la phonologie et prononciation anglaises: Retour sur les conf\u00e9rences et ateliers du s\u00e9minaire Aromephe 2023<\/span><\/a><\/div><\/li>\n<\/ul>","protected":false},"excerpt":{"rendered":"","protected":false},"author":237,"featured_media":0,"parent":0,"menu_order":0,"comment_status":"closed","ping_status":"closed","template":"","meta":{"footnotes":""},"class_list":["post-1416","page","type-page","status-publish","hentry"],"_links":{"self":[{"href":"https:\/\/site.ac-martinique.fr\/anglais\/index.php?rest_route=\/wp\/v2\/pages\/1416","targetHints":{"allow":["GET"]}}],"collection":[{"href":"https:\/\/site.ac-martinique.fr\/anglais\/index.php?rest_route=\/wp\/v2\/pages"}],"about":[{"href":"https:\/\/site.ac-martinique.fr\/anglais\/index.php?rest_route=\/wp\/v2\/types\/page"}],"author":[{"embeddable":true,"href":"https:\/\/site.ac-martinique.fr\/anglais\/index.php?rest_route=\/wp\/v2\/users\/237"}],"replies":[{"embeddable":true,"href":"https:\/\/site.ac-martinique.fr\/anglais\/index.php?rest_route=%2Fwp%2Fv2%2Fcomments&post=1416"}],"version-history":[{"count":3,"href":"https:\/\/site.ac-martinique.fr\/anglais\/index.php?rest_route=\/wp\/v2\/pages\/1416\/revisions"}],"predecessor-version":[{"id":1423,"href":"https:\/\/site.ac-martinique.fr\/anglais\/index.php?rest_route=\/wp\/v2\/pages\/1416\/revisions\/1423"}],"wp:attachment":[{"href":"https:\/\/site.ac-martinique.fr\/anglais\/index.php?rest_route=%2Fwp%2Fv2%2Fmedia&parent=1416"}],"curies":[{"name":"wp","href":"https:\/\/api.w.org\/{rel}","templated":true}]}}