{"id":1524,"date":"2021-12-17T14:28:46","date_gmt":"2021-12-17T19:28:46","guid":{"rendered":"https:\/\/site.ac-martinique.fr\/anglais\/?page_id=1524"},"modified":"2021-12-17T14:46:30","modified_gmt":"2021-12-17T19:46:30","slug":"bts","status":"publish","type":"page","link":"https:\/\/site.ac-martinique.fr\/anglais\/?page_id=1524","title":{"rendered":"BTS"},"content":{"rendered":"<ul class=\"wp-block-latest-posts__list tw-heading-size-medium is-style-tw-posts-border tw-stretched-link tw-hide-more-link wp-block-latest-posts\"><li><div class=\"wp-block-latest-posts__featured-image alignleft\"><img loading=\"lazy\" decoding=\"async\" width=\"300\" height=\"157\" src=\"https:\/\/site.ac-martinique.fr\/anglais\/wp-content\/uploads\/sites\/92\/2022\/12\/exams2022-300x157.jpg\" class=\"attachment-medium size-medium wp-post-image\" alt=\"\" style=\"max-width:150px;max-height:150px;\" srcset=\"https:\/\/site.ac-martinique.fr\/anglais\/wp-content\/uploads\/sites\/92\/2022\/12\/exams2022-300x157.jpg 300w, https:\/\/site.ac-martinique.fr\/anglais\/wp-content\/uploads\/sites\/92\/2022\/12\/exams2022.jpg 467w\" sizes=\"auto, (max-width: 300px) 100vw, 300px\" \/><\/div><a class=\"wp-block-latest-posts__post-title\" href=\"https:\/\/site.ac-martinique.fr\/anglais\/?p=2473\">R\u00e9sultats aux examens 2022 (BAC, BTS)<\/a><div class=\"wp-block-latest-posts__post-excerpt\">Mme FRANVIL Fabienne, I.A. &#8211; I.P.R. d&rsquo;anglais partage les r\u00e9sultats acad\u00e9miques en anglais des examens de la session 2022 Baccalaur\u00e9at\u2026 <a class=\"wp-block-latest-posts__read-more\" href=\"https:\/\/site.ac-martinique.fr\/anglais\/?p=2473\" rel=\"noopener noreferrer\">Lire la suite<span class=\"screen-reader-text\">\u00a0: R\u00e9sultats aux examens 2022 (BAC, BTS)<\/span><\/a><\/div><\/li>\n<li><div class=\"wp-block-latest-posts__featured-image alignleft\"><img loading=\"lazy\" decoding=\"async\" width=\"300\" height=\"216\" src=\"https:\/\/site.ac-martinique.fr\/anglais\/wp-content\/uploads\/sites\/92\/2021\/12\/bts-300x216.jpg\" class=\"attachment-medium size-medium wp-post-image\" alt=\"\" style=\"max-width:150px;max-height:150px;\" srcset=\"https:\/\/site.ac-martinique.fr\/anglais\/wp-content\/uploads\/sites\/92\/2021\/12\/bts-300x216.jpg 300w, https:\/\/site.ac-martinique.fr\/anglais\/wp-content\/uploads\/sites\/92\/2021\/12\/bts.jpg 601w\" sizes=\"auto, (max-width: 300px) 100vw, 300px\" \/><\/div><a class=\"wp-block-latest-posts__post-title\" href=\"https:\/\/site.ac-martinique.fr\/anglais\/?p=1535\">Modalit\u00e9s des \u00e9preuves orales de LVE en section de BTS<\/a><div class=\"wp-block-latest-posts__post-excerpt\"><\/div><\/li>\n<li><div class=\"wp-block-latest-posts__featured-image alignleft\"><img loading=\"lazy\" decoding=\"async\" width=\"300\" height=\"101\" src=\"https:\/\/site.ac-martinique.fr\/anglais\/wp-content\/uploads\/sites\/92\/2021\/12\/legifrance-300x101.jpg\" class=\"attachment-medium size-medium wp-post-image\" alt=\"\" style=\"max-width:150px;max-height:150px;\" srcset=\"https:\/\/site.ac-martinique.fr\/anglais\/wp-content\/uploads\/sites\/92\/2021\/12\/legifrance-300x101.jpg 300w, https:\/\/site.ac-martinique.fr\/anglais\/wp-content\/uploads\/sites\/92\/2021\/12\/legifrance.jpg 392w\" sizes=\"auto, (max-width: 300px) 100vw, 300px\" \/><\/div><a class=\"wp-block-latest-posts__post-title\" href=\"https:\/\/site.ac-martinique.fr\/anglais\/?p=1528\">Arr\u00eat\u00e9 du 3 novembre modifiant les arr\u00eat\u00e9s portant d\u00e9finition et fixant les conditions de d\u00e9livrance de certaines sp\u00e9cialit\u00e9s du brevet de technicien sup\u00e9rieur<\/a><div class=\"wp-block-latest-posts__post-excerpt\">Publi\u00e9 sur le site L\u00e9gifrance.gouv.fr le 17 novembre 2021 https:\/\/www.legifrance.gouv.fr\/jorf\/id\/JORFTEXT000044332253<\/div><\/li>\n<\/ul>","protected":false},"excerpt":{"rendered":"","protected":false},"author":237,"featured_media":0,"parent":353,"menu_order":1,"comment_status":"closed","ping_status":"closed","template":"","meta":{"footnotes":""},"class_list":["post-1524","page","type-page","status-publish","hentry"],"_links":{"self":[{"href":"https:\/\/site.ac-martinique.fr\/anglais\/index.php?rest_route=\/wp\/v2\/pages\/1524","targetHints":{"allow":["GET"]}}],"collection":[{"href":"https:\/\/site.ac-martinique.fr\/anglais\/index.php?rest_route=\/wp\/v2\/pages"}],"about":[{"href":"https:\/\/site.ac-martinique.fr\/anglais\/index.php?rest_route=\/wp\/v2\/types\/page"}],"author":[{"embeddable":true,"href":"https:\/\/site.ac-martinique.fr\/anglais\/index.php?rest_route=\/wp\/v2\/users\/237"}],"replies":[{"embeddable":true,"href":"https:\/\/site.ac-martinique.fr\/anglais\/index.php?rest_route=%2Fwp%2Fv2%2Fcomments&post=1524"}],"version-history":[{"count":3,"href":"https:\/\/site.ac-martinique.fr\/anglais\/index.php?rest_route=\/wp\/v2\/pages\/1524\/revisions"}],"predecessor-version":[{"id":1532,"href":"https:\/\/site.ac-martinique.fr\/anglais\/index.php?rest_route=\/wp\/v2\/pages\/1524\/revisions\/1532"}],"up":[{"embeddable":true,"href":"https:\/\/site.ac-martinique.fr\/anglais\/index.php?rest_route=\/wp\/v2\/pages\/353"}],"wp:attachment":[{"href":"https:\/\/site.ac-martinique.fr\/anglais\/index.php?rest_route=%2Fwp%2Fv2%2Fmedia&parent=1524"}],"curies":[{"name":"wp","href":"https:\/\/api.w.org\/{rel}","templated":true}]}}