{"id":2027,"date":"2022-05-27T13:40:29","date_gmt":"2022-05-27T18:40:29","guid":{"rendered":"https:\/\/site.ac-martinique.fr\/anglais\/?page_id=2027"},"modified":"2022-05-27T13:40:33","modified_gmt":"2022-05-27T18:40:33","slug":"grand-oral","status":"publish","type":"page","link":"https:\/\/site.ac-martinique.fr\/anglais\/?page_id=2027","title":{"rendered":"Grand oral"},"content":{"rendered":"\n<p>Ressources pour le grand oral<\/p>\n\n\n<ul class=\"wp-block-latest-posts__list tw-heading-size-medium is-style-tw-posts-border tw-stretched-link tw-hide-more-link wp-block-latest-posts\"><li><div class=\"wp-block-latest-posts__featured-image alignleft\"><img loading=\"lazy\" decoding=\"async\" width=\"152\" height=\"204\" src=\"https:\/\/site.ac-martinique.fr\/anglais\/wp-content\/uploads\/sites\/92\/2025\/05\/Capture-decran-2025-05-28-144548.png\" class=\"attachment-medium size-medium wp-post-image\" alt=\"\" style=\"max-width:150px;max-height:150px;\" \/><\/div><a class=\"wp-block-latest-posts__post-title\" href=\"https:\/\/site.ac-martinique.fr\/anglais\/?p=3903\">Grand Oral (2025)<\/a><div class=\"wp-block-latest-posts__post-excerpt\">La page \u00c9duscol consacr\u00e9e au Grand Oral a mis \u00e0 jour la \u00ab\u00a0Foire aux questions\u00a0\u00bb (FAQ) pour la session 2025.\u2026 <a class=\"wp-block-latest-posts__read-more\" href=\"https:\/\/site.ac-martinique.fr\/anglais\/?p=3903\" rel=\"noopener noreferrer\">Lire la suite<span class=\"screen-reader-text\">\u00a0: Grand Oral (2025)<\/span><\/a><\/div><\/li>\n<li><div class=\"wp-block-latest-posts__featured-image alignleft\"><img loading=\"lazy\" decoding=\"async\" width=\"300\" height=\"236\" src=\"https:\/\/site.ac-martinique.fr\/anglais\/wp-content\/uploads\/sites\/92\/2024\/06\/Capture-decran-2024-06-27-181749-300x236.png\" class=\"attachment-medium size-medium wp-post-image\" alt=\"\" style=\"max-width:150px;max-height:150px;\" srcset=\"https:\/\/site.ac-martinique.fr\/anglais\/wp-content\/uploads\/sites\/92\/2024\/06\/Capture-decran-2024-06-27-181749-300x236.png 300w, https:\/\/site.ac-martinique.fr\/anglais\/wp-content\/uploads\/sites\/92\/2024\/06\/Capture-decran-2024-06-27-181749.png 363w\" sizes=\"auto, (max-width: 300px) 100vw, 300px\" \/><\/div><a class=\"wp-block-latest-posts__post-title\" href=\"https:\/\/site.ac-martinique.fr\/anglais\/?p=3540\">Grand Oral (2024)<\/a><div class=\"wp-block-latest-posts__post-excerpt\">Mme L&rsquo;inspectrice partage le diaporama ayant servi de support lors de la r\u00e9union sur le grand oral 2024 ainsi que\u2026 <a class=\"wp-block-latest-posts__read-more\" href=\"https:\/\/site.ac-martinique.fr\/anglais\/?p=3540\" rel=\"noopener noreferrer\">Lire la suite<span class=\"screen-reader-text\">\u00a0: Grand Oral (2024)<\/span><\/a><\/div><\/li>\n<li><div class=\"wp-block-latest-posts__featured-image alignleft\"><img loading=\"lazy\" decoding=\"async\" width=\"212\" height=\"300\" src=\"https:\/\/site.ac-martinique.fr\/anglais\/wp-content\/uploads\/sites\/92\/2024\/04\/faq_grand-oral_avril-2024-pdf-212x300.jpg\" class=\"attachment-medium size-medium wp-post-image\" alt=\"\" style=\"max-width:150px;max-height:150px;\" \/><\/div><a class=\"wp-block-latest-posts__post-title\" href=\"https:\/\/site.ac-martinique.fr\/anglais\/?p=3129\">Grand oral des Terminales g\u00e9n\u00e9rales et technologiques: nouveaut\u00e9s 2024<\/a><div class=\"wp-block-latest-posts__post-excerpt\">Une nouvelle Foire aux questions (FAQ) a \u00e9t\u00e9 publi\u00e9e en avril 2024 sur Eduscol, faisant suite aux modifications de l&rsquo;\u00e9preuve\u2026 <a class=\"wp-block-latest-posts__read-more\" href=\"https:\/\/site.ac-martinique.fr\/anglais\/?p=3129\" rel=\"noopener noreferrer\">Lire la suite<span class=\"screen-reader-text\">\u00a0: Grand oral des Terminales g\u00e9n\u00e9rales et technologiques: nouveaut\u00e9s 2024<\/span><\/a><\/div><\/li>\n<li><div class=\"wp-block-latest-posts__featured-image alignleft\"><img loading=\"lazy\" decoding=\"async\" width=\"160\" height=\"53\" src=\"https:\/\/site.ac-martinique.fr\/anglais\/wp-content\/uploads\/sites\/92\/2021\/05\/eduscol.png\" class=\"attachment-medium size-medium wp-post-image\" alt=\"\" style=\"max-width:150px;max-height:150px;\" \/><\/div><a class=\"wp-block-latest-posts__post-title\" href=\"https:\/\/site.ac-martinique.fr\/anglais\/?p=3025\">Grand oral 2024: nouvelles modalit\u00e9s, nouvelles ressources<\/a><div class=\"wp-block-latest-posts__post-excerpt\">Suite aux modifications de l&rsquo;\u00e9preuve du \u00ab\u00a0grand oral \u00ab\u00a0Grand oral\u00a0\u00bb annonc\u00e9es au BO n\u00b0 36 du 28 septembre 2023, Eduscol\u2026 <a class=\"wp-block-latest-posts__read-more\" href=\"https:\/\/site.ac-martinique.fr\/anglais\/?p=3025\" rel=\"noopener noreferrer\">Lire la suite<span class=\"screen-reader-text\">\u00a0: Grand oral 2024: nouvelles modalit\u00e9s, nouvelles ressources<\/span><\/a><\/div><\/li>\n<li><div class=\"wp-block-latest-posts__featured-image alignleft\"><img loading=\"lazy\" decoding=\"async\" width=\"98\" height=\"96\" src=\"https:\/\/site.ac-martinique.fr\/anglais\/wp-content\/uploads\/sites\/92\/2021\/04\/bo.png\" class=\"attachment-medium size-medium wp-post-image\" alt=\"\" style=\"max-width:150px;max-height:150px;\" \/><\/div><a class=\"wp-block-latest-posts__post-title\" href=\"https:\/\/site.ac-martinique.fr\/anglais\/?p=2839\">Calendrier 2024 des \u00e9preuves du dipl\u00f4me national du brevet, des baccalaur\u00e9ats, des certificats d\u2019aptitude professionnelle et du brevet de technicien<\/a><div class=\"wp-block-latest-posts__post-excerpt\">Le BO n\u00b0 36 du 28 septembre 2023 publie le calendrier des examens pour la session 2024. Les \u00e9preuves \u00e9crites\u2026 <a class=\"wp-block-latest-posts__read-more\" href=\"https:\/\/site.ac-martinique.fr\/anglais\/?p=2839\" rel=\"noopener noreferrer\">Lire la suite<span class=\"screen-reader-text\">\u00a0: Calendrier 2024 des \u00e9preuves du dipl\u00f4me national du brevet, des baccalaur\u00e9ats, des certificats d\u2019aptitude professionnelle et du brevet de technicien<\/span><\/a><\/div><\/li>\n<li><div class=\"wp-block-latest-posts__featured-image alignleft\"><img loading=\"lazy\" decoding=\"async\" width=\"98\" height=\"96\" src=\"https:\/\/site.ac-martinique.fr\/anglais\/wp-content\/uploads\/sites\/92\/2021\/04\/bo.png\" class=\"attachment-medium size-medium wp-post-image\" alt=\"\" style=\"max-width:150px;max-height:150px;\" \/><\/div><a class=\"wp-block-latest-posts__post-title\" href=\"https:\/\/site.ac-martinique.fr\/anglais\/?p=2835\">BAC 2024 &#8211; Modification de l&rsquo;\u00e9preuve orale dite Grand oral de la classe de terminale des voies g\u00e9n\u00e9rale et technologique :<\/a><div class=\"wp-block-latest-posts__post-excerpt\">Le BO n&rsquo;\u00b0 36 du 28 septembre 2023 publie la note de service MENE2323117N qui modifie l&rsquo;\u00e9preuve dite du grand\u2026 <a class=\"wp-block-latest-posts__read-more\" href=\"https:\/\/site.ac-martinique.fr\/anglais\/?p=2835\" rel=\"noopener noreferrer\">Lire la suite<span class=\"screen-reader-text\">\u00a0: BAC 2024 &#8211; Modification de l&rsquo;\u00e9preuve orale dite Grand oral de la classe de terminale des voies g\u00e9n\u00e9rale et technologique :<\/span><\/a><\/div><\/li>\n<li><div class=\"wp-block-latest-posts__featured-image alignleft\"><img loading=\"lazy\" decoding=\"async\" width=\"167\" height=\"300\" src=\"https:\/\/site.ac-martinique.fr\/anglais\/wp-content\/uploads\/sites\/92\/2023\/06\/gochrono-167x300.jpg\" class=\"attachment-medium size-medium wp-post-image\" alt=\"\" style=\"max-width:150px;max-height:150px;\" srcset=\"https:\/\/site.ac-martinique.fr\/anglais\/wp-content\/uploads\/sites\/92\/2023\/06\/gochrono-167x300.jpg 167w, https:\/\/site.ac-martinique.fr\/anglais\/wp-content\/uploads\/sites\/92\/2023\/06\/gochrono-e1686189296480.jpg 139w\" sizes=\"auto, (max-width: 167px) 100vw, 167px\" \/><\/div><a class=\"wp-block-latest-posts__post-title\" href=\"https:\/\/site.ac-martinique.fr\/anglais\/?p=2749\">Go Chrono : un chronom\u00e8tre pour le Grand Oral<\/a><div class=\"wp-block-latest-posts__post-excerpt\">D\u00e9couvrez Go chrono: un outil simple, gratuit sans cr\u00e9ation de compte , sans publicit\u00e9 et efficace, accessible dans un navigateur\u2026 <a class=\"wp-block-latest-posts__read-more\" href=\"https:\/\/site.ac-martinique.fr\/anglais\/?p=2749\" rel=\"noopener noreferrer\">Lire la suite<span class=\"screen-reader-text\">\u00a0: Go Chrono : un chronom\u00e8tre pour le Grand Oral<\/span><\/a><\/div><\/li>\n<li><div class=\"wp-block-latest-posts__featured-image alignleft\"><img loading=\"lazy\" decoding=\"async\" width=\"300\" height=\"214\" src=\"https:\/\/site.ac-martinique.fr\/anglais\/wp-content\/uploads\/sites\/92\/2021\/05\/bac-300x214.png\" class=\"attachment-medium size-medium wp-post-image\" alt=\"\" style=\"max-width:150px;max-height:150px;\" srcset=\"https:\/\/site.ac-martinique.fr\/anglais\/wp-content\/uploads\/sites\/92\/2021\/05\/bac-300x214.png 300w, https:\/\/site.ac-martinique.fr\/anglais\/wp-content\/uploads\/sites\/92\/2021\/05\/bac.png 598w\" sizes=\"auto, (max-width: 300px) 100vw, 300px\" \/><\/div><a class=\"wp-block-latest-posts__post-title\" href=\"https:\/\/site.ac-martinique.fr\/anglais\/?p=2536\">Guide 2023 du grand oral et des enseignements de sp\u00e9cialit\u00e9<\/a><div class=\"wp-block-latest-posts__post-excerpt\">L&rsquo;IGESR propose une version actualis\u00e9e du guide du grand oral et des enseignements de sp\u00e9cialit\u00e9<\/div><\/li>\n<li><div class=\"wp-block-latest-posts__featured-image alignleft\"><img loading=\"lazy\" decoding=\"async\" width=\"300\" height=\"283\" src=\"https:\/\/site.ac-martinique.fr\/anglais\/wp-content\/uploads\/sites\/92\/2022\/05\/grandoral-300x283.jpg\" class=\"attachment-medium size-medium wp-post-image\" alt=\"\" style=\"max-width:150px;max-height:150px;\" srcset=\"https:\/\/site.ac-martinique.fr\/anglais\/wp-content\/uploads\/sites\/92\/2022\/05\/grandoral-300x283.jpg 300w, https:\/\/site.ac-martinique.fr\/anglais\/wp-content\/uploads\/sites\/92\/2022\/05\/grandoral.jpg 343w\" sizes=\"auto, (max-width: 300px) 100vw, 300px\" \/><\/div><a class=\"wp-block-latest-posts__post-title\" href=\"https:\/\/site.ac-martinique.fr\/anglais\/?p=2034\">Collection de ressources pour le grand oral<\/a><div class=\"wp-block-latest-posts__post-excerpt\">S\u00e9lection de ressources dans Pearltrees https:\/\/www.pearltrees.com\/ianlv972\/bac-grand-oral\/id38709188<\/div><\/li>\n<li><div class=\"wp-block-latest-posts__featured-image alignleft\"><img loading=\"lazy\" decoding=\"async\" width=\"300\" height=\"215\" src=\"https:\/\/site.ac-martinique.fr\/anglais\/wp-content\/uploads\/sites\/92\/2022\/03\/magistere-1-300x215.jpg\" class=\"attachment-medium size-medium wp-post-image\" alt=\"\" style=\"max-width:150px;max-height:150px;\" srcset=\"https:\/\/site.ac-martinique.fr\/anglais\/wp-content\/uploads\/sites\/92\/2022\/03\/magistere-1-300x215.jpg 300w, https:\/\/site.ac-martinique.fr\/anglais\/wp-content\/uploads\/sites\/92\/2022\/03\/magistere-1.jpg 431w\" sizes=\"auto, (max-width: 300px) 100vw, 300px\" \/><\/div><a class=\"wp-block-latest-posts__post-title\" href=\"https:\/\/site.ac-martinique.fr\/anglais\/?p=2021\">Grand oral: parcours M@gist\u00e8re en auto-formation<\/a><div class=\"wp-block-latest-posts__post-excerpt\">Le parcours national d&rsquo;autoformation des professeurs au&nbsp;grand oral&nbsp;est en ligne&nbsp; sur m@gist\u00e8re. Ce parcours d&rsquo;autoformation est destin\u00e9 \u00e0 tous les\u2026 <a class=\"wp-block-latest-posts__read-more\" href=\"https:\/\/site.ac-martinique.fr\/anglais\/?p=2021\" rel=\"noopener noreferrer\">Lire la suite<span class=\"screen-reader-text\">\u00a0: Grand oral: parcours M@gist\u00e8re en auto-formation<\/span><\/a><\/div><\/li>\n<li><div class=\"wp-block-latest-posts__featured-image alignleft\"><img loading=\"lazy\" decoding=\"async\" width=\"98\" height=\"96\" src=\"https:\/\/site.ac-martinique.fr\/anglais\/wp-content\/uploads\/sites\/92\/2021\/04\/bo.png\" class=\"attachment-medium size-medium wp-post-image\" alt=\"\" style=\"max-width:150px;max-height:150px;\" \/><\/div><a class=\"wp-block-latest-posts__post-title\" href=\"https:\/\/site.ac-martinique.fr\/anglais\/?p=850\">Grand oral &#8211; Baccalaur\u00e9at (voies g\u00e9n\u00e9rale et technologique) session 2022<\/a><div class=\"wp-block-latest-posts__post-excerpt\">Les modalit\u00e9s et attendus du grand oral a compter de la session 2022 sont d\u00e9finis dans le&nbsp;&nbsp;Bulletin officiel n\u00b031 du\u2026 <a class=\"wp-block-latest-posts__read-more\" href=\"https:\/\/site.ac-martinique.fr\/anglais\/?p=850\" rel=\"noopener noreferrer\">Lire la suite<span class=\"screen-reader-text\">\u00a0: Grand oral &#8211; Baccalaur\u00e9at (voies g\u00e9n\u00e9rale et technologique) session 2022<\/span><\/a><\/div><\/li>\n<\/ul>","protected":false},"excerpt":{"rendered":"<p>Ressources pour le grand oral<\/p>\n","protected":false},"author":237,"featured_media":0,"parent":0,"menu_order":0,"comment_status":"closed","ping_status":"closed","template":"","meta":{"footnotes":""},"class_list":["post-2027","page","type-page","status-publish","hentry"],"_links":{"self":[{"href":"https:\/\/site.ac-martinique.fr\/anglais\/index.php?rest_route=\/wp\/v2\/pages\/2027","targetHints":{"allow":["GET"]}}],"collection":[{"href":"https:\/\/site.ac-martinique.fr\/anglais\/index.php?rest_route=\/wp\/v2\/pages"}],"about":[{"href":"https:\/\/site.ac-martinique.fr\/anglais\/index.php?rest_route=\/wp\/v2\/types\/page"}],"author":[{"embeddable":true,"href":"https:\/\/site.ac-martinique.fr\/anglais\/index.php?rest_route=\/wp\/v2\/users\/237"}],"replies":[{"embeddable":true,"href":"https:\/\/site.ac-martinique.fr\/anglais\/index.php?rest_route=%2Fwp%2Fv2%2Fcomments&post=2027"}],"version-history":[{"count":1,"href":"https:\/\/site.ac-martinique.fr\/anglais\/index.php?rest_route=\/wp\/v2\/pages\/2027\/revisions"}],"predecessor-version":[{"id":2031,"href":"https:\/\/site.ac-martinique.fr\/anglais\/index.php?rest_route=\/wp\/v2\/pages\/2027\/revisions\/2031"}],"wp:attachment":[{"href":"https:\/\/site.ac-martinique.fr\/anglais\/index.php?rest_route=%2Fwp%2Fv2%2Fmedia&parent=2027"}],"curies":[{"name":"wp","href":"https:\/\/api.w.org\/{rel}","templated":true}]}}