{"id":408,"date":"2021-04-28T19:33:49","date_gmt":"2021-04-29T00:33:49","guid":{"rendered":"https:\/\/site.ac-martinique.fr\/anglais\/?page_id=408"},"modified":"2021-09-12T09:08:09","modified_gmt":"2021-09-12T14:08:09","slug":"outils","status":"publish","type":"page","link":"https:\/\/site.ac-martinique.fr\/anglais\/?page_id=408","title":{"rendered":"Outils"},"content":{"rendered":"\n<div class=\"wp-block-group alignfull\"><div class=\"wp-block-group__inner-container is-layout-flow wp-block-group-is-layout-flow\">\n<h2 class=\"wp-block-heading\"><\/h2>\n\n\n<ul class=\"wp-block-latest-posts__list tw-heading-size-medium is-style-tw-posts-border tw-stretched-link tw-hide-more-link wp-block-latest-posts\"><li><div class=\"wp-block-latest-posts__featured-image alignleft\"><img loading=\"lazy\" decoding=\"async\" width=\"300\" height=\"252\" src=\"https:\/\/site.ac-martinique.fr\/anglais\/wp-content\/uploads\/sites\/92\/2026\/01\/caramel-300x252.png\" class=\"attachment-medium size-medium wp-post-image\" alt=\"\" style=\"max-width:150px;max-height:150px;\" srcset=\"https:\/\/site.ac-martinique.fr\/anglais\/wp-content\/uploads\/sites\/92\/2026\/01\/caramel-300x252.png 300w, https:\/\/site.ac-martinique.fr\/anglais\/wp-content\/uploads\/sites\/92\/2026\/01\/caramel.png 512w\" sizes=\"auto, (max-width: 300px) 100vw, 300px\" \/><\/div><a class=\"wp-block-latest-posts__post-title\" href=\"https:\/\/site.ac-martinique.fr\/anglais\/?p=4070\">Caramel : cr\u00e9er simplement des activit\u00e9s interactives<\/a><div class=\"wp-block-latest-posts__post-excerpt\">Cr\u00e9er des activit\u00e9s interactives pour ses \u00e9l\u00e8ves peut rapidement devenir complexe et chronophage. Caramel propose une solution simple, en ligne\u2026 <a class=\"wp-block-latest-posts__read-more\" href=\"https:\/\/site.ac-martinique.fr\/anglais\/?p=4070\" rel=\"noopener noreferrer\">Lire la suite<span class=\"screen-reader-text\">\u00a0: Caramel : cr\u00e9er simplement des activit\u00e9s interactives<\/span><\/a><\/div><\/li>\n<li><div class=\"wp-block-latest-posts__featured-image alignleft\"><img loading=\"lazy\" decoding=\"async\" width=\"200\" height=\"200\" src=\"https:\/\/site.ac-martinique.fr\/anglais\/wp-content\/uploads\/sites\/92\/2024\/05\/elea-logo.png\" class=\"attachment-medium size-medium wp-post-image\" alt=\"\" style=\"max-width:150px;max-height:150px;\" srcset=\"https:\/\/site.ac-martinique.fr\/anglais\/wp-content\/uploads\/sites\/92\/2024\/05\/elea-logo.png 200w, https:\/\/site.ac-martinique.fr\/anglais\/wp-content\/uploads\/sites\/92\/2024\/05\/elea-logo-150x150.png 150w\" sizes=\"auto, (max-width: 200px) 100vw, 200px\" \/><\/div><a class=\"wp-block-latest-posts__post-title\" href=\"https:\/\/site.ac-martinique.fr\/anglais\/?p=3484\">D\u00e9ploiement d&rsquo;\u00c9l\u00e9a via l&rsquo;ENT \u00ab\u00a0Colibri\u00a0\u00bb<\/a><div class=\"wp-block-latest-posts__post-excerpt\">La D\u00e9l\u00e9gation r\u00e9gionale acad\u00e9mique au num\u00e9rique \u00e9ducatif (DRANE) informe de l&rsquo;ouverture de la plateforme \u00c9l\u00e9a pour l&rsquo;acad\u00e9mie de Martinique. \u00c9l\u00e9a\u2026 <a class=\"wp-block-latest-posts__read-more\" href=\"https:\/\/site.ac-martinique.fr\/anglais\/?p=3484\" rel=\"noopener noreferrer\">Lire la suite<span class=\"screen-reader-text\">\u00a0: D\u00e9ploiement d&rsquo;\u00c9l\u00e9a via l&rsquo;ENT \u00ab\u00a0Colibri\u00a0\u00bb<\/span><\/a><\/div><\/li>\n<li><div class=\"wp-block-latest-posts__featured-image alignleft\"><img loading=\"lazy\" decoding=\"async\" width=\"200\" height=\"200\" src=\"https:\/\/site.ac-martinique.fr\/anglais\/wp-content\/uploads\/sites\/92\/2024\/05\/elea-logo.png\" class=\"attachment-medium size-medium wp-post-image\" alt=\"\" style=\"max-width:150px;max-height:150px;\" srcset=\"https:\/\/site.ac-martinique.fr\/anglais\/wp-content\/uploads\/sites\/92\/2024\/05\/elea-logo.png 200w, https:\/\/site.ac-martinique.fr\/anglais\/wp-content\/uploads\/sites\/92\/2024\/05\/elea-logo-150x150.png 150w\" sizes=\"auto, (max-width: 200px) 100vw, 200px\" \/><\/div><a class=\"wp-block-latest-posts__post-title\" href=\"https:\/\/site.ac-martinique.fr\/anglais\/?p=3369\">Pr\u00e9sentation d&rsquo;un parcours \u00c9l\u00e9a: \u00ab\u00a0The Art of Story Telling\u00a0\u00bb<\/a><div class=\"wp-block-latest-posts__post-excerpt\">La plateforme de e-\u00e9ducation&nbsp;\u00c9l\u00e9a&nbsp;permet la cr\u00e9ation de parcours p\u00e9dagogiques sc\u00e9naris\u00e9s. Elle sera accessible directement via l&rsquo;ENT \u00e0 la rentr\u00e9e 2024\u2026 <a class=\"wp-block-latest-posts__read-more\" href=\"https:\/\/site.ac-martinique.fr\/anglais\/?p=3369\" rel=\"noopener noreferrer\">Lire la suite<span class=\"screen-reader-text\">\u00a0: Pr\u00e9sentation d&rsquo;un parcours \u00c9l\u00e9a: \u00ab\u00a0The Art of Story Telling\u00a0\u00bb<\/span><\/a><\/div><\/li>\n<li><div class=\"wp-block-latest-posts__featured-image alignleft\"><img loading=\"lazy\" decoding=\"async\" width=\"224\" height=\"218\" src=\"https:\/\/site.ac-martinique.fr\/anglais\/wp-content\/uploads\/sites\/92\/2024\/03\/Capture-decran-2024-03-29-192155.png\" class=\"attachment-medium size-medium wp-post-image\" alt=\"\" style=\"max-width:150px;max-height:150px;\" \/><\/div><a class=\"wp-block-latest-posts__post-title\" href=\"https:\/\/site.ac-martinique.fr\/anglais\/?p=3107\">Cr\u00e9er des bandes dessin\u00e9es avec Digistrip<\/a><div class=\"wp-block-latest-posts__post-excerpt\">Digistrip permet de cr\u00e9er des bandes dessin\u00e9es gratuitement, sans cr\u00e9ation de compte, sans publicit\u00e9: encore un formidable outil de ladigitale.dev\u2026 <a class=\"wp-block-latest-posts__read-more\" href=\"https:\/\/site.ac-martinique.fr\/anglais\/?p=3107\" rel=\"noopener noreferrer\">Lire la suite<span class=\"screen-reader-text\">\u00a0: Cr\u00e9er des bandes dessin\u00e9es avec Digistrip<\/span><\/a><\/div><\/li>\n<li><div class=\"wp-block-latest-posts__featured-image alignleft\"><img loading=\"lazy\" decoding=\"async\" width=\"231\" height=\"232\" src=\"https:\/\/site.ac-martinique.fr\/anglais\/wp-content\/uploads\/sites\/92\/2024\/02\/Capture-decran-2024-02-25-122204.png\" class=\"attachment-medium size-medium wp-post-image\" alt=\"\" style=\"max-width:150px;max-height:150px;\" srcset=\"https:\/\/site.ac-martinique.fr\/anglais\/wp-content\/uploads\/sites\/92\/2024\/02\/Capture-decran-2024-02-25-122204.png 231w, https:\/\/site.ac-martinique.fr\/anglais\/wp-content\/uploads\/sites\/92\/2024\/02\/Capture-decran-2024-02-25-122204-150x150.png 150w\" sizes=\"auto, (max-width: 231px) 100vw, 231px\" \/><\/div><a class=\"wp-block-latest-posts__post-title\" href=\"https:\/\/site.ac-martinique.fr\/anglais\/?p=3089\">DigiPDF: l&rsquo;outil incontournable pour \u00e9diter des pdf<\/a><div class=\"wp-block-latest-posts__post-excerpt\">Dans la s\u00e9rie des outils incontournables de ladigitale.dev, l&rsquo;application DigiPDF regroupe une s\u00e9rie d\u2019outils en ligne pour travailler sur vos\u2026 <a class=\"wp-block-latest-posts__read-more\" href=\"https:\/\/site.ac-martinique.fr\/anglais\/?p=3089\" rel=\"noopener noreferrer\">Lire la suite<span class=\"screen-reader-text\">\u00a0: DigiPDF: l&rsquo;outil incontournable pour \u00e9diter des pdf<\/span><\/a><\/div><\/li>\n<li><div class=\"wp-block-latest-posts__featured-image alignleft\"><img loading=\"lazy\" decoding=\"async\" width=\"300\" height=\"229\" src=\"https:\/\/site.ac-martinique.fr\/anglais\/wp-content\/uploads\/sites\/92\/2023\/09\/Capture-decran-2023-09-19-211246-300x229.png\" class=\"attachment-medium size-medium wp-post-image\" alt=\"\" style=\"max-width:150px;max-height:150px;\" srcset=\"https:\/\/site.ac-martinique.fr\/anglais\/wp-content\/uploads\/sites\/92\/2023\/09\/Capture-decran-2023-09-19-211246-300x229.png 300w, https:\/\/site.ac-martinique.fr\/anglais\/wp-content\/uploads\/sites\/92\/2023\/09\/Capture-decran-2023-09-19-211246.png 304w\" sizes=\"auto, (max-width: 300px) 100vw, 300px\" \/><\/div><a class=\"wp-block-latest-posts__post-title\" href=\"https:\/\/site.ac-martinique.fr\/anglais\/?p=2820\">Acc\u00e8s \u00e0 l&rsquo;ENT acad\u00e9mique Colibri, rentr\u00e9e 2023<\/a><div class=\"wp-block-latest-posts__post-excerpt\">Depuis la rentr\u00e9e 2023, une nouvelle page de choix de profils a \u00e9t\u00e9 mise en place pour Colibri :&nbsp;https:\/\/colibri.ac-martinique.fr\/<\/div><\/li>\n<li><div class=\"wp-block-latest-posts__featured-image alignleft\"><img loading=\"lazy\" decoding=\"async\" width=\"167\" height=\"300\" src=\"https:\/\/site.ac-martinique.fr\/anglais\/wp-content\/uploads\/sites\/92\/2023\/06\/gochrono-167x300.jpg\" class=\"attachment-medium size-medium wp-post-image\" alt=\"\" style=\"max-width:150px;max-height:150px;\" srcset=\"https:\/\/site.ac-martinique.fr\/anglais\/wp-content\/uploads\/sites\/92\/2023\/06\/gochrono-167x300.jpg 167w, https:\/\/site.ac-martinique.fr\/anglais\/wp-content\/uploads\/sites\/92\/2023\/06\/gochrono-e1686189296480.jpg 139w\" sizes=\"auto, (max-width: 167px) 100vw, 167px\" \/><\/div><a class=\"wp-block-latest-posts__post-title\" href=\"https:\/\/site.ac-martinique.fr\/anglais\/?p=2749\">Go Chrono : un chronom\u00e8tre pour le Grand Oral<\/a><div class=\"wp-block-latest-posts__post-excerpt\">D\u00e9couvrez Go chrono: un outil simple, gratuit sans cr\u00e9ation de compte , sans publicit\u00e9 et efficace, accessible dans un navigateur\u2026 <a class=\"wp-block-latest-posts__read-more\" href=\"https:\/\/site.ac-martinique.fr\/anglais\/?p=2749\" rel=\"noopener noreferrer\">Lire la suite<span class=\"screen-reader-text\">\u00a0: Go Chrono : un chronom\u00e8tre pour le Grand Oral<\/span><\/a><\/div><\/li>\n<li><div class=\"wp-block-latest-posts__featured-image alignleft\"><img loading=\"lazy\" decoding=\"async\" width=\"224\" height=\"233\" src=\"https:\/\/site.ac-martinique.fr\/anglais\/wp-content\/uploads\/sites\/92\/2022\/11\/digipad-2.jpg\" class=\"attachment-medium size-medium wp-post-image\" alt=\"\" style=\"max-width:150px;max-height:150px;\" \/><\/div><a class=\"wp-block-latest-posts__post-title\" href=\"https:\/\/site.ac-martinique.fr\/anglais\/?p=2298\">Conception d&rsquo;un portfolio num\u00e9rique avec Digipad en enseignement de sp\u00e9cialit\u00e9 LLCER<\/a><div class=\"wp-block-latest-posts__post-excerpt\">Sur le site de La Digitale https:\/\/ladigitale.dev et depuis la page d&rsquo;accueil, \u00ab\u00a0La Digitale&nbsp;propose des outils num\u00e9riques&nbsp;responsables et&nbsp;gratuits&nbsp;pour accompagner les\u2026 <a class=\"wp-block-latest-posts__read-more\" href=\"https:\/\/site.ac-martinique.fr\/anglais\/?p=2298\" rel=\"noopener noreferrer\">Lire la suite<span class=\"screen-reader-text\">\u00a0: Conception d&rsquo;un portfolio num\u00e9rique avec Digipad en enseignement de sp\u00e9cialit\u00e9 LLCER<\/span><\/a><\/div><\/li>\n<li><div class=\"wp-block-latest-posts__featured-image alignleft\"><img loading=\"lazy\" decoding=\"async\" width=\"300\" height=\"190\" src=\"https:\/\/site.ac-martinique.fr\/anglais\/wp-content\/uploads\/sites\/92\/2021\/06\/outils-tice-ecrit-300x190.jpg\" class=\"attachment-medium size-medium wp-post-image\" alt=\"\" style=\"max-width:150px;max-height:150px;\" \/><\/div><a class=\"wp-block-latest-posts__post-title\" href=\"https:\/\/site.ac-martinique.fr\/anglais\/?p=1078\">Diff\u00e9renciation p\u00e9dagogique: outils pour am\u00e9liorer les comp\u00e9tences de r\u00e9ception et de production<\/a><div class=\"wp-block-latest-posts__post-excerpt\">Dans le cadre d&rsquo;une formation inscrite au PAF, \u00ab\u00a0Diff\u00e9renciation p\u00e9dagogique \u00e0 l&rsquo;\u00e9crit: am\u00e9liorer les comp\u00e9tences de r\u00e9ception et de production\u00a0\u00bb,\u2026 <a class=\"wp-block-latest-posts__read-more\" href=\"https:\/\/site.ac-martinique.fr\/anglais\/?p=1078\" rel=\"noopener noreferrer\">Lire la suite<span class=\"screen-reader-text\">\u00a0: Diff\u00e9renciation p\u00e9dagogique: outils pour am\u00e9liorer les comp\u00e9tences de r\u00e9ception et de production<\/span><\/a><\/div><\/li>\n<li><div class=\"wp-block-latest-posts__featured-image alignleft\"><img loading=\"lazy\" decoding=\"async\" width=\"106\" height=\"62\" src=\"https:\/\/site.ac-martinique.fr\/anglais\/wp-content\/uploads\/sites\/92\/2021\/05\/logo-colibri.jpg\" class=\"attachment-medium size-medium wp-post-image\" alt=\"\" style=\"max-width:150px;max-height:150px;\" \/><\/div><a class=\"wp-block-latest-posts__post-title\" href=\"https:\/\/site.ac-martinique.fr\/anglais\/?p=783\">Audio Quiz dans l&rsquo;ENT Colibri<\/a><div class=\"wp-block-latest-posts__post-excerpt\">L&rsquo;ENT Colibri, d\u00e9ploy\u00e9 dans l&rsquo;acad\u00e9mie de la Martinique est un espace num\u00e9rique de travail et de communication complet, \u00e0 l&rsquo;interface\u2026 <a class=\"wp-block-latest-posts__read-more\" href=\"https:\/\/site.ac-martinique.fr\/anglais\/?p=783\" rel=\"noopener noreferrer\">Lire la suite<span class=\"screen-reader-text\">\u00a0: Audio Quiz dans l&rsquo;ENT Colibri<\/span><\/a><\/div><\/li>\n<li><div class=\"wp-block-latest-posts__featured-image alignleft\"><img loading=\"lazy\" decoding=\"async\" width=\"165\" height=\"117\" src=\"https:\/\/site.ac-martinique.fr\/anglais\/wp-content\/uploads\/sites\/92\/2021\/05\/tophonetics.png\" class=\"attachment-medium size-medium wp-post-image\" alt=\"\" style=\"max-width:150px;max-height:150px;\" \/><\/div><a class=\"wp-block-latest-posts__post-title\" href=\"https:\/\/site.ac-martinique.fr\/anglais\/?p=777\">Transcription phon\u00e9tique avec \u00ab\u00a0toPhonetics\u00a0\u00bb<\/a><div class=\"wp-block-latest-posts__post-excerpt\">toPhonetics.com est un outil en ligne , gratuit, qui permet de transcrire facilement un texte court en phon\u00e9tique (IPA). On\u2026 <a class=\"wp-block-latest-posts__read-more\" href=\"https:\/\/site.ac-martinique.fr\/anglais\/?p=777\" rel=\"noopener noreferrer\">Lire la suite<span class=\"screen-reader-text\">\u00a0: Transcription phon\u00e9tique avec \u00ab\u00a0toPhonetics\u00a0\u00bb<\/span><\/a><\/div><\/li>\n<li><div class=\"wp-block-latest-posts__featured-image alignleft\"><img loading=\"lazy\" decoding=\"async\" width=\"204\" height=\"194\" src=\"https:\/\/site.ac-martinique.fr\/anglais\/wp-content\/uploads\/sites\/92\/2021\/05\/mmlogo.jpg\" class=\"attachment-medium size-medium wp-post-image\" alt=\"\" style=\"max-width:150px;max-height:150px;\" \/><\/div><a class=\"wp-block-latest-posts__post-title\" href=\"https:\/\/site.ac-martinique.fr\/anglais\/?p=773\">Mirage Make: r\u00e9alit\u00e9 augment\u00e9e<\/a><div class=\"wp-block-latest-posts__post-excerpt\">Mirage Make est une application de r\u00e9alit\u00e9 augment\u00e9e d\u00e9velopp\u00e9e par un enseignant de l&rsquo;acad\u00e9mie de Rouen. La version publique, accessible\u2026 <a class=\"wp-block-latest-posts__read-more\" href=\"https:\/\/site.ac-martinique.fr\/anglais\/?p=773\" rel=\"noopener noreferrer\">Lire la suite<span class=\"screen-reader-text\">\u00a0: Mirage Make: r\u00e9alit\u00e9 augment\u00e9e<\/span><\/a><\/div><\/li>\n<li><div class=\"wp-block-latest-posts__featured-image alignleft\"><img loading=\"lazy\" decoding=\"async\" width=\"287\" height=\"86\" src=\"https:\/\/site.ac-martinique.fr\/anglais\/wp-content\/uploads\/sites\/92\/2021\/05\/logopearltrees-acmartinique.png\" class=\"attachment-medium size-medium wp-post-image\" alt=\"\" style=\"max-width:150px;max-height:150px;\" \/><\/div><a class=\"wp-block-latest-posts__post-title\" href=\"https:\/\/site.ac-martinique.fr\/anglais\/?p=675\">Pearltrees en classe de langue vivante<\/a><div class=\"wp-block-latest-posts__post-excerpt\"> Pearltrees \u00c9ducation, un r\u00e9seau collaboratif p\u00e9dagogique d\u00e9di\u00e9 aux \u00e9tablissements scolaires<\/div><\/li>\n<li><div class=\"wp-block-latest-posts__featured-image alignleft\"><img loading=\"lazy\" decoding=\"async\" width=\"88\" height=\"80\" src=\"https:\/\/site.ac-martinique.fr\/anglais\/wp-content\/uploads\/sites\/92\/2021\/05\/genially-icon-e1620863588431.png\" class=\"attachment-medium size-medium wp-post-image\" alt=\"\" style=\"max-width:150px;max-height:150px;\" \/><\/div><a class=\"wp-block-latest-posts__post-title\" href=\"https:\/\/site.ac-martinique.fr\/anglais\/?p=428\">Pr\u00e9sentations interactives avec Genially<\/a><div class=\"wp-block-latest-posts__post-excerpt\"> Genial.ly qui permet de concevoir des pr\u00e9sentations interactives multi-modales.<\/div><\/li>\n<li><div class=\"wp-block-latest-posts__featured-image alignleft\"><img loading=\"lazy\" decoding=\"async\" width=\"300\" height=\"149\" src=\"https:\/\/site.ac-martinique.fr\/anglais\/wp-content\/uploads\/sites\/92\/2021\/05\/savourat-competences-en-langues-300x149.png\" class=\"attachment-medium size-medium wp-post-image\" alt=\"\" style=\"max-width:150px;max-height:150px;\" srcset=\"https:\/\/site.ac-martinique.fr\/anglais\/wp-content\/uploads\/sites\/92\/2021\/05\/savourat-competences-en-langues-300x149.png 300w, https:\/\/site.ac-martinique.fr\/anglais\/wp-content\/uploads\/sites\/92\/2021\/05\/savourat-competences-en-langues-e1622075009291.png 250w\" sizes=\"auto, (max-width: 300px) 100vw, 300px\" \/><\/div><a class=\"wp-block-latest-posts__post-title\" href=\"https:\/\/site.ac-martinique.fr\/anglais\/?p=970\">Application: Comp\u00e9tences en LV :Socle Commun,  CECRL, CRCN<\/a><div class=\"wp-block-latest-posts__post-excerpt\">Laure Savourat&nbsp; professeur d&rsquo;anglais, r\u00e9f\u00e9rente num\u00e9rique (ac-cr\u00e9teil) et experte num\u00e9rique DNE, partage (sur Twitter @MrsSavourat)&nbsp;\u00ab\u00a0Comp\u00e9tences en langues vivantes\u00a0\u00bb, une application\u2026 <a class=\"wp-block-latest-posts__read-more\" href=\"https:\/\/site.ac-martinique.fr\/anglais\/?p=970\" rel=\"noopener noreferrer\">Lire la suite<span class=\"screen-reader-text\">\u00a0: Application: Comp\u00e9tences en LV :Socle Commun,  CECRL, CRCN<\/span><\/a><\/div><\/li>\n<li><div class=\"wp-block-latest-posts__featured-image alignleft\"><img loading=\"lazy\" decoding=\"async\" width=\"300\" height=\"118\" src=\"https:\/\/site.ac-martinique.fr\/anglais\/wp-content\/uploads\/sites\/92\/2021\/04\/anki-300x118.jpg\" class=\"attachment-medium size-medium wp-post-image\" alt=\"\" style=\"max-width:150px;max-height:150px;\" srcset=\"https:\/\/site.ac-martinique.fr\/anglais\/wp-content\/uploads\/sites\/92\/2021\/04\/anki-300x118.jpg 300w, https:\/\/site.ac-martinique.fr\/anglais\/wp-content\/uploads\/sites\/92\/2021\/04\/anki-e1618605552856.jpg 250w\" sizes=\"auto, (max-width: 300px) 100vw, 300px\" \/><\/div><a class=\"wp-block-latest-posts__post-title\" href=\"https:\/\/site.ac-martinique.fr\/anglais\/?p=140\">Anki, outil de cr\u00e9ation de type \u00ab\u00a0flashcards\u00a0\u00bb pour m\u00e9moriser du lexique<\/a><div class=\"wp-block-latest-posts__post-excerpt\">Anki (http:\/\/ichi2.net\/anki) est un logiciel libre de&nbsp;r\u00e9p\u00e9tition espac\u00e9e. Il existe \u00e9galement une version mobile , IOS et OS. &nbsp;Anki signifie\u2026 <a class=\"wp-block-latest-posts__read-more\" href=\"https:\/\/site.ac-martinique.fr\/anglais\/?p=140\" rel=\"noopener noreferrer\">Lire la suite<span class=\"screen-reader-text\">\u00a0: Anki, outil de cr\u00e9ation de type \u00ab\u00a0flashcards\u00a0\u00bb pour m\u00e9moriser du lexique<\/span><\/a><\/div><\/li>\n<li><div class=\"wp-block-latest-posts__featured-image alignleft\"><img loading=\"lazy\" decoding=\"async\" width=\"300\" height=\"85\" src=\"https:\/\/site.ac-martinique.fr\/anglais\/wp-content\/uploads\/sites\/92\/2021\/04\/digitale-1-300x85.png\" class=\"attachment-medium size-medium wp-post-image\" alt=\"\" style=\"max-width:150px;max-height:150px;\" srcset=\"https:\/\/site.ac-martinique.fr\/anglais\/wp-content\/uploads\/sites\/92\/2021\/04\/digitale-1-300x85.png 300w, https:\/\/site.ac-martinique.fr\/anglais\/wp-content\/uploads\/sites\/92\/2021\/04\/digitale-1.png 481w\" sizes=\"auto, (max-width: 300px) 100vw, 300px\" \/><\/div><a class=\"wp-block-latest-posts__post-title\" href=\"https:\/\/site.ac-martinique.fr\/anglais\/?p=97\">ladigitale.dev, panoplie d&rsquo;outils num\u00e9riques<\/a><div class=\"wp-block-latest-posts__post-excerpt\">ladigitale.dev&nbsp;est l&rsquo;outil coup de coeur \u00e0 d\u00e9couvrir si vous ne le connaissez pas d\u00e9j\u00e0. Le service vaut VRAIMENT le d\u00e9tour!&nbsp;\u2026 <a class=\"wp-block-latest-posts__read-more\" href=\"https:\/\/site.ac-martinique.fr\/anglais\/?p=97\" rel=\"noopener noreferrer\">Lire la suite<span class=\"screen-reader-text\">\u00a0: ladigitale.dev, panoplie d&rsquo;outils num\u00e9riques<\/span><\/a><\/div><\/li>\n<li><div class=\"wp-block-latest-posts__featured-image alignleft\"><img loading=\"lazy\" decoding=\"async\" width=\"300\" height=\"88\" src=\"https:\/\/site.ac-martinique.fr\/anglais\/wp-content\/uploads\/sites\/92\/2021\/06\/speakup-300x88.jpg\" class=\"attachment-medium size-medium wp-post-image\" alt=\"\" style=\"max-width:150px;max-height:150px;\" srcset=\"https:\/\/site.ac-martinique.fr\/anglais\/wp-content\/uploads\/sites\/92\/2021\/06\/speakup-300x88.jpg 300w, https:\/\/site.ac-martinique.fr\/anglais\/wp-content\/uploads\/sites\/92\/2021\/06\/speakup-e1623681173219.jpg 200w\" sizes=\"auto, (max-width: 300px) 100vw, 300px\" \/><\/div><a class=\"wp-block-latest-posts__post-title\" href=\"https:\/\/site.ac-martinique.fr\/anglais\/?p=1092\">Interaction \u00e9crite avec \u00ab\u00a0SpeakUp\u00a0\u00bb<\/a><div class=\"wp-block-latest-posts__post-excerpt\">D\u00e9couvrez&nbsp;SpeakUp, une application web visant \u00e0 faciliter les interactions \u00e9crites. SpeakUp ne requiert pas d&rsquo;installation ni de compte.&nbsp;L&rsquo;application permet de\u2026 <a class=\"wp-block-latest-posts__read-more\" href=\"https:\/\/site.ac-martinique.fr\/anglais\/?p=1092\" rel=\"noopener noreferrer\">Lire la suite<span class=\"screen-reader-text\">\u00a0: Interaction \u00e9crite avec \u00ab\u00a0SpeakUp\u00a0\u00bb<\/span><\/a><\/div><\/li>\n<li><div class=\"wp-block-latest-posts__featured-image alignleft\"><img loading=\"lazy\" decoding=\"async\" width=\"120\" height=\"120\" src=\"https:\/\/site.ac-martinique.fr\/anglais\/wp-content\/uploads\/sites\/92\/2021\/06\/polymny-logo.png\" class=\"attachment-medium size-medium wp-post-image\" alt=\"\" style=\"max-width:150px;max-height:150px;\" \/><\/div><a class=\"wp-block-latest-posts__post-title\" href=\"https:\/\/site.ac-martinique.fr\/anglais\/?p=1115\">Polymny studio: cr\u00e9er des capsules vid\u00e9o \u00e0 partir de pdf<\/a><div class=\"wp-block-latest-posts__post-excerpt\">Vous cherchez un outil simple, libre et gratuit pour concevoir des capsules vid\u00e9o pour vos \u00e9l\u00e8ves?&nbsp;Polymny.studio&nbsp;est l&rsquo;outil qu&rsquo;il vous faut.&nbsp;&nbsp;Il\u2026 <a class=\"wp-block-latest-posts__read-more\" href=\"https:\/\/site.ac-martinique.fr\/anglais\/?p=1115\" rel=\"noopener noreferrer\">Lire la suite<span class=\"screen-reader-text\">\u00a0: Polymny studio: cr\u00e9er des capsules vid\u00e9o \u00e0 partir de pdf<\/span><\/a><\/div><\/li>\n<\/ul><\/div><\/div>\n\n\n\n<p><\/p>\n","protected":false},"excerpt":{"rendered":"","protected":false},"author":237,"featured_media":0,"parent":374,"menu_order":1,"comment_status":"closed","ping_status":"closed","template":"","meta":{"footnotes":""},"class_list":["post-408","page","type-page","status-publish","hentry"],"_links":{"self":[{"href":"https:\/\/site.ac-martinique.fr\/anglais\/index.php?rest_route=\/wp\/v2\/pages\/408","targetHints":{"allow":["GET"]}}],"collection":[{"href":"https:\/\/site.ac-martinique.fr\/anglais\/index.php?rest_route=\/wp\/v2\/pages"}],"about":[{"href":"https:\/\/site.ac-martinique.fr\/anglais\/index.php?rest_route=\/wp\/v2\/types\/page"}],"author":[{"embeddable":true,"href":"https:\/\/site.ac-martinique.fr\/anglais\/index.php?rest_route=\/wp\/v2\/users\/237"}],"replies":[{"embeddable":true,"href":"https:\/\/site.ac-martinique.fr\/anglais\/index.php?rest_route=%2Fwp%2Fv2%2Fcomments&post=408"}],"version-history":[{"count":8,"href":"https:\/\/site.ac-martinique.fr\/anglais\/index.php?rest_route=\/wp\/v2\/pages\/408\/revisions"}],"predecessor-version":[{"id":1370,"href":"https:\/\/site.ac-martinique.fr\/anglais\/index.php?rest_route=\/wp\/v2\/pages\/408\/revisions\/1370"}],"up":[{"embeddable":true,"href":"https:\/\/site.ac-martinique.fr\/anglais\/index.php?rest_route=\/wp\/v2\/pages\/374"}],"wp:attachment":[{"href":"https:\/\/site.ac-martinique.fr\/anglais\/index.php?rest_route=%2Fwp%2Fv2%2Fmedia&parent=408"}],"curies":[{"name":"wp","href":"https:\/\/api.w.org\/{rel}","templated":true}]}}