{"id":430,"date":"2021-05-12T13:05:18","date_gmt":"2021-05-12T18:05:18","guid":{"rendered":"https:\/\/site.ac-martinique.fr\/anglais\/?page_id=430"},"modified":"2021-05-12T18:48:02","modified_gmt":"2021-05-12T23:48:02","slug":"tutoriels","status":"publish","type":"page","link":"https:\/\/site.ac-martinique.fr\/anglais\/?page_id=430","title":{"rendered":"Tutoriels"},"content":{"rendered":"\n<div class=\"wp-block-group alignfull\"><div class=\"wp-block-group__inner-container is-layout-flow wp-block-group-is-layout-flow\"><ul class=\"wp-block-latest-posts__list tw-heading-size-medium is-style-tw-posts-border tw-stretched-link tw-hide-more-link wp-block-latest-posts\"><li><div class=\"wp-block-latest-posts__featured-image alignleft\"><img loading=\"lazy\" decoding=\"async\" width=\"150\" height=\"150\" src=\"https:\/\/site.ac-martinique.fr\/anglais\/wp-content\/uploads\/sites\/92\/2026\/01\/caramel-150x150.png\" class=\"attachment-thumbnail size-thumbnail wp-post-image\" alt=\"\" style=\"max-width:75px;max-height:75px;\" \/><\/div><a class=\"wp-block-latest-posts__post-title\" href=\"https:\/\/site.ac-martinique.fr\/anglais\/?p=4070\">Caramel : cr\u00e9er simplement des activit\u00e9s interactives<\/a><div class=\"wp-block-latest-posts__post-excerpt\">Cr\u00e9er des activit\u00e9s interactives pour ses \u00e9l\u00e8ves peut rapidement devenir complexe et chronophage. Caramel propose une solution simple, en ligne pour accompagner les enseignants et formateurs dans la conception d\u2019activit\u00e9s H5P ou \u00c9l\u00e9a, en s\u2019appuyant sur l\u2019intelligence artificielle. Un outil accessible \u00e0 tous, pens\u00e9 pour le terrain \u00c0 partir de quelques informations p\u00e9dagogiques de base \u2014 discipline, th\u00e8me, niveau scolaire, nombre de questions \u2014 Caramel g\u00e9n\u00e8re automatiquement des contenus adapt\u00e9s. Ces contenus peuvent ensuite \u00eatre transform\u00e9s directement en fichiers H5P ou .mbz, pr\u00eats \u00e0 \u00eatre import\u00e9s dans les plateformes Moodle, \u00c9l\u00e9a ou Magist\u00e8re. L\u2019ensemble du processus se fait dans le\u2026 <a class=\"wp-block-latest-posts__read-more\" href=\"https:\/\/site.ac-martinique.fr\/anglais\/?p=4070\" rel=\"noopener noreferrer\">Lire la suite<span class=\"screen-reader-text\">\u00a0: Caramel : cr\u00e9er simplement des activit\u00e9s interactives<\/span><\/a><\/div><\/li>\n<\/ul><\/div><\/div>\n\n\n\n<p><\/p>\n","protected":false},"excerpt":{"rendered":"","protected":false},"author":237,"featured_media":0,"parent":0,"menu_order":0,"comment_status":"closed","ping_status":"closed","template":"","meta":{"footnotes":""},"class_list":["post-430","page","type-page","status-publish","hentry"],"_links":{"self":[{"href":"https:\/\/site.ac-martinique.fr\/anglais\/index.php?rest_route=\/wp\/v2\/pages\/430","targetHints":{"allow":["GET"]}}],"collection":[{"href":"https:\/\/site.ac-martinique.fr\/anglais\/index.php?rest_route=\/wp\/v2\/pages"}],"about":[{"href":"https:\/\/site.ac-martinique.fr\/anglais\/index.php?rest_route=\/wp\/v2\/types\/page"}],"author":[{"embeddable":true,"href":"https:\/\/site.ac-martinique.fr\/anglais\/index.php?rest_route=\/wp\/v2\/users\/237"}],"replies":[{"embeddable":true,"href":"https:\/\/site.ac-martinique.fr\/anglais\/index.php?rest_route=%2Fwp%2Fv2%2Fcomments&post=430"}],"version-history":[{"count":9,"href":"https:\/\/site.ac-martinique.fr\/anglais\/index.php?rest_route=\/wp\/v2\/pages\/430\/revisions"}],"predecessor-version":[{"id":525,"href":"https:\/\/site.ac-martinique.fr\/anglais\/index.php?rest_route=\/wp\/v2\/pages\/430\/revisions\/525"}],"wp:attachment":[{"href":"https:\/\/site.ac-martinique.fr\/anglais\/index.php?rest_route=%2Fwp%2Fv2%2Fmedia&parent=430"}],"curies":[{"name":"wp","href":"https:\/\/api.w.org\/{rel}","templated":true}]}}