{"id":472,"date":"2021-05-12T14:17:12","date_gmt":"2021-05-12T19:17:12","guid":{"rendered":"https:\/\/site.ac-martinique.fr\/anglais\/?page_id=472"},"modified":"2022-11-05T13:54:09","modified_gmt":"2022-11-05T18:54:09","slug":"ressources-institutionnelles","status":"publish","type":"page","link":"https:\/\/site.ac-martinique.fr\/anglais\/?page_id=472","title":{"rendered":"Ressources institutionnelles"},"content":{"rendered":"<ul class=\"wp-block-latest-posts__list has-dates tw-stretched-link tw-hide-more-link is-style-tw-posts-border tw-heading-size-large wp-block-latest-posts\"><li><div class=\"wp-block-latest-posts__featured-image alignleft\"><img loading=\"lazy\" decoding=\"async\" width=\"152\" height=\"204\" src=\"https:\/\/site.ac-martinique.fr\/anglais\/wp-content\/uploads\/sites\/92\/2025\/05\/Capture-decran-2025-05-28-144548.png\" class=\"attachment-medium size-medium wp-post-image\" alt=\"\" style=\"max-width:150px;max-height:150px;\" \/><\/div><a class=\"wp-block-latest-posts__post-title\" href=\"https:\/\/site.ac-martinique.fr\/anglais\/?p=3903\">Grand Oral (2025)<\/a><time datetime=\"2025-05-28T13:44:22-05:00\" class=\"wp-block-latest-posts__post-date\">28 mai 2025<\/time><div class=\"wp-block-latest-posts__post-excerpt\">La page \u00c9duscol consacr\u00e9e au Grand Oral a mis \u00e0 jour la \u00ab\u00a0Foire aux questions\u00a0\u00bb (FAQ) pour la session 2025.\u2026 <a class=\"wp-block-latest-posts__read-more\" href=\"https:\/\/site.ac-martinique.fr\/anglais\/?p=3903\" rel=\"noopener noreferrer\">Lire la suite<span class=\"screen-reader-text\">\u00a0: Grand Oral (2025)<\/span><\/a><\/div><\/li>\n<li><div class=\"wp-block-latest-posts__featured-image alignleft\"><img loading=\"lazy\" decoding=\"async\" width=\"160\" height=\"53\" src=\"https:\/\/site.ac-martinique.fr\/anglais\/wp-content\/uploads\/sites\/92\/2021\/05\/eduscol.png\" class=\"attachment-medium size-medium wp-post-image\" alt=\"\" style=\"max-width:150px;max-height:150px;\" \/><\/div><a class=\"wp-block-latest-posts__post-title\" href=\"https:\/\/site.ac-martinique.fr\/anglais\/?p=2526\">Rep\u00e8res annuels de progression Cycle 3 et cycle 4: Outils pour mieux appr\u00e9hender les attendus et mieux d\u00e9finir une progression en LV &#8211; 6\u00e8me \u00e0 3\u00e8me<\/a><time datetime=\"2024-01-18T18:16:07-05:00\" class=\"wp-block-latest-posts__post-date\">18 janvier 2024<\/time><div class=\"wp-block-latest-posts__post-excerpt\">Rep\u00e8res annuels de progression au cycle 3 en langues vivantes Rep\u00e8res annuels de progression au cycle 4 en langues vivantes\u2026 <a class=\"wp-block-latest-posts__read-more\" href=\"https:\/\/site.ac-martinique.fr\/anglais\/?p=2526\" rel=\"noopener noreferrer\">Lire la suite<span class=\"screen-reader-text\">\u00a0: Rep\u00e8res annuels de progression Cycle 3 et cycle 4: Outils pour mieux appr\u00e9hender les attendus et mieux d\u00e9finir une progression en LV &#8211; 6\u00e8me \u00e0 3\u00e8me<\/span><\/a><\/div><\/li>\n<li><div class=\"wp-block-latest-posts__featured-image alignleft\"><img loading=\"lazy\" decoding=\"async\" width=\"160\" height=\"53\" src=\"https:\/\/site.ac-martinique.fr\/anglais\/wp-content\/uploads\/sites\/92\/2021\/05\/eduscol.png\" class=\"attachment-medium size-medium wp-post-image\" alt=\"\" style=\"max-width:150px;max-height:150px;\" \/><\/div><a class=\"wp-block-latest-posts__post-title\" href=\"https:\/\/site.ac-martinique.fr\/anglais\/?p=3025\">Grand oral 2024: nouvelles modalit\u00e9s, nouvelles ressources<\/a><time datetime=\"2023-12-03T19:51:42-05:00\" class=\"wp-block-latest-posts__post-date\">3 d\u00e9cembre 2023<\/time><div class=\"wp-block-latest-posts__post-excerpt\">Suite aux modifications de l&rsquo;\u00e9preuve du \u00ab\u00a0grand oral \u00ab\u00a0Grand oral\u00a0\u00bb annonc\u00e9es au BO n\u00b0 36 du 28 septembre 2023, Eduscol\u2026 <a class=\"wp-block-latest-posts__read-more\" href=\"https:\/\/site.ac-martinique.fr\/anglais\/?p=3025\" rel=\"noopener noreferrer\">Lire la suite<span class=\"screen-reader-text\">\u00a0: Grand oral 2024: nouvelles modalit\u00e9s, nouvelles ressources<\/span><\/a><\/div><\/li>\n<li><div class=\"wp-block-latest-posts__featured-image alignleft\"><img loading=\"lazy\" decoding=\"async\" width=\"300\" height=\"169\" src=\"https:\/\/site.ac-martinique.fr\/anglais\/wp-content\/uploads\/sites\/92\/2023\/12\/captainKelly-300x169.jpg\" class=\"attachment-medium size-medium wp-post-image\" alt=\"\" style=\"max-width:150px;max-height:150px;\" srcset=\"https:\/\/site.ac-martinique.fr\/anglais\/wp-content\/uploads\/sites\/92\/2023\/12\/captainKelly-300x169.jpg 300w, https:\/\/site.ac-martinique.fr\/anglais\/wp-content\/uploads\/sites\/92\/2023\/12\/captainKelly.jpg 680w\" sizes=\"auto, (max-width: 300px) 100vw, 300px\" \/><\/div><a class=\"wp-block-latest-posts__post-title\" href=\"https:\/\/site.ac-martinique.fr\/anglais\/?p=3022\">Captain Kelly: Parcours de formation M@gist\u00e8re<\/a><time datetime=\"2023-12-03T19:22:03-05:00\" class=\"wp-block-latest-posts__post-date\">3 d\u00e9cembre 2023<\/time><div class=\"wp-block-latest-posts__post-excerpt\">L\u2019assistant vocal Captain Kelly propose des activit\u00e9s courtes et vari\u00e9es pour apprendre l\u2019anglais du CP au CM2. Un\u00a0parcours national m@gist\u00e8re\u2026 <a class=\"wp-block-latest-posts__read-more\" href=\"https:\/\/site.ac-martinique.fr\/anglais\/?p=3022\" rel=\"noopener noreferrer\">Lire la suite<span class=\"screen-reader-text\">\u00a0: Captain Kelly: Parcours de formation M@gist\u00e8re<\/span><\/a><\/div><\/li>\n<li><div class=\"wp-block-latest-posts__featured-image alignleft\"><img loading=\"lazy\" decoding=\"async\" width=\"300\" height=\"229\" src=\"https:\/\/site.ac-martinique.fr\/anglais\/wp-content\/uploads\/sites\/92\/2023\/09\/Capture-decran-2023-09-19-211246-300x229.png\" class=\"attachment-medium size-medium wp-post-image\" alt=\"\" style=\"max-width:150px;max-height:150px;\" srcset=\"https:\/\/site.ac-martinique.fr\/anglais\/wp-content\/uploads\/sites\/92\/2023\/09\/Capture-decran-2023-09-19-211246-300x229.png 300w, https:\/\/site.ac-martinique.fr\/anglais\/wp-content\/uploads\/sites\/92\/2023\/09\/Capture-decran-2023-09-19-211246.png 304w\" sizes=\"auto, (max-width: 300px) 100vw, 300px\" \/><\/div><a class=\"wp-block-latest-posts__post-title\" href=\"https:\/\/site.ac-martinique.fr\/anglais\/?p=2820\">Acc\u00e8s \u00e0 l&rsquo;ENT acad\u00e9mique Colibri, rentr\u00e9e 2023<\/a><time datetime=\"2023-09-19T20:14:34-05:00\" class=\"wp-block-latest-posts__post-date\">19 septembre 2023<\/time><div class=\"wp-block-latest-posts__post-excerpt\">Depuis la rentr\u00e9e 2023, une nouvelle page de choix de profils a \u00e9t\u00e9 mise en place pour Colibri :&nbsp;https:\/\/colibri.ac-martinique.fr\/<\/div><\/li>\n<li><div class=\"wp-block-latest-posts__featured-image alignleft\"><img loading=\"lazy\" decoding=\"async\" width=\"300\" height=\"170\" src=\"https:\/\/site.ac-martinique.fr\/anglais\/wp-content\/uploads\/sites\/92\/2023\/06\/GTnum_UCA_ACTE_RAVEL_portfolio_juin2023_1-768x434-1-300x170.png\" class=\"attachment-medium size-medium wp-post-image\" alt=\"\" style=\"max-width:150px;max-height:150px;\" srcset=\"https:\/\/site.ac-martinique.fr\/anglais\/wp-content\/uploads\/sites\/92\/2023\/06\/GTnum_UCA_ACTE_RAVEL_portfolio_juin2023_1-768x434-1-300x170.png 300w, https:\/\/site.ac-martinique.fr\/anglais\/wp-content\/uploads\/sites\/92\/2023\/06\/GTnum_UCA_ACTE_RAVEL_portfolio_juin2023_1-768x434-1.png 768w\" sizes=\"auto, (max-width: 300px) 100vw, 300px\" \/><\/div><a class=\"wp-block-latest-posts__post-title\" href=\"https:\/\/site.ac-martinique.fr\/anglais\/?p=2761\">Ressources pour l\u2019apprentissage en classe virtuelle et l\u2019enseignement des langues<\/a><time datetime=\"2023-06-29T09:28:55-05:00\" class=\"wp-block-latest-posts__post-date\">29 juin 2023<\/time><div class=\"wp-block-latest-posts__post-excerpt\">Le groupe th\u00e9matique num\u00e9rique \u00ab Ressources pour l\u2019apprentissage en classe virtuelle et l\u2019enseignement des langues \u00bb (GTnum UCA ACT\u00e9 #RAVEL)\u2026 <a class=\"wp-block-latest-posts__read-more\" href=\"https:\/\/site.ac-martinique.fr\/anglais\/?p=2761\" rel=\"noopener noreferrer\">Lire la suite<span class=\"screen-reader-text\">\u00a0: Ressources pour l\u2019apprentissage en classe virtuelle et l\u2019enseignement des langues<\/span><\/a><\/div><\/li>\n<li><div class=\"wp-block-latest-posts__featured-image alignleft\"><img loading=\"lazy\" decoding=\"async\" width=\"160\" height=\"53\" src=\"https:\/\/site.ac-martinique.fr\/anglais\/wp-content\/uploads\/sites\/92\/2021\/05\/eduscol.png\" class=\"attachment-medium size-medium wp-post-image\" alt=\"\" style=\"max-width:150px;max-height:150px;\" \/><\/div><a class=\"wp-block-latest-posts__post-title\" href=\"https:\/\/site.ac-martinique.fr\/anglais\/?p=2683\">Attendus en fin de 5\u00e8me (Anglais)<\/a><time datetime=\"2023-04-27T17:10:33-05:00\" class=\"wp-block-latest-posts__post-date\">27 avril 2023<\/time><div class=\"wp-block-latest-posts__post-excerpt\">Dans la s\u00e9rie des \u00ab\u00a0Rep\u00e8res annuels de progression et attendus de fin d&rsquo;ann\u00e9e du CP \u00e0 la 3e\u00a0\u00bb, eduscol publie\u2026 <a class=\"wp-block-latest-posts__read-more\" href=\"https:\/\/site.ac-martinique.fr\/anglais\/?p=2683\" rel=\"noopener noreferrer\">Lire la suite<span class=\"screen-reader-text\">\u00a0: Attendus en fin de 5\u00e8me (Anglais)<\/span><\/a><\/div><\/li>\n<li><div class=\"wp-block-latest-posts__featured-image alignleft\"><img loading=\"lazy\" decoding=\"async\" width=\"215\" height=\"200\" src=\"https:\/\/site.ac-martinique.fr\/anglais\/wp-content\/uploads\/sites\/92\/2022\/01\/logo-men.jpg\" class=\"attachment-medium size-medium wp-post-image\" alt=\"\" style=\"max-width:150px;max-height:150px;\" \/><\/div><a class=\"wp-block-latest-posts__post-title\" href=\"https:\/\/site.ac-martinique.fr\/anglais\/?p=2574\">Educfi: \u00e9ducation financi\u00e8re au cycle 4 (4\u00e8me)<\/a><time datetime=\"2023-02-07T14:08:40-05:00\" class=\"wp-block-latest-posts__post-date\">7 f\u00e9vrier 2023<\/time><div class=\"wp-block-latest-posts__post-excerpt\">Eduscol propose des ressources en lien avec le passeport Educfi \u00e0 tous les niveaux d&rsquo;enseignement. https:\/\/www.education.gouv.fr\/bo\/22\/Hebdo28\/MENE2216083N.htm La g\u00e9n\u00e9ralisation du passeport\u2026 <a class=\"wp-block-latest-posts__read-more\" href=\"https:\/\/site.ac-martinique.fr\/anglais\/?p=2574\" rel=\"noopener noreferrer\">Lire la suite<span class=\"screen-reader-text\">\u00a0: Educfi: \u00e9ducation financi\u00e8re au cycle 4 (4\u00e8me)<\/span><\/a><\/div><\/li>\n<li><div class=\"wp-block-latest-posts__featured-image alignleft\"><img loading=\"lazy\" decoding=\"async\" width=\"160\" height=\"53\" src=\"https:\/\/site.ac-martinique.fr\/anglais\/wp-content\/uploads\/sites\/92\/2021\/05\/eduscol.png\" class=\"attachment-medium size-medium wp-post-image\" alt=\"\" style=\"max-width:150px;max-height:150px;\" \/><\/div><a class=\"wp-block-latest-posts__post-title\" href=\"https:\/\/site.ac-martinique.fr\/anglais\/?p=2531\">Le 3e trimestre de terminale g\u00e9n\u00e9rale et  technologique<\/a><time datetime=\"2023-01-13T15:24:28-05:00\" class=\"wp-block-latest-posts__post-date\">13 janvier 2023<\/time><div class=\"wp-block-latest-posts__post-excerpt\">Eduscol propose une page de ressources consacr\u00e9es au 3\u00e8me trimestre de terminale g\u00e9n\u00e9rale et technologique pour \u00ab\u00a0travailler autrement\u00a0\u00bb durant cette\u2026 <a class=\"wp-block-latest-posts__read-more\" href=\"https:\/\/site.ac-martinique.fr\/anglais\/?p=2531\" rel=\"noopener noreferrer\">Lire la suite<span class=\"screen-reader-text\">\u00a0: Le 3e trimestre de terminale g\u00e9n\u00e9rale et  technologique<\/span><\/a><\/div><\/li>\n<li><div class=\"wp-block-latest-posts__featured-image alignleft\"><img loading=\"lazy\" decoding=\"async\" width=\"98\" height=\"96\" src=\"https:\/\/site.ac-martinique.fr\/anglais\/wp-content\/uploads\/sites\/92\/2021\/04\/bo.png\" class=\"attachment-medium size-medium wp-post-image\" alt=\"\" style=\"max-width:150px;max-height:150px;\" \/><\/div><a class=\"wp-block-latest-posts__post-title\" href=\"https:\/\/site.ac-martinique.fr\/anglais\/?p=2485\">Enseignement de l&rsquo;anglais et des langues vivantes \u00e9trang\u00e8res tout au long de la scolarit\u00e9 obligatoire:  Mesures pour am\u00e9liorer les apprentissages des \u00e9l\u00e8ves<\/a><time datetime=\"2022-12-15T19:11:16-05:00\" class=\"wp-block-latest-posts__post-date\">15 d\u00e9cembre 2022<\/time><div class=\"wp-block-latest-posts__post-excerpt\">Le BO n\u00b0 47 du 15 d\u00e9cembre 2022 publie \u00ab\u00a0Enseignement de l&rsquo;anglais et des langues vivantes \u00e9trang\u00e8res tout au long\u2026 <a class=\"wp-block-latest-posts__read-more\" href=\"https:\/\/site.ac-martinique.fr\/anglais\/?p=2485\" rel=\"noopener noreferrer\">Lire la suite<span class=\"screen-reader-text\">\u00a0: Enseignement de l&rsquo;anglais et des langues vivantes \u00e9trang\u00e8res tout au long de la scolarit\u00e9 obligatoire:  Mesures pour am\u00e9liorer les apprentissages des \u00e9l\u00e8ves<\/span><\/a><\/div><\/li>\n<li><div class=\"wp-block-latest-posts__featured-image alignleft\"><img loading=\"lazy\" decoding=\"async\" width=\"300\" height=\"104\" src=\"https:\/\/site.ac-martinique.fr\/anglais\/wp-content\/uploads\/sites\/92\/2021\/05\/edubase.png\" class=\"attachment-medium size-medium wp-post-image\" alt=\"\" style=\"max-width:150px;max-height:150px;\" \/><\/div><a class=\"wp-block-latest-posts__post-title\" href=\"https:\/\/site.ac-martinique.fr\/anglais\/?p=2279\">Edubase<\/a><time datetime=\"2022-11-05T13:15:05-05:00\" class=\"wp-block-latest-posts__post-date\">5 novembre 2022<\/time><div class=\"wp-block-latest-posts__post-excerpt\">Besoin d\u2019id\u00e9es de s\u00e9quences, de documents authentiques, de ressources p\u00e9dagogiques?&nbsp;\u00c9dubase&nbsp;peut vous aider. Cette plateforme nationale et institutionnelle centralise sous forme\u2026 <a class=\"wp-block-latest-posts__read-more\" href=\"https:\/\/site.ac-martinique.fr\/anglais\/?p=2279\" rel=\"noopener noreferrer\">Lire la suite<span class=\"screen-reader-text\">\u00a0: Edubase<\/span><\/a><\/div><\/li>\n<li><div class=\"wp-block-latest-posts__featured-image alignleft\"><img loading=\"lazy\" decoding=\"async\" width=\"160\" height=\"53\" src=\"https:\/\/site.ac-martinique.fr\/anglais\/wp-content\/uploads\/sites\/92\/2021\/05\/eduscol.png\" class=\"attachment-medium size-medium wp-post-image\" alt=\"\" style=\"max-width:150px;max-height:150px;\" \/><\/div><a class=\"wp-block-latest-posts__post-title\" href=\"https:\/\/site.ac-martinique.fr\/anglais\/?p=1781\">Annales des \u00e9preuves de baccalaur\u00e9at LLCER Anglais Monde contemporain (AMC) (2021)<\/a><time datetime=\"2022-02-25T14:13:37-05:00\" class=\"wp-block-latest-posts__post-date\">25 f\u00e9vrier 2022<\/time><div class=\"wp-block-latest-posts__post-excerpt\">Eduscol met \u00e0 disposition des enseignants les sujets pr\u00e9vus pour la session 2021, laquelle n&rsquo;a finalement pas eu lieu du\u2026 <a class=\"wp-block-latest-posts__read-more\" href=\"https:\/\/site.ac-martinique.fr\/anglais\/?p=1781\" rel=\"noopener noreferrer\">Lire la suite<span class=\"screen-reader-text\">\u00a0: Annales des \u00e9preuves de baccalaur\u00e9at LLCER Anglais Monde contemporain (AMC) (2021)<\/span><\/a><\/div><\/li>\n<li><div class=\"wp-block-latest-posts__featured-image alignleft\"><img loading=\"lazy\" decoding=\"async\" width=\"160\" height=\"53\" src=\"https:\/\/site.ac-martinique.fr\/anglais\/wp-content\/uploads\/sites\/92\/2021\/05\/eduscol.png\" class=\"attachment-medium size-medium wp-post-image\" alt=\"\" style=\"max-width:150px;max-height:150px;\" \/><\/div><a class=\"wp-block-latest-posts__post-title\" href=\"https:\/\/site.ac-martinique.fr\/anglais\/?p=1764\">Annales des \u00e9preuves du baccalaur\u00e9at LLCER Anglais (2021)<\/a><time datetime=\"2022-02-25T13:52:33-05:00\" class=\"wp-block-latest-posts__post-date\">25 f\u00e9vrier 2022<\/time><div class=\"wp-block-latest-posts__post-excerpt\">Eduscol met \u00e0 disposition des enseignants les sujets pr\u00e9vus pour la session 2021, laquelle n&rsquo;a finalement pas eu lieu du\u2026 <a class=\"wp-block-latest-posts__read-more\" href=\"https:\/\/site.ac-martinique.fr\/anglais\/?p=1764\" rel=\"noopener noreferrer\">Lire la suite<span class=\"screen-reader-text\">\u00a0: Annales des \u00e9preuves du baccalaur\u00e9at LLCER Anglais (2021)<\/span><\/a><\/div><\/li>\n<li><div class=\"wp-block-latest-posts__featured-image alignleft\"><img loading=\"lazy\" decoding=\"async\" width=\"160\" height=\"53\" src=\"https:\/\/site.ac-martinique.fr\/anglais\/wp-content\/uploads\/sites\/92\/2021\/05\/eduscol.png\" class=\"attachment-medium size-medium wp-post-image\" alt=\"\" style=\"max-width:150px;max-height:150px;\" \/><\/div><a class=\"wp-block-latest-posts__post-title\" href=\"https:\/\/site.ac-martinique.fr\/anglais\/?p=1502\">Ressources pour l&rsquo;ETLV sur \u00e9duscol<\/a><time datetime=\"2021-11-26T11:23:51-05:00\" class=\"wp-block-latest-posts__post-date\">26 novembre 2021<\/time><div class=\"wp-block-latest-posts__post-excerpt\">Des ressources d&rsquo;accompagnement sont \u00e0 la disposition des professeurs pour la mise en oeuvre de l&rsquo;enseignement technologique en langue vivante\u2026 <a class=\"wp-block-latest-posts__read-more\" href=\"https:\/\/site.ac-martinique.fr\/anglais\/?p=1502\" rel=\"noopener noreferrer\">Lire la suite<span class=\"screen-reader-text\">\u00a0: Ressources pour l&rsquo;ETLV sur \u00e9duscol<\/span><\/a><\/div><\/li>\n<li><div class=\"wp-block-latest-posts__featured-image alignleft\"><img loading=\"lazy\" decoding=\"async\" width=\"160\" height=\"53\" src=\"https:\/\/site.ac-martinique.fr\/anglais\/wp-content\/uploads\/sites\/92\/2021\/05\/eduscol.png\" class=\"attachment-medium size-medium wp-post-image\" alt=\"\" style=\"max-width:150px;max-height:150px;\" \/><\/div><a class=\"wp-block-latest-posts__post-title\" href=\"https:\/\/site.ac-martinique.fr\/anglais\/?p=669\">Ressources pour le socle commun de connaissances, de comp\u00e9tences et de culture<\/a><time datetime=\"2021-05-13T15:23:31-05:00\" class=\"wp-block-latest-posts__post-date\">13 mai 2021<\/time><div class=\"wp-block-latest-posts__post-excerpt\">Pr\u00e9sentation sur le portail \u00e9duscol du&nbsp;nouveau socle commun pour 2016&nbsp;: Il s&rsquo;articule autour de cinq domaines donnant une vision d&rsquo;ensemble\u2026 <a class=\"wp-block-latest-posts__read-more\" href=\"https:\/\/site.ac-martinique.fr\/anglais\/?p=669\" rel=\"noopener noreferrer\">Lire la suite<span class=\"screen-reader-text\">\u00a0: Ressources pour le socle commun de connaissances, de comp\u00e9tences et de culture<\/span><\/a><\/div><\/li>\n<li><div class=\"wp-block-latest-posts__featured-image alignleft\"><img loading=\"lazy\" decoding=\"async\" width=\"160\" height=\"53\" src=\"https:\/\/site.ac-martinique.fr\/anglais\/wp-content\/uploads\/sites\/92\/2021\/05\/eduscol.png\" class=\"attachment-medium size-medium wp-post-image\" alt=\"\" style=\"max-width:150px;max-height:150px;\" \/><\/div><a class=\"wp-block-latest-posts__post-title\" href=\"https:\/\/site.ac-martinique.fr\/anglais\/?p=598\">Ressources pour l&rsquo;enseignement des LVE au lyc\u00e9e, tronc commun.<\/a><time datetime=\"2021-05-13T12:08:48-05:00\" class=\"wp-block-latest-posts__post-date\">13 mai 2021<\/time><div class=\"wp-block-latest-posts__post-excerpt\"> Ressources pour l&rsquo;enseignement de l&rsquo;anglais au lyc\u00e9e, tronc commun<\/div><\/li>\n<li><div class=\"wp-block-latest-posts__featured-image alignleft\"><img loading=\"lazy\" decoding=\"async\" width=\"160\" height=\"53\" src=\"https:\/\/site.ac-martinique.fr\/anglais\/wp-content\/uploads\/sites\/92\/2021\/05\/eduscol.png\" class=\"attachment-medium size-medium wp-post-image\" alt=\"\" style=\"max-width:150px;max-height:150px;\" \/><\/div><a class=\"wp-block-latest-posts__post-title\" href=\"https:\/\/site.ac-martinique.fr\/anglais\/?p=480\">Ressources pour la LLCER sur Eduscol<\/a><time datetime=\"2021-05-12T14:33:04-05:00\" class=\"wp-block-latest-posts__post-date\">12 mai 2021<\/time><div class=\"wp-block-latest-posts__post-excerpt\">Eduscol publie des ressources d&rsquo;accompagnement pour l&rsquo;enseignement de sp\u00e9cialit\u00e9 LLCER Aper\u00e7u des ressources pour l&rsquo;enseignement de sp\u00e9cialit\u00e9 LLCER Anglais Texte\u2026 <a class=\"wp-block-latest-posts__read-more\" href=\"https:\/\/site.ac-martinique.fr\/anglais\/?p=480\" rel=\"noopener noreferrer\">Lire la suite<span class=\"screen-reader-text\">\u00a0: Ressources pour la LLCER sur Eduscol<\/span><\/a><\/div><\/li>\n<\/ul>","protected":false},"excerpt":{"rendered":"","protected":false},"author":237,"featured_media":0,"parent":486,"menu_order":0,"comment_status":"closed","ping_status":"closed","template":"","meta":{"footnotes":""},"class_list":["post-472","page","type-page","status-publish","hentry"],"_links":{"self":[{"href":"https:\/\/site.ac-martinique.fr\/anglais\/index.php?rest_route=\/wp\/v2\/pages\/472","targetHints":{"allow":["GET"]}}],"collection":[{"href":"https:\/\/site.ac-martinique.fr\/anglais\/index.php?rest_route=\/wp\/v2\/pages"}],"about":[{"href":"https:\/\/site.ac-martinique.fr\/anglais\/index.php?rest_route=\/wp\/v2\/types\/page"}],"author":[{"embeddable":true,"href":"https:\/\/site.ac-martinique.fr\/anglais\/index.php?rest_route=\/wp\/v2\/users\/237"}],"replies":[{"embeddable":true,"href":"https:\/\/site.ac-martinique.fr\/anglais\/index.php?rest_route=%2Fwp%2Fv2%2Fcomments&post=472"}],"version-history":[{"count":4,"href":"https:\/\/site.ac-martinique.fr\/anglais\/index.php?rest_route=\/wp\/v2\/pages\/472\/revisions"}],"predecessor-version":[{"id":2289,"href":"https:\/\/site.ac-martinique.fr\/anglais\/index.php?rest_route=\/wp\/v2\/pages\/472\/revisions\/2289"}],"up":[{"embeddable":true,"href":"https:\/\/site.ac-martinique.fr\/anglais\/index.php?rest_route=\/wp\/v2\/pages\/486"}],"wp:attachment":[{"href":"https:\/\/site.ac-martinique.fr\/anglais\/index.php?rest_route=%2Fwp%2Fv2%2Fmedia&parent=472"}],"curies":[{"name":"wp","href":"https:\/\/api.w.org\/{rel}","templated":true}]}}