{"id":836,"date":"2021-05-15T13:09:53","date_gmt":"2021-05-15T18:09:53","guid":{"rendered":"https:\/\/site.ac-martinique.fr\/anglais\/?page_id=836"},"modified":"2021-09-12T09:05:54","modified_gmt":"2021-09-12T14:05:54","slug":"differenciation-pedagogique","status":"publish","type":"page","link":"https:\/\/site.ac-martinique.fr\/anglais\/?page_id=836","title":{"rendered":"Diff\u00e9renciation p\u00e9dagogique"},"content":{"rendered":"<ul class=\"wp-block-latest-posts__list tw-heading-size-medium is-style-tw-posts-border tw-stretched-link tw-hide-more-link wp-block-latest-posts\"><li><div class=\"wp-block-latest-posts__featured-image alignleft\"><a href=\"https:\/\/site.ac-martinique.fr\/anglais\/?p=1078\" aria-label=\"Diff\u00e9renciation p\u00e9dagogique: outils pour am\u00e9liorer les comp\u00e9tences de r\u00e9ception et de production\"><img loading=\"lazy\" decoding=\"async\" width=\"300\" height=\"190\" src=\"https:\/\/site.ac-martinique.fr\/anglais\/wp-content\/uploads\/sites\/92\/2021\/06\/outils-tice-ecrit-300x190.jpg\" class=\"attachment-medium size-medium wp-post-image\" alt=\"\" style=\"max-width:150px;max-height:150px;\" \/><\/a><\/div><a class=\"wp-block-latest-posts__post-title\" href=\"https:\/\/site.ac-martinique.fr\/anglais\/?p=1078\">Diff\u00e9renciation p\u00e9dagogique: outils pour am\u00e9liorer les comp\u00e9tences de r\u00e9ception et de production<\/a><div class=\"wp-block-latest-posts__post-excerpt\">Dans le cadre d&rsquo;une formation inscrite au PAF, \u00ab\u00a0Diff\u00e9renciation p\u00e9dagogique \u00e0 l&rsquo;\u00e9crit: am\u00e9liorer les comp\u00e9tences de r\u00e9ception et de production\u00a0\u00bb,\u2026 <a class=\"wp-block-latest-posts__read-more\" href=\"https:\/\/site.ac-martinique.fr\/anglais\/?p=1078\" rel=\"noopener noreferrer\">Lire la suite<span class=\"screen-reader-text\">\u00a0: Diff\u00e9renciation p\u00e9dagogique: outils pour am\u00e9liorer les comp\u00e9tences de r\u00e9ception et de production<\/span><\/a><\/div><\/li>\n<li><div class=\"wp-block-latest-posts__featured-image alignleft\"><a href=\"https:\/\/site.ac-martinique.fr\/anglais\/?p=1002\" aria-label=\"Ressources pour la diff\u00e9renciation p\u00e9dagogique\"><img loading=\"lazy\" decoding=\"async\" width=\"300\" height=\"208\" src=\"https:\/\/site.ac-martinique.fr\/anglais\/wp-content\/uploads\/sites\/92\/2021\/05\/padlet-diff-pedag-300x208.jpg\" class=\"attachment-medium size-medium wp-post-image\" alt=\"\" style=\"max-width:150px;max-height:150px;\" srcset=\"https:\/\/site.ac-martinique.fr\/anglais\/wp-content\/uploads\/sites\/92\/2021\/05\/padlet-diff-pedag-e1622333691153.jpg 300w, https:\/\/site.ac-martinique.fr\/anglais\/wp-content\/uploads\/sites\/92\/2021\/05\/padlet-diff-pedag-1024x708.jpg 1024w, https:\/\/site.ac-martinique.fr\/anglais\/wp-content\/uploads\/sites\/92\/2021\/05\/padlet-diff-pedag-768x531.jpg 768w\" sizes=\"auto, (max-width: 300px) 100vw, 300px\" \/><\/a><\/div><a class=\"wp-block-latest-posts__post-title\" href=\"https:\/\/site.ac-martinique.fr\/anglais\/?p=1002\">Ressources pour la diff\u00e9renciation p\u00e9dagogique<\/a><div class=\"wp-block-latest-posts__post-excerpt\">Mme Dorizon Alexandra, professeure d&rsquo;anglais au Coll\u00e8ge Asselin de Beauville \u00e0 Ducos partage un\u00a0Padlet de ressources sur le th\u00e8me de\u2026 <a class=\"wp-block-latest-posts__read-more\" href=\"https:\/\/site.ac-martinique.fr\/anglais\/?p=1002\" rel=\"noopener noreferrer\">Lire la suite<span class=\"screen-reader-text\">\u00a0: Ressources pour la diff\u00e9renciation p\u00e9dagogique<\/span><\/a><\/div><\/li>\n<li><div class=\"wp-block-latest-posts__featured-image alignleft\"><a href=\"https:\/\/site.ac-martinique.fr\/anglais\/?p=843\" aria-label=\"Outils pour diff\u00e9rencier avant, pendant,  apr\u00e8s une activit\u00e9\"><img loading=\"lazy\" decoding=\"async\" width=\"300\" height=\"125\" src=\"https:\/\/site.ac-martinique.fr\/anglais\/wp-content\/uploads\/sites\/92\/2021\/05\/outils-differencier2-300x125.png\" class=\"attachment-medium size-medium wp-post-image\" alt=\"\" style=\"max-width:150px;max-height:150px;\" srcset=\"https:\/\/site.ac-martinique.fr\/anglais\/wp-content\/uploads\/sites\/92\/2021\/05\/outils-differencier2-300x125.png 300w, https:\/\/site.ac-martinique.fr\/anglais\/wp-content\/uploads\/sites\/92\/2021\/05\/outils-differencier2.png 541w\" sizes=\"auto, (max-width: 300px) 100vw, 300px\" \/><\/a><\/div><a class=\"wp-block-latest-posts__post-title\" href=\"https:\/\/site.ac-martinique.fr\/anglais\/?p=843\">Outils pour diff\u00e9rencier avant, pendant,  apr\u00e8s une activit\u00e9<\/a><div class=\"wp-block-latest-posts__post-excerpt\">Outils pour diff\u00e9rencier\u00a0est une infographie int\u00e9ractive r\u00e9alis\u00e9e par Mme Dorizon sur la diff\u00e9renciation p\u00e9dagogique. Comment diff\u00e9rencier avant, pendant et apr\u00e8s\u2026 <a class=\"wp-block-latest-posts__read-more\" href=\"https:\/\/site.ac-martinique.fr\/anglais\/?p=843\" rel=\"noopener noreferrer\">Lire la suite<span class=\"screen-reader-text\">\u00a0: Outils pour diff\u00e9rencier avant, pendant,  apr\u00e8s une activit\u00e9<\/span><\/a><\/div><\/li>\n<li><div class=\"wp-block-latest-posts__featured-image alignleft\"><a href=\"https:\/\/site.ac-martinique.fr\/anglais\/?p=796\" aria-label=\"Cnesco: \u00ab\u00a0Diff\u00e9renciation p\u00e9dagogique : comment adapter l&rsquo;enseignement pour la r\u00e9ussite de tous les \u00e9l\u00e8ves ?\u00a0\u00bb\"><img loading=\"lazy\" decoding=\"async\" width=\"243\" height=\"98\" src=\"https:\/\/site.ac-martinique.fr\/anglais\/wp-content\/uploads\/sites\/92\/2021\/05\/cnesco.png\" class=\"attachment-medium size-medium wp-post-image\" alt=\"\" style=\"max-width:150px;max-height:150px;\" \/><\/a><\/div><a class=\"wp-block-latest-posts__post-title\" href=\"https:\/\/site.ac-martinique.fr\/anglais\/?p=796\">Cnesco: \u00ab\u00a0Diff\u00e9renciation p\u00e9dagogique : comment adapter l&rsquo;enseignement pour la r\u00e9ussite de tous les \u00e9l\u00e8ves ?\u00a0\u00bb<\/a><div class=\"wp-block-latest-posts__post-excerpt\">Le&nbsp;Cnesco&nbsp;est le centre national d&rsquo;\u00e9tude du syst\u00e8me scolaire\u00a0\u00bb du cnam.En mars 2017, le Cnesco et l&rsquo;If\u00e9 \/ ENS de Lyon\u2026 <a class=\"wp-block-latest-posts__read-more\" href=\"https:\/\/site.ac-martinique.fr\/anglais\/?p=796\" rel=\"noopener noreferrer\">Lire la suite<span class=\"screen-reader-text\">\u00a0: Cnesco: \u00ab\u00a0Diff\u00e9renciation p\u00e9dagogique : comment adapter l&rsquo;enseignement pour la r\u00e9ussite de tous les \u00e9l\u00e8ves ?\u00a0\u00bb<\/span><\/a><\/div><\/li>\n<\/ul>","protected":false},"excerpt":{"rendered":"","protected":false},"author":237,"featured_media":0,"parent":801,"menu_order":0,"comment_status":"closed","ping_status":"closed","template":"","meta":{"footnotes":""},"class_list":["post-836","page","type-page","status-publish","hentry"],"_links":{"self":[{"href":"https:\/\/site.ac-martinique.fr\/anglais\/index.php?rest_route=\/wp\/v2\/pages\/836","targetHints":{"allow":["GET"]}}],"collection":[{"href":"https:\/\/site.ac-martinique.fr\/anglais\/index.php?rest_route=\/wp\/v2\/pages"}],"about":[{"href":"https:\/\/site.ac-martinique.fr\/anglais\/index.php?rest_route=\/wp\/v2\/types\/page"}],"author":[{"embeddable":true,"href":"https:\/\/site.ac-martinique.fr\/anglais\/index.php?rest_route=\/wp\/v2\/users\/237"}],"replies":[{"embeddable":true,"href":"https:\/\/site.ac-martinique.fr\/anglais\/index.php?rest_route=%2Fwp%2Fv2%2Fcomments&post=836"}],"version-history":[{"count":5,"href":"https:\/\/site.ac-martinique.fr\/anglais\/index.php?rest_route=\/wp\/v2\/pages\/836\/revisions"}],"predecessor-version":[{"id":1367,"href":"https:\/\/site.ac-martinique.fr\/anglais\/index.php?rest_route=\/wp\/v2\/pages\/836\/revisions\/1367"}],"up":[{"embeddable":true,"href":"https:\/\/site.ac-martinique.fr\/anglais\/index.php?rest_route=\/wp\/v2\/pages\/801"}],"wp:attachment":[{"href":"https:\/\/site.ac-martinique.fr\/anglais\/index.php?rest_route=%2Fwp%2Fv2%2Fmedia&parent=836"}],"curies":[{"name":"wp","href":"https:\/\/api.w.org\/{rel}","templated":true}]}}