{"id":969,"date":"2021-05-26T19:28:58","date_gmt":"2021-05-27T00:28:58","guid":{"rendered":"https:\/\/site.ac-martinique.fr\/anglais\/?page_id=969"},"modified":"2023-09-21T16:02:30","modified_gmt":"2023-09-21T21:02:30","slug":"ed_num-lv","status":"publish","type":"page","link":"https:\/\/site.ac-martinique.fr\/anglais\/?page_id=969","title":{"rendered":"Edu_Num Langues Vivantes"},"content":{"rendered":"\n<figure class=\"wp-block-image size-large is-style-tw-rounded-corners\"><img loading=\"lazy\" decoding=\"async\" width=\"300\" height=\"82\" src=\"https:\/\/site.ac-martinique.fr\/anglais\/wp-content\/uploads\/sites\/92\/2021\/05\/ednumlv-e1622075618226.png\" alt=\"\" class=\"wp-image-982\"\/><\/figure>\n\n\n\n<p><\/p>\n\n\n\n<p><a href=\"https:\/\/eduscol.education.fr\/2628\/lettre-edunum-langues-vivantes\" data-type=\"URL\" data-id=\"https:\/\/eduscol.education.fr\/2628\/lettre-edunum-langues-vivantes\" target=\"_blank\" rel=\"noreferrer noopener\">Les lettres&nbsp;<em>\u00c9duNum de langues vivantes&nbsp;<\/em><\/a>sont r\u00e9alis\u00e9es par les experts disciplinaires de la direction du num\u00e9rique pour l\u2019\u00e9ducation, en collaboration avec l\u2019inspection g\u00e9n\u00e9rale de l&rsquo;\u00e9ducation, du sport et de la recherche et les interlocuteurs acad\u00e9miques pour le num\u00e9rique.<\/p>\n\n\n\n<p>Mettant en avant l\u2019int\u00e9r\u00eat des ressources et des usages p\u00e9dagogiques en lien avec le num\u00e9rique, elles constituent des sources de r\u00e9flexion et d\u2019enrichissement des pratiques d\u2019enseignement.<\/p>\n\n\n\n<p><\/p>\n\n\n<ul class=\"wp-block-latest-posts__list tw-stretched-link wp-block-latest-posts\"><li><a class=\"wp-block-latest-posts__post-title\" href=\"https:\/\/site.ac-martinique.fr\/anglais\/?p=4018\">Lettre \u00c9duNum LV n\u00b0 42 de septembre 2025<\/a><\/li>\n<li><a class=\"wp-block-latest-posts__post-title\" href=\"https:\/\/site.ac-martinique.fr\/anglais\/?p=3809\">Lettre \u00c9duNum Langues vivantes # 41 de f\u00e9vrier 2025<\/a><\/li>\n<li><a class=\"wp-block-latest-posts__post-title\" href=\"https:\/\/site.ac-martinique.fr\/anglais\/?p=3421\">Lettre \u00c9duNum Langues vivantes # 40 d&rsquo;avril 2024<\/a><\/li>\n<li><a class=\"wp-block-latest-posts__post-title\" href=\"https:\/\/site.ac-martinique.fr\/anglais\/?p=3066\">Lettre   \u00c9duNum Langues vivantes # 39 de janvier 2024<\/a><\/li>\n<li><a class=\"wp-block-latest-posts__post-title\" href=\"https:\/\/site.ac-martinique.fr\/anglais\/?p=2801\">Lettre \u00c9duNum Langues vivantes #38 de juin 2023<\/a><\/li>\n<li><a class=\"wp-block-latest-posts__post-title\" href=\"https:\/\/site.ac-martinique.fr\/anglais\/?p=2542\">Lettre Edu_Num Langues vivantes #37 de Janvier 2023<\/a><\/li>\n<\/ul>","protected":false},"excerpt":{"rendered":"<p>Les lettres&nbsp;\u00c9duNum de langues vivantes&nbsp;sont r\u00e9alis\u00e9es par les experts disciplinaires de la direction du num\u00e9rique pour l\u2019\u00e9ducation, en collaboration avec l\u2019inspection g\u00e9n\u00e9rale de l&rsquo;\u00e9ducation, du sport et de la recherche et les interlocuteurs acad\u00e9miques pour le num\u00e9rique. Mettant en avant l\u2019int\u00e9r\u00eat des ressources et des usages p\u00e9dagogiques en lien avec le num\u00e9rique, elles constituent des [&hellip;]<\/p>\n","protected":false},"author":237,"featured_media":982,"parent":367,"menu_order":0,"comment_status":"closed","ping_status":"closed","template":"","meta":{"footnotes":""},"class_list":["post-969","page","type-page","status-publish","has-post-thumbnail","hentry"],"_links":{"self":[{"href":"https:\/\/site.ac-martinique.fr\/anglais\/index.php?rest_route=\/wp\/v2\/pages\/969","targetHints":{"allow":["GET"]}}],"collection":[{"href":"https:\/\/site.ac-martinique.fr\/anglais\/index.php?rest_route=\/wp\/v2\/pages"}],"about":[{"href":"https:\/\/site.ac-martinique.fr\/anglais\/index.php?rest_route=\/wp\/v2\/types\/page"}],"author":[{"embeddable":true,"href":"https:\/\/site.ac-martinique.fr\/anglais\/index.php?rest_route=\/wp\/v2\/users\/237"}],"replies":[{"embeddable":true,"href":"https:\/\/site.ac-martinique.fr\/anglais\/index.php?rest_route=%2Fwp%2Fv2%2Fcomments&post=969"}],"version-history":[{"count":18,"href":"https:\/\/site.ac-martinique.fr\/anglais\/index.php?rest_route=\/wp\/v2\/pages\/969\/revisions"}],"predecessor-version":[{"id":4023,"href":"https:\/\/site.ac-martinique.fr\/anglais\/index.php?rest_route=\/wp\/v2\/pages\/969\/revisions\/4023"}],"up":[{"embeddable":true,"href":"https:\/\/site.ac-martinique.fr\/anglais\/index.php?rest_route=\/wp\/v2\/pages\/367"}],"wp:featuredmedia":[{"embeddable":true,"href":"https:\/\/site.ac-martinique.fr\/anglais\/index.php?rest_route=\/wp\/v2\/media\/982"}],"wp:attachment":[{"href":"https:\/\/site.ac-martinique.fr\/anglais\/index.php?rest_route=%2Fwp%2Fv2%2Fmedia&parent=969"}],"curies":[{"name":"wp","href":"https:\/\/api.w.org\/{rel}","templated":true}]}}