{"id":1425,"date":"2014-01-14T17:26:32","date_gmt":"2014-01-14T21:26:32","guid":{"rendered":"\/anglaislp\/?page_id=1425"},"modified":"2024-09-19T20:30:33","modified_gmt":"2024-09-20T00:30:33","slug":"le-mot-de-linspecteur","status":"publish","type":"page","link":"https:\/\/site.ac-martinique.fr\/anglaislp\/?page_id=1425","title":{"rendered":"Le Mot de l&rsquo;Inspectrice"},"content":{"rendered":"<p><a href=\"https:\/\/site.ac-martinique.fr\/anglaislp\/wp-content\/uploads\/sites\/5\/2024\/09\/Lettre-de-rentree-IEN-EG-Lettres-Anglais-R24-2.pdf\">Lettre de rentr\u00e9e 2024 Lettre de rentr\u00e9e IEN EG -Lettres Anglais R24<\/a><\/p>\n<p><a href=\"\/anglaislp\/wp-content\/uploads\/sites\/5\/2020\/10\/LETTRE-DE-RENTREE-2020.pdf\">LETTRE DE RENTREE 2020<\/a><\/p>\n<p><span style=\"text-decoration: underline;\"><strong>Continuit\u00e9 p\u00e9dagogique 2020: documents de r\u00e9f\u00e9rence :<\/strong><\/span><\/p>\n<ul>\n<li>sites et ressources toutes langues<\/li>\n<\/ul>\n<p><a href=\"\/anglaislp\/wp-content\/uploads\/sites\/5\/2020\/03\/Continuit\u00e9_p\u00e9dagogique-2.docx\">Continuit\u00e9_p\u00e9dagogique 2<\/a> <a href=\"\/anglaislp\/wp-content\/uploads\/sites\/5\/2020\/03\/Sites-et-ressources-toutes_langues-1.docx\">Sites et ressources-toutes_langues (1)<\/a><\/p>\n<ul>\n<li>continuit\u00e9 p\u00e9dagogique : document de travail 1<\/li>\n<\/ul>\n<p><a href=\"\/anglaislp\/wp-content\/uploads\/sites\/5\/2020\/03\/Continuit\u00e9-p\u00e9dagogique-en-LVE-MARTINIQUE.docx\">Continuit\u00e9 p\u00e9dagogique en LVE-MARTINIQUE<\/a><\/p>\n<ul>\n<li>continuit\u00e9 p\u00e9dagogique : document de travail 2<\/li>\n<\/ul>\n<p><a href=\"\/anglaislp\/wp-content\/uploads\/sites\/5\/2020\/03\/Continuit\u00e9_p\u00e9dagogique-2.docx\">Continuit\u00e9_p\u00e9dagogique 2<\/a><\/p>\n\n\n<p>Vous pouvez consulter la page <a href=\"\/anglaislp\/?page_id=4952\">Travail Num\u00e9rique<\/a> du site Anglais en LP. <\/p>\n","protected":false},"excerpt":{"rendered":"<p>Lettre de rentr\u00e9e 2024 Lettre de rentr\u00e9e IEN EG -Lettres Anglais R24 LETTRE DE RENTREE 2020 Continuit\u00e9 p\u00e9dagogique 2020: documents de r\u00e9f\u00e9rence : sites et ressources toutes langues Continuit\u00e9_p\u00e9dagogique 2 Sites et ressources-toutes_langues (1) continuit\u00e9 p\u00e9dagogique : document de travail 1 Continuit\u00e9 p\u00e9dagogique en LVE-MARTINIQUE continuit\u00e9 p\u00e9dagogique : document de travail 2 Continuit\u00e9_p\u00e9dagogique 2 Vous [&hellip;]<\/p>\n","protected":false},"author":7,"featured_media":0,"parent":0,"menu_order":0,"comment_status":"open","ping_status":"closed","template":"","meta":{"site-sidebar-layout":"default","site-content-layout":"","ast-site-content-layout":"default","site-content-style":"default","site-sidebar-style":"default","ast-global-header-display":"","ast-banner-title-visibility":"","ast-main-header-display":"","ast-hfb-above-header-display":"","ast-hfb-below-header-display":"","ast-hfb-mobile-header-display":"","site-post-title":"","ast-breadcrumbs-content":"","ast-featured-img":"","footer-sml-layout":"","ast-disable-related-posts":"","theme-transparent-header-meta":"","adv-header-id-meta":"","stick-header-meta":"","header-above-stick-meta":"","header-main-stick-meta":"","header-below-stick-meta":"","astra-migrate-meta-layouts":"default","ast-page-background-enabled":"default","ast-page-background-meta":{"desktop":{"background-color":"var(--ast-global-color-4)","background-image":"","background-repeat":"repeat","background-position":"center center","background-size":"auto","background-attachment":"scroll","background-type":"","background-media":"","overlay-type":"","overlay-color":"","overlay-opacity":"","overlay-gradient":""},"tablet":{"background-color":"","background-image":"","background-repeat":"repeat","background-position":"center center","background-size":"auto","background-attachment":"scroll","background-type":"","background-media":"","overlay-type":"","overlay-color":"","overlay-opacity":"","overlay-gradient":""},"mobile":{"background-color":"","background-image":"","background-repeat":"repeat","background-position":"center center","background-size":"auto","background-attachment":"scroll","background-type":"","background-media":"","overlay-type":"","overlay-color":"","overlay-opacity":"","overlay-gradient":""}},"ast-content-background-meta":{"desktop":{"background-color":"var(--ast-global-color-5)","background-image":"","background-repeat":"repeat","background-position":"center center","background-size":"auto","background-attachment":"scroll","background-type":"","background-media":"","overlay-type":"","overlay-color":"","overlay-opacity":"","overlay-gradient":""},"tablet":{"background-color":"var(--ast-global-color-5)","background-image":"","background-repeat":"repeat","background-position":"center center","background-size":"auto","background-attachment":"scroll","background-type":"","background-media":"","overlay-type":"","overlay-color":"","overlay-opacity":"","overlay-gradient":""},"mobile":{"background-color":"var(--ast-global-color-5)","background-image":"","background-repeat":"repeat","background-position":"center center","background-size":"auto","background-attachment":"scroll","background-type":"","background-media":"","overlay-type":"","overlay-color":"","overlay-opacity":"","overlay-gradient":""}},"footnotes":""},"class_list":["post-1425","page","type-page","status-publish","hentry"],"_links":{"self":[{"href":"https:\/\/site.ac-martinique.fr\/anglaislp\/index.php?rest_route=\/wp\/v2\/pages\/1425","targetHints":{"allow":["GET"]}}],"collection":[{"href":"https:\/\/site.ac-martinique.fr\/anglaislp\/index.php?rest_route=\/wp\/v2\/pages"}],"about":[{"href":"https:\/\/site.ac-martinique.fr\/anglaislp\/index.php?rest_route=\/wp\/v2\/types\/page"}],"author":[{"embeddable":true,"href":"https:\/\/site.ac-martinique.fr\/anglaislp\/index.php?rest_route=\/wp\/v2\/users\/7"}],"replies":[{"embeddable":true,"href":"https:\/\/site.ac-martinique.fr\/anglaislp\/index.php?rest_route=%2Fwp%2Fv2%2Fcomments&post=1425"}],"version-history":[{"count":20,"href":"https:\/\/site.ac-martinique.fr\/anglaislp\/index.php?rest_route=\/wp\/v2\/pages\/1425\/revisions"}],"predecessor-version":[{"id":6273,"href":"https:\/\/site.ac-martinique.fr\/anglaislp\/index.php?rest_route=\/wp\/v2\/pages\/1425\/revisions\/6273"}],"wp:attachment":[{"href":"https:\/\/site.ac-martinique.fr\/anglaislp\/index.php?rest_route=%2Fwp%2Fv2%2Fmedia&parent=1425"}],"curies":[{"name":"wp","href":"https:\/\/api.w.org\/{rel}","templated":true}]}}