{"id":3303,"date":"2015-06-05T14:35:00","date_gmt":"2015-06-05T18:35:00","guid":{"rendered":"\/anglaislp\/?page_id=3303"},"modified":"2025-11-30T21:06:37","modified_gmt":"2025-12-01T01:06:37","slug":"logiciels-pour-langlais-2","status":"publish","type":"page","link":"https:\/\/site.ac-martinique.fr\/anglaislp\/?page_id=3303","title":{"rendered":"Sites Pour l&rsquo;Anglais"},"content":{"rendered":"<p><strong><span style=\"color: #ff0000;\">ARTICLES<\/span><\/strong><\/p>\n<p><a href=\"http:\/\/www.breakingnewsenglish.com\/index.html\">Breaking News English<\/a><\/p>\n<p><a href=\"https:\/\/support.newsela.com\/article\/newsela-ela\/\">Newsela<\/a><\/p>\n<p><a href=\"https:\/\/www.simpleenglishnews.com\/\">Simple English News<\/a><\/p>\n<p><a href=\"http:\/\/www.upi.com\/Odd_News\/p2\/\">UPI<\/a><\/p>\n<p><a href=\"http:\/\/learningenglish.voanews.com\/\">Voanews<\/a><\/p>\n<p><strong><span style=\"color: #0000ff;\"><span style=\"color: #ff0000;\">AUDIO<\/span> <\/span><\/strong><\/p>\n<p><a href=\"http:\/\/audacity.sourceforge.net\/?lang=fr\" target=\"_blank\" rel=\"noopener\">Audacity<\/a><\/p>\n<p><a href=\"http:\/\/sounds.bl.uk\/\">British Library Sounds<\/a><\/p>\n<p><a href=\"https:\/\/clyp.it\/\">Clyp-it<\/a><\/p>\n<p><a href=\"https:\/\/edutalk.cc\/\">EDUtalk<\/a><\/p>\n<p><a href=\"http:\/\/www.emilangues.education.fr\/ressources-pedagogiques\/sitographies\/discipline-linguistique\/ressources-audio-en-anglais\">Emilangues<\/a><\/p>\n<p><a href=\"https:\/\/librivox.org\/\">Librivox<\/a><\/p>\n<p><a href=\"https:\/\/localingual.com\/\">Localingual<\/a><\/p>\n<p><a href=\"http:\/\/www.loudlit.org\/\">Loudlit<\/a><\/p>\n<p><a href=\"https:\/\/onlinelanguagecenterblog.com\/2015\/06\/21\/20-sites-to-improve-your-listening\/\">Online Language Centerblog<\/a><\/p>\n<p><a href=\"http:\/\/www.cndp.fr\/collection\/lepda\/overseas\/\">Overseas Impressions<\/a><\/p>\n<p><a href=\"http:\/\/rhinospike.com\/\">Rhinospike<\/a><\/p>\n<p><span style=\"color: #000000;\"><a style=\"color: #000000;\" href=\"http:\/\/www.soundguideweb.com\/\">Soundguide<\/a><\/span><\/p>\n<p><a href=\"http:\/\/larc.ccdmd.qc.ca\/\">The Language and Reading Companion<\/a><\/p>\n<p><a href=\"http:\/\/thoughtaudio.com\/\">Thought Audio<\/a><\/p>\n<p><a href=\"http:\/\/vocaroo.com\/\">Vocaroo<\/a><\/p>\n<p><strong><span style=\"color: #ff0000;\">CAPTURE DE PROGRAMMES<\/span><\/strong><\/p>\n<p><a href=\"http:\/\/captvty.fr\/\">CapTVty<\/a><\/p>\n<p><strong><span style=\"color: #ff0000;\">CARTES MENTALES<\/span><\/strong><\/p>\n<p>Edraw<\/p>\n<p>FramaMindPad<\/p>\n<p>Freemind<\/p>\n<p>Freeplane<\/p>\n<p>Mind42<\/p>\n<p><a href=\"https:\/\/www.matchware.com\/fr\/logiciel-de-mind-mapping\">MindView<\/a><\/p>\n<p><a href=\"https:\/\/www.plectica.com\/\">Plectica<\/a><\/p>\n<p>ThinkMapping<\/p>\n<p>Xmind<\/p>\n<p><strong><span style=\"color: #ff0000;\">CMS (Course Management System)<\/span><\/strong><\/p>\n<p>Wooclap &#8211; site fran\u00e7ais<\/p>\n<p><strong><span style=\"color: #ff0000;\">CODES<\/span><\/strong><\/p>\n<p><a href=\"https:\/\/www.the-qrcode-generator.com\/fr\/\">QR Code generator<\/a><\/p>\n<p><a href=\"http:\/\/www.mobiletag.com\/\">Mobile Tag<\/a><\/p>\n<p><a href=\"https:\/\/www.unitag.io\/fr\/qrcode\">Unitag<\/a><\/p>\n<p><a href=\"http:\/\/www.zebulon.fr\/outils\/flashcode-qr-code\/\">Zebulon<\/a><\/p>\n<p><strong><span style=\"color: #ff0000;\">COLLABORATIF<\/span><\/strong><\/p>\n<p><a href=\"http:\/\/etherpad.org\/\">Etherpad<\/a><\/p>\n<p><a href=\"https:\/\/framapad.org\/\">Framapad<\/a><\/p>\n<p><a href=\"http:\/\/hotpot.uvic.ca\/\" target=\"_blank\" rel=\"noopener\">Hot Potatoes<\/a><\/p>\n<p><a href=\"https:\/\/fr.padlet.com\/\">Padlet<\/a><\/p>\n<p><span style=\"color: #000000;\"><a style=\"color: #000000;\" title=\"Netvibes\" href=\"http:\/\/www.netvibes.com\/fr\" target=\"_blank\" rel=\"noopener\">Netvibes!<\/a><\/span><\/p>\n<p><a href=\"http:\/\/www.quia.com\/\">Quia<\/a><\/p>\n<p><a href=\"https:\/\/www.tes.com\/\">TES<\/a><\/p>\n<p><a href=\"https:\/\/www.wooclap.com\/\">Wooclap<\/a><\/p>\n<p><strong><span style=\"color: #ff0000;\">COMPILATIONS<\/span><\/strong><\/p>\n<p><a href=\"http:\/\/www.liberkey.com\/fr.html\">Libertykey<\/a><\/p>\n<p><span style=\"color: #ff0000;\"><strong>COMPR\u00c9HENSION DE L&rsquo;ORAL<\/strong> <\/span><\/p>\n<p><a href=\"https:\/\/site.ac-martinique.fr\/anglaislp\/?p=6175\">Audio-Lingua<\/a><\/p>\n<p><strong><span style=\"color: #ff0000;\">CONNAISSANCES ET RECHERCHES<\/span><\/strong><\/p>\n<p><a href=\"https:\/\/archive.org\/index.php\">Archive.org<\/a><\/p>\n<p>Arte Europe weekly<\/p>\n<p><a href=\"https:\/\/feedly.com\/i\/welcome\">Feedly<\/a><\/p>\n<p><a href=\"http:\/\/www.openculture.com\/\">Open Culture<\/a><\/p>\n<p><span style=\"color: #000000;\"><a style=\"color: #000000;\" href=\"http:\/\/quizlet.com\/\">Quizlet<\/a><\/span><\/p>\n<p><a href=\"https:\/\/www.ted.com\/\">TED<\/a><\/p>\n<p><a href=\"https:\/\/www.ted.com\/\">TED Talks<\/a><\/p>\n<p><strong><span style=\"color: #ff0000;\">CONVERTISSEURS VIDEO<\/span><\/strong><\/p>\n<p><a href=\"http:\/\/www.clipconverter.cc\/fr\/\">Clip Converter<\/a><\/p>\n<p><a href=\"http:\/\/www.downloadhelper.net\/install-converter.php\">Convert Helpe<\/a>r (\u00e0 ajouter \u00e0 Mozilla pour convertir les t\u00e9l\u00e9chargements. Suivre les instructions)<\/p>\n<p><a href=\"http:\/\/fr.real.com\/realplayer\/pr\/ppc.html?=fr_hp-plus_brand_plus_dm_google&amp;gclid=CJHp4Y7TtLgCFeRj7Aodax8AkA\" target=\"_blank\" rel=\"noopener\">Real Player<\/a><\/p>\n<p><a href=\"https:\/\/savedeo.com\/en\">Save Deo<\/a><\/p>\n<p><a href=\"http:\/\/www.videolan.org\/vlc\/\" target=\"_blank\" rel=\"noopener\">VLC<\/a><\/p>\n<p><strong><span style=\"color: #ff0000;\">CR\u00c9ATION DE BLOG<\/span><\/strong><\/p>\n<p><a href=\"https:\/\/www.blogger.com\/about\/?r=1-null_user\">Blogger<\/a><\/p>\n<p><a href=\"https:\/\/www.over-blog.com\/\">Overblog<\/a><\/p>\n<p><strong><span style=\"color: #ff0000;\">CR\u00c9ATION DE SITE INTERNET<\/span><\/strong><\/p>\n<p><a href=\"https:\/\/www.weebly.com\/fr\">Weebly<\/a><\/p>\n<p><a href=\"http:\/\/fr.wix.com\/\">Wix<\/a><\/p>\n<p><a href=\"https:\/\/fr.wordpress.com\/\">WordPress<\/a><\/p>\n<p><span style=\"color: #ff0000;\">CR\u00c9ATION DE VIDEOS<\/span><\/p>\n<p><a href=\"https:\/\/www.moovly.com\/\">Moovly<\/a><\/p>\n<p><a href=\"https:\/\/www.powtoon.com\/\">Pow Toon<\/a><\/p>\n<p><a href=\"http:\/\/cursus.edu\/institutions-formations-ressources\/technologie\/23988\/creer-des-videos-des-presentations-animees\/#.WFNvDlxWaQh\">Thot Cursus<\/a><\/p>\n<p><span style=\"color: #ff0000;\">CR\u00c9ATION GRAPHIQUE<\/span><\/p>\n<p><a href=\"https:\/\/www.canva.com\/fr_fr\/\"><span style=\"color: #000000;\">Canva<\/span><\/a><\/p>\n<p><a href=\"https:\/\/edcomix.eu\/fr\/home\/accueil\/\">EdComix<\/a><\/p>\n<p><span style=\"color: #ff0000;\">DICTIONNAIRES EN LIGNE (BILINGUES ET UNILINGUES)<br \/>\n<\/span><\/p>\n<p><a href=\"http:\/\/www.howjsay.com\/\">Howjsay<\/a><\/p>\n<p><a href=\"http:\/\/www.lexilogos.com\/anglais_langue_dictionnaires.htm\">Lexilogos<\/a><\/p>\n<p><a href=\"https:\/\/www.linguee.fr\/\">Linguee<\/a><\/p>\n<p><a href=\"http:\/\/www.rapdict.org\/Main_Page\">Rapdictionary<\/a><\/p>\n<p><a href=\"http:\/\/context.reverso.net\/traduction\/\">Reverso Context<\/a><\/p>\n<p><a href=\"http:\/\/www.systran.fr\/lp\/dictionnaire-anglais\/\">Systran<\/a><\/p>\n<p><a href=\"http:\/\/www.thefreedictionary.com\/\">The Free Dictionary<\/a><\/p>\n<p><a href=\"http:\/\/www.thesaurus.com\/\">Thesaurus<\/a><\/p>\n<p><span style=\"color: #ff0000;\">ECOUTE ET PODCASTS<\/span><\/p>\n<p><a href=\"http:\/\/www.bbc.co.uk\/podcasts\">BBC podcasts<\/a><\/p>\n<p><span style=\"color: #000000;\"><a style=\"color: #000000;\" href=\"http:\/\/elllo.org\/\" target=\"_blank\" rel=\"noopener\">Elllo<\/a><\/span><\/p>\n<p><a href=\"http:\/\/juicereceiver.sourceforge.net\/\">Juice Receiver <\/a>(ex Ipodder)<\/p>\n<p><a href=\"http:\/\/legaltalknetwork.com\/\">Legal Talk Network<\/a><\/p>\n<p><a href=\"http:\/\/www.npr.org\/podcasts\/\">NPR<\/a><\/p>\n<p><a href=\"http:\/\/podacademy.org\/podcasts\/\">Podacademy<\/a><\/p>\n<p><span style=\"color: #000000;\"><a style=\"color: #000000;\" href=\"http:\/\/www.podcastsinenglish.com\/index.shtml\">Podcasts in English<\/a><\/span><\/p>\n<p><a href=\"https:\/\/pedagogie.ac-reunion.fr\/podcaz.html\">Podcaz<\/a><\/p>\n<p><a href=\"http:\/\/www.radiolab.org\/series\/podcasts\/\">Radiolab<\/a><\/p>\n<p><a href=\"http:\/\/radio.garden\/visit\/\">Radio Garden <\/a><\/p>\n<p><a href=\"http:\/\/www.smartpeoplepodcast.com\/\">Smart people podcast<\/a><\/p>\n<p><a href=\"https:\/\/www.spreaker.com\/\">Spreaker<\/a><\/p>\n<p><span style=\"color: #ff0000;\">HISTOIRE ET BIOGRAPHIE<\/span><\/p>\n<p><a href=\"http:\/\/www.biography.com\/\">Biography<\/a><\/p>\n<p><a href=\"http:\/\/www.history.com\/\">History<\/a><\/p>\n<p><span style=\"color: #0000ff;\"><span style=\"color: #ff0000;\">INTERACTIVITE EN CLASSE<\/span> <\/span><\/p>\n<p><a href=\"http:\/\/www.bbc.co.uk\/learningenglish\/\">BBC Learning Teachers<\/a><\/p>\n<p><a href=\"https:\/\/classflow.com\/\">Classflow<\/a><\/p>\n<p><a href=\"https:\/\/explaineverything.com\/\">Explain Everything<\/a><\/p>\n<p><a href=\"http:\/\/edu.glogster.com\/\">Glogster<\/a><\/p>\n<p><a href=\"http:\/\/www.videoprojecteur-interactif.fr\/logiciel-interwrite-workspace-le\/\">Interwrite<\/a><\/p>\n<p><a href=\"https:\/\/issuu.com\/\">Issuu<\/a><\/p>\n<p><a href=\"https:\/\/kahoot.com\/\">Kahoot !<\/a><\/p>\n<p><a href=\"http:\/\/www.tice-education.fr\/index.php\/tous-les-articles-er-ressources\/articles-internet\/598-learningapps-exerciseurs-gratuits-en-ligne\">Learningapps<\/a><\/p>\n<p><a href=\"https:\/\/onthesamepageelt.wordpress.com\/\">On the Same Page <\/a><\/p>\n<p><a href=\"http:\/\/www.pearltrees.com\/\">Pearltrees<\/a><\/p>\n<p><a href=\"https:\/\/www.plickers.com\/\">Plickers <\/a><\/p>\n<p><a href=\"https:\/\/presentation.ponytail.fr\/#\">Ponytail<\/a><\/p>\n<p><a href=\"https:\/\/www.prometheanworld.com\/fr\/\">Promethean<\/a><\/p>\n<p><a href=\"https:\/\/play.google.com\/store\/apps\/details?id=com.lenovo.anyshare.gps\">ShareIt !<\/a><\/p>\n<p><a href=\"http:\/\/www.voki.com\/classroom\/index\">Voki<\/a><\/p>\n<p><span style=\"color: #ff0000;\"><strong>JEUX<\/strong><\/span><\/p>\n<p><a href=\"https:\/\/www.gamestolearnenglish.com\/\">Games to Learn English<\/a><\/p>\n<p><span style=\"color: #ff0000;\">LANGUE<\/span><\/p>\n<p><span style=\"color: #000000;\"><a style=\"color: #000000;\" href=\"http:\/\/www.audio-lingua.eu\/spip.php?rubrique2\">Audio-lingua<\/a><\/span><\/p>\n<p><a href=\"https:\/\/learnenglish.britishcouncil.org\/fr\">British Council<\/a><\/p>\n<p><a href=\"http:\/\/www.engames.eu\/\">Engames<\/a><\/p>\n<p><a href=\"https:\/\/en.duolingo.com\/\">Duolingo<\/a><\/p>\n<p><a href=\"https:\/\/schools.duolingo.com\/\">Duolingo for schools<\/a><\/p>\n<p><a href=\"http:\/\/www.fluentland.com\/\">Fluentland<\/a><\/p>\n<p><a href=\"http:\/\/www.quickanddirtytips.com\/education\/grammar\">Grammar Girl<\/a><\/p>\n<p><a href=\"https:\/\/www.lingoda.com\/\">Lingoda<\/a><\/p>\n<p><a href=\"http:\/\/en.ver-taal.com\/\">Ver-Taal<\/a><\/p>\n<p><span style=\"color: #ff0000;\">LECTURE DE FICHIERS TEXTE<\/span><\/p>\n<p><a href=\"http:\/\/www.cross-plus-a.com\/fr\/balabolka.htm\" target=\"_blank\" rel=\"noopener\">Balabolka<\/a><\/p>\n<p><a href=\"http:\/\/www.nextup.com\/download.html\" target=\"_blank\" rel=\"noopener\">Text Aloud<\/a><\/p>\n<p><span style=\"color: #ff0000;\"><strong>LMS (Learning Management System)<\/strong><\/span><\/p>\n<p><a href=\"https:\/\/moodle.com\/fr\/\">Moodle<\/a><\/p>\n<p>ELEA<\/p>\n<p><span style=\"color: #ff0000;\"><strong>LOGICIELS DE DESSIN NUMERIQUE<\/strong><\/span><\/p>\n<p><a href=\"https:\/\/affinity.serif.com\/fr\/photo\/\">Affinity Photo<\/a><\/p>\n<p><a href=\"https:\/\/www.artrage.com\/\">Artrage<\/a><\/p>\n<p><a href=\"https:\/\/www.artweaver.de\/en\">Artweaver<\/a><\/p>\n<p><a href=\"https:\/\/astropad.com\/\">Astropad<\/a><\/p>\n<p><a href=\"https:\/\/www.blender.org\/\">Blender<\/a><\/p>\n<p><a href=\"https:\/\/www.clipstudio.net\/fr\/\">Clip Studio Paint <\/a><\/p>\n<p><a href=\"https:\/\/www.painterartist.com\/fr\/product\/painter\/\">Corel Painter<\/a><\/p>\n<p><a href=\"https:\/\/edcomix.eu\/fr\/home\/accueil\/\">Edcomix<\/a><\/p>\n<p><a href=\"https:\/\/www.gimp.org\/\">Gimp<\/a><\/p>\n<p><a href=\"https:\/\/inkscape.org\/fr\/\">Inkscape<\/a><\/p>\n<p>Ibis paint<\/p>\n<p><a href=\"https:\/\/krita.org\/fr\/\">Krita<\/a><\/p>\n<p><a href=\"https:\/\/medibangpaint.com\/en\/\">Medibang paint<\/a><\/p>\n<p>Paintstorm Studio<\/p>\n<p>Photoshop<\/p>\n<p><a href=\"https:\/\/www-fr.pixton.com\/\">Pixton<\/a><\/p>\n<p><a href=\"https:\/\/procreate.com\/\">Procreate<\/a><\/p>\n<p><a href=\"https:\/\/painttool-sai.fr.softonic.com\/\">SAI<\/a><\/p>\n<p><a href=\"https:\/\/sketch.io\/sketchpad\/\">Sketchpad<\/a><\/p>\n<p><span style=\"color: #ff0000;\">MINDMAPPING<\/span><\/p>\n<p><a href=\"https:\/\/framindmap.org\/c\/login\">Framindmap<\/a><\/p>\n<p><a href=\"http:\/\/freemind.sourceforge.net\/wiki\/index.php\/Download\">Freemind<\/a><\/p>\n<p><a href=\"http:\/\/www.matchware.com\/%C3%89ducation\/mindview.htm\">Mindview<\/a><\/p>\n<p><span style=\"color: #ff0000;\">NAVIGATION<\/span><\/p>\n<p><a href=\"https:\/\/www.google.com\/chrome\/browser\/desktop\/index.html\">Chrome<\/a><\/p>\n<p><a href=\"http:\/\/dolphin.com\/download\/\">Dolphin<\/a><\/p>\n<p><a href=\"http:\/\/www.mozilla.org\/fr\/firefox\/new\/\">Mozilla<\/a><\/p>\n<p><a href=\"http:\/\/www.opera.com\/fr\">Opera<\/a><\/p>\n<p><a href=\"https:\/\/www.qwant.com\/?l=fr\">Qwant<\/a><\/p>\n<p><span style=\"color: #ff0000;\">NUAGES DE MOTS<\/span><\/p>\n<p><a href=\"http:\/\/www.wordle.net\/\">Wordle<\/a><\/p>\n<p><span style=\"color: #ff0000;\">PHOTOS<\/span><\/p>\n<p><a href=\"http:\/\/www.gimp.org\/\">Gimp<\/a><\/p>\n<p><a href=\"https:\/\/www.microsoft.com\/fr-fr\/download\/details.aspx?id=11132\">Photorecit<\/a><\/p>\n<p><a href=\"http:\/\/www.01net.com\/telecharger\/windows\/Multimedia\/albmums_et_visionneuses\/fiches\/45360.html\" target=\"_blank\" rel=\"noopener\">Picasa<\/a><\/p>\n<p><a href=\"https:\/\/www.thinglink.com\/\">Thinglink<\/a><\/p>\n<p><strong><span style=\"color: #ff0000;\">PODCASTS<\/span><\/strong><\/p>\n<p>Elllo<\/p>\n<p>BBC<\/p>\n<p>British Council<\/p>\n<p><strong><span style=\"color: #ff0000;\">PROFESSEURS D&rsquo;ANGLAIS<\/span><\/strong><\/p>\n<p><a href=\"http:\/\/another-teacher.net\/\">Another Teacher&rsquo;s Website<\/a><\/p>\n<p><a href=\"http:\/\/www.aplv-languesmodernes.org\/\">APLV<\/a><\/p>\n<p><a href=\"http:\/\/busyteacher.org\/\">Busy Teacher<\/a><\/p>\n<p><a href=\"http:\/\/eduscol.education.fr\/primabord\/le-byod-qu-est-ce-que-cela-signifie\">BYOD<\/a><\/p>\n<p><a href=\"http:\/\/www.cahierdebord.fr\/\">Cahier de bord<\/a><\/p>\n<p><a href=\"https:\/\/www.classdojo.com\/fr-fr\/?redirect=true\">Class Dojo<\/a><\/p>\n<p><a href=\"http:\/\/www.clemi.fr\/fr\/ressources.html\/\">Clemi<\/a><\/p>\n<p><a href=\"https:\/\/www.readwritethink.org\/\">Read Write Think<\/a><\/p>\n<p><a href=\"https:\/\/www.consumerclassroom.eu\/\">Consumer Classroom<\/a><\/p>\n<p>Cyber-Langues<\/p>\n<p><a href=\"http:\/\/dreamreader.net\/\">Dreamreader<\/a><\/p>\n<p><a href=\"https:\/\/eltplanning.com\/2016\/04\/08\/celta-lesson-frameworks\/\">ELTplanning <\/a><\/p>\n<p><a href=\"http:\/\/kids.englishforschools.fr\/\">English For schools<\/a><\/p>\n<p><a href=\"http:\/\/fr.english-attack.com\/?utm_source=Facebook&amp;utm_medium=France&amp;utm_term=FranceLaunch&amp;utm_content=FullADD&amp;utm_campaign=OrangeTVFR\">English Attack<\/a><\/p>\n<p><a href=\"http:\/\/e-teachers.fr\/\">e-teachers<\/a><\/p>\n<p><a href=\"http:\/\/eteachnet.org\/\">e-teachNet<\/a><\/p>\n<p><a href=\"http:\/\/fluentlanguage.co.uk\/\">Fluent Languages<\/a><\/p>\n<p><a href=\"http:\/\/www.franglish.fr\/\">Franglish<\/a><\/p>\n<p><a href=\"https:\/\/freeenglishlessonplans.com\/\">Free English Lessons Plans<\/a><\/p>\n<p><a href=\"http:\/\/www.freetech4teachers.com\/\">Free Tech 4 Teachers<\/a><\/p>\n<p><a href=\"https:\/\/padlet.com\/cathiasab\/IntersTices2017\">Interstices<\/a><\/p>\n<p><a href=\"http:\/\/cle.ens-lyon.fr\/jsp\/accueil_cdl.jsp?CODE=70201836&amp;LANGUE=0\">La Cl\u00e9 des Langues<\/a><\/p>\n<p><a href=\"http:\/\/www.learntobehealthy.org\/\">Learn To be Healthy<\/a><\/p>\n<p><a href=\"http:\/\/www.cafepedagogique.net\/Pages\/Accueil.aspx\">Le Caf\u00e9 P\u00e9dagogique<\/a><\/p>\n<p><a href=\"https:\/\/outilstice.com\/\">Les Outils Tice <\/a><\/p>\n<p><a href=\"http:\/\/lewebpedagogique.com\/\">Le Web Pedagogique<\/a><\/p>\n<p><a href=\"https:\/\/madmagz.com\/fr\">Madmagz<\/a><\/p>\n<p><a href=\"http:\/\/mediafiches.ac-creteil.fr\/\">MediaFiches<\/a><\/p>\n<p><a href=\"https:\/\/prezi.com\/\">Prezi<\/a><\/p>\n<p><a href=\"http:\/\/www.primlangues.education.fr\/\">Primlangues<\/a><\/p>\n<p><a href=\"http:\/\/www.ruedesprofs.com\/\">Rue des Profs<\/a><\/p>\n<p><a href=\"http:\/\/open-sankore.org\/fr\">Sankor\u00e9<\/a><\/p>\n<p><a href=\"http:\/\/www.schooleducationgateway.eu\/en\/pub\/index.htm\">School Education Gateway<\/a><\/p>\n<p><a href=\"https:\/\/www.symbaloo.com\/mix\/6498-Education\">Symbaloo<\/a><\/p>\n<p><a href=\"http:\/\/www.teachertube.com\/\">Teacher Tube<\/a><\/p>\n<p><a href=\"https:\/\/www.teachhub.com\/\">TeachHub<\/a><\/p>\n<p><a href=\"https:\/\/www.teachingenglish.org.uk\/\">Teaching English<\/a><\/p>\n<p><a href=\"https:\/\/tekhnologic.wordpress.com\/\">Tekhnologic<\/a><\/p>\n<p><a href=\"http:\/\/www.globalschoolnet.org\/\">The Global School House<\/a><\/p>\n<p><a href=\"http:\/\/www.vousnousils.fr\/\">Vous Nous Ils<\/a><\/p>\n<p><a href=\"https:\/\/www.weareteachers.com\/\">We are Teachers<\/a><\/p>\n<p><span style=\"color: #ff0000;\">PRONONCIATION<\/span><\/p>\n<p><a href=\"http:\/\/fr.forvo.com\/languages\/en\/\">Forvo<\/a><\/p>\n<p><span style=\"color: #ff0000;\">REALITE AUGMENTEE<\/span><\/p>\n<p><a href=\"http:\/\/mediafiches.ac-creteil.fr\/spip.php?article305\">Aurasma<\/a><\/p>\n<p><span style=\"color: #ff0000;\">RESSOURCES POUR LES LANGUES VIVANTES<\/span><\/p>\n<p><span style=\"color: #0000ff;\"><a href=\"https:\/\/eduscol.education.fr\/cid45757\/presentation-des-ressources-pour-les-langues-vivantes.html\">Eduscol<\/a><\/span><\/p>\n<p><span style=\"color: #ff0000;\">SCIENCES<\/span><\/p>\n<p><a href=\"http:\/\/www.nationalgeographic.com\/\">National Geographic <\/a><\/p>\n<p><span style=\"color: #ff0000;\">TRAITEMENT DE TEXTE<\/span><\/p>\n<p><a href=\"http:\/\/www.kingsoftstore.fr\/kingsoft-office-freeware.html\">Kingsoft Office<\/a><\/p>\n<p><a href=\"http:\/\/www.libreoffice.org\/\">Libre Office<\/a><\/p>\n<p><a href=\"http:\/\/www.openoffice.org\/fr\/\">Open Office<\/a>:<\/p>\n<p><a href=\"http:\/\/www.serif.com\/desktop-publishing-software\/\">Pages Plus SE (Starter Edition)<\/a><\/p>\n<p><a href=\"http:\/\/sourceforge.net\/projects\/scribus\/files\/scribus\/1.4.3\/scribus-1.4.3-windows-x64.exe\/download\">Scribus<\/a><\/p>\n<p><a href=\"https:\/\/www.wps.com\/fr-FR\/\">WPS<\/a><\/p>\n<p><span style=\"color: #ff0000;\">VIDEO ET CINEMA<br \/>\n<\/span><\/p>\n<p>Arte Europe Weekly<\/p>\n<p>BBC Classroom Clips<\/p>\n<p>BBC Learning Zone<\/p>\n<p>BBC Teach<\/p>\n<p><a href=\"http:\/\/www.bbc.com\/news\/video_and_audio\/headlines\/38335418\">BBC videos<\/a><\/p>\n<p><a href=\"http:\/\/www.dailymotion.com\/fr\">Dailymotion<\/a><\/p>\n<p><a href=\"https:\/\/www.englishcentral.com\/videos\">English Central<\/a><\/p>\n<p><a href=\"https:\/\/fr.lyricstraining.com\/\">Lyricstraining<\/a><\/p>\n<p><a href=\"https:\/\/www.moovly.com\/education-solutions\">Moovly<\/a><\/p>\n<p><a href=\"http:\/\/www.nextvista.org\/\">Next Vista<\/a><\/p>\n<p><a href=\"https:\/\/www.truetube.co.uk\/\">True Tube<\/a><\/p>\n<p><a href=\"http:\/\/videoforall.eu\/fr\/\">Video for All<\/a><\/p>\n<p><a href=\"https:\/\/vimeo.com\/\">Vimeo<\/a><\/p>\n<p><a href=\"http:\/\/yourenglishsource.com\/\">Your English Source<\/a><\/p>\n<p><a href=\"https:\/\/www.youtube.com\/?gl=FR&amp;hl=fr\">YouTube<\/a><\/p>\n<p><span style=\"color: #ff0000;\"><strong>Visio<\/strong><\/span><\/p>\n<p><span style=\"color: #000000;\"><a href=\"http:\/\/bigbluebutton.org\/\">Big Blue Button<\/a> <\/span><\/p>\n<p><span style=\"color: #ff0000;\"><strong>Vocabulaire <\/strong><\/span><\/p>\n<p>Allthingstopics<\/p>\n<p><span style=\"color: #0000ff;\"><a style=\"color: #0000ff;\" href=\"https:\/\/www.eslbuzz.com\/\">Esl buzz <\/a><\/span><\/p>\n<p><a href=\"https:\/\/loveenglish.org\/\">I love English<\/a><\/p>\n","protected":false},"excerpt":{"rendered":"<p>ARTICLES Breaking News English Newsela Simple English News UPI Voanews AUDIO Audacity British Library Sounds Clyp-it EDUtalk Emilangues Librivox Localingual Loudlit Online Language Centerblog Overseas Impressions Rhinospike Soundguide The Language and Reading Companion Thought Audio Vocaroo CAPTURE DE PROGRAMMES CapTVty CARTES MENTALES Edraw FramaMindPad Freemind Freeplane Mind42 MindView Plectica ThinkMapping Xmind CMS (Course Management System) [&hellip;]<\/p>\n","protected":false},"author":7,"featured_media":0,"parent":0,"menu_order":0,"comment_status":"open","ping_status":"closed","template":"","meta":{"site-sidebar-layout":"default","site-content-layout":"","ast-site-content-layout":"default","site-content-style":"default","site-sidebar-style":"default","ast-global-header-display":"","ast-banner-title-visibility":"","ast-main-header-display":"","ast-hfb-above-header-display":"","ast-hfb-below-header-display":"","ast-hfb-mobile-header-display":"","site-post-title":"","ast-breadcrumbs-content":"","ast-featured-img":"","footer-sml-layout":"","ast-disable-related-posts":"","theme-transparent-header-meta":"","adv-header-id-meta":"","stick-header-meta":"","header-above-stick-meta":"","header-main-stick-meta":"","header-below-stick-meta":"","astra-migrate-meta-layouts":"set","ast-page-background-enabled":"default","ast-page-background-meta":{"desktop":{"background-color":"var(--ast-global-color-4)","background-image":"","background-repeat":"repeat","background-position":"center center","background-size":"auto","background-attachment":"scroll","background-type":"","background-media":"","overlay-type":"","overlay-color":"","overlay-opacity":"","overlay-gradient":""},"tablet":{"background-color":"","background-image":"","background-repeat":"repeat","background-position":"center center","background-size":"auto","background-attachment":"scroll","background-type":"","background-media":"","overlay-type":"","overlay-color":"","overlay-opacity":"","overlay-gradient":""},"mobile":{"background-color":"","background-image":"","background-repeat":"repeat","background-position":"center center","background-size":"auto","background-attachment":"scroll","background-type":"","background-media":"","overlay-type":"","overlay-color":"","overlay-opacity":"","overlay-gradient":""}},"ast-content-background-meta":{"desktop":{"background-color":"var(--ast-global-color-5)","background-image":"","background-repeat":"repeat","background-position":"center center","background-size":"auto","background-attachment":"scroll","background-type":"","background-media":"","overlay-type":"","overlay-color":"","overlay-opacity":"","overlay-gradient":""},"tablet":{"background-color":"var(--ast-global-color-5)","background-image":"","background-repeat":"repeat","background-position":"center center","background-size":"auto","background-attachment":"scroll","background-type":"","background-media":"","overlay-type":"","overlay-color":"","overlay-opacity":"","overlay-gradient":""},"mobile":{"background-color":"var(--ast-global-color-5)","background-image":"","background-repeat":"repeat","background-position":"center center","background-size":"auto","background-attachment":"scroll","background-type":"","background-media":"","overlay-type":"","overlay-color":"","overlay-opacity":"","overlay-gradient":""}},"footnotes":""},"class_list":["post-3303","page","type-page","status-publish","hentry"],"_links":{"self":[{"href":"https:\/\/site.ac-martinique.fr\/anglaislp\/index.php?rest_route=\/wp\/v2\/pages\/3303","targetHints":{"allow":["GET"]}}],"collection":[{"href":"https:\/\/site.ac-martinique.fr\/anglaislp\/index.php?rest_route=\/wp\/v2\/pages"}],"about":[{"href":"https:\/\/site.ac-martinique.fr\/anglaislp\/index.php?rest_route=\/wp\/v2\/types\/page"}],"author":[{"embeddable":true,"href":"https:\/\/site.ac-martinique.fr\/anglaislp\/index.php?rest_route=\/wp\/v2\/users\/7"}],"replies":[{"embeddable":true,"href":"https:\/\/site.ac-martinique.fr\/anglaislp\/index.php?rest_route=%2Fwp%2Fv2%2Fcomments&post=3303"}],"version-history":[{"count":121,"href":"https:\/\/site.ac-martinique.fr\/anglaislp\/index.php?rest_route=\/wp\/v2\/pages\/3303\/revisions"}],"predecessor-version":[{"id":6380,"href":"https:\/\/site.ac-martinique.fr\/anglaislp\/index.php?rest_route=\/wp\/v2\/pages\/3303\/revisions\/6380"}],"wp:attachment":[{"href":"https:\/\/site.ac-martinique.fr\/anglaislp\/index.php?rest_route=%2Fwp%2Fv2%2Fmedia&parent=3303"}],"curies":[{"name":"wp","href":"https:\/\/api.w.org\/{rel}","templated":true}]}}