{"id":4412,"date":"2016-12-20T09:02:01","date_gmt":"2016-12-20T13:02:01","guid":{"rendered":"\/anglaislp\/?page_id=4412"},"modified":"2016-12-29T19:40:23","modified_gmt":"2016-12-29T23:40:23","slug":"applications-ipad-pour-mobiles-et-tablettes","status":"publish","type":"page","link":"https:\/\/site.ac-martinique.fr\/anglaislp\/?page_id=4412","title":{"rendered":"Applications Ipad gratuites pour Mobiles et Tablettes"},"content":{"rendered":"<p><span style=\"color: #0000ff\">Il est recommand\u00e9 aux coll\u00e8gues de toujours v\u00e9rifier les crit\u00e8res d&rsquo;utilisation de ces applications. Pour d\u00e9couvrir ces applications, vous pouvez copier-coller les noms des applications dans votre navigateur. Ou les t\u00e9l\u00e9charger sur votre mobile ou tablette \u00e0 partir de Apple Store<br \/>\n<\/span><\/p>\n<p><span style=\"color: #ff0000\">AUDIO<\/span><\/p>\n<p><span style=\"color: #ff0000\">CARAIBES<\/span><\/p>\n<p><span style=\"color: #ff0000\">CODES<\/span><\/p>\n<p><span style=\"color: #ff0000\">CREATION DE FICHIERS MULTIMEDIA<\/span><\/p>\n<p>Moodboard Lite<\/p>\n<p><span style=\"color: #ff0000\">CREATION D&rsquo;IMAGES<\/span><\/p>\n<p><span style=\"color: #ff0000\">ECHANGES<\/span><\/p>\n<p>Gallica<\/p>\n<p>iBooks<\/p>\n<p><span style=\"color: #ff0000\">ECHANGES FICHIERS <\/span><\/p>\n<p>Dropbox<\/p>\n<p>Stream Learning<\/p>\n<p><span style=\"color: #ff0000\">LANGUE<\/span><\/p>\n<p>Dictionary<\/p>\n<p><span style=\"color: #ff0000\">NAVIGATION<\/span><\/p>\n<p>Google Earth<\/p>\n<p>Wikipanion<\/p>\n<p><span style=\"color: #ff0000\">PHOTOS<\/span><\/p>\n<p><span style=\"color: #ff0000\">PRISES DE NOTES<\/span><\/p>\n<p>Evernote<\/p>\n<p><span style=\"color: #ff0000\">PROFESSEURS D&rsquo;ANGLAIS<\/span><\/p>\n<p>Insight Teacher&rsquo;s Assistant<\/p>\n<p>iTooch TOEL<\/p>\n<p>Socrative Teacher<\/p>\n<p>Teacher Pal<\/p>\n<p><span style=\"color: #ff0000\">REALITE AUGMENTEE<\/span><\/p>\n<p><span style=\"color: #ff0000\">RESEAUX SOCIAUX<\/span><\/p>\n<p><span style=\"color: #ff0000\">VEILLE<\/span><\/p>\n<p><span style=\"color: #ff0000\">VIDEO<\/span><\/p>\n","protected":false},"excerpt":{"rendered":"<p>Il est recommand\u00e9 aux coll\u00e8gues de toujours v\u00e9rifier les crit\u00e8res d&rsquo;utilisation de ces applications. Pour d\u00e9couvrir ces applications, vous pouvez copier-coller les noms des applications dans votre navigateur. Ou les t\u00e9l\u00e9charger sur votre mobile ou tablette \u00e0 partir de Apple Store AUDIO CARAIBES CODES CREATION DE FICHIERS MULTIMEDIA Moodboard Lite CREATION D&rsquo;IMAGES ECHANGES Gallica iBooks [&hellip;]<\/p>\n","protected":false},"author":7,"featured_media":0,"parent":0,"menu_order":0,"comment_status":"closed","ping_status":"closed","template":"","meta":{"site-sidebar-layout":"default","site-content-layout":"","ast-site-content-layout":"default","site-content-style":"default","site-sidebar-style":"default","ast-global-header-display":"","ast-banner-title-visibility":"","ast-main-header-display":"","ast-hfb-above-header-display":"","ast-hfb-below-header-display":"","ast-hfb-mobile-header-display":"","site-post-title":"","ast-breadcrumbs-content":"","ast-featured-img":"","footer-sml-layout":"","ast-disable-related-posts":"","theme-transparent-header-meta":"","adv-header-id-meta":"","stick-header-meta":"","header-above-stick-meta":"","header-main-stick-meta":"","header-below-stick-meta":"","astra-migrate-meta-layouts":"default","ast-page-background-enabled":"default","ast-page-background-meta":{"desktop":{"background-color":"var(--ast-global-color-4)","background-image":"","background-repeat":"repeat","background-position":"center center","background-size":"auto","background-attachment":"scroll","background-type":"","background-media":"","overlay-type":"","overlay-color":"","overlay-opacity":"","overlay-gradient":""},"tablet":{"background-color":"","background-image":"","background-repeat":"repeat","background-position":"center center","background-size":"auto","background-attachment":"scroll","background-type":"","background-media":"","overlay-type":"","overlay-color":"","overlay-opacity":"","overlay-gradient":""},"mobile":{"background-color":"","background-image":"","background-repeat":"repeat","background-position":"center center","background-size":"auto","background-attachment":"scroll","background-type":"","background-media":"","overlay-type":"","overlay-color":"","overlay-opacity":"","overlay-gradient":""}},"ast-content-background-meta":{"desktop":{"background-color":"var(--ast-global-color-5)","background-image":"","background-repeat":"repeat","background-position":"center center","background-size":"auto","background-attachment":"scroll","background-type":"","background-media":"","overlay-type":"","overlay-color":"","overlay-opacity":"","overlay-gradient":""},"tablet":{"background-color":"var(--ast-global-color-5)","background-image":"","background-repeat":"repeat","background-position":"center center","background-size":"auto","background-attachment":"scroll","background-type":"","background-media":"","overlay-type":"","overlay-color":"","overlay-opacity":"","overlay-gradient":""},"mobile":{"background-color":"var(--ast-global-color-5)","background-image":"","background-repeat":"repeat","background-position":"center center","background-size":"auto","background-attachment":"scroll","background-type":"","background-media":"","overlay-type":"","overlay-color":"","overlay-opacity":"","overlay-gradient":""}},"footnotes":""},"class_list":["post-4412","page","type-page","status-publish","hentry"],"_links":{"self":[{"href":"https:\/\/site.ac-martinique.fr\/anglaislp\/index.php?rest_route=\/wp\/v2\/pages\/4412","targetHints":{"allow":["GET"]}}],"collection":[{"href":"https:\/\/site.ac-martinique.fr\/anglaislp\/index.php?rest_route=\/wp\/v2\/pages"}],"about":[{"href":"https:\/\/site.ac-martinique.fr\/anglaislp\/index.php?rest_route=\/wp\/v2\/types\/page"}],"author":[{"embeddable":true,"href":"https:\/\/site.ac-martinique.fr\/anglaislp\/index.php?rest_route=\/wp\/v2\/users\/7"}],"replies":[{"embeddable":true,"href":"https:\/\/site.ac-martinique.fr\/anglaislp\/index.php?rest_route=%2Fwp%2Fv2%2Fcomments&post=4412"}],"version-history":[{"count":10,"href":"https:\/\/site.ac-martinique.fr\/anglaislp\/index.php?rest_route=\/wp\/v2\/pages\/4412\/revisions"}],"predecessor-version":[{"id":4447,"href":"https:\/\/site.ac-martinique.fr\/anglaislp\/index.php?rest_route=\/wp\/v2\/pages\/4412\/revisions\/4447"}],"wp:attachment":[{"href":"https:\/\/site.ac-martinique.fr\/anglaislp\/index.php?rest_route=%2Fwp%2Fv2%2Fmedia&parent=4412"}],"curies":[{"name":"wp","href":"https:\/\/api.w.org\/{rel}","templated":true}]}}