{"id":4717,"date":"2019-06-25T22:38:26","date_gmt":"2019-06-26T02:38:26","guid":{"rendered":"\/anglaislp\/?page_id=4717"},"modified":"2019-09-10T18:39:45","modified_gmt":"2019-09-10T22:39:45","slug":"mobilite","status":"publish","type":"page","link":"https:\/\/site.ac-martinique.fr\/anglaislp\/?page_id=4717","title":{"rendered":"La Mobilit\u00e9"},"content":{"rendered":"\n<p><a href=\"\/anglaislp\/?p=4906\">Effets des s\u00e9jours \u00e0 l&rsquo;\u00e9tranger sur l&rsquo;insertion des jeunes<\/a> <\/p>\n\n\n\n<p><a href=\"https:\/\/cache.media.eduscol.education.fr\/file\/lycee_pro_2018\/46\/3\/VM_Mobilitees_internationales_et_europeeennes_1128463.pdf\">Vade-mecum sur la Mobilit\u00e9<\/a><\/p>\n\n\n\n<p><a href=\"https:\/\/eduscol.education.fr\/langues-vivantes\/sinformer\/international\/mobilite-des-eleves.html\">Pr\u00e9sentation Eduscol<\/a><\/p>\n\n\n\n<p><a href=\"https:\/\/info.erasmusplus.fr\/\">Erasmus +<\/a><\/p>\n\n\n\n<p><a href=\"https:\/\/www.education.gouv.fr\/pid25535\/bulletin_officiel.html?cid_bo=72758\">Transport et encadrement des \u00e9l\u00e8ves des 1er et 2nd degr\u00e9s dans le cadre des sorties et voyages . Simplifications des formalit\u00e9s administratives  <\/a><\/p>\n\n\n\n<p><a href=\"https:\/\/www.education.gouv.fr\/cid21457\/la-mobilite-des-eleves.html\">La Mobilit\u00e9 des El\u00e8ves <\/a><\/p>\n\n\n\n<p><a href=\"http:\/\/site.ac-martinique.fr\/dareic\/?page_id=3216\">D\u00e9claration de mobilit\u00e9 sortante &#8211; site de la DAREIC Martinique<\/a><\/p>\n\n\n\n<p><a href=\"http:\/\/site.ac-martinique.fr\/dareic\/wp-content\/uploads\/sites\/5\/2015\/09\/Conduites-%C3%A0-tenir-%C3%A0-l%C3%A9tranger.pdf\">Se pr\u00e9parer &#8211; conduite \u00e0 tenir <\/a><\/p>\n\n\n\n<p><a href=\"https:\/\/eacea.ec.europa.eu\/erasmus-plus\/actions\/key-action-1-learning-mobility-individuals_en\">KA 1<\/a><\/p>\n\n\n\n<p><a href=\"https:\/\/eacea.ec.europa.eu\/erasmus-plus\/actions\/action-cle-1-mobilite-des-individus-a-des-fins-d-education-et-de-formation_fr\">KA 1 version fran\u00e7aise<\/a> <\/p>\n\n\n\n<p><a href=\"https:\/\/eacea.ec.europa.eu\/erasmus-plus\/actions\/key-action-2-cooperation-for-innovation-and-exchange-good-practices_en\">KA 2<\/a><\/p>\n\n\n\n<p><a href=\"https:\/\/info.erasmusplus.fr\/erasmus\/qu-est-ce-qu-erasmus\/les-actions-cles\/128-action-cle-2-cooperation-pour-l-innovation.html\">KA 2 version fran\u00e7aise<\/a> <\/p>\n\n\n\n<p>Carte Vitale Europ\u00e9enne<\/p>\n\n\n\n<p>Portail Ariane<\/p>\n\n\n\n<p><br><\/p>\n","protected":false},"excerpt":{"rendered":"<p>Effets des s\u00e9jours \u00e0 l&rsquo;\u00e9tranger sur l&rsquo;insertion des jeunes Vade-mecum sur la Mobilit\u00e9 Pr\u00e9sentation Eduscol Erasmus + Transport et encadrement des \u00e9l\u00e8ves des 1er et 2nd degr\u00e9s dans le cadre des sorties et voyages . Simplifications des formalit\u00e9s administratives La Mobilit\u00e9 des El\u00e8ves D\u00e9claration de mobilit\u00e9 sortante &#8211; site de la DAREIC Martinique Se pr\u00e9parer [&hellip;]<\/p>\n","protected":false},"author":7,"featured_media":0,"parent":0,"menu_order":0,"comment_status":"closed","ping_status":"closed","template":"","meta":{"site-sidebar-layout":"default","site-content-layout":"","ast-site-content-layout":"default","site-content-style":"default","site-sidebar-style":"default","ast-global-header-display":"","ast-banner-title-visibility":"","ast-main-header-display":"","ast-hfb-above-header-display":"","ast-hfb-below-header-display":"","ast-hfb-mobile-header-display":"","site-post-title":"","ast-breadcrumbs-content":"","ast-featured-img":"","footer-sml-layout":"","ast-disable-related-posts":"","theme-transparent-header-meta":"","adv-header-id-meta":"","stick-header-meta":"","header-above-stick-meta":"","header-main-stick-meta":"","header-below-stick-meta":"","astra-migrate-meta-layouts":"default","ast-page-background-enabled":"default","ast-page-background-meta":{"desktop":{"background-color":"var(--ast-global-color-4)","background-image":"","background-repeat":"repeat","background-position":"center center","background-size":"auto","background-attachment":"scroll","background-type":"","background-media":"","overlay-type":"","overlay-color":"","overlay-opacity":"","overlay-gradient":""},"tablet":{"background-color":"","background-image":"","background-repeat":"repeat","background-position":"center center","background-size":"auto","background-attachment":"scroll","background-type":"","background-media":"","overlay-type":"","overlay-color":"","overlay-opacity":"","overlay-gradient":""},"mobile":{"background-color":"","background-image":"","background-repeat":"repeat","background-position":"center center","background-size":"auto","background-attachment":"scroll","background-type":"","background-media":"","overlay-type":"","overlay-color":"","overlay-opacity":"","overlay-gradient":""}},"ast-content-background-meta":{"desktop":{"background-color":"var(--ast-global-color-5)","background-image":"","background-repeat":"repeat","background-position":"center center","background-size":"auto","background-attachment":"scroll","background-type":"","background-media":"","overlay-type":"","overlay-color":"","overlay-opacity":"","overlay-gradient":""},"tablet":{"background-color":"var(--ast-global-color-5)","background-image":"","background-repeat":"repeat","background-position":"center center","background-size":"auto","background-attachment":"scroll","background-type":"","background-media":"","overlay-type":"","overlay-color":"","overlay-opacity":"","overlay-gradient":""},"mobile":{"background-color":"var(--ast-global-color-5)","background-image":"","background-repeat":"repeat","background-position":"center center","background-size":"auto","background-attachment":"scroll","background-type":"","background-media":"","overlay-type":"","overlay-color":"","overlay-opacity":"","overlay-gradient":""}},"footnotes":""},"class_list":["post-4717","page","type-page","status-publish","hentry"],"_links":{"self":[{"href":"https:\/\/site.ac-martinique.fr\/anglaislp\/index.php?rest_route=\/wp\/v2\/pages\/4717","targetHints":{"allow":["GET"]}}],"collection":[{"href":"https:\/\/site.ac-martinique.fr\/anglaislp\/index.php?rest_route=\/wp\/v2\/pages"}],"about":[{"href":"https:\/\/site.ac-martinique.fr\/anglaislp\/index.php?rest_route=\/wp\/v2\/types\/page"}],"author":[{"embeddable":true,"href":"https:\/\/site.ac-martinique.fr\/anglaislp\/index.php?rest_route=\/wp\/v2\/users\/7"}],"replies":[{"embeddable":true,"href":"https:\/\/site.ac-martinique.fr\/anglaislp\/index.php?rest_route=%2Fwp%2Fv2%2Fcomments&post=4717"}],"version-history":[{"count":10,"href":"https:\/\/site.ac-martinique.fr\/anglaislp\/index.php?rest_route=\/wp\/v2\/pages\/4717\/revisions"}],"predecessor-version":[{"id":4909,"href":"https:\/\/site.ac-martinique.fr\/anglaislp\/index.php?rest_route=\/wp\/v2\/pages\/4717\/revisions\/4909"}],"wp:attachment":[{"href":"https:\/\/site.ac-martinique.fr\/anglaislp\/index.php?rest_route=%2Fwp%2Fv2%2Fmedia&parent=4717"}],"curies":[{"name":"wp","href":"https:\/\/api.w.org\/{rel}","templated":true}]}}