{"id":4750,"date":"2019-06-29T21:46:44","date_gmt":"2019-06-30T01:46:44","guid":{"rendered":"\/anglaislp\/?page_id=4750"},"modified":"2020-06-03T21:10:55","modified_gmt":"2020-06-04T01:10:55","slug":"pa","status":"publish","type":"page","link":"https:\/\/site.ac-martinique.fr\/anglaislp\/?page_id=4750","title":{"rendered":"PA +"},"content":{"rendered":"\n<p>Tout ce que vous voulez savoir sur le Parcours Anglais + sans jamais oser le demander. <\/p>\n\n\n\n<p>Get-skills online : partager une mati\u00e8re avec d&rsquo;autres enseignants. <\/p>\n\n\n<p><a href=\"https:\/\/www.youtube.com\/watch?v=19_VeTls5HQ\">https:\/\/www.youtube.com\/watch?v=19_VeTls5HQ<\/a><\/p>\n\n\n<p><\/p>\n\n\n\n<p>Pr\u00e9sent\u00e9 par le recteur de l&rsquo;Acad\u00e9mie de la Martinique en 2018, le parcours PA+ est destin\u00e9 \u00e0 am\u00e9liorer le niveau d&rsquo;anglais des \u00e9l\u00e8ves. Enseign\u00e9e d\u00e8s la maternelle, la langue doit permettre \u00e0 l&rsquo;\u00e9l\u00e8ve d&rsquo;atteindre un niveau de comp\u00e9tence lui permettant de s&rsquo;ins\u00e9rer professionnellement dans le monde carib\u00e9en.<\/p>\n\n\n\n<p>On enseigne la langue et on enseigne avec la langue. Donc des mati\u00e8res non linguistiques sont aussi concern\u00e9es. <\/p>\n\n\n\n<p>3h par semaine ou 45 minutes quotidiennes lui sont consacr\u00e9es.<\/p>\n\n\n\n<p><\/p>\n","protected":false},"excerpt":{"rendered":"<p>Tout ce que vous voulez savoir sur le Parcours Anglais + sans jamais oser le demander. Get-skills online : partager une mati\u00e8re avec d&rsquo;autres enseignants. Pr\u00e9sent\u00e9 par le recteur de l&rsquo;Acad\u00e9mie de la Martinique en 2018, le parcours PA+ est destin\u00e9 \u00e0 am\u00e9liorer le niveau d&rsquo;anglais des \u00e9l\u00e8ves. Enseign\u00e9e d\u00e8s la maternelle, la langue doit [&hellip;]<\/p>\n","protected":false},"author":7,"featured_media":0,"parent":0,"menu_order":0,"comment_status":"closed","ping_status":"closed","template":"","meta":{"site-sidebar-layout":"default","site-content-layout":"","ast-site-content-layout":"default","site-content-style":"default","site-sidebar-style":"default","ast-global-header-display":"","ast-banner-title-visibility":"","ast-main-header-display":"","ast-hfb-above-header-display":"","ast-hfb-below-header-display":"","ast-hfb-mobile-header-display":"","site-post-title":"","ast-breadcrumbs-content":"","ast-featured-img":"","footer-sml-layout":"","ast-disable-related-posts":"","theme-transparent-header-meta":"","adv-header-id-meta":"","stick-header-meta":"","header-above-stick-meta":"","header-main-stick-meta":"","header-below-stick-meta":"","astra-migrate-meta-layouts":"default","ast-page-background-enabled":"default","ast-page-background-meta":{"desktop":{"background-color":"var(--ast-global-color-4)","background-image":"","background-repeat":"repeat","background-position":"center center","background-size":"auto","background-attachment":"scroll","background-type":"","background-media":"","overlay-type":"","overlay-color":"","overlay-opacity":"","overlay-gradient":""},"tablet":{"background-color":"","background-image":"","background-repeat":"repeat","background-position":"center center","background-size":"auto","background-attachment":"scroll","background-type":"","background-media":"","overlay-type":"","overlay-color":"","overlay-opacity":"","overlay-gradient":""},"mobile":{"background-color":"","background-image":"","background-repeat":"repeat","background-position":"center center","background-size":"auto","background-attachment":"scroll","background-type":"","background-media":"","overlay-type":"","overlay-color":"","overlay-opacity":"","overlay-gradient":""}},"ast-content-background-meta":{"desktop":{"background-color":"var(--ast-global-color-5)","background-image":"","background-repeat":"repeat","background-position":"center center","background-size":"auto","background-attachment":"scroll","background-type":"","background-media":"","overlay-type":"","overlay-color":"","overlay-opacity":"","overlay-gradient":""},"tablet":{"background-color":"var(--ast-global-color-5)","background-image":"","background-repeat":"repeat","background-position":"center center","background-size":"auto","background-attachment":"scroll","background-type":"","background-media":"","overlay-type":"","overlay-color":"","overlay-opacity":"","overlay-gradient":""},"mobile":{"background-color":"var(--ast-global-color-5)","background-image":"","background-repeat":"repeat","background-position":"center center","background-size":"auto","background-attachment":"scroll","background-type":"","background-media":"","overlay-type":"","overlay-color":"","overlay-opacity":"","overlay-gradient":""}},"footnotes":""},"class_list":["post-4750","page","type-page","status-publish","hentry"],"_links":{"self":[{"href":"https:\/\/site.ac-martinique.fr\/anglaislp\/index.php?rest_route=\/wp\/v2\/pages\/4750","targetHints":{"allow":["GET"]}}],"collection":[{"href":"https:\/\/site.ac-martinique.fr\/anglaislp\/index.php?rest_route=\/wp\/v2\/pages"}],"about":[{"href":"https:\/\/site.ac-martinique.fr\/anglaislp\/index.php?rest_route=\/wp\/v2\/types\/page"}],"author":[{"embeddable":true,"href":"https:\/\/site.ac-martinique.fr\/anglaislp\/index.php?rest_route=\/wp\/v2\/users\/7"}],"replies":[{"embeddable":true,"href":"https:\/\/site.ac-martinique.fr\/anglaislp\/index.php?rest_route=%2Fwp%2Fv2%2Fcomments&post=4750"}],"version-history":[{"count":3,"href":"https:\/\/site.ac-martinique.fr\/anglaislp\/index.php?rest_route=\/wp\/v2\/pages\/4750\/revisions"}],"predecessor-version":[{"id":5240,"href":"https:\/\/site.ac-martinique.fr\/anglaislp\/index.php?rest_route=\/wp\/v2\/pages\/4750\/revisions\/5240"}],"wp:attachment":[{"href":"https:\/\/site.ac-martinique.fr\/anglaislp\/index.php?rest_route=%2Fwp%2Fv2%2Fmedia&parent=4750"}],"curies":[{"name":"wp","href":"https:\/\/api.w.org\/{rel}","templated":true}]}}