{"id":4926,"date":"2019-11-16T23:30:06","date_gmt":"2019-11-17T03:30:06","guid":{"rendered":"\/anglaislp\/?page_id=4926"},"modified":"2019-11-16T23:44:10","modified_gmt":"2019-11-17T03:44:10","slug":"nouveaux-programmes","status":"publish","type":"page","link":"https:\/\/site.ac-martinique.fr\/anglaislp\/?page_id=4926","title":{"rendered":"Nouveaux Programmes"},"content":{"rendered":"\n<p>Le CECRL a \u00e9t\u00e9 mis \u00e0 jour !  Les programmes pour les langues aussi! <\/p>\n\n\n\n<p><a href=\"https:\/\/www.coe.int\/fr\/web\/common-european-framework-reference-languages\">CECRL \u2013 textes du 17 mai 2018 <\/a><\/p>\n\n\n\n<p><a href=\"https:\/\/rm.coe.int\/cecr-volume-complementaire-avec-de-nouveaux-descripteurs\/16807875d5\">CECRL \u2013 volume compl\u00e9mentaire avec de nouveaux descripteurs <\/a><\/p>\n\n\n\n<p><a href=\"https:\/\/rm.coe.int\/cadre-europeen-commun-de-reference-pour-les-langues-apprendre-enseigne\/168073ff32\">CECRL \u2013 Les descripteurs de la m\u00e9diation <\/a><\/p>\n\n\n\n<p><a href=\"https:\/\/www.education.gouv.fr\/pid285\/bulletin_officiel.html?cid_bo=140803\">Langues  \u2013 nouveaux programmes Langues f\u00e9vrier 2019<\/a> <\/p>\n\n\n\n<p><a href=\"https:\/\/cache.media.education.gouv.fr\/file\/SP5-MEN-11-4-2019\/14\/0\/spe627_annexe_1105140.pdf\">Langues &#8211; nouveaux programmes Langues &#8211; descriptifs<\/a><\/p>\n\n\n\n<p><a href=\"https:\/\/www.sne.fr\/app\/uploads\/sites\/2\/2019\/02\/C.S.P.-2019-Propositions-E%CC%81preuves-CAP-Langues-vivantes-A-et-B.pdf\">Propositions relatives aux \u00e9preuves d\u2019examen en LVA et LVB <\/a><\/p>\n","protected":false},"excerpt":{"rendered":"<p>Le CECRL a \u00e9t\u00e9 mis \u00e0 jour ! Les programmes pour les langues aussi! CECRL \u2013 textes du 17 mai 2018 CECRL \u2013 volume compl\u00e9mentaire avec de nouveaux descripteurs CECRL \u2013 Les descripteurs de la m\u00e9diation Langues \u2013 nouveaux programmes Langues f\u00e9vrier 2019 Langues &#8211; nouveaux programmes Langues &#8211; descriptifs Propositions relatives aux \u00e9preuves d\u2019examen [&hellip;]<\/p>\n","protected":false},"author":7,"featured_media":0,"parent":0,"menu_order":0,"comment_status":"closed","ping_status":"closed","template":"","meta":{"site-sidebar-layout":"default","site-content-layout":"","ast-site-content-layout":"default","site-content-style":"default","site-sidebar-style":"default","ast-global-header-display":"","ast-banner-title-visibility":"","ast-main-header-display":"","ast-hfb-above-header-display":"","ast-hfb-below-header-display":"","ast-hfb-mobile-header-display":"","site-post-title":"","ast-breadcrumbs-content":"","ast-featured-img":"","footer-sml-layout":"","ast-disable-related-posts":"","theme-transparent-header-meta":"","adv-header-id-meta":"","stick-header-meta":"","header-above-stick-meta":"","header-main-stick-meta":"","header-below-stick-meta":"","astra-migrate-meta-layouts":"default","ast-page-background-enabled":"default","ast-page-background-meta":{"desktop":{"background-color":"var(--ast-global-color-4)","background-image":"","background-repeat":"repeat","background-position":"center center","background-size":"auto","background-attachment":"scroll","background-type":"","background-media":"","overlay-type":"","overlay-color":"","overlay-opacity":"","overlay-gradient":""},"tablet":{"background-color":"","background-image":"","background-repeat":"repeat","background-position":"center center","background-size":"auto","background-attachment":"scroll","background-type":"","background-media":"","overlay-type":"","overlay-color":"","overlay-opacity":"","overlay-gradient":""},"mobile":{"background-color":"","background-image":"","background-repeat":"repeat","background-position":"center center","background-size":"auto","background-attachment":"scroll","background-type":"","background-media":"","overlay-type":"","overlay-color":"","overlay-opacity":"","overlay-gradient":""}},"ast-content-background-meta":{"desktop":{"background-color":"var(--ast-global-color-5)","background-image":"","background-repeat":"repeat","background-position":"center center","background-size":"auto","background-attachment":"scroll","background-type":"","background-media":"","overlay-type":"","overlay-color":"","overlay-opacity":"","overlay-gradient":""},"tablet":{"background-color":"var(--ast-global-color-5)","background-image":"","background-repeat":"repeat","background-position":"center center","background-size":"auto","background-attachment":"scroll","background-type":"","background-media":"","overlay-type":"","overlay-color":"","overlay-opacity":"","overlay-gradient":""},"mobile":{"background-color":"var(--ast-global-color-5)","background-image":"","background-repeat":"repeat","background-position":"center center","background-size":"auto","background-attachment":"scroll","background-type":"","background-media":"","overlay-type":"","overlay-color":"","overlay-opacity":"","overlay-gradient":""}},"footnotes":""},"class_list":["post-4926","page","type-page","status-publish","hentry"],"_links":{"self":[{"href":"https:\/\/site.ac-martinique.fr\/anglaislp\/index.php?rest_route=\/wp\/v2\/pages\/4926","targetHints":{"allow":["GET"]}}],"collection":[{"href":"https:\/\/site.ac-martinique.fr\/anglaislp\/index.php?rest_route=\/wp\/v2\/pages"}],"about":[{"href":"https:\/\/site.ac-martinique.fr\/anglaislp\/index.php?rest_route=\/wp\/v2\/types\/page"}],"author":[{"embeddable":true,"href":"https:\/\/site.ac-martinique.fr\/anglaislp\/index.php?rest_route=\/wp\/v2\/users\/7"}],"replies":[{"embeddable":true,"href":"https:\/\/site.ac-martinique.fr\/anglaislp\/index.php?rest_route=%2Fwp%2Fv2%2Fcomments&post=4926"}],"version-history":[{"count":3,"href":"https:\/\/site.ac-martinique.fr\/anglaislp\/index.php?rest_route=\/wp\/v2\/pages\/4926\/revisions"}],"predecessor-version":[{"id":4933,"href":"https:\/\/site.ac-martinique.fr\/anglaislp\/index.php?rest_route=\/wp\/v2\/pages\/4926\/revisions\/4933"}],"wp:attachment":[{"href":"https:\/\/site.ac-martinique.fr\/anglaislp\/index.php?rest_route=%2Fwp%2Fv2%2Fmedia&parent=4926"}],"curies":[{"name":"wp","href":"https:\/\/api.w.org\/{rel}","templated":true}]}}