{"id":5083,"date":"2020-05-04T21:59:00","date_gmt":"2020-05-05T01:59:00","guid":{"rendered":"\/anglaislp\/?page_id=5083"},"modified":"2023-05-19T08:35:10","modified_gmt":"2023-05-19T12:35:10","slug":"professseurs-stagiaires","status":"publish","type":"page","link":"https:\/\/site.ac-martinique.fr\/anglaislp\/?page_id=5083","title":{"rendered":"Professeurs stagiaires"},"content":{"rendered":"\n<p>Cette page est la v\u00f4tre ! <\/p>\n\n\n\n<p>Vous y trouverez des articles et documents cr\u00e9\u00e9s par des coll\u00e8gues et qui vous inspireront ! <\/p>\n\n\n\n<p><strong>Publication sur Archiclasse : les bonnes postures \u00e0 la maison pour travailler \u00e0 distance :<\/strong><\/p>\n\n\n\n<p><a href=\"https:\/\/archiclasse.education.fr\/Travail-scolaire-a-la-maison-les-bons-gestes\">Travail \u00e0 la maison : les bonnes postures <\/a><\/p>\n\n\n\n<p><strong>Questions r\u00e9ponses sur les examens nationaux : <\/strong><\/p>\n\n\n<p><a href=\"\/anglaislp\/wp-content\/uploads\/sites\/5\/2020\/05\/questions-r-ponses-sur-les-examens-nationaux-session-2020-66513_0.pdf\">questions-r-ponses-sur-les-examens-nationaux&#8212;session-2020-66513_0<\/a><\/p>\n\n\n<p><strong>Vaincre l&rsquo;anxi\u00e9t\u00e9 langagi\u00e8re des langues \u00e9trang\u00e8res par C\u00e9line CUPIT. <\/strong><\/p>\n\n\n<p><a href=\"\/anglaislp\/wp-content\/uploads\/sites\/5\/2020\/05\/Vaincre-lanxi\u00e9t\u00e9-langagi\u00e8re-des-langues-\u00e9trang\u00e8res-pr\u00e9sentation-P-A-Plus.pdf\">Vaincre l&rsquo;anxi\u00e9t\u00e9 langagi\u00e8re des langues \u00e9trang\u00e8res &#8211; pr\u00e9sentation P A Plus<\/a><\/p>\n\n\n<p><strong>Pour les professeurs stagiaires et pour les autres, un exemple de distance teaching \/ continuit\u00e9 p\u00e9dagogique propos\u00e9 par notre coll\u00e8gue Francine NARECE<\/strong> : <\/p>\n\n\n\n<p class=\"has-primary-color has-text-color\"><a href=\"\/anglaislp\/wp-content\/uploads\/sites\/5\/2020\/04\/FID-E-Francine-JEAN-BAPTISTE-Continuit\u00e9-p\u00e9dagogique-3.pdf\">Distance teaching by Francine NARECE <\/a><\/p>\n\n\n<p><!--EndFragment--><\/p>\n<p><strong>Connaitre le CECRL<\/strong><\/p>\n<p>Le Cadre europ\u00e9en commun de r\u00e9f\u00e9rence pour les langues (CECRL) est le fruit de plusieurs ann\u00e9es de recherche linguistique men\u00e9e par des experts des \u00c9tats membres du <a class=\"lien_externe\" href=\"http:\/\/www.coe.int\/t\/dg4\/linguistic\/CADRE_FR.asp\" target=\"_blank\" rel=\"noopener\">Conseil de l&rsquo;Europe<\/a>.<\/p>\n<p>Ce\u00a0 n&rsquo;est un manuel ni un r\u00e9f\u00e9rentiel mais un outil con\u00e7u par le Conseil de l&rsquo;Europe pour parvenir \u00e0 une plus grande unit\u00e9 parmi ses membres. Un outil au service de la compr\u00e9hension et la connaissance de l&rsquo;autre.<\/p>\n<p>Voir la page <a href=\"https:\/\/eduscol.education.fr\/1971\/cadre-europeen-commun-de-reference-pour-les-langues-cecrl\">Eduscol<\/a> pour en savoir plus.<\/p>\n<p>\u00a0<\/p>\n<p><strong>Evaluation et positionnement en Langues Vivantes<\/strong><\/p>\n<p>Voir la page <a href=\"https:\/\/eduscol.education.fr\/166\/positionnement-et-evaluation-en-langues-vivantes-etrangeres\">Eduscol.<\/a><\/p>\n<p>\u00a0<\/p>\n<p>\u00a0<\/p>","protected":false},"excerpt":{"rendered":"<p>Cette page est la v\u00f4tre ! Vous y trouverez des articles et documents cr\u00e9\u00e9s par des coll\u00e8gues et qui vous inspireront ! Publication sur Archiclasse : les bonnes postures \u00e0 la maison pour travailler \u00e0 distance : Travail \u00e0 la maison : les bonnes postures Questions r\u00e9ponses sur les examens nationaux : questions-r-ponses-sur-les-examens-nationaux&#8212;session-2020-66513_0 Vaincre l&rsquo;anxi\u00e9t\u00e9 [&hellip;]<\/p>\n","protected":false},"author":7,"featured_media":0,"parent":0,"menu_order":0,"comment_status":"closed","ping_status":"closed","template":"","meta":{"site-sidebar-layout":"default","site-content-layout":"","ast-site-content-layout":"default","site-content-style":"default","site-sidebar-style":"default","ast-global-header-display":"","ast-banner-title-visibility":"","ast-main-header-display":"","ast-hfb-above-header-display":"","ast-hfb-below-header-display":"","ast-hfb-mobile-header-display":"","site-post-title":"","ast-breadcrumbs-content":"","ast-featured-img":"","footer-sml-layout":"","ast-disable-related-posts":"","theme-transparent-header-meta":"","adv-header-id-meta":"","stick-header-meta":"","header-above-stick-meta":"","header-main-stick-meta":"","header-below-stick-meta":"","astra-migrate-meta-layouts":"default","ast-page-background-enabled":"default","ast-page-background-meta":{"desktop":{"background-color":"var(--ast-global-color-4)","background-image":"","background-repeat":"repeat","background-position":"center center","background-size":"auto","background-attachment":"scroll","background-type":"","background-media":"","overlay-type":"","overlay-color":"","overlay-opacity":"","overlay-gradient":""},"tablet":{"background-color":"","background-image":"","background-repeat":"repeat","background-position":"center center","background-size":"auto","background-attachment":"scroll","background-type":"","background-media":"","overlay-type":"","overlay-color":"","overlay-opacity":"","overlay-gradient":""},"mobile":{"background-color":"","background-image":"","background-repeat":"repeat","background-position":"center center","background-size":"auto","background-attachment":"scroll","background-type":"","background-media":"","overlay-type":"","overlay-color":"","overlay-opacity":"","overlay-gradient":""}},"ast-content-background-meta":{"desktop":{"background-color":"var(--ast-global-color-5)","background-image":"","background-repeat":"repeat","background-position":"center center","background-size":"auto","background-attachment":"scroll","background-type":"","background-media":"","overlay-type":"","overlay-color":"","overlay-opacity":"","overlay-gradient":""},"tablet":{"background-color":"var(--ast-global-color-5)","background-image":"","background-repeat":"repeat","background-position":"center center","background-size":"auto","background-attachment":"scroll","background-type":"","background-media":"","overlay-type":"","overlay-color":"","overlay-opacity":"","overlay-gradient":""},"mobile":{"background-color":"var(--ast-global-color-5)","background-image":"","background-repeat":"repeat","background-position":"center center","background-size":"auto","background-attachment":"scroll","background-type":"","background-media":"","overlay-type":"","overlay-color":"","overlay-opacity":"","overlay-gradient":""}},"footnotes":""},"class_list":["post-5083","page","type-page","status-publish","hentry"],"_links":{"self":[{"href":"https:\/\/site.ac-martinique.fr\/anglaislp\/index.php?rest_route=\/wp\/v2\/pages\/5083","targetHints":{"allow":["GET"]}}],"collection":[{"href":"https:\/\/site.ac-martinique.fr\/anglaislp\/index.php?rest_route=\/wp\/v2\/pages"}],"about":[{"href":"https:\/\/site.ac-martinique.fr\/anglaislp\/index.php?rest_route=\/wp\/v2\/types\/page"}],"author":[{"embeddable":true,"href":"https:\/\/site.ac-martinique.fr\/anglaislp\/index.php?rest_route=\/wp\/v2\/users\/7"}],"replies":[{"embeddable":true,"href":"https:\/\/site.ac-martinique.fr\/anglaislp\/index.php?rest_route=%2Fwp%2Fv2%2Fcomments&post=5083"}],"version-history":[{"count":11,"href":"https:\/\/site.ac-martinique.fr\/anglaislp\/index.php?rest_route=\/wp\/v2\/pages\/5083\/revisions"}],"predecessor-version":[{"id":5991,"href":"https:\/\/site.ac-martinique.fr\/anglaislp\/index.php?rest_route=\/wp\/v2\/pages\/5083\/revisions\/5991"}],"wp:attachment":[{"href":"https:\/\/site.ac-martinique.fr\/anglaislp\/index.php?rest_route=%2Fwp%2Fv2%2Fmedia&parent=5083"}],"curies":[{"name":"wp","href":"https:\/\/api.w.org\/{rel}","templated":true}]}}