{"id":5930,"date":"2023-02-05T14:53:01","date_gmt":"2023-02-05T18:53:01","guid":{"rendered":"https:\/\/site.ac-martinique.fr\/anglaislp\/?page_id=5930"},"modified":"2023-02-05T15:02:44","modified_gmt":"2023-02-05T19:02:44","slug":"ccf","status":"publish","type":"page","link":"https:\/\/site.ac-martinique.fr\/anglaislp\/?page_id=5930","title":{"rendered":"CCF"},"content":{"rendered":"\n<p>CAP <\/p>\n\n\n<p><strong><span style=\"color: #000000;\">R\u00e9capitulatif du CAP <br><\/span><\/strong><\/p>\n<p><span style=\"color: #000000;\"><a href=\"http:\/\/ww2.ac-poitiers.fr\/anglais_lp\/spip.php?article511\">Les \u00e9preuves de LV au CAP 2021 &#8211; Acad\u00e9mie de Poitiers<\/a><\/span><\/p>\n\n\n<p><strong>Le CAP <\/strong><\/p>\n\n\n<ul>\n<li><a href=\"https:\/\/www.education.gouv.fr\/bo\/19\/Hebdo35\/MENE1921757A.htm\">Bulletin officiel n\u00b0 35 du 26 septembre 2019<\/a><\/li>\n<\/ul>\n\n\n<p><a href=\"file:\/\/\/C:\/Users\/domin\/Downloads\/ensel757_annexeVI_1178367.pdf\">Modalit\u00e9s<\/a> de l&rsquo;\u00e9preuve facultative <\/p>\n\n\n\n<p><a href=\"file:\/\/\/C:\/Users\/domin\/Downloads\/ensel757_annexeV_1178365.pdf\">Modalit\u00e9s<\/a> de l&rsquo;\u00e9preuve obligatoire <\/p>\n\n\n\n<p>BAC PRO <\/p>\n\n\n\n<p><strong>Le <a href=\"https:\/\/www.education.gouv.fr\/bo\/20\/Hebdo30\/MENE2015195A.htm\">BO#30 publi\u00e9 le 23 juillet 2020<\/a> pr\u00e9cise les unit\u00e9s g\u00e9n\u00e9rales du baccalaur\u00e9at professionnel et d\u00e9finit les modalit\u00e9s d\u2019\u00e9valuation des \u00e9preuves ou sous-\u00e9preuves d\u2019enseignement g\u00e9n\u00e9ral \u00e0 compter de la session 2022.<\/strong><\/p>\n\n\n\n<p><a href=\"http:\/\/anglais-lp.ac-creteil.fr\/IMG\/pdf\/annexe_v.pdf\">L\u2019annexe V pr\u00e9cise les modalit\u00e9s d\u2019\u00e9valuations des \u00e9preuves pour l\u2019\u00e9preuve obligatoire.<\/a><\/p>\n\n\n\n<p><a href=\"http:\/\/anglais-lp.ac-creteil.fr\/IMG\/pdf\/annexe_xi_bac_lv_2022.pdf\">L\u2019annexe XI pr\u00e9cise les modalit\u00e9s des \u00e9preuves pour l\u2019\u00e9preuve facultative.<\/a><\/p>\n\n\n\n<p><a href=\"https:\/\/www.education.gouv.fr\/bo\/21\/Hebdo28\/MENE2119707N.htm\">Bac Pro: supports d\u2019\u00e9valuation et de notation des \u00e9preuves de Langues<\/a> BO 28 du 15 juillet 2021<\/p>\n\n\n\n<p>Les grilles d&rsquo;\u00e9valuation des \u00e9preuves sont disponibles sur le BO 47 du 16 d\u00e9cembre 2021. <\/p>\n\n\n\n<p><a href=\"https:\/\/site.ac-martinique.fr\/anglaislp\/wp-content\/uploads\/sites\/5\/2023\/01\/CCF-LV-LVA-A-1.docx\" data-type=\"attachment\" data-id=\"5877\">Evaluation CCF Langues LVA situation A <\/a><\/p>\n\n\n\n<p><a href=\"https:\/\/site.ac-martinique.fr\/anglaislp\/wp-content\/uploads\/sites\/5\/2023\/01\/CCF-LV-LVA-B-1.docx\" data-type=\"attachment\" data-id=\"5879\">Evaluation CCF Langues LVA situation B<\/a><\/p>\n\n\n\n<p><a href=\"https:\/\/site.ac-martinique.fr\/anglaislp\/wp-content\/uploads\/sites\/5\/2023\/01\/CCF-LV-LVB-A-1.docx\" data-type=\"attachment\" data-id=\"5880\">Evaluation CCF Langues LVB situation A<\/a><\/p>\n\n\n\n<p><a href=\"https:\/\/site.ac-martinique.fr\/anglaislp\/wp-content\/uploads\/sites\/5\/2023\/01\/CCF-LV-LVB-B-1.docx\" data-type=\"attachment\" data-id=\"5881\">Evaluation CCF Langues LVB situation B<\/a><\/p>\n\n\n\n<p><a href=\"https:\/\/site.ac-martinique.fr\/anglaislp\/wp-content\/uploads\/sites\/5\/2023\/01\/CCF-LV-facultative-2.docx\" data-type=\"attachment\" data-id=\"5878\">Evaluation CCF LVE \u00e9preuve facultative<\/a><\/p>\n","protected":false},"excerpt":{"rendered":"<p>CAP R\u00e9capitulatif du CAP Les \u00e9preuves de LV au CAP 2021 &#8211; Acad\u00e9mie de Poitiers Le CAP Bulletin officiel n\u00b0 35 du 26 septembre 2019 Modalit\u00e9s de l&rsquo;\u00e9preuve facultative Modalit\u00e9s de l&rsquo;\u00e9preuve obligatoire BAC PRO Le BO#30 publi\u00e9 le 23 juillet 2020 pr\u00e9cise les unit\u00e9s g\u00e9n\u00e9rales du baccalaur\u00e9at professionnel et d\u00e9finit les modalit\u00e9s d\u2019\u00e9valuation des [&hellip;]<\/p>\n","protected":false},"author":7,"featured_media":0,"parent":0,"menu_order":0,"comment_status":"closed","ping_status":"closed","template":"","meta":{"site-sidebar-layout":"default","site-content-layout":"","ast-site-content-layout":"default","site-content-style":"default","site-sidebar-style":"default","ast-global-header-display":"","ast-banner-title-visibility":"","ast-main-header-display":"","ast-hfb-above-header-display":"","ast-hfb-below-header-display":"","ast-hfb-mobile-header-display":"","site-post-title":"","ast-breadcrumbs-content":"","ast-featured-img":"","footer-sml-layout":"","ast-disable-related-posts":"","theme-transparent-header-meta":"","adv-header-id-meta":"","stick-header-meta":"","header-above-stick-meta":"","header-main-stick-meta":"","header-below-stick-meta":"","astra-migrate-meta-layouts":"default","ast-page-background-enabled":"default","ast-page-background-meta":{"desktop":{"background-color":"var(--ast-global-color-4)","background-image":"","background-repeat":"repeat","background-position":"center center","background-size":"auto","background-attachment":"scroll","background-type":"","background-media":"","overlay-type":"","overlay-color":"","overlay-opacity":"","overlay-gradient":""},"tablet":{"background-color":"","background-image":"","background-repeat":"repeat","background-position":"center center","background-size":"auto","background-attachment":"scroll","background-type":"","background-media":"","overlay-type":"","overlay-color":"","overlay-opacity":"","overlay-gradient":""},"mobile":{"background-color":"","background-image":"","background-repeat":"repeat","background-position":"center center","background-size":"auto","background-attachment":"scroll","background-type":"","background-media":"","overlay-type":"","overlay-color":"","overlay-opacity":"","overlay-gradient":""}},"ast-content-background-meta":{"desktop":{"background-color":"var(--ast-global-color-5)","background-image":"","background-repeat":"repeat","background-position":"center center","background-size":"auto","background-attachment":"scroll","background-type":"","background-media":"","overlay-type":"","overlay-color":"","overlay-opacity":"","overlay-gradient":""},"tablet":{"background-color":"var(--ast-global-color-5)","background-image":"","background-repeat":"repeat","background-position":"center center","background-size":"auto","background-attachment":"scroll","background-type":"","background-media":"","overlay-type":"","overlay-color":"","overlay-opacity":"","overlay-gradient":""},"mobile":{"background-color":"var(--ast-global-color-5)","background-image":"","background-repeat":"repeat","background-position":"center center","background-size":"auto","background-attachment":"scroll","background-type":"","background-media":"","overlay-type":"","overlay-color":"","overlay-opacity":"","overlay-gradient":""}},"footnotes":""},"class_list":["post-5930","page","type-page","status-publish","hentry"],"_links":{"self":[{"href":"https:\/\/site.ac-martinique.fr\/anglaislp\/index.php?rest_route=\/wp\/v2\/pages\/5930","targetHints":{"allow":["GET"]}}],"collection":[{"href":"https:\/\/site.ac-martinique.fr\/anglaislp\/index.php?rest_route=\/wp\/v2\/pages"}],"about":[{"href":"https:\/\/site.ac-martinique.fr\/anglaislp\/index.php?rest_route=\/wp\/v2\/types\/page"}],"author":[{"embeddable":true,"href":"https:\/\/site.ac-martinique.fr\/anglaislp\/index.php?rest_route=\/wp\/v2\/users\/7"}],"replies":[{"embeddable":true,"href":"https:\/\/site.ac-martinique.fr\/anglaislp\/index.php?rest_route=%2Fwp%2Fv2%2Fcomments&post=5930"}],"version-history":[{"count":5,"href":"https:\/\/site.ac-martinique.fr\/anglaislp\/index.php?rest_route=\/wp\/v2\/pages\/5930\/revisions"}],"predecessor-version":[{"id":5940,"href":"https:\/\/site.ac-martinique.fr\/anglaislp\/index.php?rest_route=\/wp\/v2\/pages\/5930\/revisions\/5940"}],"wp:attachment":[{"href":"https:\/\/site.ac-martinique.fr\/anglaislp\/index.php?rest_route=%2Fwp%2Fv2%2Fmedia&parent=5930"}],"curies":[{"name":"wp","href":"https:\/\/api.w.org\/{rel}","templated":true}]}}