{"id":5992,"date":"2023-05-19T08:40:57","date_gmt":"2023-05-19T12:40:57","guid":{"rendered":"https:\/\/site.ac-martinique.fr\/anglaislp\/?page_id=5992"},"modified":"2023-05-19T08:40:58","modified_gmt":"2023-05-19T12:40:58","slug":"evaluation-et-positionnement-en-langues-vivantes","status":"publish","type":"page","link":"https:\/\/site.ac-martinique.fr\/anglaislp\/?page_id=5992","title":{"rendered":"Evaluation et positionnement en Langues Vivantes"},"content":{"rendered":"\n<p>L\u2019am\u00e9lioration du niveau g\u00e9n\u00e9ral des \u00e9l\u00e8ves en langue s\u2019inscrit sur l\u2019ensemble du parcours scolaire de l\u2019\u00e9l\u00e8ve. L\u2019apprentissage des langues, ambitieux, coh\u00e9rent et progressif s\u2019appuie sur trois leviers : positionnement, entra\u00eenement et \u00e9valuation. Les ressources propos\u00e9es sur cette page (du cycle 2 au cycle 4) permettent de mieux situer les apprentissages en lien avec les descripteurs du CECRL.<\/p>\n\n\n\n<p>L&rsquo;article <a href=\"https:\/\/eduscol.education.fr\/166\/positionnement-et-evaluation-en-langues-vivantes-etrangeres\">d&rsquo;Eduscol<\/a> comporte les parties suivantes :<\/p>\n\n\n\n<p>L&rsquo;\u00e9valuation standardis\u00e9e<\/p>\n\n\n\n<p>L&rsquo;\u00e9valuation sc\u00e9naris\u00e9e<\/p>\n\n\n\n<p>Les outils de positionnement <\/p>\n\n\n\n<p>Les outils d&rsquo;entrainement<\/p>\n\n\n\n<p>Tout ne concerne pas le LP mais les outils propos\u00e9s peuvent permettre de concevoir des outils adapt\u00e9s au LP. <\/p>\n","protected":false},"excerpt":{"rendered":"<p>L\u2019am\u00e9lioration du niveau g\u00e9n\u00e9ral des \u00e9l\u00e8ves en langue s\u2019inscrit sur l\u2019ensemble du parcours scolaire de l\u2019\u00e9l\u00e8ve. L\u2019apprentissage des langues, ambitieux, coh\u00e9rent et progressif s\u2019appuie sur trois leviers : positionnement, entra\u00eenement et \u00e9valuation. Les ressources propos\u00e9es sur cette page (du cycle 2 au cycle 4) permettent de mieux situer les apprentissages en lien avec les descripteurs [&hellip;]<\/p>\n","protected":false},"author":7,"featured_media":0,"parent":0,"menu_order":0,"comment_status":"closed","ping_status":"closed","template":"","meta":{"site-sidebar-layout":"default","site-content-layout":"","ast-site-content-layout":"default","site-content-style":"default","site-sidebar-style":"default","ast-global-header-display":"","ast-banner-title-visibility":"","ast-main-header-display":"","ast-hfb-above-header-display":"","ast-hfb-below-header-display":"","ast-hfb-mobile-header-display":"","site-post-title":"","ast-breadcrumbs-content":"","ast-featured-img":"","footer-sml-layout":"","ast-disable-related-posts":"","theme-transparent-header-meta":"","adv-header-id-meta":"","stick-header-meta":"","header-above-stick-meta":"","header-main-stick-meta":"","header-below-stick-meta":"","astra-migrate-meta-layouts":"default","ast-page-background-enabled":"default","ast-page-background-meta":{"desktop":{"background-color":"var(--ast-global-color-4)","background-image":"","background-repeat":"repeat","background-position":"center center","background-size":"auto","background-attachment":"scroll","background-type":"","background-media":"","overlay-type":"","overlay-color":"","overlay-opacity":"","overlay-gradient":""},"tablet":{"background-color":"","background-image":"","background-repeat":"repeat","background-position":"center center","background-size":"auto","background-attachment":"scroll","background-type":"","background-media":"","overlay-type":"","overlay-color":"","overlay-opacity":"","overlay-gradient":""},"mobile":{"background-color":"","background-image":"","background-repeat":"repeat","background-position":"center center","background-size":"auto","background-attachment":"scroll","background-type":"","background-media":"","overlay-type":"","overlay-color":"","overlay-opacity":"","overlay-gradient":""}},"ast-content-background-meta":{"desktop":{"background-color":"var(--ast-global-color-5)","background-image":"","background-repeat":"repeat","background-position":"center center","background-size":"auto","background-attachment":"scroll","background-type":"","background-media":"","overlay-type":"","overlay-color":"","overlay-opacity":"","overlay-gradient":""},"tablet":{"background-color":"var(--ast-global-color-5)","background-image":"","background-repeat":"repeat","background-position":"center center","background-size":"auto","background-attachment":"scroll","background-type":"","background-media":"","overlay-type":"","overlay-color":"","overlay-opacity":"","overlay-gradient":""},"mobile":{"background-color":"var(--ast-global-color-5)","background-image":"","background-repeat":"repeat","background-position":"center center","background-size":"auto","background-attachment":"scroll","background-type":"","background-media":"","overlay-type":"","overlay-color":"","overlay-opacity":"","overlay-gradient":""}},"footnotes":""},"class_list":["post-5992","page","type-page","status-publish","hentry"],"_links":{"self":[{"href":"https:\/\/site.ac-martinique.fr\/anglaislp\/index.php?rest_route=\/wp\/v2\/pages\/5992","targetHints":{"allow":["GET"]}}],"collection":[{"href":"https:\/\/site.ac-martinique.fr\/anglaislp\/index.php?rest_route=\/wp\/v2\/pages"}],"about":[{"href":"https:\/\/site.ac-martinique.fr\/anglaislp\/index.php?rest_route=\/wp\/v2\/types\/page"}],"author":[{"embeddable":true,"href":"https:\/\/site.ac-martinique.fr\/anglaislp\/index.php?rest_route=\/wp\/v2\/users\/7"}],"replies":[{"embeddable":true,"href":"https:\/\/site.ac-martinique.fr\/anglaislp\/index.php?rest_route=%2Fwp%2Fv2%2Fcomments&post=5992"}],"version-history":[{"count":1,"href":"https:\/\/site.ac-martinique.fr\/anglaislp\/index.php?rest_route=\/wp\/v2\/pages\/5992\/revisions"}],"predecessor-version":[{"id":5994,"href":"https:\/\/site.ac-martinique.fr\/anglaislp\/index.php?rest_route=\/wp\/v2\/pages\/5992\/revisions\/5994"}],"wp:attachment":[{"href":"https:\/\/site.ac-martinique.fr\/anglaislp\/index.php?rest_route=%2Fwp%2Fv2%2Fmedia&parent=5992"}],"curies":[{"name":"wp","href":"https:\/\/api.w.org\/{rel}","templated":true}]}}