{"id":121,"date":"2016-02-10T17:52:26","date_gmt":"2016-02-10T16:52:26","guid":{"rendered":"\/arts-plastiques\/?page_id=121"},"modified":"2019-05-20T07:13:14","modified_gmt":"2019-05-20T06:13:14","slug":"appareil-photo-numerique","status":"publish","type":"page","link":"https:\/\/site.ac-martinique.fr\/arts-plastiques\/?page_id=121","title":{"rendered":"Appareil photo num\u00e9rique"},"content":{"rendered":"<p>&nbsp;<\/p>\n<p><strong>ALLUMEZ, ILS DEVIENNENT DES MONSTRES<\/strong><\/p>\n<p>Placer des mat\u00e9riaux sur une table, en face d&rsquo;un mur. Eteignez la lumi\u00e8re de la salle de cours. A l&rsquo;aide d&rsquo;une lampe de poche, \u00e9clairer vos mat\u00e9riaux et observer leur ombre au mur. Manipuler les pour que leur ombre r\u00e9v\u00e8le la forme d&rsquo;un monstre. Puis photographier l&rsquo;ombre. Possibilit\u00e9 d&rsquo;utiliser le vid\u00e9o projecteur<\/p>\n<p>Voir la fiche de cours en cliquant sur :\u00a0<a href=\"\/arts-plastiques\/wp-content\/uploads\/sites\/4\/2016\/02\/Monstres.pdf\">Monstres<\/a><\/p>\n<p>Professeur : Clarisse Jourdan<\/p>\n<p><strong>MA CHAISE FAIT PEAU NEUVE<\/strong><\/p>\n<p>Consigne\u00a0: transformer r\u00e9inventer un objet du quotidien<br \/>\nEtape 1\u00a0: appropriation\/ d\u00e9tournement de la chaise de classe r\u00e9alisation \u00e9ph\u00e9m\u00e8re en volume<br \/>\nEtape 2\u00a0: prise de vue, retouches, mise en page num\u00e9rique sur photo filtre<\/p>\n<p>Notions\/ Concepts\u00a0: design organique, zoomorphe, anthropomorphe, hybride, h\u00e9t\u00e9rog\u00e8ne. Fonction symbolique, po\u00e9tique, d\u00e9corative d\u2019un objet. Statut et fonction de l\u2019objet.<br \/>\nPrise de vue photographique, photomontage recadrage, d\u00e9tourage, collage num\u00e9rique.<\/p>\n<p>Questions\u00a0: Comment l\u2019imaginaire, la fantaisie, le fantastique peuvent-il s\u2019infiltrer dans notre quotidien\u00a0?\u00a0 Quelle est la symbolique des objets, leur fonction, leur statut\u00a0?<\/p>\n<p>R\u00e9f\u00e9rences artistiques\u00a0:\u00a0 Pablo Reinoso, Francois Xavier Lalanne, Maximo Riera\u2026<\/p>\n<p><a href=\"\/arts-plastiques\/wp-content\/uploads\/sites\/4\/2016\/02\/chaise-bouche.jpg\"><img loading=\"lazy\" decoding=\"async\" class=\"alignnone size-medium wp-image-527\" src=\"\/arts-plastiques\/wp-content\/uploads\/sites\/4\/2016\/02\/chaise-bouche-212x300.jpg\" alt=\"\" width=\"212\" height=\"300\" srcset=\"https:\/\/site.ac-martinique.fr\/arts-plastiques\/wp-content\/uploads\/sites\/4\/2016\/02\/chaise-bouche-212x300.jpg 212w, https:\/\/site.ac-martinique.fr\/arts-plastiques\/wp-content\/uploads\/sites\/4\/2016\/02\/chaise-bouche-768x1087.jpg 768w, https:\/\/site.ac-martinique.fr\/arts-plastiques\/wp-content\/uploads\/sites\/4\/2016\/02\/chaise-bouche-724x1024.jpg 724w, https:\/\/site.ac-martinique.fr\/arts-plastiques\/wp-content\/uploads\/sites\/4\/2016\/02\/chaise-bouche.jpg 1150w\" sizes=\"auto, (max-width: 212px) 100vw, 212px\" \/><\/a><\/p>\n<p>Professeur : Isabelle Cr\u00e9tinoir, coll\u00e8ge Eda-Pierre<\/p>\n<p>&nbsp;<\/p>\n<p>Cycle 4<\/p>\n<p><strong>La pr\u00e9sence mat\u00e9rielle de l\u2019\u0153uvre dans l\u2019espace<\/strong><\/p>\n<p>Projet : Installation In situ\u00a0: \u00ab\u00a0marcher dans la couleur\u00a0\u00bb (au coll\u00e8ge)<\/p>\n<p>Consigne\u00a0: Choisir et photographier un lieu, un espace du coll\u00e8ge de votre choix.<br \/>\nImaginez puis dessiner sur votre prise de vue une \u0153uvre color\u00e9e et interactive<br \/>\nContraintes\u00a0:<br \/>\nPlanche projet, int\u00e9grer sa prise de vue sur la planche.<\/p>\n<p>Notions\/ Concepts\u00a0:<br \/>\nInstallation, in situ, fonction et relation au lieu, rapport d\u2019\u00e9chelle , in situ, dispositif de pr\u00e9sentation, dimension \u00e9ph\u00e9m\u00e8re, espace public\u00a0; l\u2019architecture, int\u00e9gration \u2026<br \/>\nQuestion\u00a0:<br \/>\nComment une \u0153uvre peut-elle prendre possession d\u2019un lieu\u00a0?<\/p>\n<p>R\u00e9f\u00e9rences artistiques\u00a0:<br \/>\nNils Udo, Andy Goldsworthy,<br \/>\nFelice Varini, George Rousse<br \/>\nExposition \u00ab\u00a0Marcher dans la couleur\u00a0\u00bb<\/p>\n<p><a href=\"\/arts-plastiques\/wp-content\/uploads\/sites\/4\/2016\/02\/Chess.jpg\"><img loading=\"lazy\" decoding=\"async\" class=\"alignnone size-medium wp-image-532\" src=\"\/arts-plastiques\/wp-content\/uploads\/sites\/4\/2016\/02\/Chess-300x195.jpg\" alt=\"\" width=\"300\" height=\"195\" srcset=\"https:\/\/site.ac-martinique.fr\/arts-plastiques\/wp-content\/uploads\/sites\/4\/2016\/02\/Chess-300x195.jpg 300w, https:\/\/site.ac-martinique.fr\/arts-plastiques\/wp-content\/uploads\/sites\/4\/2016\/02\/Chess-768x500.jpg 768w, https:\/\/site.ac-martinique.fr\/arts-plastiques\/wp-content\/uploads\/sites\/4\/2016\/02\/Chess-1024x667.jpg 1024w, https:\/\/site.ac-martinique.fr\/arts-plastiques\/wp-content\/uploads\/sites\/4\/2016\/02\/Chess-461x300.jpg 461w, https:\/\/site.ac-martinique.fr\/arts-plastiques\/wp-content\/uploads\/sites\/4\/2016\/02\/Chess.jpg 1152w\" sizes=\"auto, (max-width: 300px) 100vw, 300px\" \/><\/a><\/p>\n<p>Professeur : Isabelle Cr\u00e9tinoir, coll\u00e8ge Eda-Pierre<\/p>\n<p>&nbsp;<\/p>\n","protected":false},"excerpt":{"rendered":"<p>&nbsp; ALLUMEZ, ILS DEVIENNENT DES MONSTRES Placer des mat\u00e9riaux sur une table, en face d&rsquo;un mur. Eteignez la lumi\u00e8re de la salle de cours. A l&rsquo;aide d&rsquo;une lampe de poche, \u00e9clairer vos mat\u00e9riaux et observer leur ombre au mur. Manipuler &hellip; <a href=\"https:\/\/site.ac-martinique.fr\/arts-plastiques\/?page_id=121\">Continuer la lecture <span class=\"meta-nav\">&rarr;<\/span><\/a><\/p>\n","protected":false},"author":6,"featured_media":0,"parent":22,"menu_order":0,"comment_status":"closed","ping_status":"closed","template":"","meta":{"footnotes":""},"class_list":["post-121","page","type-page","status-publish","hentry"],"_links":{"self":[{"href":"https:\/\/site.ac-martinique.fr\/arts-plastiques\/index.php?rest_route=\/wp\/v2\/pages\/121","targetHints":{"allow":["GET"]}}],"collection":[{"href":"https:\/\/site.ac-martinique.fr\/arts-plastiques\/index.php?rest_route=\/wp\/v2\/pages"}],"about":[{"href":"https:\/\/site.ac-martinique.fr\/arts-plastiques\/index.php?rest_route=\/wp\/v2\/types\/page"}],"author":[{"embeddable":true,"href":"https:\/\/site.ac-martinique.fr\/arts-plastiques\/index.php?rest_route=\/wp\/v2\/users\/6"}],"replies":[{"embeddable":true,"href":"https:\/\/site.ac-martinique.fr\/arts-plastiques\/index.php?rest_route=%2Fwp%2Fv2%2Fcomments&post=121"}],"version-history":[{"count":6,"href":"https:\/\/site.ac-martinique.fr\/arts-plastiques\/index.php?rest_route=\/wp\/v2\/pages\/121\/revisions"}],"predecessor-version":[{"id":612,"href":"https:\/\/site.ac-martinique.fr\/arts-plastiques\/index.php?rest_route=\/wp\/v2\/pages\/121\/revisions\/612"}],"up":[{"embeddable":true,"href":"https:\/\/site.ac-martinique.fr\/arts-plastiques\/index.php?rest_route=\/wp\/v2\/pages\/22"}],"wp:attachment":[{"href":"https:\/\/site.ac-martinique.fr\/arts-plastiques\/index.php?rest_route=%2Fwp%2Fv2%2Fmedia&parent=121"}],"curies":[{"name":"wp","href":"https:\/\/api.w.org\/{rel}","templated":true}]}}