{"id":129,"date":"2016-02-10T17:53:31","date_gmt":"2016-02-10T16:53:31","guid":{"rendered":"\/arts-plastiques\/?page_id=129"},"modified":"2019-05-20T06:50:56","modified_gmt":"2019-05-20T05:50:56","slug":"camera","status":"publish","type":"page","link":"https:\/\/site.ac-martinique.fr\/arts-plastiques\/?page_id=129","title":{"rendered":"Cam\u00e9ra"},"content":{"rendered":"<p><strong>REPETITIF<\/strong><\/p>\n<div class=\"page\" title=\"Page 1\">\n<div class=\"section\">\n<div class=\"layoutArea\">\n<div class=\"column\">\n<p>Relations au programme : Repr\u00e9sentation, r\u00e9alit\u00e9, fiction ( dispositif s\u00e9quentiel )<br \/>\n&gt;Produire, utiliser et analyser des images pour comprendre les raisons plastiques des effets visuels et s\u00e9mantiques produits en exer\u00e7ant un regard critique<\/p>\n<p>Incitation :<\/p>\n<p>Pierrick Sorin<br \/>\nR\u00e9veils 1988<br \/>\n10&prime;, Betacam SP, PAL, couleur, son<br \/>\nCollection Centre Georges Pompidou, Paris (France)<\/p>\n<p>Consigne : En vous inspirant de cette video de Pierrick Sorin, mettez en sc\u00e8ne des moments absurdes parce qu\u2019in\u00e9vitablement r\u00e9p\u00e9titifs et routiniers dans une video d\u2019une min max<\/p>\n<p>Support : vid\u00e9o<br \/>\nRendu : Cl\u00e9 usb, mail, bluetooth<\/p>\n<p>Notions\/ Concepts : r\u00e9p\u00e9tition, rythme, acc\u00e9l\u00e9ration, ralentissement, \u00e9llipse temporelle, accumulation, montage, juxtaposition, assemblage, mise en sc\u00e8ne, cadrage, angle de prise de vue&#8230; Autoportrait.<\/p>\n<p>Questions : Pourquoi utiliser la r\u00e9p\u00e9tition dans une oeuvre d\u2019art? Pour dire quoi?<br \/>\nComment faire de sa vie une oeuvre d\u2019art ?<\/p>\n<\/div>\n<\/div>\n<p><img decoding=\"async\" src=\"blob:http:\/\/site.ac-martinique.fr\/944591da-d3fd-43b1-8109-921c132dd5dc\" alt=\"page1image11032\" width=\"175.552520\" height=\"124.840000\" \/><img decoding=\"async\" src=\"blob:http:\/\/site.ac-martinique.fr\/2bd34f64-b937-4221-ac09-accdaeb0bc4c\" alt=\"page1image11680\" width=\"175.552520\" height=\"125.000000\" \/><\/p>\n<div class=\"layoutArea\">\n<div class=\"column\">\n<p>R\u00e9f\u00e9rences artistiques : Pierrick Sorin, Roman Opalka,Charlie Chaplin les temps modernes 1936, Jaques Tatiplaytime 1967, Richard Serra hand catching lead 1971, Maurits Cornelis Escher dessins<\/p>\n<p>Professeur : Isabelle Cretinoir<\/p>\n<\/div>\n<\/div>\n<\/div>\n<\/div>\n<p><strong>PEAC EN IMAGES\u00a0<\/strong><\/p>\n<p>Objectifs du projet<\/p>\n<p>-Apprendre \u00e0 cr\u00e9er une production audiovisuelle sur leur parcours artistique et culturel,<br \/>\n-Apprendre \u00e0 collecter, trier, s\u00e9lectionner des informations visuelles, afin d&rsquo;en faire une narration filmique.<br \/>\n-am\u00e9liorer sa ma\u00eetrise des outils num\u00e9riques<\/p>\n<p>Constats \u00e0 l\u2019origine<br \/>\ndu projet<\/p>\n<p>Une absence de structure \u00e9ducative sur la pratique de la vid\u00e9o au coll\u00e8ge.<\/p>\n<p>Ce projet entre dans le cadre du parcours d&rsquo;\u00e9ducation artistique et culturel. Ce travail pourra \u00eatre pr\u00e9sent\u00e9 \u00e0 l&rsquo;\u00e9preuve orale, selon le choix de l&rsquo;\u00e9l\u00e8ve, pour l&rsquo;obtention de dipl\u00f4me national du brevet.<\/p>\n<p>Public<br \/>\nLes classes de 3\u00e8me<\/p>\n<p>Enseignant associ\u00e9s<br \/>\nProfesseur de musique<\/p>\n<p>Intervenants ext\u00e9rieurs<br \/>\nR\u00e9alisatrice, monteuse<\/p>\n<p>DESCRIPTIF<\/p>\n<p>Dans le cadre du parcours d&rsquo;\u00e9ducation artistique et culturel (P.E.A.C.), l&rsquo;\u00e9l\u00e8ve sera amen\u00e9 \u00e0 mettre en image les points forts de son parcours.<br \/>\n1 heure d&rsquo;atelier\u00a0 en compl\u00e9mentarit\u00e9 avec les enseignements dispens\u00e9s dans les diff\u00e9rentes heures de cours sera mise en place.<br \/>\nNiveaux\u00a0: 3\u00e8me<\/p>\n<p>L&rsquo;\u00e9l\u00e8ve de 3\u00e8me devra travailler individuellement en sollicitant les membres de la communaut\u00e9 scolaire (professeurs, secr\u00e9tariat, vie scolaire, CDI, etc&#8230;) selon les activit\u00e9s et les projets artistiques et culturels men\u00e9s au coll\u00e8ge.<br \/>\nDans un premier temps, il devra participer \u00e0 cet atelier pour se familiariser avec le logiciel de montage, Movie Maker, puis dans un deuxi\u00e8me temps \u00e9laborer son projet audiovisuel au fur et \u00e0 mesure des images enregistr\u00e9es (photo, vid\u00e9os).<\/p>\n<p>La production sera r\u00e9alis\u00e9e a partir de photos et de vid\u00e9os qui seront comment\u00e9s selon le point de vue de l&rsquo;\u00e9l\u00e8ve. Il\u00a0 pourra mettre en images selon ses choix\u00a0:<br \/>\n-un artiste peintre,<br \/>\n-un musicien, chanteur<br \/>\n-une activit\u00e9 artistique et culturelle,<br \/>\n-une pratique artistique,<br \/>\n-une sortie p\u00e9dagogique,<br \/>\n-Un atelier (B\u00e8l\u00e8, etc&#8230;)<\/p>\n<p>Dur\u00e9e de la production\u00a0: 3 minutes minimum.<\/p>\n","protected":false},"excerpt":{"rendered":"<p>REPETITIF Relations au programme : Repr\u00e9sentation, r\u00e9alit\u00e9, fiction ( dispositif s\u00e9quentiel ) &gt;Produire, utiliser et analyser des images pour comprendre les raisons plastiques des effets visuels et s\u00e9mantiques produits en exer\u00e7ant un regard critique Incitation : Pierrick Sorin R\u00e9veils 1988 &hellip; <a href=\"https:\/\/site.ac-martinique.fr\/arts-plastiques\/?page_id=129\">Continuer la lecture <span class=\"meta-nav\">&rarr;<\/span><\/a><\/p>\n","protected":false},"author":6,"featured_media":0,"parent":22,"menu_order":0,"comment_status":"closed","ping_status":"closed","template":"","meta":{"footnotes":""},"class_list":["post-129","page","type-page","status-publish","hentry"],"_links":{"self":[{"href":"https:\/\/site.ac-martinique.fr\/arts-plastiques\/index.php?rest_route=\/wp\/v2\/pages\/129","targetHints":{"allow":["GET"]}}],"collection":[{"href":"https:\/\/site.ac-martinique.fr\/arts-plastiques\/index.php?rest_route=\/wp\/v2\/pages"}],"about":[{"href":"https:\/\/site.ac-martinique.fr\/arts-plastiques\/index.php?rest_route=\/wp\/v2\/types\/page"}],"author":[{"embeddable":true,"href":"https:\/\/site.ac-martinique.fr\/arts-plastiques\/index.php?rest_route=\/wp\/v2\/users\/6"}],"replies":[{"embeddable":true,"href":"https:\/\/site.ac-martinique.fr\/arts-plastiques\/index.php?rest_route=%2Fwp%2Fv2%2Fcomments&post=129"}],"version-history":[{"count":4,"href":"https:\/\/site.ac-martinique.fr\/arts-plastiques\/index.php?rest_route=\/wp\/v2\/pages\/129\/revisions"}],"predecessor-version":[{"id":610,"href":"https:\/\/site.ac-martinique.fr\/arts-plastiques\/index.php?rest_route=\/wp\/v2\/pages\/129\/revisions\/610"}],"up":[{"embeddable":true,"href":"https:\/\/site.ac-martinique.fr\/arts-plastiques\/index.php?rest_route=\/wp\/v2\/pages\/22"}],"wp:attachment":[{"href":"https:\/\/site.ac-martinique.fr\/arts-plastiques\/index.php?rest_route=%2Fwp%2Fv2%2Fmedia&parent=129"}],"curies":[{"name":"wp","href":"https:\/\/api.w.org\/{rel}","templated":true}]}}