{"id":131,"date":"2016-02-10T17:53:50","date_gmt":"2016-02-10T16:53:50","guid":{"rendered":"\/arts-plastiques\/?page_id=131"},"modified":"2018-06-04T00:30:38","modified_gmt":"2018-06-03T23:30:38","slug":"ordinateur-portable","status":"publish","type":"page","link":"https:\/\/site.ac-martinique.fr\/arts-plastiques\/?page_id=131","title":{"rendered":"Ordinateur portable"},"content":{"rendered":"<p>Cycle 4<\/p>\n<p>Repr\u00e9sentation, r\u00e9alit\u00e9, fiction.<\/p>\n<p>Projet<br \/>\n\u00ab\u00a0Vous ne me croirez pas si je vous disais que j\u2019avais vu une cr\u00e9ature hybride\u2026 sauf si je vous montre un photo\u00a0\u00bb<br \/>\nphotomontage<br \/>\nlogiciel\u00a0: photo filtre<\/p>\n<p>Notions\/ Concepts<br \/>\nEchelle, cadrage, montage, d\u00e9tourage, mise en sc\u00e8ne, vraisemblance\/invraisemblance, fiction.<\/p>\n<p>Questions\u00a0:<br \/>\n-Qu\u2019entraine le changement d\u2019\u00e9chelle dans une image\u00a0?<br \/>\n-Comment renforcer l\u2019aspect imaginaire et irr\u00e9el d\u2019une repr\u00e9sentation\u00a0?<br \/>\n-Comment peut-on g\u00e9n\u00e9rer de la narration dans une image d\u00e9tourn\u00e9e\u00a0?<br \/>\n-La transformation d\u2019une image peut-elle produire une nouvelle perception de l\u2019espace\u00a0?<br \/>\nR\u00e9f\u00e9rences artistiques\u00a0:<br \/>\nJ.Fontcuberta, W.Wegman, T.Grunfeld,<\/p>\n<p><a href=\"\/arts-plastiques\/wp-content\/uploads\/sites\/4\/2016\/02\/hybride1.jpg\"><img loading=\"lazy\" decoding=\"async\" class=\"alignnone size-medium wp-image-535\" src=\"\/arts-plastiques\/wp-content\/uploads\/sites\/4\/2016\/02\/hybride1-300x169.jpg\" alt=\"\" width=\"300\" height=\"169\" srcset=\"https:\/\/site.ac-martinique.fr\/arts-plastiques\/wp-content\/uploads\/sites\/4\/2016\/02\/hybride1-300x169.jpg 300w, https:\/\/site.ac-martinique.fr\/arts-plastiques\/wp-content\/uploads\/sites\/4\/2016\/02\/hybride1-768x432.jpg 768w, https:\/\/site.ac-martinique.fr\/arts-plastiques\/wp-content\/uploads\/sites\/4\/2016\/02\/hybride1-1024x576.jpg 1024w, https:\/\/site.ac-martinique.fr\/arts-plastiques\/wp-content\/uploads\/sites\/4\/2016\/02\/hybride1-500x281.jpg 500w, https:\/\/site.ac-martinique.fr\/arts-plastiques\/wp-content\/uploads\/sites\/4\/2016\/02\/hybride1.jpg 1150w\" sizes=\"auto, (max-width: 300px) 100vw, 300px\" \/><\/a><a href=\"\/arts-plastiques\/wp-content\/uploads\/sites\/4\/2016\/02\/hybride2.jpg\"><img loading=\"lazy\" decoding=\"async\" class=\"alignnone size-medium wp-image-536\" src=\"\/arts-plastiques\/wp-content\/uploads\/sites\/4\/2016\/02\/hybride2-300x169.jpg\" alt=\"\" width=\"300\" height=\"169\" srcset=\"https:\/\/site.ac-martinique.fr\/arts-plastiques\/wp-content\/uploads\/sites\/4\/2016\/02\/hybride2-300x169.jpg 300w, https:\/\/site.ac-martinique.fr\/arts-plastiques\/wp-content\/uploads\/sites\/4\/2016\/02\/hybride2-768x432.jpg 768w, https:\/\/site.ac-martinique.fr\/arts-plastiques\/wp-content\/uploads\/sites\/4\/2016\/02\/hybride2-1024x576.jpg 1024w, https:\/\/site.ac-martinique.fr\/arts-plastiques\/wp-content\/uploads\/sites\/4\/2016\/02\/hybride2-500x281.jpg 500w, https:\/\/site.ac-martinique.fr\/arts-plastiques\/wp-content\/uploads\/sites\/4\/2016\/02\/hybride2.jpg 1150w\" sizes=\"auto, (max-width: 300px) 100vw, 300px\" \/><\/a><\/p>\n<p>Professeur : Isabelle Cr\u00e9tinoir, coll\u00e8ge Eda-Pierre<\/p>\n","protected":false},"excerpt":{"rendered":"<p>Cycle 4 Repr\u00e9sentation, r\u00e9alit\u00e9, fiction. Projet \u00ab\u00a0Vous ne me croirez pas si je vous disais que j\u2019avais vu une cr\u00e9ature hybride\u2026 sauf si je vous montre un photo\u00a0\u00bb photomontage logiciel\u00a0: photo filtre Notions\/ Concepts Echelle, cadrage, montage, d\u00e9tourage, mise en &hellip; <a href=\"https:\/\/site.ac-martinique.fr\/arts-plastiques\/?page_id=131\">Continuer la lecture <span class=\"meta-nav\">&rarr;<\/span><\/a><\/p>\n","protected":false},"author":6,"featured_media":0,"parent":22,"menu_order":0,"comment_status":"closed","ping_status":"closed","template":"","meta":{"footnotes":""},"class_list":["post-131","page","type-page","status-publish","hentry"],"_links":{"self":[{"href":"https:\/\/site.ac-martinique.fr\/arts-plastiques\/index.php?rest_route=\/wp\/v2\/pages\/131","targetHints":{"allow":["GET"]}}],"collection":[{"href":"https:\/\/site.ac-martinique.fr\/arts-plastiques\/index.php?rest_route=\/wp\/v2\/pages"}],"about":[{"href":"https:\/\/site.ac-martinique.fr\/arts-plastiques\/index.php?rest_route=\/wp\/v2\/types\/page"}],"author":[{"embeddable":true,"href":"https:\/\/site.ac-martinique.fr\/arts-plastiques\/index.php?rest_route=\/wp\/v2\/users\/6"}],"replies":[{"embeddable":true,"href":"https:\/\/site.ac-martinique.fr\/arts-plastiques\/index.php?rest_route=%2Fwp%2Fv2%2Fcomments&post=131"}],"version-history":[{"count":3,"href":"https:\/\/site.ac-martinique.fr\/arts-plastiques\/index.php?rest_route=\/wp\/v2\/pages\/131\/revisions"}],"predecessor-version":[{"id":537,"href":"https:\/\/site.ac-martinique.fr\/arts-plastiques\/index.php?rest_route=\/wp\/v2\/pages\/131\/revisions\/537"}],"up":[{"embeddable":true,"href":"https:\/\/site.ac-martinique.fr\/arts-plastiques\/index.php?rest_route=\/wp\/v2\/pages\/22"}],"wp:attachment":[{"href":"https:\/\/site.ac-martinique.fr\/arts-plastiques\/index.php?rest_route=%2Fwp%2Fv2%2Fmedia&parent=131"}],"curies":[{"name":"wp","href":"https:\/\/api.w.org\/{rel}","templated":true}]}}