{"id":137,"date":"2016-02-10T17:54:39","date_gmt":"2016-02-10T16:54:39","guid":{"rendered":"\/arts-plastiques\/?page_id=137"},"modified":"2019-05-20T06:36:06","modified_gmt":"2019-05-20T05:36:06","slug":"smartphone","status":"publish","type":"page","link":"https:\/\/site.ac-martinique.fr\/arts-plastiques\/?page_id=137","title":{"rendered":"Smartphone"},"content":{"rendered":"<p>&nbsp;<\/p>\n<p><strong>LUMIERES<\/strong><\/p>\n<p>Les \u00e9l\u00e8ves de 6\u00e8me \u00e9taient invit\u00e9s \u00e0 r\u00e9aliser une production dans laquelle la lumi\u00e8re aurait le premier r\u00f4le.<\/p>\n<p>R\u00e9alisez un assemblage dans lequel plusieurs types de lumi\u00e8res sont visibles.<\/p>\n<p>Utilisez le maximum d\u2019\u00e9l\u00e9ments (objets, appareils, techniques, etc.) et choisissez avec soin la mani\u00e8re<span class=\"Apple-converted-space\">\u00a0 <\/span>(lieu, \u00e9clairage) de pr\u00e9senter votre travail final.<\/p>\n<p><b><i>R\u00e9f\u00e9rences : <\/i><\/b><i>Sean Avery \/ David Gumbs \/ Victor Anicet (\u00e9glise de Saint-Pierre, vitraux) \/\u00a0<\/i><i>Flavien Th\u00e9ry \/ Dan Flavin \/ Lucio Fontana \/<span class=\"Apple-converted-space\">\u00a0<\/span><\/i><i>James Turrel \/ Julio Le Parc \/ Victor Vasarely \/\u00a0<\/i><i>Gyula Kosice<span class=\"Apple-converted-space\">\u00a0<\/span><\/i><\/p>\n<p><a href=\"\/arts-plastiques\/wp-content\/uploads\/sites\/4\/2016\/02\/IMG_20190506_094759.jpg\"><img loading=\"lazy\" decoding=\"async\" class=\"alignnone size-medium wp-image-603\" src=\"\/arts-plastiques\/wp-content\/uploads\/sites\/4\/2016\/02\/IMG_20190506_094759-300x225.jpg\" alt=\"\" width=\"300\" height=\"225\" srcset=\"https:\/\/site.ac-martinique.fr\/arts-plastiques\/wp-content\/uploads\/sites\/4\/2016\/02\/IMG_20190506_094759-300x225.jpg 300w, https:\/\/site.ac-martinique.fr\/arts-plastiques\/wp-content\/uploads\/sites\/4\/2016\/02\/IMG_20190506_094759-768x576.jpg 768w, https:\/\/site.ac-martinique.fr\/arts-plastiques\/wp-content\/uploads\/sites\/4\/2016\/02\/IMG_20190506_094759-1024x768.jpg 1024w, https:\/\/site.ac-martinique.fr\/arts-plastiques\/wp-content\/uploads\/sites\/4\/2016\/02\/IMG_20190506_094759-400x300.jpg 400w\" sizes=\"auto, (max-width: 300px) 100vw, 300px\" \/><\/a> <a href=\"\/arts-plastiques\/wp-content\/uploads\/sites\/4\/2016\/02\/IMG_20190506_094803.jpg\"><img loading=\"lazy\" decoding=\"async\" class=\"alignnone size-medium wp-image-604\" src=\"\/arts-plastiques\/wp-content\/uploads\/sites\/4\/2016\/02\/IMG_20190506_094803-300x225.jpg\" alt=\"\" width=\"300\" height=\"225\" srcset=\"https:\/\/site.ac-martinique.fr\/arts-plastiques\/wp-content\/uploads\/sites\/4\/2016\/02\/IMG_20190506_094803-300x225.jpg 300w, https:\/\/site.ac-martinique.fr\/arts-plastiques\/wp-content\/uploads\/sites\/4\/2016\/02\/IMG_20190506_094803-768x576.jpg 768w, https:\/\/site.ac-martinique.fr\/arts-plastiques\/wp-content\/uploads\/sites\/4\/2016\/02\/IMG_20190506_094803-1024x768.jpg 1024w, https:\/\/site.ac-martinique.fr\/arts-plastiques\/wp-content\/uploads\/sites\/4\/2016\/02\/IMG_20190506_094803-400x300.jpg 400w\" sizes=\"auto, (max-width: 300px) 100vw, 300px\" \/><\/a> <a href=\"\/arts-plastiques\/wp-content\/uploads\/sites\/4\/2016\/02\/IMG_20190506_095908_HHT.jpg\"><img loading=\"lazy\" decoding=\"async\" class=\"alignnone size-medium wp-image-605\" src=\"\/arts-plastiques\/wp-content\/uploads\/sites\/4\/2016\/02\/IMG_20190506_095908_HHT-300x225.jpg\" alt=\"\" width=\"300\" height=\"225\" srcset=\"https:\/\/site.ac-martinique.fr\/arts-plastiques\/wp-content\/uploads\/sites\/4\/2016\/02\/IMG_20190506_095908_HHT-300x225.jpg 300w, https:\/\/site.ac-martinique.fr\/arts-plastiques\/wp-content\/uploads\/sites\/4\/2016\/02\/IMG_20190506_095908_HHT-768x576.jpg 768w, https:\/\/site.ac-martinique.fr\/arts-plastiques\/wp-content\/uploads\/sites\/4\/2016\/02\/IMG_20190506_095908_HHT-1024x768.jpg 1024w, https:\/\/site.ac-martinique.fr\/arts-plastiques\/wp-content\/uploads\/sites\/4\/2016\/02\/IMG_20190506_095908_HHT-400x300.jpg 400w\" sizes=\"auto, (max-width: 300px) 100vw, 300px\" \/><\/a> <a href=\"\/arts-plastiques\/wp-content\/uploads\/sites\/4\/2016\/02\/IMG_20190506_100013.jpg\"><img loading=\"lazy\" decoding=\"async\" class=\"alignnone size-medium wp-image-606\" src=\"\/arts-plastiques\/wp-content\/uploads\/sites\/4\/2016\/02\/IMG_20190506_100013-300x225.jpg\" alt=\"\" width=\"300\" height=\"225\" srcset=\"https:\/\/site.ac-martinique.fr\/arts-plastiques\/wp-content\/uploads\/sites\/4\/2016\/02\/IMG_20190506_100013-300x225.jpg 300w, https:\/\/site.ac-martinique.fr\/arts-plastiques\/wp-content\/uploads\/sites\/4\/2016\/02\/IMG_20190506_100013-768x576.jpg 768w, https:\/\/site.ac-martinique.fr\/arts-plastiques\/wp-content\/uploads\/sites\/4\/2016\/02\/IMG_20190506_100013-1024x768.jpg 1024w, https:\/\/site.ac-martinique.fr\/arts-plastiques\/wp-content\/uploads\/sites\/4\/2016\/02\/IMG_20190506_100013-400x300.jpg 400w\" sizes=\"auto, (max-width: 300px) 100vw, 300px\" \/><\/a><\/p>\n<p>Professeur : Emonides Yvan , Coll\u00e8ge Place d&rsquo;Armes 2<\/p>\n<p><strong>SUPPORT HYBRIDE<\/strong><\/p>\n<p>Les classes de 5\u00e8me \u00e9taient invit\u00e9es \u00e0 cr\u00e9er leur propre support \u00e0 partir de trois mat\u00e9riaux impos\u00e9s : le calque + le plastique transparent ou translucide + un dispositif mobile (tablette ou smartphone). L&rsquo;objectif \u00e9tant de cr\u00e9er un support coh\u00e9rent pour concevoir\u00a0une production\u00a0plastique sur un th\u00e8me libre.<\/p>\n<p>R\u00e9f\u00e9rences : Olympe de Gouges de Nam June Paik<\/p>\n<p><a href=\"\/arts-plastiques\/wp-content\/uploads\/sites\/4\/2016\/02\/IMG_20190405_094442.jpg\"><img loading=\"lazy\" decoding=\"async\" class=\"alignnone size-medium wp-image-598\" src=\"\/arts-plastiques\/wp-content\/uploads\/sites\/4\/2016\/02\/IMG_20190405_094442-225x300.jpg\" alt=\"\" width=\"225\" height=\"300\" srcset=\"https:\/\/site.ac-martinique.fr\/arts-plastiques\/wp-content\/uploads\/sites\/4\/2016\/02\/IMG_20190405_094442-225x300.jpg 225w, https:\/\/site.ac-martinique.fr\/arts-plastiques\/wp-content\/uploads\/sites\/4\/2016\/02\/IMG_20190405_094442-768x1024.jpg 768w\" sizes=\"auto, (max-width: 225px) 100vw, 225px\" \/><\/a> <a href=\"\/arts-plastiques\/wp-content\/uploads\/sites\/4\/2016\/02\/IMG_20190405_095526.jpg\"><img loading=\"lazy\" decoding=\"async\" class=\"alignnone size-medium wp-image-599\" src=\"\/arts-plastiques\/wp-content\/uploads\/sites\/4\/2016\/02\/IMG_20190405_095526-300x225.jpg\" alt=\"\" width=\"300\" height=\"225\" srcset=\"https:\/\/site.ac-martinique.fr\/arts-plastiques\/wp-content\/uploads\/sites\/4\/2016\/02\/IMG_20190405_095526-300x225.jpg 300w, https:\/\/site.ac-martinique.fr\/arts-plastiques\/wp-content\/uploads\/sites\/4\/2016\/02\/IMG_20190405_095526-768x576.jpg 768w, https:\/\/site.ac-martinique.fr\/arts-plastiques\/wp-content\/uploads\/sites\/4\/2016\/02\/IMG_20190405_095526-1024x768.jpg 1024w, https:\/\/site.ac-martinique.fr\/arts-plastiques\/wp-content\/uploads\/sites\/4\/2016\/02\/IMG_20190405_095526-400x300.jpg 400w\" sizes=\"auto, (max-width: 300px) 100vw, 300px\" \/><\/a> <a href=\"\/arts-plastiques\/wp-content\/uploads\/sites\/4\/2016\/02\/IMG_20190405_100212.jpg\"><img loading=\"lazy\" decoding=\"async\" class=\"alignnone size-medium wp-image-600\" src=\"\/arts-plastiques\/wp-content\/uploads\/sites\/4\/2016\/02\/IMG_20190405_100212-300x225.jpg\" alt=\"\" width=\"300\" height=\"225\" srcset=\"https:\/\/site.ac-martinique.fr\/arts-plastiques\/wp-content\/uploads\/sites\/4\/2016\/02\/IMG_20190405_100212-300x225.jpg 300w, https:\/\/site.ac-martinique.fr\/arts-plastiques\/wp-content\/uploads\/sites\/4\/2016\/02\/IMG_20190405_100212-768x576.jpg 768w, https:\/\/site.ac-martinique.fr\/arts-plastiques\/wp-content\/uploads\/sites\/4\/2016\/02\/IMG_20190405_100212-1024x768.jpg 1024w, https:\/\/site.ac-martinique.fr\/arts-plastiques\/wp-content\/uploads\/sites\/4\/2016\/02\/IMG_20190405_100212-400x300.jpg 400w\" sizes=\"auto, (max-width: 300px) 100vw, 300px\" \/><\/a><\/p>\n<p>Professeur : Emonides Yvan , Coll\u00e8ge Place d&rsquo;Armes 2<\/p>\n<p><strong>POLYPTYQUE INTIME<\/strong><\/p>\n<p>Il s&rsquo;agissait pour des \u00e9l\u00e8ves de troisi\u00e8me de r\u00e9aliser un polyptyque avec la possibilit\u00e9 d&rsquo;int\u00e9grer comme panneau ou dans un panneau un dispositif mobile dans un but d&rsquo;hybridation et d&rsquo;apport dynamique (son, musique, vid\u00e9o, mouvement, lumi\u00e8re, etc.)<\/p>\n<p>Le th\u00e8me de l&rsquo;autoportrait am\u00e8ne de facto un engagement certain dans la r\u00e9alisation et les choix de contenu.<\/p>\n<p>R\u00e9f\u00e9rences : Mes Voeux, Anette Messager et Rogier Van Der Weyden, Le Jugement Dernier<\/p>\n<p><a href=\"\/arts-plastiques\/wp-content\/uploads\/sites\/4\/2016\/02\/IMG_20190329_144309.png\"><img loading=\"lazy\" decoding=\"async\" class=\"alignnone size-medium wp-image-594\" src=\"\/arts-plastiques\/wp-content\/uploads\/sites\/4\/2016\/02\/IMG_20190329_144309-300x225.png\" alt=\"\" width=\"300\" height=\"225\" srcset=\"https:\/\/site.ac-martinique.fr\/arts-plastiques\/wp-content\/uploads\/sites\/4\/2016\/02\/IMG_20190329_144309-300x225.png 300w, https:\/\/site.ac-martinique.fr\/arts-plastiques\/wp-content\/uploads\/sites\/4\/2016\/02\/IMG_20190329_144309-768x576.png 768w, https:\/\/site.ac-martinique.fr\/arts-plastiques\/wp-content\/uploads\/sites\/4\/2016\/02\/IMG_20190329_144309-1024x768.png 1024w, https:\/\/site.ac-martinique.fr\/arts-plastiques\/wp-content\/uploads\/sites\/4\/2016\/02\/IMG_20190329_144309-400x300.png 400w\" sizes=\"auto, (max-width: 300px) 100vw, 300px\" \/><\/a> <a href=\"\/arts-plastiques\/wp-content\/uploads\/sites\/4\/2016\/02\/IMG_20190329_144448.jpg\"><img loading=\"lazy\" decoding=\"async\" class=\"alignnone size-medium wp-image-595\" src=\"\/arts-plastiques\/wp-content\/uploads\/sites\/4\/2016\/02\/IMG_20190329_144448-300x225.jpg\" alt=\"\" width=\"300\" height=\"225\" srcset=\"https:\/\/site.ac-martinique.fr\/arts-plastiques\/wp-content\/uploads\/sites\/4\/2016\/02\/IMG_20190329_144448-300x225.jpg 300w, https:\/\/site.ac-martinique.fr\/arts-plastiques\/wp-content\/uploads\/sites\/4\/2016\/02\/IMG_20190329_144448-768x576.jpg 768w, https:\/\/site.ac-martinique.fr\/arts-plastiques\/wp-content\/uploads\/sites\/4\/2016\/02\/IMG_20190329_144448-1024x768.jpg 1024w, https:\/\/site.ac-martinique.fr\/arts-plastiques\/wp-content\/uploads\/sites\/4\/2016\/02\/IMG_20190329_144448-400x300.jpg 400w\" sizes=\"auto, (max-width: 300px) 100vw, 300px\" \/><\/a><a href=\"\/arts-plastiques\/wp-content\/uploads\/sites\/4\/2016\/02\/IMG_20190405_111749-1.jpg\"><img loading=\"lazy\" decoding=\"async\" class=\"alignnone size-medium wp-image-597\" src=\"\/arts-plastiques\/wp-content\/uploads\/sites\/4\/2016\/02\/IMG_20190405_111749-1-225x300.jpg\" alt=\"\" width=\"225\" height=\"300\" srcset=\"https:\/\/site.ac-martinique.fr\/arts-plastiques\/wp-content\/uploads\/sites\/4\/2016\/02\/IMG_20190405_111749-1-225x300.jpg 225w, https:\/\/site.ac-martinique.fr\/arts-plastiques\/wp-content\/uploads\/sites\/4\/2016\/02\/IMG_20190405_111749-1-768x1024.jpg 768w\" sizes=\"auto, (max-width: 225px) 100vw, 225px\" \/><\/a><\/p>\n<p>Professeur : Emonides Yvan , Coll\u00e8ge Place d&rsquo;Armes 2<\/p>\n<p><strong>LE TEMPS<\/strong><\/p>\n<p>Niveau : 4\u00e8me<\/p>\n<p>Rendez perceptible l&rsquo;\u00e9coulement du temps en fabriquant un assemblage<\/p>\n<p>Utilisez comme l&rsquo;un de vos mat\u00e9riaux un dispositif mobile (tablette ou smartphone)<\/p>\n<p>R\u00e9f\u00e9rences : Boltanski, les Archives du c\u0153ur et Fondu au blanc de Roman Opalka<\/p>\n<p><em>Les productions font appel \u00e0 la vid\u00e9o, au son et au montage num\u00e9rique (diaporama)<\/em><\/p>\n<p><a href=\"\/arts-plastiques\/wp-content\/uploads\/sites\/4\/2016\/02\/IMG_20190506_072432.jpg\"><img loading=\"lazy\" decoding=\"async\" class=\"alignnone size-medium wp-image-588\" src=\"\/arts-plastiques\/wp-content\/uploads\/sites\/4\/2016\/02\/IMG_20190506_072432-300x225.jpg\" alt=\"\" width=\"300\" height=\"225\" srcset=\"https:\/\/site.ac-martinique.fr\/arts-plastiques\/wp-content\/uploads\/sites\/4\/2016\/02\/IMG_20190506_072432-300x225.jpg 300w, https:\/\/site.ac-martinique.fr\/arts-plastiques\/wp-content\/uploads\/sites\/4\/2016\/02\/IMG_20190506_072432-768x576.jpg 768w, https:\/\/site.ac-martinique.fr\/arts-plastiques\/wp-content\/uploads\/sites\/4\/2016\/02\/IMG_20190506_072432-1024x768.jpg 1024w, https:\/\/site.ac-martinique.fr\/arts-plastiques\/wp-content\/uploads\/sites\/4\/2016\/02\/IMG_20190506_072432-400x300.jpg 400w\" sizes=\"auto, (max-width: 300px) 100vw, 300px\" \/><\/a> <a href=\"\/arts-plastiques\/wp-content\/uploads\/sites\/4\/2016\/02\/IMG_20190506_073949.jpg\"><img loading=\"lazy\" decoding=\"async\" class=\"alignnone size-medium wp-image-589\" src=\"\/arts-plastiques\/wp-content\/uploads\/sites\/4\/2016\/02\/IMG_20190506_073949-300x225.jpg\" alt=\"\" width=\"300\" height=\"225\" srcset=\"https:\/\/site.ac-martinique.fr\/arts-plastiques\/wp-content\/uploads\/sites\/4\/2016\/02\/IMG_20190506_073949-300x225.jpg 300w, https:\/\/site.ac-martinique.fr\/arts-plastiques\/wp-content\/uploads\/sites\/4\/2016\/02\/IMG_20190506_073949-768x576.jpg 768w, https:\/\/site.ac-martinique.fr\/arts-plastiques\/wp-content\/uploads\/sites\/4\/2016\/02\/IMG_20190506_073949-1024x768.jpg 1024w, https:\/\/site.ac-martinique.fr\/arts-plastiques\/wp-content\/uploads\/sites\/4\/2016\/02\/IMG_20190506_073949-400x300.jpg 400w\" sizes=\"auto, (max-width: 300px) 100vw, 300px\" \/><\/a> <a href=\"\/arts-plastiques\/wp-content\/uploads\/sites\/4\/2016\/02\/IMG_20190506_075604.jpg\"><img loading=\"lazy\" decoding=\"async\" class=\"alignnone size-medium wp-image-590\" src=\"\/arts-plastiques\/wp-content\/uploads\/sites\/4\/2016\/02\/IMG_20190506_075604-300x225.jpg\" alt=\"\" width=\"300\" height=\"225\" srcset=\"https:\/\/site.ac-martinique.fr\/arts-plastiques\/wp-content\/uploads\/sites\/4\/2016\/02\/IMG_20190506_075604-300x225.jpg 300w, https:\/\/site.ac-martinique.fr\/arts-plastiques\/wp-content\/uploads\/sites\/4\/2016\/02\/IMG_20190506_075604-768x576.jpg 768w, https:\/\/site.ac-martinique.fr\/arts-plastiques\/wp-content\/uploads\/sites\/4\/2016\/02\/IMG_20190506_075604-1024x768.jpg 1024w, https:\/\/site.ac-martinique.fr\/arts-plastiques\/wp-content\/uploads\/sites\/4\/2016\/02\/IMG_20190506_075604-400x300.jpg 400w\" sizes=\"auto, (max-width: 300px) 100vw, 300px\" \/><\/a> <a href=\"\/arts-plastiques\/wp-content\/uploads\/sites\/4\/2016\/02\/IMG_20190514_075717.jpg\"><img loading=\"lazy\" decoding=\"async\" class=\"alignnone size-medium wp-image-591\" src=\"\/arts-plastiques\/wp-content\/uploads\/sites\/4\/2016\/02\/IMG_20190514_075717-225x300.jpg\" alt=\"\" width=\"225\" height=\"300\" srcset=\"https:\/\/site.ac-martinique.fr\/arts-plastiques\/wp-content\/uploads\/sites\/4\/2016\/02\/IMG_20190514_075717-225x300.jpg 225w, https:\/\/site.ac-martinique.fr\/arts-plastiques\/wp-content\/uploads\/sites\/4\/2016\/02\/IMG_20190514_075717-768x1024.jpg 768w\" sizes=\"auto, (max-width: 225px) 100vw, 225px\" \/><\/a> <a href=\"\/arts-plastiques\/wp-content\/uploads\/sites\/4\/2016\/02\/IMG_20190514_075821.jpg\"><img loading=\"lazy\" decoding=\"async\" class=\"alignnone size-medium wp-image-592\" src=\"\/arts-plastiques\/wp-content\/uploads\/sites\/4\/2016\/02\/IMG_20190514_075821-300x225.jpg\" alt=\"\" width=\"300\" height=\"225\" srcset=\"https:\/\/site.ac-martinique.fr\/arts-plastiques\/wp-content\/uploads\/sites\/4\/2016\/02\/IMG_20190514_075821-300x225.jpg 300w, https:\/\/site.ac-martinique.fr\/arts-plastiques\/wp-content\/uploads\/sites\/4\/2016\/02\/IMG_20190514_075821-768x576.jpg 768w, https:\/\/site.ac-martinique.fr\/arts-plastiques\/wp-content\/uploads\/sites\/4\/2016\/02\/IMG_20190514_075821-1024x768.jpg 1024w, https:\/\/site.ac-martinique.fr\/arts-plastiques\/wp-content\/uploads\/sites\/4\/2016\/02\/IMG_20190514_075821-400x300.jpg 400w\" sizes=\"auto, (max-width: 300px) 100vw, 300px\" \/><\/a> <a href=\"\/arts-plastiques\/wp-content\/uploads\/sites\/4\/2016\/02\/IMG_20190514_075827.jpg\"><img loading=\"lazy\" decoding=\"async\" class=\"alignnone size-medium wp-image-593\" src=\"\/arts-plastiques\/wp-content\/uploads\/sites\/4\/2016\/02\/IMG_20190514_075827-300x225.jpg\" alt=\"\" width=\"300\" height=\"225\" srcset=\"https:\/\/site.ac-martinique.fr\/arts-plastiques\/wp-content\/uploads\/sites\/4\/2016\/02\/IMG_20190514_075827-300x225.jpg 300w, https:\/\/site.ac-martinique.fr\/arts-plastiques\/wp-content\/uploads\/sites\/4\/2016\/02\/IMG_20190514_075827-768x576.jpg 768w, https:\/\/site.ac-martinique.fr\/arts-plastiques\/wp-content\/uploads\/sites\/4\/2016\/02\/IMG_20190514_075827-1024x768.jpg 1024w, https:\/\/site.ac-martinique.fr\/arts-plastiques\/wp-content\/uploads\/sites\/4\/2016\/02\/IMG_20190514_075827-400x300.jpg 400w\" sizes=\"auto, (max-width: 300px) 100vw, 300px\" \/><\/a><a href=\"\/arts-plastiques\/wp-content\/uploads\/sites\/4\/2016\/02\/IMG_20190429_075736.jpg\"><img loading=\"lazy\" decoding=\"async\" class=\"alignnone size-medium wp-image-601\" src=\"\/arts-plastiques\/wp-content\/uploads\/sites\/4\/2016\/02\/IMG_20190429_075736-300x225.jpg\" alt=\"\" width=\"300\" height=\"225\" srcset=\"https:\/\/site.ac-martinique.fr\/arts-plastiques\/wp-content\/uploads\/sites\/4\/2016\/02\/IMG_20190429_075736-300x225.jpg 300w, https:\/\/site.ac-martinique.fr\/arts-plastiques\/wp-content\/uploads\/sites\/4\/2016\/02\/IMG_20190429_075736-768x576.jpg 768w, https:\/\/site.ac-martinique.fr\/arts-plastiques\/wp-content\/uploads\/sites\/4\/2016\/02\/IMG_20190429_075736-1024x768.jpg 1024w, https:\/\/site.ac-martinique.fr\/arts-plastiques\/wp-content\/uploads\/sites\/4\/2016\/02\/IMG_20190429_075736-400x300.jpg 400w\" sizes=\"auto, (max-width: 300px) 100vw, 300px\" \/><\/a><\/p>\n<p>Professeur : Emonides Yvan , Coll\u00e8ge Place d&rsquo;Armes 2<\/p>\n<p>&nbsp;<\/p>\n<p><strong>INCRUSTATION<\/strong><\/p>\n<p>Nous avons travaill\u00e9 sur la notion de Montage et Photo\/Montage num\u00e9rique.<br \/>\nLes \u00e9l\u00e8ves devaient incruster un \u00e9l\u00e9ment dessin\u00e9 dans une photographie num\u00e9rique et me l&rsquo;envoyer par Bluetooth.\u00a0 L&rsquo;objectif \u00e9tant de les faire s&rsquo;interroger sur la v\u00e9racit\u00e9 des images, la manipulation, l&rsquo;illusion.<\/p>\n<p><a href=\"\/arts-plastiques\/wp-content\/uploads\/sites\/4\/2016\/02\/basket-1.jpg\"><img loading=\"lazy\" decoding=\"async\" class=\"alignnone size-medium wp-image-541\" src=\"\/arts-plastiques\/wp-content\/uploads\/sites\/4\/2016\/02\/basket-1-232x300.jpg\" alt=\"\" width=\"232\" height=\"300\" srcset=\"https:\/\/site.ac-martinique.fr\/arts-plastiques\/wp-content\/uploads\/sites\/4\/2016\/02\/basket-1-232x300.jpg 232w, https:\/\/site.ac-martinique.fr\/arts-plastiques\/wp-content\/uploads\/sites\/4\/2016\/02\/basket-1.jpg 652w\" sizes=\"auto, (max-width: 232px) 100vw, 232px\" \/><\/a><\/p>\n<p><a href=\"\/arts-plastiques\/wp-content\/uploads\/sites\/4\/2016\/02\/basket.jpg\"><img loading=\"lazy\" decoding=\"async\" class=\"alignnone size-medium wp-image-540\" src=\"\/arts-plastiques\/wp-content\/uploads\/sites\/4\/2016\/02\/basket-170x300.jpg\" alt=\"\" width=\"170\" height=\"300\" srcset=\"https:\/\/site.ac-martinique.fr\/arts-plastiques\/wp-content\/uploads\/sites\/4\/2016\/02\/basket-170x300.jpg 170w, https:\/\/site.ac-martinique.fr\/arts-plastiques\/wp-content\/uploads\/sites\/4\/2016\/02\/basket.jpg 527w\" sizes=\"auto, (max-width: 170px) 100vw, 170px\" \/><\/a><\/p>\n<p><a href=\"\/arts-plastiques\/wp-content\/uploads\/sites\/4\/2016\/02\/cravate.jpg\"><img loading=\"lazy\" decoding=\"async\" class=\"alignnone size-medium wp-image-542\" src=\"\/arts-plastiques\/wp-content\/uploads\/sites\/4\/2016\/02\/cravate-227x300.jpg\" alt=\"\" width=\"227\" height=\"300\" srcset=\"https:\/\/site.ac-martinique.fr\/arts-plastiques\/wp-content\/uploads\/sites\/4\/2016\/02\/cravate-227x300.jpg 227w, https:\/\/site.ac-martinique.fr\/arts-plastiques\/wp-content\/uploads\/sites\/4\/2016\/02\/cravate.jpg 522w\" sizes=\"auto, (max-width: 227px) 100vw, 227px\" \/><\/a><\/p>\n<p>Professeur : Ralph Edmond, coll\u00e8ge Roger Castendet<\/p>\n","protected":false},"excerpt":{"rendered":"<p>&nbsp; LUMIERES Les \u00e9l\u00e8ves de 6\u00e8me \u00e9taient invit\u00e9s \u00e0 r\u00e9aliser une production dans laquelle la lumi\u00e8re aurait le premier r\u00f4le. R\u00e9alisez un assemblage dans lequel plusieurs types de lumi\u00e8res sont visibles. Utilisez le maximum d\u2019\u00e9l\u00e9ments (objets, appareils, techniques, etc.) et &hellip; <a href=\"https:\/\/site.ac-martinique.fr\/arts-plastiques\/?page_id=137\">Continuer la lecture <span class=\"meta-nav\">&rarr;<\/span><\/a><\/p>\n","protected":false},"author":6,"featured_media":0,"parent":22,"menu_order":0,"comment_status":"closed","ping_status":"closed","template":"","meta":{"footnotes":""},"class_list":["post-137","page","type-page","status-publish","hentry"],"_links":{"self":[{"href":"https:\/\/site.ac-martinique.fr\/arts-plastiques\/index.php?rest_route=\/wp\/v2\/pages\/137","targetHints":{"allow":["GET"]}}],"collection":[{"href":"https:\/\/site.ac-martinique.fr\/arts-plastiques\/index.php?rest_route=\/wp\/v2\/pages"}],"about":[{"href":"https:\/\/site.ac-martinique.fr\/arts-plastiques\/index.php?rest_route=\/wp\/v2\/types\/page"}],"author":[{"embeddable":true,"href":"https:\/\/site.ac-martinique.fr\/arts-plastiques\/index.php?rest_route=\/wp\/v2\/users\/6"}],"replies":[{"embeddable":true,"href":"https:\/\/site.ac-martinique.fr\/arts-plastiques\/index.php?rest_route=%2Fwp%2Fv2%2Fcomments&post=137"}],"version-history":[{"count":7,"href":"https:\/\/site.ac-martinique.fr\/arts-plastiques\/index.php?rest_route=\/wp\/v2\/pages\/137\/revisions"}],"predecessor-version":[{"id":609,"href":"https:\/\/site.ac-martinique.fr\/arts-plastiques\/index.php?rest_route=\/wp\/v2\/pages\/137\/revisions\/609"}],"up":[{"embeddable":true,"href":"https:\/\/site.ac-martinique.fr\/arts-plastiques\/index.php?rest_route=\/wp\/v2\/pages\/22"}],"wp:attachment":[{"href":"https:\/\/site.ac-martinique.fr\/arts-plastiques\/index.php?rest_route=%2Fwp%2Fv2%2Fmedia&parent=137"}],"curies":[{"name":"wp","href":"https:\/\/api.w.org\/{rel}","templated":true}]}}