{"id":169,"date":"2016-02-10T18:02:35","date_gmt":"2016-02-10T17:02:35","guid":{"rendered":"\/arts-plastiques\/?page_id=169"},"modified":"2021-03-19T15:28:30","modified_gmt":"2021-03-19T14:28:30","slug":"professeurs","status":"publish","type":"page","link":"https:\/\/site.ac-martinique.fr\/arts-plastiques\/?page_id=169","title":{"rendered":"PROFESSEURS"},"content":{"rendered":"<p>Dans ce menu vous aurez acc\u00e8s \u00e0 des informations publiques et priv\u00e9es (protog\u00e9es par mot de passe).<\/p>\n<p>Contactez l&rsquo;interlocuteur acad\u00e9mique disciplinaire (yemonides@ac-martinique.fr) pour y avoir acc\u00e8s.<\/p>\n","protected":false},"excerpt":{"rendered":"<p>Dans ce menu vous aurez acc\u00e8s \u00e0 des informations publiques et priv\u00e9es (protog\u00e9es par mot de passe). Contactez l&rsquo;interlocuteur acad\u00e9mique disciplinaire (yemonides@ac-martinique.fr) pour y avoir acc\u00e8s.<\/p>\n","protected":false},"author":6,"featured_media":0,"parent":0,"menu_order":1,"comment_status":"closed","ping_status":"closed","template":"","meta":{"footnotes":""},"class_list":["post-169","page","type-page","status-publish","hentry"],"_links":{"self":[{"href":"https:\/\/site.ac-martinique.fr\/arts-plastiques\/index.php?rest_route=\/wp\/v2\/pages\/169","targetHints":{"allow":["GET"]}}],"collection":[{"href":"https:\/\/site.ac-martinique.fr\/arts-plastiques\/index.php?rest_route=\/wp\/v2\/pages"}],"about":[{"href":"https:\/\/site.ac-martinique.fr\/arts-plastiques\/index.php?rest_route=\/wp\/v2\/types\/page"}],"author":[{"embeddable":true,"href":"https:\/\/site.ac-martinique.fr\/arts-plastiques\/index.php?rest_route=\/wp\/v2\/users\/6"}],"replies":[{"embeddable":true,"href":"https:\/\/site.ac-martinique.fr\/arts-plastiques\/index.php?rest_route=%2Fwp%2Fv2%2Fcomments&post=169"}],"version-history":[{"count":3,"href":"https:\/\/site.ac-martinique.fr\/arts-plastiques\/index.php?rest_route=\/wp\/v2\/pages\/169\/revisions"}],"predecessor-version":[{"id":273,"href":"https:\/\/site.ac-martinique.fr\/arts-plastiques\/index.php?rest_route=\/wp\/v2\/pages\/169\/revisions\/273"}],"wp:attachment":[{"href":"https:\/\/site.ac-martinique.fr\/arts-plastiques\/index.php?rest_route=%2Fwp%2Fv2%2Fmedia&parent=169"}],"curies":[{"name":"wp","href":"https:\/\/api.w.org\/{rel}","templated":true}]}}