{"id":171,"date":"2016-02-10T18:05:18","date_gmt":"2016-02-10T17:05:18","guid":{"rendered":"\/arts-plastiques\/?page_id=171"},"modified":"2017-03-29T15:17:13","modified_gmt":"2017-03-29T14:17:13","slug":"parents-eleves","status":"publish","type":"page","link":"https:\/\/site.ac-martinique.fr\/arts-plastiques\/?page_id=171","title":{"rendered":"PARENTS \/ \u00c9L\u00c8VES"},"content":{"rendered":"<p>Ce menu vous donnera acc\u00e8s \u00e0 l&rsquo;ensemble des informations sur l&rsquo;enseignement des arts plastiques dans l&rsquo;acad\u00e9mie de Martinique, que vous soyez \u00e9l\u00e8ve ou parent d&rsquo;\u00e9l\u00e8ve.<\/p>\n","protected":false},"excerpt":{"rendered":"<p>Ce menu vous donnera acc\u00e8s \u00e0 l&rsquo;ensemble des informations sur l&rsquo;enseignement des arts plastiques dans l&rsquo;acad\u00e9mie de Martinique, que vous soyez \u00e9l\u00e8ve ou parent d&rsquo;\u00e9l\u00e8ve.<\/p>\n","protected":false},"author":6,"featured_media":0,"parent":0,"menu_order":2,"comment_status":"closed","ping_status":"closed","template":"","meta":{"footnotes":""},"class_list":["post-171","page","type-page","status-publish","hentry"],"_links":{"self":[{"href":"https:\/\/site.ac-martinique.fr\/arts-plastiques\/index.php?rest_route=\/wp\/v2\/pages\/171","targetHints":{"allow":["GET"]}}],"collection":[{"href":"https:\/\/site.ac-martinique.fr\/arts-plastiques\/index.php?rest_route=\/wp\/v2\/pages"}],"about":[{"href":"https:\/\/site.ac-martinique.fr\/arts-plastiques\/index.php?rest_route=\/wp\/v2\/types\/page"}],"author":[{"embeddable":true,"href":"https:\/\/site.ac-martinique.fr\/arts-plastiques\/index.php?rest_route=\/wp\/v2\/users\/6"}],"replies":[{"embeddable":true,"href":"https:\/\/site.ac-martinique.fr\/arts-plastiques\/index.php?rest_route=%2Fwp%2Fv2%2Fcomments&post=171"}],"version-history":[{"count":3,"href":"https:\/\/site.ac-martinique.fr\/arts-plastiques\/index.php?rest_route=\/wp\/v2\/pages\/171\/revisions"}],"predecessor-version":[{"id":298,"href":"https:\/\/site.ac-martinique.fr\/arts-plastiques\/index.php?rest_route=\/wp\/v2\/pages\/171\/revisions\/298"}],"wp:attachment":[{"href":"https:\/\/site.ac-martinique.fr\/arts-plastiques\/index.php?rest_route=%2Fwp%2Fv2%2Fmedia&parent=171"}],"curies":[{"name":"wp","href":"https:\/\/api.w.org\/{rel}","templated":true}]}}