{"id":181,"date":"2016-02-10T18:15:13","date_gmt":"2016-02-10T17:15:13","guid":{"rendered":"\/arts-plastiques\/?page_id=181"},"modified":"2017-03-30T16:30:24","modified_gmt":"2017-03-30T15:30:24","slug":"hida","status":"publish","type":"page","link":"https:\/\/site.ac-martinique.fr\/arts-plastiques\/?page_id=181","title":{"rendered":"Histoire des Arts"},"content":{"rendered":"<p><a href=\"http:\/\/www.histoiredesarts.culture.fr\/hda_front\/index.php\">http:\/\/www.histoiredesarts.culture.fr\/hda_front\/index.php<\/a><\/p>\n<h2>Un site internet pour l&rsquo;histoire des arts au minist\u00e8re de la Culture et de la Communication<\/h2>\n<p>Histoiredesarts est con\u00e7u pour la communaut\u00e9 \u00e9ducative et pour les amateurs d&rsquo;art. Le site signale, pour tous les domaines artistiques et culturels, des documents en ligne pr\u00e9sentant une oeuvre ou un groupe d&rsquo;oeuvres.<\/p>\n<p>Ces ressources sont \u00e9labor\u00e9es par les services comp\u00e9tents des \u00e9tablissements culturels nationaux qui conservent, mettent en valeur, diffusent ces derni\u00e8res. Le site s&rsquo;organise en fonction du <a href=\"http:\/\/media.education.gouv.fr\/file\/32\/09\/0\/encart_33090.pdf\" target=\"_blank\">nouvel enseignement de l&rsquo;histoire des arts <\/a>: grands domaines artistiques, p\u00e9riodes historiques, th\u00e9matiques.<\/p>\n<h2>Histoiredesarts, c&rsquo;est :<\/h2>\n<p>Plus de 4000 ressources comment\u00e9es (tableaux, sculptures, films\u2026) en ligne, dont plus d\u2019un millier en r\u00e9gions<br \/>\nUne recherche multicrit\u00e8res (mot cl\u00e9s, p\u00e9riodes, domaines, th\u00e9matiques, villes, institutions, format informatique)<br \/>\nUne recherche par carte cliquable (r\u00e9gions et d\u00e9partements)<br \/>\nDes rep\u00e8res chronologiques par domaines artistiques (architecture, danse, musique\u2026)<\/p>\n<p><em>Ce texte est extrait du site <a href=\"http:\/\/www.histoiredesarts.culture.fr\/apropos\">http:\/\/www.histoiredesarts.culture.fr\/apropos<\/a><\/em><\/p>\n<p>&nbsp;<\/p>\n","protected":false},"excerpt":{"rendered":"<p>http:\/\/www.histoiredesarts.culture.fr\/hda_front\/index.php Un site internet pour l&rsquo;histoire des arts au minist\u00e8re de la Culture et de la Communication Histoiredesarts est con\u00e7u pour la communaut\u00e9 \u00e9ducative et pour les amateurs d&rsquo;art. Le site signale, pour tous les domaines artistiques et culturels, des &hellip; <a href=\"https:\/\/site.ac-martinique.fr\/arts-plastiques\/?page_id=181\">Continuer la lecture <span class=\"meta-nav\">&rarr;<\/span><\/a><\/p>\n","protected":false},"author":6,"featured_media":0,"parent":169,"menu_order":0,"comment_status":"closed","ping_status":"closed","template":"","meta":{"footnotes":""},"class_list":["post-181","page","type-page","status-publish","hentry"],"_links":{"self":[{"href":"https:\/\/site.ac-martinique.fr\/arts-plastiques\/index.php?rest_route=\/wp\/v2\/pages\/181","targetHints":{"allow":["GET"]}}],"collection":[{"href":"https:\/\/site.ac-martinique.fr\/arts-plastiques\/index.php?rest_route=\/wp\/v2\/pages"}],"about":[{"href":"https:\/\/site.ac-martinique.fr\/arts-plastiques\/index.php?rest_route=\/wp\/v2\/types\/page"}],"author":[{"embeddable":true,"href":"https:\/\/site.ac-martinique.fr\/arts-plastiques\/index.php?rest_route=\/wp\/v2\/users\/6"}],"replies":[{"embeddable":true,"href":"https:\/\/site.ac-martinique.fr\/arts-plastiques\/index.php?rest_route=%2Fwp%2Fv2%2Fcomments&post=181"}],"version-history":[{"count":4,"href":"https:\/\/site.ac-martinique.fr\/arts-plastiques\/index.php?rest_route=\/wp\/v2\/pages\/181\/revisions"}],"predecessor-version":[{"id":412,"href":"https:\/\/site.ac-martinique.fr\/arts-plastiques\/index.php?rest_route=\/wp\/v2\/pages\/181\/revisions\/412"}],"up":[{"embeddable":true,"href":"https:\/\/site.ac-martinique.fr\/arts-plastiques\/index.php?rest_route=\/wp\/v2\/pages\/169"}],"wp:attachment":[{"href":"https:\/\/site.ac-martinique.fr\/arts-plastiques\/index.php?rest_route=%2Fwp%2Fv2%2Fmedia&parent=181"}],"curies":[{"name":"wp","href":"https:\/\/api.w.org\/{rel}","templated":true}]}}