{"id":185,"date":"2016-02-10T18:15:45","date_gmt":"2016-02-10T17:15:45","guid":{"rendered":"\/arts-plastiques\/?page_id=185"},"modified":"2021-05-08T02:33:17","modified_gmt":"2021-05-08T01:33:17","slug":"edutheque","status":"publish","type":"page","link":"https:\/\/site.ac-martinique.fr\/arts-plastiques\/?page_id=185","title":{"rendered":"\u00c9duth\u00e8que"},"content":{"rendered":"\n<p><a href=\"http:\/\/www.edutheque.fr\/accueil.html\" target=\"_blank\" rel=\"noopener\">Acc\u00e9der \u00e0 la plateforme Eduth\u00e8que<\/a><\/p>\n\n\n\n<h2 class=\"wp-block-heading\">\u00c9duth\u00e8que : une offre du service public du num\u00e9rique \u00e9ducatif<\/h2>\n\n\n\n<figure class=\"wp-block-image size-large is-resized\"><a href=\"https:\/\/www.edutheque.fr\/accueil.html\" target=\"_blank\" rel=\"noopener\"><img loading=\"lazy\" decoding=\"async\" src=\"https:\/\/site.ac-martinique.fr\/arts-plastiques\/wp-content\/uploads\/sites\/4\/2021\/05\/Capture-de\u0301cran-2021-05-07-a\u0300-21.29.53-1024x961.png\" alt=\"\" class=\"wp-image-1000\" width=\"594\" height=\"564\" \/><\/a><\/figure>\n\n\n\n<p>Ce service s\u2019adresse \u00e0 tous les enseignants du premier et du second degr\u00e9 et leurs \u00e9l\u00e8ves. Il rassemble des ressources p\u00e9dagogiques structur\u00e9es avec de grands \u00e9tablissements publics \u00e0 caract\u00e8re culturel et scientifique.<\/p>\n\n\n\n<p>La cr\u00e9ation d\u2019un service public du num\u00e9rique \u00e9ducatif a \u00e9t\u00e9 pr\u00e9vue par <a href=\"http:\/\/www.education.gouv.fr\/cid72962\/publication-au-journal-officiel-de-la-loi-d-orientation-et-de-programmation-pour-la-refondation-de-l-ecole-de-la-republique.html\" target=\"_blank\" rel=\"noopener\">la loi d\u2019orientation et de programmation pour la refondation de l\u2019\u00e9cole de la R\u00e9publique du 8 juillet 2013<\/a>. Il a pour objectif le d\u00e9ploiement de services et de contenus num\u00e9riques de qualit\u00e9, au service de la communaut\u00e9 \u00e9ducative. Ce portail poursuit cet objectif,&nbsp;il donne une plus grande visibilit\u00e9 \u00e0 l\u2019offre de ressources con\u00e7ue avec ses partenaires et permet des usages p\u00e9dagogiques pluri ou transdisciplinaires.<\/p>\n\n\n\n<p>Gr\u00e2ce \u00e0 une authentification unique, les enseignants acc\u00e8dent \u00e0 une page d\u00e9di\u00e9e sur les sites des partenaires. Ils peuvent ainsi consulter les ressources en ligne, les t\u00e9l\u00e9charger pour partie et les exploiter dans un cadre p\u00e9dagogique selon les <a title=\"Conditions G\u00e9n\u00e9rales d'Utilisation du portail \u00c9duth\u00e8que\" href=\"http:\/\/www.edutheque.fr\/connaitre\/conditions-generales-dutilisation.html\" target=\"_blank\" rel=\"noopener\">Conditions G\u00e9n\u00e9rales d\u2019Utilisation (C.G.U.)<\/a> qui permettent de les utiliser &nbsp;dans leur int\u00e9gralit\u00e9, quelle que soit leur nature (texte, partition musicale, son, vid\u00e9o&#8230;).<\/p>\n\n\n\n<p>\u00c0 terme, le portail \u00c9duth\u00e8que sera accessible via les espaces num\u00e9riques de travail (ENT).<\/p>\n\n\n\n<p><a href=\"http:\/\/www.edutheque.fr\/connaitre\/presentation.html\" target=\"_blank\" rel=\"noopener\"><em>Ce texte est extrait du site officiel Eduth\u00e8que<\/em><\/a><\/p>\n","protected":false},"excerpt":{"rendered":"<p>Acc\u00e9der \u00e0 la plateforme Eduth\u00e8que \u00c9duth\u00e8que : une offre du service public du num\u00e9rique \u00e9ducatif Ce service s\u2019adresse \u00e0 tous les enseignants du premier et du second degr\u00e9 et leurs \u00e9l\u00e8ves. Il rassemble des ressources p\u00e9dagogiques structur\u00e9es avec de grands &hellip; <a href=\"https:\/\/site.ac-martinique.fr\/arts-plastiques\/?page_id=185\">Continuer la lecture <span class=\"meta-nav\">&rarr;<\/span><\/a><\/p>\n","protected":false},"author":6,"featured_media":0,"parent":169,"menu_order":0,"comment_status":"closed","ping_status":"closed","template":"","meta":{"footnotes":""},"class_list":["post-185","page","type-page","status-publish","hentry"],"_links":{"self":[{"href":"https:\/\/site.ac-martinique.fr\/arts-plastiques\/index.php?rest_route=\/wp\/v2\/pages\/185","targetHints":{"allow":["GET"]}}],"collection":[{"href":"https:\/\/site.ac-martinique.fr\/arts-plastiques\/index.php?rest_route=\/wp\/v2\/pages"}],"about":[{"href":"https:\/\/site.ac-martinique.fr\/arts-plastiques\/index.php?rest_route=\/wp\/v2\/types\/page"}],"author":[{"embeddable":true,"href":"https:\/\/site.ac-martinique.fr\/arts-plastiques\/index.php?rest_route=\/wp\/v2\/users\/6"}],"replies":[{"embeddable":true,"href":"https:\/\/site.ac-martinique.fr\/arts-plastiques\/index.php?rest_route=%2Fwp%2Fv2%2Fcomments&post=185"}],"version-history":[{"count":5,"href":"https:\/\/site.ac-martinique.fr\/arts-plastiques\/index.php?rest_route=\/wp\/v2\/pages\/185\/revisions"}],"predecessor-version":[{"id":1001,"href":"https:\/\/site.ac-martinique.fr\/arts-plastiques\/index.php?rest_route=\/wp\/v2\/pages\/185\/revisions\/1001"}],"up":[{"embeddable":true,"href":"https:\/\/site.ac-martinique.fr\/arts-plastiques\/index.php?rest_route=\/wp\/v2\/pages\/169"}],"wp:attachment":[{"href":"https:\/\/site.ac-martinique.fr\/arts-plastiques\/index.php?rest_route=%2Fwp%2Fv2%2Fmedia&parent=185"}],"curies":[{"name":"wp","href":"https:\/\/api.w.org\/{rel}","templated":true}]}}