{"id":187,"date":"2016-02-10T18:15:59","date_gmt":"2016-02-10T17:15:59","guid":{"rendered":"\/arts-plastiques\/?page_id=187"},"modified":"2017-03-30T16:31:18","modified_gmt":"2017-03-30T15:31:18","slug":"traam","status":"publish","type":"page","link":"https:\/\/site.ac-martinique.fr\/arts-plastiques\/?page_id=187","title":{"rendered":"Travaux Acad\u00e9miques Mutualis\u00e9s"},"content":{"rendered":"<p><a href=\"http:\/\/eduscol.education.fr\/arts-plastiques\/enseigner\/ressources-et-usages-numeriques\/developpement-des-pratiques-pedagogiques-en-academie\/travaux-academiques-mutualises-traam\/traam-2015-2016.html\">http:\/\/eduscol.education.fr\/arts-plastiques\/enseigner\/ressources-et-usages-numeriques\/developpement-des-pratiques-pedagogiques-en-academie\/travaux-academiques-mutualises-traam\/traam-2015-2016.html<\/a><\/p>\n<p>Pilot\u00e9s par la Direction du num\u00e9rique pour l&rsquo;\u00e9ducation (DNE) et en relation avec l&rsquo;inspection g\u00e9n\u00e9rale, les travaux acad\u00e9miques mutualis\u00e9s visent \u00e0 :<\/p>\n<ul>\n<li><strong>favoriser<\/strong> la prise en compte, dans le domaine de l&rsquo;enseignement des arts plastiques, de l&rsquo;objectif de g\u00e9n\u00e9ralisation du num\u00e9rique dans l&rsquo;\u00e9ducation ;<\/li>\n<li><strong>mettre en commun, faire conna\u00eetre et valoriser<\/strong> au niveau national les exp\u00e9riences acad\u00e9miques et les pratiques les plus novatrices ;<\/li>\n<li><strong>proposer<\/strong> des actions d&rsquo;innovation et d&rsquo;exp\u00e9rimentation de nouveaux outils pour apprendre \u00e0 partir de th\u00e8mes propos\u00e9s au niveau national.<\/li>\n<\/ul>\n<p>\u00c0 l&rsquo;issue d&rsquo;un appel \u00e0 propositions aupr\u00e8s des acad\u00e9mies, un groupe national compos\u00e9 des <strong>professeurs<\/strong> r\u00e9f\u00e9rents pour leur acad\u00e9mie et repr\u00e9sentant des \u00e9quipes p\u00e9dagogiques \u00ab Arts plastiques et num\u00e9rique\u00bb travaille sur les th\u00e8mes retenus au niveau de l&rsquo;acad\u00e9mie et pilot\u00e9s par l&rsquo;inspection acad\u00e9mique &#8211; inspection p\u00e9dagogique r\u00e9gionale.<\/p>\n<p><a href=\"http:\/\/eduscol.education.fr\/arts-plastiques\/enseigner\/ressources-et-usages-numeriques\/developpement-des-pratiques-pedagogiques-en-academie\/travaux-academiques-mutualises-traam\/traam-2015-2016.html\"><em>Ce texte est extrait du site eduscol.education.fr<\/em><\/a><\/p>\n","protected":false},"excerpt":{"rendered":"<p>http:\/\/eduscol.education.fr\/arts-plastiques\/enseigner\/ressources-et-usages-numeriques\/developpement-des-pratiques-pedagogiques-en-academie\/travaux-academiques-mutualises-traam\/traam-2015-2016.html Pilot\u00e9s par la Direction du num\u00e9rique pour l&rsquo;\u00e9ducation (DNE) et en relation avec l&rsquo;inspection g\u00e9n\u00e9rale, les travaux acad\u00e9miques mutualis\u00e9s visent \u00e0 : favoriser la prise en compte, dans le domaine de l&rsquo;enseignement des arts plastiques, de l&rsquo;objectif de g\u00e9n\u00e9ralisation &hellip; <a href=\"https:\/\/site.ac-martinique.fr\/arts-plastiques\/?page_id=187\">Continuer la lecture <span class=\"meta-nav\">&rarr;<\/span><\/a><\/p>\n","protected":false},"author":6,"featured_media":0,"parent":169,"menu_order":0,"comment_status":"closed","ping_status":"closed","template":"","meta":{"footnotes":""},"class_list":["post-187","page","type-page","status-publish","hentry"],"_links":{"self":[{"href":"https:\/\/site.ac-martinique.fr\/arts-plastiques\/index.php?rest_route=\/wp\/v2\/pages\/187","targetHints":{"allow":["GET"]}}],"collection":[{"href":"https:\/\/site.ac-martinique.fr\/arts-plastiques\/index.php?rest_route=\/wp\/v2\/pages"}],"about":[{"href":"https:\/\/site.ac-martinique.fr\/arts-plastiques\/index.php?rest_route=\/wp\/v2\/types\/page"}],"author":[{"embeddable":true,"href":"https:\/\/site.ac-martinique.fr\/arts-plastiques\/index.php?rest_route=\/wp\/v2\/users\/6"}],"replies":[{"embeddable":true,"href":"https:\/\/site.ac-martinique.fr\/arts-plastiques\/index.php?rest_route=%2Fwp%2Fv2%2Fcomments&post=187"}],"version-history":[{"count":4,"href":"https:\/\/site.ac-martinique.fr\/arts-plastiques\/index.php?rest_route=\/wp\/v2\/pages\/187\/revisions"}],"predecessor-version":[{"id":414,"href":"https:\/\/site.ac-martinique.fr\/arts-plastiques\/index.php?rest_route=\/wp\/v2\/pages\/187\/revisions\/414"}],"up":[{"embeddable":true,"href":"https:\/\/site.ac-martinique.fr\/arts-plastiques\/index.php?rest_route=\/wp\/v2\/pages\/169"}],"wp:attachment":[{"href":"https:\/\/site.ac-martinique.fr\/arts-plastiques\/index.php?rest_route=%2Fwp%2Fv2%2Fmedia&parent=187"}],"curies":[{"name":"wp","href":"https:\/\/api.w.org\/{rel}","templated":true}]}}