{"id":189,"date":"2016-02-10T18:16:18","date_gmt":"2016-02-10T17:16:18","guid":{"rendered":"\/arts-plastiques\/?page_id=189"},"modified":"2017-03-29T15:10:43","modified_gmt":"2017-03-29T14:10:43","slug":"textes-officiels","status":"publish","type":"page","link":"https:\/\/site.ac-martinique.fr\/arts-plastiques\/?page_id=189","title":{"rendered":"Textes officiels"},"content":{"rendered":"<p><a href=\"http:\/\/eduscol.education.fr\/arts-plastiques\/sinformer\/textes-officiels.html\">http:\/\/eduscol.education.fr\/arts-plastiques\/sinformer\/textes-officiels.html<\/a><\/p>\n<p>Vous trouverez sur cette page tous les textes officiels relatifs \u00e0 la discipline, r\u00e9guli\u00e8rement mis \u00e0 jour.<\/p>\n","protected":false},"excerpt":{"rendered":"<p>http:\/\/eduscol.education.fr\/arts-plastiques\/sinformer\/textes-officiels.html Vous trouverez sur cette page tous les textes officiels relatifs \u00e0 la discipline, r\u00e9guli\u00e8rement mis \u00e0 jour.<\/p>\n","protected":false},"author":6,"featured_media":0,"parent":169,"menu_order":0,"comment_status":"closed","ping_status":"closed","template":"","meta":{"footnotes":""},"class_list":["post-189","page","type-page","status-publish","hentry"],"_links":{"self":[{"href":"https:\/\/site.ac-martinique.fr\/arts-plastiques\/index.php?rest_route=\/wp\/v2\/pages\/189","targetHints":{"allow":["GET"]}}],"collection":[{"href":"https:\/\/site.ac-martinique.fr\/arts-plastiques\/index.php?rest_route=\/wp\/v2\/pages"}],"about":[{"href":"https:\/\/site.ac-martinique.fr\/arts-plastiques\/index.php?rest_route=\/wp\/v2\/types\/page"}],"author":[{"embeddable":true,"href":"https:\/\/site.ac-martinique.fr\/arts-plastiques\/index.php?rest_route=\/wp\/v2\/users\/6"}],"replies":[{"embeddable":true,"href":"https:\/\/site.ac-martinique.fr\/arts-plastiques\/index.php?rest_route=%2Fwp%2Fv2%2Fcomments&post=189"}],"version-history":[{"count":3,"href":"https:\/\/site.ac-martinique.fr\/arts-plastiques\/index.php?rest_route=\/wp\/v2\/pages\/189\/revisions"}],"predecessor-version":[{"id":294,"href":"https:\/\/site.ac-martinique.fr\/arts-plastiques\/index.php?rest_route=\/wp\/v2\/pages\/189\/revisions\/294"}],"up":[{"embeddable":true,"href":"https:\/\/site.ac-martinique.fr\/arts-plastiques\/index.php?rest_route=\/wp\/v2\/pages\/169"}],"wp:attachment":[{"href":"https:\/\/site.ac-martinique.fr\/arts-plastiques\/index.php?rest_route=%2Fwp%2Fv2%2Fmedia&parent=189"}],"curies":[{"name":"wp","href":"https:\/\/api.w.org\/{rel}","templated":true}]}}