{"id":197,"date":"2016-02-10T18:18:39","date_gmt":"2016-02-10T17:18:39","guid":{"rendered":"\/arts-plastiques\/?page_id=197"},"modified":"2017-03-29T17:22:30","modified_gmt":"2017-03-29T16:22:30","slug":"programmes","status":"publish","type":"page","link":"https:\/\/site.ac-martinique.fr\/arts-plastiques\/?page_id=197","title":{"rendered":"Programmes"},"content":{"rendered":"<p><a href=\"http:\/\/eduscol.education.fr\/arts-plastiques\/sinformer\/textes-officiels\/programmes\/ecole-college.html\">http:\/\/eduscol.education.fr\/arts-plastiques\/sinformer\/textes-officiels\/programmes\/ecole-college.html<\/a><\/p>\n<p>Vous trouverez sur cette page les programmes de l&rsquo;\u00e9cole et du coll\u00e8ge.<br \/>\n<iframe loading=\"lazy\" src=\"\/\/www.dailymotion.com\/embed\/video\/x3fm4ct\" width=\"480\" height=\"270\" frameborder=\"0\" allowfullscreen=\"allowfullscreen\"><\/iframe><br \/>\n<a href=\"http:\/\/www.dailymotion.com\/video\/x3fm4ct_presentation-des-nouveaux-programmes-de-la-rentree-2016_school\" target=\"_blank\">Pr\u00e9sentation des nouveaux programmes de la&#8230;<\/a> <i>by <a href=\"http:\/\/www.dailymotion.com\/eduscol\" target=\"_blank\">eduscol<\/a><\/i><\/p>\n<p><iframe loading=\"lazy\" frameborder=\"0\" width=\"480\" height=\"270\" src=\"\/\/www.dailymotion.com\/embed\/video\/x425odz\" allowfullscreen><\/iframe><br \/><a href=\"http:\/\/www.dailymotion.com\/video\/x425odz_nouveaux-programmes-et-nouvelles-e-valuations-a-l-e-cole-et-au-colle-ge_school\" target=\"_blank\">Nouveaux programmes et nouvelles &eacute;valuations &agrave;&#8230;<\/a> <i>by <a href=\"http:\/\/www.dailymotion.com\/eduscol\" target=\"_blank\">eduscol<\/a><\/i><\/p>\n<p><a href=\"http:\/\/eduscol.education.fr\/arts-plastiques\/sinformer\/textes-officiels\/programmes\/lycee.html\">http:\/\/eduscol.education.fr\/arts-plastiques\/sinformer\/textes-officiels\/programmes\/lycee.html<\/a><\/p>\n<p>Les programmes de lyc\u00e9e sont disponibles sur cette page.<\/p>\n","protected":false},"excerpt":{"rendered":"<p>http:\/\/eduscol.education.fr\/arts-plastiques\/sinformer\/textes-officiels\/programmes\/ecole-college.html Vous trouverez sur cette page les programmes de l&rsquo;\u00e9cole et du coll\u00e8ge. Pr\u00e9sentation des nouveaux programmes de la&#8230; by eduscol Nouveaux programmes et nouvelles &eacute;valuations &agrave;&#8230; by eduscol http:\/\/eduscol.education.fr\/arts-plastiques\/sinformer\/textes-officiels\/programmes\/lycee.html Les programmes de lyc\u00e9e sont disponibles sur cette page.<\/p>\n","protected":false},"author":6,"featured_media":0,"parent":171,"menu_order":0,"comment_status":"closed","ping_status":"closed","template":"","meta":{"footnotes":""},"class_list":["post-197","page","type-page","status-publish","hentry"],"_links":{"self":[{"href":"https:\/\/site.ac-martinique.fr\/arts-plastiques\/index.php?rest_route=\/wp\/v2\/pages\/197","targetHints":{"allow":["GET"]}}],"collection":[{"href":"https:\/\/site.ac-martinique.fr\/arts-plastiques\/index.php?rest_route=\/wp\/v2\/pages"}],"about":[{"href":"https:\/\/site.ac-martinique.fr\/arts-plastiques\/index.php?rest_route=\/wp\/v2\/types\/page"}],"author":[{"embeddable":true,"href":"https:\/\/site.ac-martinique.fr\/arts-plastiques\/index.php?rest_route=\/wp\/v2\/users\/6"}],"replies":[{"embeddable":true,"href":"https:\/\/site.ac-martinique.fr\/arts-plastiques\/index.php?rest_route=%2Fwp%2Fv2%2Fcomments&post=197"}],"version-history":[{"count":6,"href":"https:\/\/site.ac-martinique.fr\/arts-plastiques\/index.php?rest_route=\/wp\/v2\/pages\/197\/revisions"}],"predecessor-version":[{"id":319,"href":"https:\/\/site.ac-martinique.fr\/arts-plastiques\/index.php?rest_route=\/wp\/v2\/pages\/197\/revisions\/319"}],"up":[{"embeddable":true,"href":"https:\/\/site.ac-martinique.fr\/arts-plastiques\/index.php?rest_route=\/wp\/v2\/pages\/171"}],"wp:attachment":[{"href":"https:\/\/site.ac-martinique.fr\/arts-plastiques\/index.php?rest_route=%2Fwp%2Fv2%2Fmedia&parent=197"}],"curies":[{"name":"wp","href":"https:\/\/api.w.org\/{rel}","templated":true}]}}