{"id":203,"date":"2016-02-10T18:21:43","date_gmt":"2016-02-10T17:21:43","guid":{"rendered":"\/arts-plastiques\/?page_id=203"},"modified":"2017-03-29T16:26:01","modified_gmt":"2017-03-29T15:26:01","slug":"socle-commun","status":"publish","type":"page","link":"https:\/\/site.ac-martinique.fr\/arts-plastiques\/?page_id=203","title":{"rendered":"Socle commun"},"content":{"rendered":"<div class=\"top-col-left\">\n<p><a href=\"http:\/\/eduscol.education.fr\/cid86943\/le-socle-commun.html\">http:\/\/eduscol.education.fr\/cid86943\/le-socle-commun.html<\/a><\/p>\n<h1 class=\"font-blue font-15 margin-bottom-10 bold dossier-docu-2-title\">Le socle commun de connaissances, de comp\u00e9tences et de culture et l&rsquo;\u00e9valuation des acquis scolaires des \u00e9l\u00e8ves<\/h1>\n<\/div>\n<div id=\"content\">\n<div class=\"chapo margin-bottom-20  padding-left-10 padding-right-10 font-georgia font-12 font-grey bold\">\n<p>Les connaissances acquises par les \u00e9l\u00e8ves et les comp\u00e9tences qu&rsquo;ils d\u00e9veloppent pendant la scolarit\u00e9 obligatoire constituent une culture scolaire commune. Le socle commun de connaissances, de comp\u00e9tences et de culture identifie ces \u00e9l\u00e9ments et les organise en domaines et objectifs. L&rsquo;\u00e9valuation de leur ma\u00eetrise doit se faire parall\u00e8lement \u00e0 leur acquisition, progressivement pendant la scolarit\u00e9 en \u00e9cole \u00e9l\u00e9mentaire et au coll\u00e8ge. Le livret scolaire unique de l&rsquo;\u00e9l\u00e8ve permet un suivi de ses acquis et de ses progr\u00e8s.<\/p>\n<p>Le socle commun de connaissances, de comp\u00e9tences et de culture d\u00e9finit les comp\u00e9tences, bas\u00e9es sur des connaissances relevant des diff\u00e9rents domaines d&rsquo;enseignement, qu&rsquo;un \u00e9l\u00e8ve doit progressivement ma\u00eetriser pendant la scolarit\u00e9 obligatoire. Une culture scolaire commune est ainsi construite contin\u00fbment pendant les cycles 2, 3 et 4 couvrant l&rsquo;\u00e9cole \u00e9l\u00e9mentaire et le coll\u00e8ge.<\/p>\n<p>L&rsquo;\u00e9valuation de l&rsquo;acquisition du socle a pour objectif d&rsquo;\u00e9tablir un positionnement de niveau de ma\u00eetrise atteint par les \u00e9l\u00e8ves dans chacune de ses composantes, utile autant \u00e0 ces derniers qu&rsquo;aux familles et qu&rsquo;aux enseignants. Ce positionnement se fait de fa\u00e7on continue et un bilan doit en \u00eatre \u00e9tabli au moins \u00e0 la fin de chaque cycle.<\/p>\n<p><iframe loading=\"lazy\" src=\"http:\/\/www.dailymotion.com\/embed\/video\/x3fm33u\" width=\"770\" height=\"375\" frameborder=\"0\" allowfullscreen=\"allowfullscreen\" data-mce-fragment=\"1\"><\/iframe><\/p>\n<\/div>\n<\/div>\n","protected":false},"excerpt":{"rendered":"<p>http:\/\/eduscol.education.fr\/cid86943\/le-socle-commun.html Le socle commun de connaissances, de comp\u00e9tences et de culture et l&rsquo;\u00e9valuation des acquis scolaires des \u00e9l\u00e8ves Les connaissances acquises par les \u00e9l\u00e8ves et les comp\u00e9tences qu&rsquo;ils d\u00e9veloppent pendant la scolarit\u00e9 obligatoire constituent une culture scolaire commune. Le socle &hellip; <a href=\"https:\/\/site.ac-martinique.fr\/arts-plastiques\/?page_id=203\">Continuer la lecture <span class=\"meta-nav\">&rarr;<\/span><\/a><\/p>\n","protected":false},"author":6,"featured_media":0,"parent":171,"menu_order":0,"comment_status":"closed","ping_status":"closed","template":"","meta":{"footnotes":""},"class_list":["post-203","page","type-page","status-publish","hentry"],"_links":{"self":[{"href":"https:\/\/site.ac-martinique.fr\/arts-plastiques\/index.php?rest_route=\/wp\/v2\/pages\/203","targetHints":{"allow":["GET"]}}],"collection":[{"href":"https:\/\/site.ac-martinique.fr\/arts-plastiques\/index.php?rest_route=\/wp\/v2\/pages"}],"about":[{"href":"https:\/\/site.ac-martinique.fr\/arts-plastiques\/index.php?rest_route=\/wp\/v2\/types\/page"}],"author":[{"embeddable":true,"href":"https:\/\/site.ac-martinique.fr\/arts-plastiques\/index.php?rest_route=\/wp\/v2\/users\/6"}],"replies":[{"embeddable":true,"href":"https:\/\/site.ac-martinique.fr\/arts-plastiques\/index.php?rest_route=%2Fwp%2Fv2%2Fcomments&post=203"}],"version-history":[{"count":3,"href":"https:\/\/site.ac-martinique.fr\/arts-plastiques\/index.php?rest_route=\/wp\/v2\/pages\/203\/revisions"}],"predecessor-version":[{"id":307,"href":"https:\/\/site.ac-martinique.fr\/arts-plastiques\/index.php?rest_route=\/wp\/v2\/pages\/203\/revisions\/307"}],"up":[{"embeddable":true,"href":"https:\/\/site.ac-martinique.fr\/arts-plastiques\/index.php?rest_route=\/wp\/v2\/pages\/171"}],"wp:attachment":[{"href":"https:\/\/site.ac-martinique.fr\/arts-plastiques\/index.php?rest_route=%2Fwp%2Fv2%2Fmedia&parent=203"}],"curies":[{"name":"wp","href":"https:\/\/api.w.org\/{rel}","templated":true}]}}