{"id":205,"date":"2016-02-10T18:22:00","date_gmt":"2016-02-10T17:22:00","guid":{"rendered":"\/arts-plastiques\/?page_id=205"},"modified":"2017-03-29T15:20:35","modified_gmt":"2017-03-29T14:20:35","slug":"baccalaureat","status":"publish","type":"page","link":"https:\/\/site.ac-martinique.fr\/arts-plastiques\/?page_id=205","title":{"rendered":"Baccalaur\u00e9at"},"content":{"rendered":"<p><a href=\"http:\/\/eduscol.education.fr\/arts-plastiques\/sinformer\/textes-officiels\/examens.html\">http:\/\/eduscol.education.fr\/arts-plastiques\/sinformer\/textes-officiels\/examens.html<\/a><\/p>\n<h2>Baccalaur\u00e9at<\/h2>\n<div class=\"tx-cndpportdiscreqspec-pi1\">\n<div class=\"requeteSpecifique\">\n<ul class=\"resultats\">\n<li class=\"un_resultat\">\n<p class=\"titre\"><a title=\"Baccalaur\u00e9at g\u00e9n\u00e9ral et technologique : modification \u00e0 compter de la session 2013 - Nouvelle fen\u00eatre\" href=\"http:\/\/www.education.gouv.fr\/pid25535\/bulletin_officiel.html?cid_bo=57497\" target=\"_blank\">Baccalaur\u00e9at g\u00e9n\u00e9ral et technologique : modification \u00e0 compter de la session 2013\u00a0<img decoding=\"async\" class=\"extlink_img\" src=\"http:\/\/eduscol.education.fr\/fileadmin\/template\/arts_plastiques\/img\/ico_extlink.png\" alt=\"Nouvelle fen\u00eatre\" \/><\/a><\/p>\n<div class=\"Description\">Les dispositions de l&rsquo;article 1 de l&rsquo;arr\u00eat\u00e9 du 15 septembre 1993 susvis\u00e9 relatives aux \u00e9preuves obligatoires du baccalaur\u00e9at g\u00e9n\u00e9ral \u00e0 compter de la session 1995 sont abrog\u00e9es et remplac\u00e9es par les dispositions suivantes \u00e0 compter de la session 2013. Ce texte d\u00e9finit le cadre horaire et les coefficients des \u00e9preuves pour l&rsquo;ensemble des s\u00e9ries. B.O.E.N sp\u00e9cial n\u00b037 du 6 octobre 2011<\/div>\n<div class=\"Source\">Minist\u00e8re de l&rsquo;\u00c9ducation nationale, de l&rsquo;Enseignement sup\u00e9rieur et de la Recherche<\/div>\n<\/li>\n<li class=\"un_resultat\">\n<p class=\"titre\"><a title=\"\u00c9preuves de sp\u00e9cialit\u00e9 en s\u00e9rie litt\u00e9raire et \u00e9preuves facultatives d\u2019arts plastiques, de cin\u00e9ma audiovisuel, de danse, d\u2019histoire des arts, de musique et de th\u00e9\u00e2tre \u00e0 compter de la session 2013 - Nouvelle fen\u00eatre\" href=\"http:\/\/www.education.gouv.fr\/pid25535\/bulletin_officiel.html?cid_bo=59483\" target=\"_blank\">\u00c9preuves de sp\u00e9cialit\u00e9 en s\u00e9rie litt\u00e9raire et \u00e9preuves facultatives d\u2019arts plastiques, de cin\u00e9ma audiovisuel, de danse, d\u2019histoire des arts, de musique et de th\u00e9\u00e2tre \u00e0 compter de la session 2013\u00a0<img decoding=\"async\" class=\"extlink_img\" src=\"http:\/\/eduscol.education.fr\/fileadmin\/template\/arts_plastiques\/img\/ico_extlink.png\" alt=\"Nouvelle fen\u00eatre\" \/><\/a><\/p>\n<div class=\"Description\">\n<p><span class=\"Apple-style-span\">Cette note de service fixe les modalit\u00e9s des \u00e9preuves d&rsquo;enseignement de sp\u00e9cialit\u00e9 de la s\u00e9rie litt\u00e9raire et des \u00e9preuves facultatives des s\u00e9ries g\u00e9n\u00e9rales et des s\u00e9ries technologiques (hors STAV et hors TMD &#8211; pour les \u00e9preuves autres que celles d&rsquo;arts plastiques), en arts plastiques, cin\u00e9ma audiovisuel, danse, histoire des arts, musique et th\u00e9\u00e2tre.<br \/>\nElle abroge et remplace, \u00e0 compter de la session 2013 de l&rsquo;examen\u00a0:<br \/>\n&#8211; La note de service n\u00b0 2002-143 du 3 juillet 2002<br \/>\n&#8211; La note de service n\u00b0 2002-261 du 22 novembre 2002<br \/>\n&#8211; La note de service n\u00b0 2003-204 du 24 novembre 2003<br \/>\n&#8211; La note de service n\u00b0 2003-205 du 24 novembre 2003<br \/>\n&#8211; La note de service n\u00b0 2005-146 du 22 septembre 2005<br \/>\n&#8211; La note de service n\u00b0 2006-086 du 19 mai 2006<br \/>\n&#8211; La note de service n\u00b0 2008-025 du 25 f\u00e9vrier 2008 compl\u00e9t\u00e9e par la note de service n\u00b0 2008-123 du 15 septembre 2008<br \/>\nElle entre en vigueur \u00e0 compter de la session 2013 du baccalaur\u00e9at g\u00e9n\u00e9ral et technologique et s&rsquo;applique \u00e0 toutes les s\u00e9ries g\u00e9n\u00e9rales et technologiques (hors TMD, h\u00f4tellerie et STAV).<\/span><\/p>\n<\/div>\n<\/li>\n<\/ul>\n<\/div>\n<\/div>\n","protected":false},"excerpt":{"rendered":"<p>http:\/\/eduscol.education.fr\/arts-plastiques\/sinformer\/textes-officiels\/examens.html Baccalaur\u00e9at Baccalaur\u00e9at g\u00e9n\u00e9ral et technologique : modification \u00e0 compter de la session 2013\u00a0 Les dispositions de l&rsquo;article 1 de l&rsquo;arr\u00eat\u00e9 du 15 septembre 1993 susvis\u00e9 relatives aux \u00e9preuves obligatoires du baccalaur\u00e9at g\u00e9n\u00e9ral \u00e0 compter de la session 1995 sont &hellip; <a href=\"https:\/\/site.ac-martinique.fr\/arts-plastiques\/?page_id=205\">Continuer la lecture <span class=\"meta-nav\">&rarr;<\/span><\/a><\/p>\n","protected":false},"author":6,"featured_media":0,"parent":171,"menu_order":0,"comment_status":"closed","ping_status":"closed","template":"","meta":{"footnotes":""},"class_list":["post-205","page","type-page","status-publish","hentry"],"_links":{"self":[{"href":"https:\/\/site.ac-martinique.fr\/arts-plastiques\/index.php?rest_route=\/wp\/v2\/pages\/205","targetHints":{"allow":["GET"]}}],"collection":[{"href":"https:\/\/site.ac-martinique.fr\/arts-plastiques\/index.php?rest_route=\/wp\/v2\/pages"}],"about":[{"href":"https:\/\/site.ac-martinique.fr\/arts-plastiques\/index.php?rest_route=\/wp\/v2\/types\/page"}],"author":[{"embeddable":true,"href":"https:\/\/site.ac-martinique.fr\/arts-plastiques\/index.php?rest_route=\/wp\/v2\/users\/6"}],"replies":[{"embeddable":true,"href":"https:\/\/site.ac-martinique.fr\/arts-plastiques\/index.php?rest_route=%2Fwp%2Fv2%2Fcomments&post=205"}],"version-history":[{"count":3,"href":"https:\/\/site.ac-martinique.fr\/arts-plastiques\/index.php?rest_route=\/wp\/v2\/pages\/205\/revisions"}],"predecessor-version":[{"id":300,"href":"https:\/\/site.ac-martinique.fr\/arts-plastiques\/index.php?rest_route=\/wp\/v2\/pages\/205\/revisions\/300"}],"up":[{"embeddable":true,"href":"https:\/\/site.ac-martinique.fr\/arts-plastiques\/index.php?rest_route=\/wp\/v2\/pages\/171"}],"wp:attachment":[{"href":"https:\/\/site.ac-martinique.fr\/arts-plastiques\/index.php?rest_route=%2Fwp%2Fv2%2Fmedia&parent=205"}],"curies":[{"name":"wp","href":"https:\/\/api.w.org\/{rel}","templated":true}]}}