{"id":22,"date":"2016-02-10T15:40:18","date_gmt":"2016-02-10T14:40:18","guid":{"rendered":"\/arts-plastiques\/?page_id=22"},"modified":"2017-03-29T18:14:36","modified_gmt":"2017-03-29T17:14:36","slug":"idees-de-cours","status":"publish","type":"page","link":"https:\/\/site.ac-martinique.fr\/arts-plastiques\/?page_id=22","title":{"rendered":"Outils num\u00e9riques"},"content":{"rendered":"<p>Ce menu vous permettra de d\u00e9couvrir des exploitations p\u00e9dagogiques possibles qui constitueront des pratiques inspirantes en fonction du mat\u00e9riel que vous avez \u00e0 votre disposition dans votre salle d&rsquo;arts plastiques.<\/p>\n<p>Il s&rsquo;agit de pratiques d&rsquo;\u00e9l\u00e8ves faisant appel au num\u00e9rique, mais aussi convoquant d&rsquo;autres techniques et outils plus traditionnels.<\/p>\n","protected":false},"excerpt":{"rendered":"<p>Ce menu vous permettra de d\u00e9couvrir des exploitations p\u00e9dagogiques possibles qui constitueront des pratiques inspirantes en fonction du mat\u00e9riel que vous avez \u00e0 votre disposition dans votre salle d&rsquo;arts plastiques. Il s&rsquo;agit de pratiques d&rsquo;\u00e9l\u00e8ves faisant appel au num\u00e9rique, mais &hellip; <a href=\"https:\/\/site.ac-martinique.fr\/arts-plastiques\/?page_id=22\">Continuer la lecture <span class=\"meta-nav\">&rarr;<\/span><\/a><\/p>\n","protected":false},"author":6,"featured_media":0,"parent":0,"menu_order":5,"comment_status":"closed","ping_status":"closed","template":"","meta":{"footnotes":""},"class_list":["post-22","page","type-page","status-publish","hentry"],"_links":{"self":[{"href":"https:\/\/site.ac-martinique.fr\/arts-plastiques\/index.php?rest_route=\/wp\/v2\/pages\/22","targetHints":{"allow":["GET"]}}],"collection":[{"href":"https:\/\/site.ac-martinique.fr\/arts-plastiques\/index.php?rest_route=\/wp\/v2\/pages"}],"about":[{"href":"https:\/\/site.ac-martinique.fr\/arts-plastiques\/index.php?rest_route=\/wp\/v2\/types\/page"}],"author":[{"embeddable":true,"href":"https:\/\/site.ac-martinique.fr\/arts-plastiques\/index.php?rest_route=\/wp\/v2\/users\/6"}],"replies":[{"embeddable":true,"href":"https:\/\/site.ac-martinique.fr\/arts-plastiques\/index.php?rest_route=%2Fwp%2Fv2%2Fcomments&post=22"}],"version-history":[{"count":6,"href":"https:\/\/site.ac-martinique.fr\/arts-plastiques\/index.php?rest_route=\/wp\/v2\/pages\/22\/revisions"}],"predecessor-version":[{"id":333,"href":"https:\/\/site.ac-martinique.fr\/arts-plastiques\/index.php?rest_route=\/wp\/v2\/pages\/22\/revisions\/333"}],"wp:attachment":[{"href":"https:\/\/site.ac-martinique.fr\/arts-plastiques\/index.php?rest_route=%2Fwp%2Fv2%2Fmedia&parent=22"}],"curies":[{"name":"wp","href":"https:\/\/api.w.org\/{rel}","templated":true}]}}