{"id":24,"date":"2016-02-10T15:40:34","date_gmt":"2016-02-10T14:40:34","guid":{"rendered":"\/arts-plastiques\/?page_id=24"},"modified":"2017-03-29T18:16:55","modified_gmt":"2017-03-29T17:16:55","slug":"applications","status":"publish","type":"page","link":"https:\/\/site.ac-martinique.fr\/arts-plastiques\/?page_id=24","title":{"rendered":"Applications"},"content":{"rendered":"<p>Ce menu vous permettra d&rsquo;avoir un coup d&rsquo;\u0153il sur certaines pratiques p\u00e9dagogiques convoquant peu ou prou le num\u00e9rique.<\/p>\n<p>Les diff\u00e9rents types d&rsquo;usages vous aideront \u00e0 organiser votre recherche.<\/p>\n<p><a href=\"\/arts-plastiques\/wp-content\/uploads\/sites\/4\/2016\/02\/Dossier-apps-ipad.pdf\">Dossier apps ipad<\/a><\/p>\n<p>&nbsp;<\/p>\n<p>&nbsp;<\/p>\n<p><iframe loading=\"lazy\" frameborder=\"0\" width=\"480\" height=\"270\" src=\"\/\/www.dailymotion.com\/embed\/video\/x52a033\" allowfullscreen><\/iframe><br \/><a href=\"http:\/\/www.dailymotion.com\/video\/x52a033_les-banques-de-ressources-numeriques-pour-l-education_school\" target=\"_blank\">Les banques de ressources num&eacute;riques pour l&#8230;<\/a> <i>by <a href=\"http:\/\/www.dailymotion.com\/EducationFrance\" target=\"_blank\">EducationFrance<\/a><\/i><\/p>\n<p><iframe loading=\"lazy\" frameborder=\"0\" width=\"480\" height=\"270\" src=\"\/\/www.dailymotion.com\/embed\/video\/x473qzm\" allowfullscreen><\/iframe><br \/><a href=\"http:\/\/www.dailymotion.com\/video\/x473qzm_la-digitheque_school\" target=\"_blank\">La Digith&egrave;que<\/a> <i>by <a href=\"http:\/\/www.dailymotion.com\/EducationFrance\" target=\"_blank\">EducationFrance<\/a><\/i><\/p>\n","protected":false},"excerpt":{"rendered":"<p>Ce menu vous permettra d&rsquo;avoir un coup d&rsquo;\u0153il sur certaines pratiques p\u00e9dagogiques convoquant peu ou prou le num\u00e9rique. Les diff\u00e9rents types d&rsquo;usages vous aideront \u00e0 organiser votre recherche. Dossier apps ipad &nbsp; &nbsp; Les banques de ressources num&eacute;riques pour l&#8230; &hellip; <a href=\"https:\/\/site.ac-martinique.fr\/arts-plastiques\/?page_id=24\">Continuer la lecture <span class=\"meta-nav\">&rarr;<\/span><\/a><\/p>\n","protected":false},"author":6,"featured_media":0,"parent":0,"menu_order":4,"comment_status":"closed","ping_status":"closed","template":"showcase.php","meta":{"footnotes":""},"class_list":["post-24","page","type-page","status-publish","hentry"],"_links":{"self":[{"href":"https:\/\/site.ac-martinique.fr\/arts-plastiques\/index.php?rest_route=\/wp\/v2\/pages\/24","targetHints":{"allow":["GET"]}}],"collection":[{"href":"https:\/\/site.ac-martinique.fr\/arts-plastiques\/index.php?rest_route=\/wp\/v2\/pages"}],"about":[{"href":"https:\/\/site.ac-martinique.fr\/arts-plastiques\/index.php?rest_route=\/wp\/v2\/types\/page"}],"author":[{"embeddable":true,"href":"https:\/\/site.ac-martinique.fr\/arts-plastiques\/index.php?rest_route=\/wp\/v2\/users\/6"}],"replies":[{"embeddable":true,"href":"https:\/\/site.ac-martinique.fr\/arts-plastiques\/index.php?rest_route=%2Fwp%2Fv2%2Fcomments&post=24"}],"version-history":[{"count":11,"href":"https:\/\/site.ac-martinique.fr\/arts-plastiques\/index.php?rest_route=\/wp\/v2\/pages\/24\/revisions"}],"predecessor-version":[{"id":335,"href":"https:\/\/site.ac-martinique.fr\/arts-plastiques\/index.php?rest_route=\/wp\/v2\/pages\/24\/revisions\/335"}],"wp:attachment":[{"href":"https:\/\/site.ac-martinique.fr\/arts-plastiques\/index.php?rest_route=%2Fwp%2Fv2%2Fmedia&parent=24"}],"curies":[{"name":"wp","href":"https:\/\/api.w.org\/{rel}","templated":true}]}}