{"id":405,"date":"2017-03-30T16:18:58","date_gmt":"2017-03-30T15:18:58","guid":{"rendered":"\/arts-plastiques\/?page_id=405"},"modified":"2017-03-30T16:27:27","modified_gmt":"2017-03-30T15:27:27","slug":"artistes","status":"publish","type":"page","link":"https:\/\/site.ac-martinique.fr\/arts-plastiques\/?page_id=405","title":{"rendered":"Artistes"},"content":{"rendered":"<p>Sur cette page vous retrouverez les coordonn\u00e9es d&rsquo;artistes ayant d\u00e9j\u00e0 travaill\u00e9 avec des scolaires ou d\u00e9sireux de le faire.<\/p>\n<p>&nbsp;<\/p>\n<p>Ricardo Ozier-Lafontaine &#8211;<a href=\"https:\/\/www.ricardozierlafontaine.com\/\"> https:\/\/www.ricardozierlafontaine.com\/<\/a><br \/>\n<iframe loading=\"lazy\" src=\"https:\/\/www.youtube.com\/embed\/qAnIhl66pgE\" width=\"560\" height=\"315\" frameborder=\"0\" allowfullscreen=\"allowfullscreen\"><\/iframe><\/p>\n<p>Propositions p\u00e9dagogiques en relation avec son travail :<\/p>\n<p><a href=\"\/arts-plastiques\/wp-content\/uploads\/sites\/4\/2017\/03\/Art-et-nume\u0301rique-cycle-3.pdf\">Art et nume\u0301rique cycle 3<\/a><\/p>\n<p><a href=\"\/arts-plastiques\/wp-content\/uploads\/sites\/4\/2017\/03\/Art-et-nume\u0301rique-cycle-4-1.pdf\">Art et nume\u0301rique cycle 4-1<\/a><\/p>\n<p><a href=\"\/arts-plastiques\/wp-content\/uploads\/sites\/4\/2017\/03\/Art-et-nume\u0301rique-cycle-4-2.pdf\">Art et nume\u0301rique cycle 4-2<\/a><\/p>\n<p>&nbsp;<\/p>\n","protected":false},"excerpt":{"rendered":"<p>Sur cette page vous retrouverez les coordonn\u00e9es d&rsquo;artistes ayant d\u00e9j\u00e0 travaill\u00e9 avec des scolaires ou d\u00e9sireux de le faire. &nbsp; Ricardo Ozier-Lafontaine &#8211; https:\/\/www.ricardozierlafontaine.com\/ Propositions p\u00e9dagogiques en relation avec son travail : Art et nume\u0301rique cycle 3 Art et nume\u0301rique &hellip; <a href=\"https:\/\/site.ac-martinique.fr\/arts-plastiques\/?page_id=405\">Continuer la lecture <span class=\"meta-nav\">&rarr;<\/span><\/a><\/p>\n","protected":false},"author":6,"featured_media":0,"parent":26,"menu_order":0,"comment_status":"closed","ping_status":"closed","template":"","meta":{"footnotes":""},"class_list":["post-405","page","type-page","status-publish","hentry"],"_links":{"self":[{"href":"https:\/\/site.ac-martinique.fr\/arts-plastiques\/index.php?rest_route=\/wp\/v2\/pages\/405","targetHints":{"allow":["GET"]}}],"collection":[{"href":"https:\/\/site.ac-martinique.fr\/arts-plastiques\/index.php?rest_route=\/wp\/v2\/pages"}],"about":[{"href":"https:\/\/site.ac-martinique.fr\/arts-plastiques\/index.php?rest_route=\/wp\/v2\/types\/page"}],"author":[{"embeddable":true,"href":"https:\/\/site.ac-martinique.fr\/arts-plastiques\/index.php?rest_route=\/wp\/v2\/users\/6"}],"replies":[{"embeddable":true,"href":"https:\/\/site.ac-martinique.fr\/arts-plastiques\/index.php?rest_route=%2Fwp%2Fv2%2Fcomments&post=405"}],"version-history":[{"count":1,"href":"https:\/\/site.ac-martinique.fr\/arts-plastiques\/index.php?rest_route=\/wp\/v2\/pages\/405\/revisions"}],"predecessor-version":[{"id":406,"href":"https:\/\/site.ac-martinique.fr\/arts-plastiques\/index.php?rest_route=\/wp\/v2\/pages\/405\/revisions\/406"}],"up":[{"embeddable":true,"href":"https:\/\/site.ac-martinique.fr\/arts-plastiques\/index.php?rest_route=\/wp\/v2\/pages\/26"}],"wp:attachment":[{"href":"https:\/\/site.ac-martinique.fr\/arts-plastiques\/index.php?rest_route=%2Fwp%2Fv2%2Fmedia&parent=405"}],"curies":[{"name":"wp","href":"https:\/\/api.w.org\/{rel}","templated":true}]}}