{"id":407,"date":"2017-03-30T16:25:47","date_gmt":"2017-03-30T15:25:47","guid":{"rendered":"\/arts-plastiques\/?page_id=407"},"modified":"2021-04-15T03:29:08","modified_gmt":"2021-04-15T02:29:08","slug":"propositions-pedagogiques","status":"publish","type":"page","link":"https:\/\/site.ac-martinique.fr\/arts-plastiques\/?page_id=407","title":{"rendered":"Propositions p\u00e9dagogiques"},"content":{"rendered":"<p>Retrouvez sur cette page les propositions p\u00e9dagogiques des enseignants de l&rsquo;acad\u00e9mie.<\/p>\n<p><a href=\"\/arts-plastiques\/wp-content\/uploads\/sites\/4\/2017\/03\/Art-et-nume\u0301rique-cycle-3.pdf\">Art et nume\u0301rique cycle 3<\/a><\/p>\n<p><a href=\"\/arts-plastiques\/wp-content\/uploads\/sites\/4\/2017\/03\/Art-et-nume\u0301rique-cycle-4-1.pdf\">Art et nume\u0301rique cycle 4-1<\/a><\/p>\n<p><a href=\"\/arts-plastiques\/wp-content\/uploads\/sites\/4\/2017\/03\/Art-et-nume\u0301rique-cycle-4-2.pdf\">Art et nume\u0301rique cycle 4-2<\/a><\/p>\n<p>Le trompe l&rsquo;\u0153il &#8211; <em>C. Jourdan &gt; <a href=\"\/arts-plastiques\/wp-content\/uploads\/sites\/4\/2017\/03\/Fiche-se\u0301quence-Le-trompe-loeil.pdf\">Fiche se\u0301quence Le trompe l&rsquo;oeil<\/a><\/em><\/p>\n<p>Self-Emoji &#8211; R. Edmond &gt;\u00a0<a href=\"\/arts-plastiques\/wp-content\/uploads\/sites\/4\/2017\/03\/Pie\u0300ce-jointe.pdf\">Voir la fiche de cours<\/a><\/p>\n<p>L&rsquo;Assiette Digitale &#8211; R. Edmond &gt;\u00a0<a href=\"\/arts-plastiques\/wp-content\/uploads\/sites\/4\/2017\/03\/L\u2019assiette-digitale-.pdf\">L\u2019assiette digitale<\/a><\/p>\n<p>Moi cr\u00e9ature &#8211; R. Edmond &gt;\u00a0<a href=\"\/arts-plastiques\/wp-content\/uploads\/sites\/4\/2017\/03\/Moi-cre\u0301ature.pdf\">Moi cre\u0301ature<\/a><\/p>\n<p>Multi-sensoriel &#8211; Y. Emonides &gt; <a href=\"https:\/\/cartoun.education.fr\/portail\/auth\/pagemarker\/2\/cms\/academie-031\/sap\/dap-arts-plastiques\/le-numerique-comme-objet.proxy?scope=__nocache&amp;addToBreadcrumb=0&amp;pagePath=%252Fcartoun%252F_dyn_cG9ydGFsU2l0ZVlXTmhaR1Z0YVdVdE1ETXhfZGMyRnc%253D.Y21zOi9hY2FkZW1pZS0wMzEvc2Fw.X19OX18%253D.X19OX18%253D.X19OX18%253D%252F_CMS_LAYOUT&amp;pageParams=&amp;TARGET=http%3A%2F%2Fcartoun.education.fr%2Fportail%2Fauth%2Fpagemarker%2F2%2Fcms%2Facademie-031%2Fsap%2Fdap-arts-plastiques%2Fle-numerique-comme-objet.proxy%3Fscope%3D__nocache%26addToBreadcrumb%3D0%26pagePath%3D%25252Fcartoun%25252F_dyn_cG9ydGFsU2l0ZVlXTmhaR1Z0YVdVdE1ETXhfZGMyRnc%25253D.Y21zOi9hY2FkZW1pZS0wMzEvc2Fw.X19OX18%25253D.X19OX18%25253D.X19OX18%25253D%25252F_CMS_LAYOUT%26pageParams%3D&amp;SAMLart=AAFSsPYAkNKN6Mb0Q6Li8D8gawrtLD5llgR%2B9Xv73QcWKst%2FWV9indhz\">Acc\u00e9der \u00e0 la ressource via CARTOUN<\/a><\/p>\n","protected":false},"excerpt":{"rendered":"<p>Retrouvez sur cette page les propositions p\u00e9dagogiques des enseignants de l&rsquo;acad\u00e9mie. Art et nume\u0301rique cycle 3 Art et nume\u0301rique cycle 4-1 Art et nume\u0301rique cycle 4-2 Le trompe l&rsquo;\u0153il &#8211; C. Jourdan &gt; Fiche se\u0301quence Le trompe l&rsquo;oeil Self-Emoji &#8211; &hellip; <a href=\"https:\/\/site.ac-martinique.fr\/arts-plastiques\/?page_id=407\">Continuer la lecture <span class=\"meta-nav\">&rarr;<\/span><\/a><\/p>\n","protected":false},"author":6,"featured_media":0,"parent":169,"menu_order":0,"comment_status":"closed","ping_status":"closed","template":"","meta":{"footnotes":""},"class_list":["post-407","page","type-page","status-publish","hentry"],"_links":{"self":[{"href":"https:\/\/site.ac-martinique.fr\/arts-plastiques\/index.php?rest_route=\/wp\/v2\/pages\/407","targetHints":{"allow":["GET"]}}],"collection":[{"href":"https:\/\/site.ac-martinique.fr\/arts-plastiques\/index.php?rest_route=\/wp\/v2\/pages"}],"about":[{"href":"https:\/\/site.ac-martinique.fr\/arts-plastiques\/index.php?rest_route=\/wp\/v2\/types\/page"}],"author":[{"embeddable":true,"href":"https:\/\/site.ac-martinique.fr\/arts-plastiques\/index.php?rest_route=\/wp\/v2\/users\/6"}],"replies":[{"embeddable":true,"href":"https:\/\/site.ac-martinique.fr\/arts-plastiques\/index.php?rest_route=%2Fwp%2Fv2%2Fcomments&post=407"}],"version-history":[{"count":4,"href":"https:\/\/site.ac-martinique.fr\/arts-plastiques\/index.php?rest_route=\/wp\/v2\/pages\/407\/revisions"}],"predecessor-version":[{"id":825,"href":"https:\/\/site.ac-martinique.fr\/arts-plastiques\/index.php?rest_route=\/wp\/v2\/pages\/407\/revisions\/825"}],"up":[{"embeddable":true,"href":"https:\/\/site.ac-martinique.fr\/arts-plastiques\/index.php?rest_route=\/wp\/v2\/pages\/169"}],"wp:attachment":[{"href":"https:\/\/site.ac-martinique.fr\/arts-plastiques\/index.php?rest_route=%2Fwp%2Fv2%2Fmedia&parent=407"}],"curies":[{"name":"wp","href":"https:\/\/api.w.org\/{rel}","templated":true}]}}