{"id":1051,"date":"2020-02-11T19:18:14","date_gmt":"2020-02-12T00:18:14","guid":{"rendered":"\/ash\/?page_id=1051"},"modified":"2024-10-12T10:17:10","modified_gmt":"2024-10-12T15:17:10","slug":"missions-et-activites-des-aesh","status":"publish","type":"page","link":"https:\/\/site.ac-martinique.fr\/ash\/?page_id=1051","title":{"rendered":"Missions et activit\u00e9s des AESH"},"content":{"rendered":"<h6>Conform\u00e9ment \u00e0 la circulaire 2017-084 du 3 Mai 2017<\/h6>\n<p>Les accompagnants assurent des missions d&rsquo;aide aux \u00e9l\u00e8ves en situation de handicap avec l&rsquo;objectif de f<strong>avoriser leur autonomie.<\/strong><\/p>\n<p>Ils interviennent \u00a0dans trois domaines:<\/p>\n<ol>\n<li>l<strong>es actes de la vie quotidienne<\/strong>\u00a0;<\/li>\n<li><strong>l&rsquo;acc\u00e8s aux activit\u00e9s d&rsquo;apprentissage<\/strong>\u00a0(\u00e9ducatives, culturelles, sportives, artistiques ou professionnelles) ;<\/li>\n<li><strong>les activit\u00e9s de la vie sociale et relationnelle<\/strong>.<\/li>\n<\/ol>\n<p><a href=\"https:\/\/site.ac-martinique.fr\/ash\/wp-content\/uploads\/sites\/7\/2024\/09\/Capture-decran-2024-09-30-a-22.20.35.png\"><img loading=\"lazy\" decoding=\"async\" class=\"alignnone  wp-image-2464\" src=\"https:\/\/site.ac-martinique.fr\/ash\/wp-content\/uploads\/sites\/7\/2024\/09\/Capture-decran-2024-09-30-a-22.20.35-300x132.png\" alt=\"\" width=\"764\" height=\"336\" srcset=\"https:\/\/site.ac-martinique.fr\/ash\/wp-content\/uploads\/sites\/7\/2024\/09\/Capture-decran-2024-09-30-a-22.20.35-300x132.png 300w, https:\/\/site.ac-martinique.fr\/ash\/wp-content\/uploads\/sites\/7\/2024\/09\/Capture-decran-2024-09-30-a-22.20.35-768x338.png 768w, https:\/\/site.ac-martinique.fr\/ash\/wp-content\/uploads\/sites\/7\/2024\/09\/Capture-decran-2024-09-30-a-22.20.35-750x330.png 750w, https:\/\/site.ac-martinique.fr\/ash\/wp-content\/uploads\/sites\/7\/2024\/09\/Capture-decran-2024-09-30-a-22.20.35.png 786w\" sizes=\"auto, (max-width: 764px) 100vw, 764px\" \/><\/a> <a href=\"https:\/\/site.ac-martinique.fr\/ash\/wp-content\/uploads\/sites\/7\/2024\/09\/Capture-decran-2024-09-30-a-22.20.45.png\"><img loading=\"lazy\" decoding=\"async\" class=\"alignnone  wp-image-2465\" src=\"https:\/\/site.ac-martinique.fr\/ash\/wp-content\/uploads\/sites\/7\/2024\/09\/Capture-decran-2024-09-30-a-22.20.45-300x126.png\" alt=\"\" width=\"769\" height=\"323\" srcset=\"https:\/\/site.ac-martinique.fr\/ash\/wp-content\/uploads\/sites\/7\/2024\/09\/Capture-decran-2024-09-30-a-22.20.45-300x126.png 300w, https:\/\/site.ac-martinique.fr\/ash\/wp-content\/uploads\/sites\/7\/2024\/09\/Capture-decran-2024-09-30-a-22.20.45-768x323.png 768w, https:\/\/site.ac-martinique.fr\/ash\/wp-content\/uploads\/sites\/7\/2024\/09\/Capture-decran-2024-09-30-a-22.20.45-750x315.png 750w, https:\/\/site.ac-martinique.fr\/ash\/wp-content\/uploads\/sites\/7\/2024\/09\/Capture-decran-2024-09-30-a-22.20.45.png 794w\" sizes=\"auto, (max-width: 769px) 100vw, 769px\" \/><\/a> <a href=\"https:\/\/site.ac-martinique.fr\/ash\/wp-content\/uploads\/sites\/7\/2024\/09\/Capture-decran-2024-09-30-a-22.20.53.png\"><img loading=\"lazy\" decoding=\"async\" class=\"alignnone  wp-image-2466\" src=\"https:\/\/site.ac-martinique.fr\/ash\/wp-content\/uploads\/sites\/7\/2024\/09\/Capture-decran-2024-09-30-a-22.20.53-300x82.png\" alt=\"\" width=\"746\" height=\"204\" srcset=\"https:\/\/site.ac-martinique.fr\/ash\/wp-content\/uploads\/sites\/7\/2024\/09\/Capture-decran-2024-09-30-a-22.20.53-300x82.png 300w, https:\/\/site.ac-martinique.fr\/ash\/wp-content\/uploads\/sites\/7\/2024\/09\/Capture-decran-2024-09-30-a-22.20.53-768x209.png 768w, https:\/\/site.ac-martinique.fr\/ash\/wp-content\/uploads\/sites\/7\/2024\/09\/Capture-decran-2024-09-30-a-22.20.53-750x204.png 750w, https:\/\/site.ac-martinique.fr\/ash\/wp-content\/uploads\/sites\/7\/2024\/09\/Capture-decran-2024-09-30-a-22.20.53.png 794w\" sizes=\"auto, (max-width: 746px) 100vw, 746px\" \/><\/a><\/p>\n\n\n<p>T\u00e9l\u00e9charger l&rsquo;infographie (source REI): <a href=\"https:\/\/site.ac-martinique.fr\/ash\/wp-content\/uploads\/sites\/7\/2024\/10\/AESH-Accompagnement-des-eleves-dans-les-actes-de-la-vie-quotidienne-1.pdf\">Les activit\u00e9s des AESH <\/a><\/p>\n\n\n\n\n\n<p><\/p>\n","protected":false},"excerpt":{"rendered":"<p>Conform\u00e9ment \u00e0 la circulaire 2017-084 du 3 Mai 2017 Les accompagnants assurent des missions d&rsquo;aide aux \u00e9l\u00e8ves en situation de handicap avec l&rsquo;objectif de favoriser leur autonomie. Ils interviennent \u00a0dans trois domaines: les actes de la vie quotidienne\u00a0; l&rsquo;acc\u00e8s aux activit\u00e9s d&rsquo;apprentissage\u00a0(\u00e9ducatives, culturelles, sportives, artistiques ou professionnelles) ; les activit\u00e9s de la vie sociale et &hellip; <\/p>\n<p><a class=\"more-link btn\" href=\"https:\/\/site.ac-martinique.fr\/ash\/?page_id=1051\">Lire la suite<\/a><\/p>\n","protected":false},"author":484,"featured_media":0,"parent":2427,"menu_order":0,"comment_status":"closed","ping_status":"closed","template":"","meta":{"footnotes":""},"class_list":["post-1051","page","type-page","status-publish","hentry","nodate","item-wrap"],"_links":{"self":[{"href":"https:\/\/site.ac-martinique.fr\/ash\/index.php?rest_route=\/wp\/v2\/pages\/1051","targetHints":{"allow":["GET"]}}],"collection":[{"href":"https:\/\/site.ac-martinique.fr\/ash\/index.php?rest_route=\/wp\/v2\/pages"}],"about":[{"href":"https:\/\/site.ac-martinique.fr\/ash\/index.php?rest_route=\/wp\/v2\/types\/page"}],"author":[{"embeddable":true,"href":"https:\/\/site.ac-martinique.fr\/ash\/index.php?rest_route=\/wp\/v2\/users\/484"}],"replies":[{"embeddable":true,"href":"https:\/\/site.ac-martinique.fr\/ash\/index.php?rest_route=%2Fwp%2Fv2%2Fcomments&post=1051"}],"version-history":[{"count":8,"href":"https:\/\/site.ac-martinique.fr\/ash\/index.php?rest_route=\/wp\/v2\/pages\/1051\/revisions"}],"predecessor-version":[{"id":2533,"href":"https:\/\/site.ac-martinique.fr\/ash\/index.php?rest_route=\/wp\/v2\/pages\/1051\/revisions\/2533"}],"up":[{"embeddable":true,"href":"https:\/\/site.ac-martinique.fr\/ash\/index.php?rest_route=\/wp\/v2\/pages\/2427"}],"wp:attachment":[{"href":"https:\/\/site.ac-martinique.fr\/ash\/index.php?rest_route=%2Fwp%2Fv2%2Fmedia&parent=1051"}],"curies":[{"name":"wp","href":"https:\/\/api.w.org\/{rel}","templated":true}]}}