{"id":1066,"date":"2020-03-16T07:52:46","date_gmt":"2020-03-16T12:52:46","guid":{"rendered":"\/ash\/?page_id=1066"},"modified":"2020-03-19T15:03:25","modified_gmt":"2020-03-19T20:03:25","slug":"continuite-pedagogique-pour-les-eleves-a-besoins-educatifs-particuliers","status":"publish","type":"page","link":"https:\/\/site.ac-martinique.fr\/ash\/?page_id=1066","title":{"rendered":"Continuit\u00e9 p\u00e9dagogique pour les \u00e9l\u00e8ves \u00e0 besoins \u00e9ducatifs particuliers"},"content":{"rendered":"<p>La continuit\u00e9 p\u00e9dagogique sera assur\u00e9e par les enseignants des \u00e9tablissements au sein desquels sont scolaris\u00e9s vos enfants.<\/p>\n<p>Concernant les \u00e9l\u00e8ves \u00e0 besoins \u00e9ducatifs particuliers, voici un site internet qui vous proposera des exercices adapt\u00e9s ainsi que des outils pour concevoir ces exercices:<\/p>\n<p>Le cartable fantastique: <a href=\"https:\/\/www.cartablefantastique.fr\/lecons-exercices-evaluations-2\/acces-aux-ressources\/\">https:\/\/www.cartablefantastique.fr\/lecons-exercices-evaluations-2\/acces-aux-ressources\/<\/a><\/p>\n<p><a href=\"\/ash\/wp-content\/uploads\/sites\/7\/2020\/03\/Capture-d\u2019e\u0301cran-2020-03-16-a\u0300-09.19.48.png\"><img loading=\"lazy\" decoding=\"async\" class=\"alignnone size-full wp-image-1082\" src=\"\/ash\/wp-content\/uploads\/sites\/7\/2020\/03\/Capture-d\u2019e\u0301cran-2020-03-16-a\u0300-09.19.48.png\" alt=\"\" width=\"1964\" height=\"578\" srcset=\"https:\/\/site.ac-martinique.fr\/ash\/wp-content\/uploads\/sites\/7\/2020\/03\/Capture-d\u2019e\u0301cran-2020-03-16-a\u0300-09.19.48.png 1964w, https:\/\/site.ac-martinique.fr\/ash\/wp-content\/uploads\/sites\/7\/2020\/03\/Capture-d\u2019e\u0301cran-2020-03-16-a\u0300-09.19.48-300x88.png 300w, https:\/\/site.ac-martinique.fr\/ash\/wp-content\/uploads\/sites\/7\/2020\/03\/Capture-d\u2019e\u0301cran-2020-03-16-a\u0300-09.19.48-768x226.png 768w, https:\/\/site.ac-martinique.fr\/ash\/wp-content\/uploads\/sites\/7\/2020\/03\/Capture-d\u2019e\u0301cran-2020-03-16-a\u0300-09.19.48-1024x301.png 1024w\" sizes=\"auto, (max-width: 1964px) 100vw, 1964px\" \/><\/a><\/p>\n<p>Une association dont l&rsquo;objectif est de donner les moyens \u00e0 ces enfants de <strong>d\u00e9velopper tout leur potentiel scolaire<\/strong> sans \u00eatre entrav\u00e9s par leur handicap, dans le respect de la loi de F\u00e9vrier 2005, ce qui implique d\u2019adapter les supports scolaires et de mettre en place des outils de compensation.<\/p>\n<ul>\n<li>Le site eduscol pr\u00e9sente sur une page les ressources num\u00e9riques pour chaque trouble des apprentissages. Ces ressources num\u00e9riques sont soutenues par la Direction du num\u00e9rique pour l&rsquo;\u00c9ducation du minist\u00e8re de l&rsquo;\u00c9ducation nationale.<\/li>\n<\/ul>\n<p><a href=\"https:\/\/eduscol.education.fr\/cid56843\/ressources-numeriques-adaptees-soutenues-et-realisees.html#lien1\">https:\/\/eduscol.education.fr\/cid56843\/ressources-numeriques-adaptees-soutenues-et-realisees.html#lien1<\/a><\/p>\n<p><a href=\"\/ash\/wp-content\/uploads\/sites\/7\/2020\/03\/Capture-d\u2019e\u0301cran-2020-03-16-a\u0300-09.36.19.png\"><img loading=\"lazy\" decoding=\"async\" class=\"alignnone size-full wp-image-1086\" src=\"\/ash\/wp-content\/uploads\/sites\/7\/2020\/03\/Capture-d\u2019e\u0301cran-2020-03-16-a\u0300-09.36.19.png\" alt=\"\" width=\"2044\" height=\"820\" srcset=\"https:\/\/site.ac-martinique.fr\/ash\/wp-content\/uploads\/sites\/7\/2020\/03\/Capture-d\u2019e\u0301cran-2020-03-16-a\u0300-09.36.19.png 2044w, https:\/\/site.ac-martinique.fr\/ash\/wp-content\/uploads\/sites\/7\/2020\/03\/Capture-d\u2019e\u0301cran-2020-03-16-a\u0300-09.36.19-300x120.png 300w, https:\/\/site.ac-martinique.fr\/ash\/wp-content\/uploads\/sites\/7\/2020\/03\/Capture-d\u2019e\u0301cran-2020-03-16-a\u0300-09.36.19-768x308.png 768w, https:\/\/site.ac-martinique.fr\/ash\/wp-content\/uploads\/sites\/7\/2020\/03\/Capture-d\u2019e\u0301cran-2020-03-16-a\u0300-09.36.19-1024x411.png 1024w\" sizes=\"auto, (max-width: 2044px) 100vw, 2044px\" \/><\/a><\/p>\n<p>D&rsquo;autres ressources:<\/p>\n<p><a href=\"https:\/\/www.cned.fr\/maclassealamaison\/\">https:\/\/www.cned.fr\/maclassealamaison\/<\/a><\/p>\n<p>https:\/\/www.youtube.com\/watch?v=QaeLMKh2fBQ<\/p>\n<p><a href=\"https:\/\/college.cned.fr\">https:\/\/college.cned.fr<\/a><\/p>\n<p><a href=\"https:\/\/eduscol.education.fr\/cid56844\/ressources-numeriques-adaptees-soutenues-en-cours-de-realisation.html\">https:\/\/eduscol.education.fr\/cid56844\/ressources-numeriques-adaptees-soutenues-en-cours-de-realisation.html<\/a><\/p>\n<p><a href=\"https:\/\/www.mathador.fr\/\">https:\/\/www.mathador.fr\/<\/a><\/p>\n<p><a href=\"https:\/\/calculatice.ac-lille.fr\/spip.php?rubrique2\">https:\/\/calculatice.ac-lille.fr\/spip.php?rubrique2<\/a><\/p>\n<p><a href=\"http:\/\/centrepsycle-amu.fr\/logiral\/\">http:\/\/centrepsycle-amu.fr\/logiral\/<\/a><\/p>\n<p><a href=\"http:\/\/natbraille.free.fr\/\">http:\/\/natbraille.free.fr\/<\/a><\/p>\n<p><a href=\"http:\/\/orthophore.ac-lille.fr\/\">http:\/\/orthophore.ac-lille.fr\/<\/a><\/p>\n<p><a href=\"https:\/\/app.lalilo.com\/%23\/portal#\/portal\">https:\/\/app.lalilo.com\/%23\/portal#\/portal<\/a><\/p>\n<p><a href=\"https:\/\/www.reseau-canope.fr\/lesfondamentaux\/accueil.html\">https:\/\/www.reseau-canope.fr\/lesfondamentaux\/accueil.html<\/a><\/p>\n<p><a href=\"https:\/\/www.lumni.fr\/primaire\/cm1\/histoire\">https:\/\/www.lumni.fr\/primaire\/cm1\/histoire<\/a><\/p>\n<p><a href=\"https:\/\/www.reseau-canope.fr\/lesfondamentaux\/accueil.html\">https:\/\/www.reseau-canope.fr\/lesfondamentaux\/accueil.html<\/a><\/p>\n<p><em>En cas de besoin, n&rsquo;h\u00e9sitez pas \u00e0 nous contacter afin que nous vous accompagnions dans cette continuit\u00e9 p\u00e9dagogique: <\/em><\/p>\n<p><em>isabelle.athanase@ac-martinique.fr<\/em><\/p>\n<p><em>mathias.crete@ac-martinique.fr<\/em><\/p>\n<p>En cliquant sur le lien suivant vous pourrez acc\u00e9der \u00e0 un espace de r\u00e9union \u00e0 distance. <span style=\"color: #ff0000;\"><strong>Nous nous y rendrons tous les jours de 9h30 \u00e0 11h30, puis de 15h30 \u00e0 17h30.<\/strong> <\/span>Vous pourrez nous poser toutes vos questions en direct:<\/p>\n<p><a href=\"https:\/\/cvirtuelle.phm.education.gouv.fr\/EBEP\">https:\/\/cvirtuelle.phm.education.gouv.fr\/EBEP<\/a><\/p>\n<p>Le mot de passe est EBEP<\/p>\n<p>&nbsp;<\/p>\n","protected":false},"excerpt":{"rendered":"<p>La continuit\u00e9 p\u00e9dagogique sera assur\u00e9e par les enseignants des \u00e9tablissements au sein desquels sont scolaris\u00e9s vos enfants. Concernant les \u00e9l\u00e8ves \u00e0 besoins \u00e9ducatifs particuliers, voici un site internet qui vous proposera des exercices adapt\u00e9s ainsi que des outils pour concevoir ces exercices: Le cartable fantastique: https:\/\/www.cartablefantastique.fr\/lecons-exercices-evaluations-2\/acces-aux-ressources\/ Une association dont l&rsquo;objectif est de donner les moyens &hellip; <\/p>\n<p><a class=\"more-link btn\" href=\"https:\/\/site.ac-martinique.fr\/ash\/?page_id=1066\">Lire la suite<\/a><\/p>\n","protected":false},"author":10,"featured_media":0,"parent":0,"menu_order":0,"comment_status":"closed","ping_status":"closed","template":"","meta":{"footnotes":""},"class_list":["post-1066","page","type-page","status-publish","hentry","nodate","item-wrap"],"_links":{"self":[{"href":"https:\/\/site.ac-martinique.fr\/ash\/index.php?rest_route=\/wp\/v2\/pages\/1066","targetHints":{"allow":["GET"]}}],"collection":[{"href":"https:\/\/site.ac-martinique.fr\/ash\/index.php?rest_route=\/wp\/v2\/pages"}],"about":[{"href":"https:\/\/site.ac-martinique.fr\/ash\/index.php?rest_route=\/wp\/v2\/types\/page"}],"author":[{"embeddable":true,"href":"https:\/\/site.ac-martinique.fr\/ash\/index.php?rest_route=\/wp\/v2\/users\/10"}],"replies":[{"embeddable":true,"href":"https:\/\/site.ac-martinique.fr\/ash\/index.php?rest_route=%2Fwp%2Fv2%2Fcomments&post=1066"}],"version-history":[{"count":11,"href":"https:\/\/site.ac-martinique.fr\/ash\/index.php?rest_route=\/wp\/v2\/pages\/1066\/revisions"}],"predecessor-version":[{"id":1093,"href":"https:\/\/site.ac-martinique.fr\/ash\/index.php?rest_route=\/wp\/v2\/pages\/1066\/revisions\/1093"}],"wp:attachment":[{"href":"https:\/\/site.ac-martinique.fr\/ash\/index.php?rest_route=%2Fwp%2Fv2%2Fmedia&parent=1066"}],"curies":[{"name":"wp","href":"https:\/\/api.w.org\/{rel}","templated":true}]}}