{"id":123,"date":"2024-09-05T20:44:54","date_gmt":"2024-09-06T01:44:54","guid":{"rendered":"\/ash\/?page_id=123"},"modified":"2024-11-09T17:53:22","modified_gmt":"2024-11-09T22:53:22","slug":"au-college-et-au-lycee-les-ulis","status":"publish","type":"page","link":"https:\/\/site.ac-martinique.fr\/ash\/?page_id=123","title":{"rendered":"Les dispositifs ULIS (Unit\u00e9 Localis\u00e9e pour l&rsquo;Inclusion Scolaire)"},"content":{"rendered":"<p><a href=\"https:\/\/www.education.gouv.fr\/bo\/15\/Hebdo31\/MENE1504950C.htm\" target=\"_blank\" rel=\"noopener\">Circulaire ULIS 1er et 2nd degr\u00e9<\/a><\/p>\n<p>Conform\u00e9ment \u00e0 la <a title=\"Le site L\u00e9gifrance\" href=\"http:\/\/www.legifrance.gouv.fr\/affichTexte.do?dateTexte=&amp;categorieLien=id&amp;cidTexte=JORFTEXT000000809647&amp;fastPos=1&amp;fastReqId=443725352&amp;oldAction=rechExpTexteJorf\" target=\"_blank\" rel=\"noopener\">loi n\u00b0 2005-102 du 11 f\u00e9vrier 2005<\/a> <em>pour l&rsquo;\u00e9galit\u00e9 des droits et des chances, la participation et la citoyennet\u00e9 des personnes handicap\u00e9es,<\/em> le parcours de formation des \u00e9l\u00e8ves en situation de handicap se d\u00e9roule prioritairement en milieu scolaire ordinaire. La dynamique inclusive est act\u00e9e depuis La <strong><a title=\"Le site Legifrance\" href=\"http:\/\/www.legifrance.gouv.fr\/affichTexte.do?cidTexte=JORFTEXT000027677984&amp;categorieLien=id\" target=\"_blank\" rel=\"noopener\">loi n\u00b0 2013-595 du 8 juillet 2013<\/a> d<em>&lsquo;orientation et de programmation pour la refondation de l&rsquo;\u00e9cole de la R\u00e9publique <\/em><\/strong>qui a introduit dans le code de l&rsquo;\u00e9ducation le concept d&rsquo;\u00e9cole inclusive.\u00a0\u00a0 Une nouvelle conception de la scolarisation des \u00e9l\u00e8ves en situation de handicap est pos\u00e9e depuis le 1er septembre 2015, date \u00e0 aquelle les ULIS se sont substitu\u00e9s aux CLIS (Classes pour l&rsquo;Inclusion Scolaire).<\/p>\n<p><em>\u00ab\u00a0Les Ulis constituent un dispositif qui offre aux \u00e9l\u00e8ves qui en b\u00e9n\u00e9ficient une organisation p\u00e9dagogique adapt\u00e9e \u00e0 leurs besoins ainsi que des enseignements adapt\u00e9s dans le cadre de regroupement et permet la mise en \u0153uvre de leurs projets personnalis\u00e9s de scolarisation.<\/em><\/p>\n<p style=\"text-align: justify;\"><em>Les \u00e9l\u00e8ves b\u00e9n\u00e9ficiant de l&rsquo;Ulis sont des \u00e9l\u00e8ves \u00e0 part enti\u00e8re de l&rsquo;\u00e9tablissement scolaire, leur classe de r\u00e9f\u00e9rence est la classe ou la division correspondant approximativement \u00e0 leur classe d&rsquo;\u00e2ge, conform\u00e9ment \u00e0 leur projet personnalis\u00e9 de scolarisation (PPS). <\/em><br \/><em>Leur inscription se fait dans la division qui correspond \u00e0 leur projet personnalis\u00e9 de scolarisation (PPS).<\/em><\/p>\n<p><em>Les \u00e9l\u00e8ves orient\u00e9s en ULIS sont ceux qui, en plus des <\/em>am\u00e9nagements et adaptations p\u00e9dagogiques<em> et des mesures de <strong>compensation<\/strong> mis en \u0153uvre par les \u00e9quipes \u00e9ducatives, n\u00e9cessitent un <strong>enseignement adapt\u00e9 dans le cadre de regroupements.\u00a0\u00bb<\/strong><\/em><\/p>\n<p style=\"text-align: right;\">Extraits de la circulaire<\/p>\n<p>Encadr\u00e9s par un enseignant sp\u00e9cialis\u00e9 (coordonnateur d&rsquo;ULIS), les EBEP notifi\u00e9s re\u00e7oivent un enseignement adapt\u00e9 qui met en \u0153uvre les objectifs pr\u00e9vus par leur PPS. Il inclut autant qu&rsquo;il est possible des plages de participation aux activit\u00e9s de la classe de r\u00e9f\u00e9rence du jeune. Ainsi, les \u00e9l\u00e8ves poursuivent en inclusion, des apprentissages adapt\u00e9s \u00e0 leurs potentialit\u00e9s et \u00e0 leurs besoins. Ils\u00a0 acqui\u00e8rent des comp\u00e9tences sociales et scolaires, m\u00eame lorsque leurs acquis sont tr\u00e8s r\u00e9duits.<\/p>\n\n\n<h4 class=\"wp-block-heading has-luminous-vivid-orange-color has-text-color has-link-color wp-elements-b1bd474ca735c11ab058db8b2b74c68d\">Les nomenclatures des ULIS en r\u00e9ponse aux BEP des \u00e9l\u00e8ves en situation de handicap<\/h4>\n\n\n\n<h5 class=\"wp-block-heading\">7 typologies d&rsquo;ULIS sont d\u00e9finies par la circulaire: <\/h5>\n\n\n\n<ul class=\"wp-block-list\">\n<li> TFC&nbsp;: troubles des fonctions cognitives ou mentales&nbsp;;<\/li>\n<\/ul>\n\n\n\n<ul class=\"wp-block-list\">\n<li>TSLA&nbsp;: troubles sp\u00e9cifiques du langage et des apprentissages&nbsp;;<\/li>\n<\/ul>\n\n\n\n<ul class=\"wp-block-list\">\n<li>TED&nbsp;: troubles envahissants du d\u00e9veloppement (dont l&rsquo;autisme)&nbsp;;<\/li>\n<\/ul>\n\n\n\n<ul class=\"wp-block-list\">\n<li>TFM&nbsp;: troubles des fonctions motrices&nbsp;;<\/li>\n<\/ul>\n\n\n\n<ul class=\"wp-block-list\">\n<li>TFA&nbsp;: troubles de la fonction auditive&nbsp;;<\/li>\n<\/ul>\n\n\n\n<ul class=\"wp-block-list\">\n<li>TFV&nbsp;: troubles de la fonction visuelle&nbsp;;<\/li>\n<\/ul>\n\n\n\n<ul class=\"wp-block-list\">\n<li>TMA&nbsp;: troubles multiples associ\u00e9s (pluri-handicap ou maladie invalidante).<\/li>\n<\/ul>\n\n\n\n<p class=\"has-vivid-cyan-blue-color has-text-color has-link-color wp-elements-f13e5794d3cf1bd0847ac542c9bd83fd\">La circulaire pr\u00e9cise: <em>La constitution du groupe d&rsquo;\u00e9l\u00e8ves d&rsquo;une Ulis ne doit pas viser une homog\u00e9n\u00e9it\u00e9 absolue des \u00e9l\u00e8ves, mais une compatibilit\u00e9 de leurs besoins et de leurs objectifs d&rsquo;apprentissage, condition n\u00e9cessaire \u00e0 une v\u00e9ritable dynamique p\u00e9dagogique<\/em>.\u00a0\u00bb<\/p>\n\n\n\n<p class=\"has-luminous-vivid-orange-color has-text-color has-link-color wp-elements-27c1ba2136cfb7b7a83ffe05acb044f8\">L&rsquo;AESHCO<\/p>\n\n\n\n<p> Les dispositifs ULIS b\u00e9n\u00e9ficient de l&rsquo;appui d&rsquo;un AESH-CO (Accompagnant d&rsquo;El\u00e8ve en Situation de Handicap \u00e0 titre Collectif). Membre \u00e0 part de l&rsquo;\u00e9quipe \u00e9ducative, il exerce les m\u00eames missions d&rsquo;accompagnement d&rsquo;un AESH aupr\u00e8s des \u00e9l\u00e8ves \u00e0 besoins \u00e9ducatifs du dispositif. <\/p>\n\n\n\n<p>L&rsquo;AESHCO intervient dans tous les lieux de scolarisation des \u00e9l\u00e8ves b\u00e9n\u00e9ficiant de l&rsquo;ULIS, en fonction de l&rsquo;organisation mise en place par le coordonnateur (lors des regroupements  ULIS ou dans leur classe de r\u00e9f\u00e9rence).<\/p>\n\n\n\n<p>Il participe, de plus, sous la responsabilit\u00e9 p\u00e9dagogique du coordonnateur de l&rsquo;ULIS, \u00e0 l&rsquo;encadrement et \u00e0 l&rsquo;animation des actions \u00e9ducatives con\u00e7ues dans le cadre de l&rsquo;ULIS, notamment: <\/p>\n\n\n\n<ul class=\"wp-block-list\">\n<li>\u00e0 la mise en \u0153uvre et au suivi des projets personnalis\u00e9s de scolarisation des \u00e9l\u00e8ves&nbsp;;<\/li>\n\n\n\n<li>aux \u00e9quipes de suivi de la scolarisation\u00a0(ESS);<\/li>\n<\/ul>\n\n\n\n<p><\/p>\n\n\n\n<h4 class=\"wp-block-heading has-luminous-vivid-orange-color has-text-color has-link-color wp-elements-28d0711b261f618557c6e7c9422d9a70\">Pilotage d&rsquo;une ULIS<\/h4>\n\n\n\n<p>\u00ab\u00a0<em><strong>L&rsquo;organisation p\u00e9dagogique de l&rsquo;Ulis <\/strong>rel\u00e8ve d&rsquo;un co-pilotage entre l&rsquo;IEN-ASH, l&rsquo;IEN de circonscription ou le chef d&rsquo;\u00e9tablissement<\/em>. <em>Elle est plac\u00e9e sous la responsabilit\u00e9 du directeur de l&rsquo;\u00e9cole ou du chef d&rsquo;\u00e9tablissement.\u00a0\u00bb<\/em><\/p>\n\n\n\n<p class=\"has-luminous-vivid-orange-color has-text-color has-link-color wp-elements-bdca38bd38086f2d4270ec57b7d1a670\"><strong>Mission de l&rsquo;Enseignant R\u00e9f\u00e9rent pour la Scolarisation des El\u00e8ves en Situation de Handicap (ERSEH) <\/strong><\/p>\n\n\n\n<p><br>L&rsquo;Enseignant R\u00e9f\u00e9rent pour la Scolarisation des El\u00e8ves en Situation de Handicap (ERSEH) pr\u00e9pare l&rsquo;admission de l&rsquo;\u00e9l\u00e8ve dans l&rsquo;\u00e9tablissement, en transmettant le projet personnalis\u00e9 de scolarisation  (PPS) au directeur d&rsquo;\u00e9cole ou au chef d&rsquo;\u00e9tablissement. Une \u00e9quipe de suivi de la scolarisation telle que d\u00e9finie au<a href=\"http:\/\/www.legifrance.gouv.fr\/affichCodeArticle.do?cidTexte=LEGITEXT000006071191&amp;idArticle=LEGIARTI000006527292&amp;dateTexte=&amp;categorieLien=cid\" target=\"_blank\" rel=\"noreferrer noopener\"> D. 351-10 du code de l&rsquo;\u00e9ducation<\/a> doit \u00eatre r\u00e9unie au cours de l&rsquo;ann\u00e9e scolaire de l&rsquo;arriv\u00e9e de l&rsquo;\u00e9l\u00e8ve dans le dispositif.<\/p>\n\n\n\n<p class=\"has-luminous-vivid-orange-color has-text-color has-link-color wp-elements-5107037430a1ebacf986a9b592adfe77\"> <strong>Missions du directeur ou du chef d&rsquo;\u00e9tablissement accueillant un dispositif ULIS<\/strong><\/p>\n\n\n\n<p>Le directeur ou le chef d&rsquo;\u00e9tablissement veille au respect des orientations fix\u00e9es dans le PPS et \u00e0 sa mise en \u0153uvre. Le projet d&rsquo;\u00e9cole ou d&rsquo;\u00e9tablissement comporte un volet sur le fonctionnement de l&rsquo;ULIS et prend en compte les projets personnalis\u00e9s de scolarisation (PPS). Les \u00e9l\u00e8ves b\u00e9n\u00e9ficiant de l&rsquo;Ulis participent aux activit\u00e9s organis\u00e9es pour tous les \u00e9l\u00e8ves dans le cadre du projet d&rsquo;\u00e9cole ou d&rsquo;\u00e9tablissement.<\/p>\n\n\n\n<p>En outre, pour les am\u00e9nagements d&rsquo;examen, le chef d&rsquo;\u00e9tablissement veille \u00e0 ce que les \u00e9l\u00e8ves soient inform\u00e9s au plus t\u00f4t des proc\u00e9dures leur permettant de d\u00e9poser une demande.<\/p>\n\n\n\n<p class=\"has-luminous-vivid-orange-color has-text-color has-link-color wp-elements-cc783a1c78a36b06c2441ce42d42edb7\"><strong>Les partenaires des dispositifs ULIS<\/strong> <\/p>\n\n\n\n<ul class=\"wp-block-list\">\n<li>la famille,<\/li>\n\n\n\n<li>les collectivit\u00e9s territoriales (disponibilit\u00e9 de locaux, pr\u00e9sence de personnels de service qualifi\u00e9s, financement de certaines d\u00e9penses, transport adapt\u00e9)<\/li>\n\n\n\n<li>les \u00e9tablissements et services m\u00e9dico-sociaux<\/li>\n<\/ul>\n\n\n\n<p><\/p>\n\n\n\n<h4 class=\"wp-block-heading has-luminous-vivid-orange-color has-text-color has-link-color wp-elements-cd2493eb361983c6ba843f1a82fd5816\">Les am\u00e9nagements des \u00e9valuations<\/h4>\n\n\n\n<p>Les EBEP orient\u00e9s dans le dispositif ULIS, b\u00e9n\u00e9ficients d&rsquo;aides, d&rsquo;adaptations et d&rsquo;am\u00e9nagements n\u00e9cessaires lors de la passation des contr\u00f4les et des \u00e9valuations.<\/p>\n\n\n\n<p>Ils peuvent par ailleurs pr\u00e9tendre \u00e0 un am\u00e9nagement des examens, conform\u00e9ment aux articles D. 351-27 \u00e0 D. 351-31 du code de l&rsquo;\u00e9ducation.<\/p>\n\n\n\n<p><\/p>\n\n\n\n<p>Des dispositions particuli\u00e8res sont pr\u00e9cis\u00e9es dans la circulaire selon le niveau d&rsquo;enseignement (\u00e9cole, coll\u00e8ge, lyc\u00e9e g\u00e9n\u00e9ral ou lyc\u00e9e professionnel).<\/p>\n","protected":false},"excerpt":{"rendered":"<p>Circulaire ULIS 1er et 2nd degr\u00e9 Conform\u00e9ment \u00e0 la loi n\u00b0 2005-102 du 11 f\u00e9vrier 2005 pour l&rsquo;\u00e9galit\u00e9 des droits et des chances, la participation et la citoyennet\u00e9 des personnes handicap\u00e9es, le parcours de formation des \u00e9l\u00e8ves en situation de handicap se d\u00e9roule prioritairement en milieu scolaire ordinaire. La dynamique inclusive est act\u00e9e depuis La &hellip; <\/p>\n<p><a class=\"more-link btn\" href=\"https:\/\/site.ac-martinique.fr\/ash\/?page_id=123\">Lire la suite<\/a><\/p>\n","protected":false},"author":484,"featured_media":0,"parent":2159,"menu_order":0,"comment_status":"closed","ping_status":"closed","template":"","meta":{"footnotes":""},"class_list":["post-123","page","type-page","status-publish","hentry","nodate","item-wrap"],"_links":{"self":[{"href":"https:\/\/site.ac-martinique.fr\/ash\/index.php?rest_route=\/wp\/v2\/pages\/123","targetHints":{"allow":["GET"]}}],"collection":[{"href":"https:\/\/site.ac-martinique.fr\/ash\/index.php?rest_route=\/wp\/v2\/pages"}],"about":[{"href":"https:\/\/site.ac-martinique.fr\/ash\/index.php?rest_route=\/wp\/v2\/types\/page"}],"author":[{"embeddable":true,"href":"https:\/\/site.ac-martinique.fr\/ash\/index.php?rest_route=\/wp\/v2\/users\/484"}],"replies":[{"embeddable":true,"href":"https:\/\/site.ac-martinique.fr\/ash\/index.php?rest_route=%2Fwp%2Fv2%2Fcomments&post=123"}],"version-history":[{"count":34,"href":"https:\/\/site.ac-martinique.fr\/ash\/index.php?rest_route=\/wp\/v2\/pages\/123\/revisions"}],"predecessor-version":[{"id":2724,"href":"https:\/\/site.ac-martinique.fr\/ash\/index.php?rest_route=\/wp\/v2\/pages\/123\/revisions\/2724"}],"up":[{"embeddable":true,"href":"https:\/\/site.ac-martinique.fr\/ash\/index.php?rest_route=\/wp\/v2\/pages\/2159"}],"wp:attachment":[{"href":"https:\/\/site.ac-martinique.fr\/ash\/index.php?rest_route=%2Fwp%2Fv2%2Fmedia&parent=123"}],"curies":[{"name":"wp","href":"https:\/\/api.w.org\/{rel}","templated":true}]}}