{"id":1325,"date":"2020-12-03T11:42:22","date_gmt":"2020-12-03T16:42:22","guid":{"rendered":"\/ash\/?page_id=1325"},"modified":"2024-09-09T12:48:51","modified_gmt":"2024-09-09T17:48:51","slug":"projet-mouvart","status":"publish","type":"page","link":"https:\/\/site.ac-martinique.fr\/ash\/?page_id=1325","title":{"rendered":"Projet Mouv&rsquo;art"},"content":{"rendered":"<p><a href=\"\/ash\/wp-content\/uploads\/sites\/7\/2020\/12\/Capture-d\u2019e\u0301cran-2020-12-03-a\u0300-12.41.15.png\"><img loading=\"lazy\" decoding=\"async\" class=\"wp-image-1329 aligncenter\" src=\"\/ash\/wp-content\/uploads\/sites\/7\/2020\/12\/Capture-d\u2019e\u0301cran-2020-12-03-a\u0300-12.41.15.png\" alt=\"\" width=\"686\" height=\"525\" \/><\/a><\/p>\n<p>Ce projet de formation action est pluridisciplinaire et permet de concilier l&rsquo;enseignement des LVR, LVE, de la ma\u00eetrise de la langue et des arts.<\/p>\n<p>Une exploitation de textes musicaux est propos\u00e9e aux \u00e9l\u00e8ves et permet de d\u00e9velopper de multiples comp\u00e9tences dans des champs disciplinaires vari\u00e9s.<\/p>\n<p><a href=\"\/ash\/wp-content\/uploads\/sites\/7\/2020\/12\/Projet-artistique-et-linguistique-ASH.pptx\">Projet artistique et linguistique ASH<\/a><\/p>\n<p>R\u00e9f\u00e9rent: Odile HAUTERVILLE et Marie-France LOCHE-ERTUS<\/p>\n","protected":false},"excerpt":{"rendered":"<p>Ce projet de formation action est pluridisciplinaire et permet de concilier l&rsquo;enseignement des LVR, LVE, de la ma\u00eetrise de la langue et des arts. Une exploitation de textes musicaux est propos\u00e9e aux \u00e9l\u00e8ves et permet de d\u00e9velopper de multiples comp\u00e9tences dans des champs disciplinaires vari\u00e9s. Projet artistique et linguistique ASH R\u00e9f\u00e9rent: Odile HAUTERVILLE et Marie-France &hellip; <\/p>\n<p><a class=\"more-link btn\" href=\"https:\/\/site.ac-martinique.fr\/ash\/?page_id=1325\">Lire la suite<\/a><\/p>\n","protected":false},"author":10,"featured_media":0,"parent":2264,"menu_order":0,"comment_status":"closed","ping_status":"closed","template":"","meta":{"footnotes":""},"class_list":["post-1325","page","type-page","status-publish","hentry","nodate","item-wrap"],"_links":{"self":[{"href":"https:\/\/site.ac-martinique.fr\/ash\/index.php?rest_route=\/wp\/v2\/pages\/1325","targetHints":{"allow":["GET"]}}],"collection":[{"href":"https:\/\/site.ac-martinique.fr\/ash\/index.php?rest_route=\/wp\/v2\/pages"}],"about":[{"href":"https:\/\/site.ac-martinique.fr\/ash\/index.php?rest_route=\/wp\/v2\/types\/page"}],"author":[{"embeddable":true,"href":"https:\/\/site.ac-martinique.fr\/ash\/index.php?rest_route=\/wp\/v2\/users\/10"}],"replies":[{"embeddable":true,"href":"https:\/\/site.ac-martinique.fr\/ash\/index.php?rest_route=%2Fwp%2Fv2%2Fcomments&post=1325"}],"version-history":[{"count":1,"href":"https:\/\/site.ac-martinique.fr\/ash\/index.php?rest_route=\/wp\/v2\/pages\/1325\/revisions"}],"predecessor-version":[{"id":1382,"href":"https:\/\/site.ac-martinique.fr\/ash\/index.php?rest_route=\/wp\/v2\/pages\/1325\/revisions\/1382"}],"up":[{"embeddable":true,"href":"https:\/\/site.ac-martinique.fr\/ash\/index.php?rest_route=\/wp\/v2\/pages\/2264"}],"wp:attachment":[{"href":"https:\/\/site.ac-martinique.fr\/ash\/index.php?rest_route=%2Fwp%2Fv2%2Fmedia&parent=1325"}],"curies":[{"name":"wp","href":"https:\/\/api.w.org\/{rel}","templated":true}]}}